{"id":13066,"date":"2025-03-10T09:43:10","date_gmt":"2025-03-10T08:43:10","guid":{"rendered":"https:\/\/ptm-mechatronics.com\/?post_type=product&#038;p=13066"},"modified":"2025-11-07T15:54:32","modified_gmt":"2025-11-07T14:54:32","slug":"kolben-serviceset-fuer-ptm-druckluftmotoren-und-antriebe","status":"publish","type":"product","link":"https:\/\/ptm-mechatronics.com\/es\/product\/kolben-serviceset-fuer-ptm-druckluftmotoren-und-antriebe\/","title":{"rendered":"Juego de mantenimiento de pistones para motores y accionamientos neum\u00e1ticos PTM"},"content":{"rendered":"<p data-start=\"158\" data-end=\"481\">Garantice un rendimiento fiable y duradero de su motor neum\u00e1tico o accionamiento PTM con nuestro juego de mantenimiento de pistones de alta calidad. Este juego de piezas de repuesto est\u00e1 especialmente dise\u00f1ado para motores y accionamientos neum\u00e1ticos PTM y permite un mantenimiento eficiente para optimizar la vida \u00fatil y el rendimiento de su accionamiento.<\/p>\n<p data-start=\"158\" data-end=\"481\">El juego consta de instrucciones de servicio detalladas, pistones de recambio con ayuda para la inserci\u00f3n y grasa, seg\u00fan el modelo de accionamiento. Tambi\u00e9n encontrar\u00e1 ayuda para la sustituci\u00f3n de pistones en nuestro v\u00eddeo \u201e<a href=\"https:\/\/youtu.be\/RxvrSIWG86M?si=pGI6yubvJ-mvYXet\" target=\"_blank\" rel=\"noopener\">Sustituci\u00f3n del pist\u00f3n del motor de aire comprimido<\/a>\u201e.<\/p>\n<p data-start=\"483\" data-end=\"507\">Propiedades:<\/p>\n<ul>\n<li data-start=\"508\" data-end=\"725\">Un ajuste perfecto para los motores y accionamientos neum\u00e1ticos PTM<\/li>\n<li data-start=\"508\" data-end=\"725\">Materiales de alta calidad para una m\u00e1xima durabilidad<\/li>\n<li data-start=\"508\" data-end=\"725\">Montaje sencillo para una reparaci\u00f3n r\u00e1pida<\/li>\n<\/ul>\n<p>Los conjuntos de servicios por modelo se encuentran en la zona de descargas.<\/p>","protected":false},"excerpt":{"rendered":"<p>Juego de mantenimiento de pistones de alta calidad para motores neum\u00e1ticos PTM: ajuste preciso, duradero y f\u00e1cil de instalar para un rendimiento \u00f3ptimo del motor.<\/p>","protected":false},"featured_media":15499,"comment_status":"open","ping_status":"closed","template":"","meta":{"_acf_changed":false},"product_brand":[],"product_cat":[2745],"product_tag":[2543,2746,2535,2536,2537,2538,2539,2540,2541,2542],"class_list":{"0":"post-13066","1":"product","2":"type-product","3":"status-publish","4":"has-post-thumbnail","6":"product_cat-ersatzteile","7":"product_tag-pneumatischer-antrieb-ersatzteile","8":"product_tag-serviceset-kolben","9":"product_tag-kolbenkitt-ptm","10":"product_tag-kolbenkit-druckluftmotor","11":"product_tag-ersatzteile-druckluftmotor","12":"product_tag-ptm-motor-wartung","13":"product_tag-ptm-ersatzteile","14":"product_tag-ptm-kolben-reparatur","15":"product_tag-ptm-pneumatikmotor","16":"product_tag-ptm-motor-kolbenwechsel","17":"product_shipping_class-karton-paketversand","19":"first","20":"instock","21":"taxable","22":"shipping-taxable","23":"purchasable","24":"product-type-variable"},"bundled_by":[],"bundle_stock_status":"instock","bundle_stock_quantity":null,"bundle_virtual":false,"bundle_layout":"","bundle_add_to_cart_form_location":"","bundle_editable_in_cart":false,"bundle_sold_individually_context":"","bundle_item_grouping":"","bundle_min_size":"","bundle_max_size":"","bundle_price":[],"bundled_items":[],"bundle_sell_ids":[],"exclude_global_add_ons":[],"addons":[],"acf":[],"_links":{"self":[{"href":"https:\/\/ptm-mechatronics.com\/es\/wp-json\/wp\/v2\/product\/13066","targetHints":{"allow":["GET"]}}],"collection":[{"href":"https:\/\/ptm-mechatronics.com\/es\/wp-json\/wp\/v2\/product"}],"about":[{"href":"https:\/\/ptm-mechatronics.com\/es\/wp-json\/wp\/v2\/types\/product"}],"replies":[{"embeddable":true,"href":"https:\/\/ptm-mechatronics.com\/es\/wp-json\/wp\/v2\/comments?post=13066"}],"wp:featuredmedia":[{"embeddable":true,"href":"https:\/\/ptm-mechatronics.com\/es\/wp-json\/wp\/v2\/media\/15499"}],"wp:attachment":[{"href":"https:\/\/ptm-mechatronics.com\/es\/wp-json\/wp\/v2\/media?parent=13066"}],"wp:term":[{"taxonomy":"product_brand","embeddable":true,"href":"https:\/\/ptm-mechatronics.com\/es\/wp-json\/wp\/v2\/product_brand?post=13066"},{"taxonomy":"product_cat","embeddable":true,"href":"https:\/\/ptm-mechatronics.com\/es\/wp-json\/wp\/v2\/product_cat?post=13066"},{"taxonomy":"product_tag","embeddable":true,"href":"https:\/\/ptm-mechatronics.com\/es\/wp-json\/wp\/v2\/product_tag?post=13066"}],"curies":[{"name":"wp","href":"https:\/\/api.w.org\/{rel}","templated":true}]}}