{"id":13051,"date":"2025-02-25T09:00:39","date_gmt":"2025-02-25T08:00:39","guid":{"rendered":"https:\/\/ptm-mechatronics.com\/?post_type=product&#038;p=13051"},"modified":"2025-11-07T15:53:43","modified_gmt":"2025-11-07T14:53:43","slug":"propeller-ptfe-mit-ruehrwelle","status":"publish","type":"product","link":"https:\/\/ptm-mechatronics.com\/es\/product\/propeller-ptfe-mit-ruehrwelle\/","title":{"rendered":"H\u00e9lice de PTFE con eje agitador"},"content":{"rendered":"<p data-start=\"82\" data-end=\"587\">La h\u00e9lice de PTFE (politetrafluoroetileno) es la soluci\u00f3n ideal para procesos de agitaci\u00f3n y mezcla exigentes, especialmente en las industrias qu\u00edmica, farmac\u00e9utica y biotecnol\u00f3gica. Gracias a su extraordinaria resistencia qu\u00edmica, es perfecta para medios agresivos, aplicaciones de gran pureza y sustancias sensibles. La geometr\u00eda especial de la h\u00e9lice garantiza una generaci\u00f3n eficaz del flujo, con lo que los l\u00edquidos se mezclan y homogeneizan de forma \u00f3ptima.<\/p>\n<h3 data-start=\"589\" data-end=\"624\">Caracter\u00edsticas y ventajas:<\/h3>\n<ul data-start=\"625\" data-end=\"964\">\n<li data-start=\"625\" data-end=\"713\">Alta resistencia qu\u00edmica: resistente a \u00e1cidos, \u00e1lcalis y disolventes<\/li>\n<li data-start=\"714\" data-end=\"800\">Mezclado \u00f3ptimo - Generaci\u00f3n eficaz de flujo para mezclas homog\u00e9neas<\/li>\n<li data-start=\"801\" data-end=\"872\">Propiedades antiadherentes - Evita la adherencia y los dep\u00f3sitos<\/li>\n<li data-start=\"873\" data-end=\"964\">Sin corrosi\u00f3n y resistente a la temperatura - Ideal para procesos agresivos o de gran pureza<\/li>\n<\/ul>\n<h3 data-start=\"966\" data-end=\"991\">Funcionalidad:<\/h3>\n<p data-start=\"992\" data-end=\"1288\">Gracias a su especial geometr\u00eda de palas, la h\u00e9lice de PTFE genera un flujo axial que garantiza una distribuci\u00f3n uniforme de l\u00edquidos y s\u00f3lidos. Gracias a la baja fricci\u00f3n y a sus propiedades antiadherentes, el material permanece limpio y reduce los dep\u00f3sitos en el proceso de agitaci\u00f3n.<\/p>\n<h3 data-start=\"1290\" data-end=\"1319\">\u00c1mbitos de aplicaci\u00f3n:<\/h3>\n<ul data-start=\"1320\" data-end=\"1450\">\n<li data-start=\"1320\" data-end=\"1343\">Industria qu\u00edmica<\/li>\n<li data-start=\"1344\" data-end=\"1374\">Producci\u00f3n farmac\u00e9utica<\/li>\n<li data-start=\"1375\" data-end=\"1408\">Biotecnolog\u00eda y tecnolog\u00eda de laboratorio<\/li>\n<li data-start=\"1409\" data-end=\"1450\">Producci\u00f3n de alimentos y cosm\u00e9ticos<\/li>\n<\/ul>\n<p data-start=\"1452\" data-end=\"1612\">Con una h\u00e9lice de PTFE, puede confiar en una herramienta agitadora duradera y resistente a los productos qu\u00edmicos que cumple las normas m\u00e1s estrictas de pureza y eficacia.<\/p>","protected":false},"excerpt":{"rendered":"<p>Herramienta de agitaci\u00f3n resistente a productos qu\u00edmicos, flujo axial para una mezcla eficaz y homog\u00e9nea.<\/p>","protected":false},"featured_media":15498,"comment_status":"open","ping_status":"closed","template":"","meta":{"_acf_changed":false},"product_brand":[],"product_cat":[595,596,1421],"product_tag":[2511,2533,2523,2534,2524,2525,2526,2527,2528,2529,2530,2531,2502,2532],"class_list":{"0":"post-13051","1":"product","2":"type-product","3":"status-publish","4":"has-post-thumbnail","6":"product_cat-ruehrwerkstechnik","7":"product_cat-laborruehrer","8":"product_cat-zubehoer-ruehrwerkstechnik","9":"product_tag-ruehrwerk","10":"product_tag-industrielles-ruehrwerk","11":"product_tag-ptfe-propeller","12":"product_tag-ptfe-ruehrfluegel","13":"product_tag-chemikalienbestaendiger-propeller","14":"product_tag-ptfe-ruehrwerk","15":"product_tag-axiale-stroemung","16":"product_tag-pharmaindustrie","17":"product_tag-labortechnik","18":"product_tag-biotechnologische-prozesse","19":"product_tag-aggressive-chemikalien","20":"product_tag-korrosionsfreier-propeller","21":"product_tag-mischtechnik","22":"product_tag-hochreine-anwendungen","23":"product_shipping_class-karton-paketversand","24":"pa_material-ex-ptfe-leitfaehig-1-000kohm","26":"first","27":"outofstock","28":"taxable","29":"shipping-taxable","30":"product-type-simple"},"bundled_by":[],"bundle_stock_status":"outofstock","bundle_stock_quantity":null,"bundle_virtual":false,"bundle_layout":"","bundle_add_to_cart_form_location":"","bundle_editable_in_cart":false,"bundle_sold_individually_context":"","bundle_item_grouping":"","bundle_min_size":"","bundle_max_size":"","bundle_price":[],"bundled_items":[],"bundle_sell_ids":[],"exclude_global_add_ons":[],"addons":[],"acf":[],"_links":{"self":[{"href":"https:\/\/ptm-mechatronics.com\/es\/wp-json\/wp\/v2\/product\/13051","targetHints":{"allow":["GET"]}}],"collection":[{"href":"https:\/\/ptm-mechatronics.com\/es\/wp-json\/wp\/v2\/product"}],"about":[{"href":"https:\/\/ptm-mechatronics.com\/es\/wp-json\/wp\/v2\/types\/product"}],"replies":[{"embeddable":true,"href":"https:\/\/ptm-mechatronics.com\/es\/wp-json\/wp\/v2\/comments?post=13051"}],"wp:featuredmedia":[{"embeddable":true,"href":"https:\/\/ptm-mechatronics.com\/es\/wp-json\/wp\/v2\/media\/15498"}],"wp:attachment":[{"href":"https:\/\/ptm-mechatronics.com\/es\/wp-json\/wp\/v2\/media?parent=13051"}],"wp:term":[{"taxonomy":"product_brand","embeddable":true,"href":"https:\/\/ptm-mechatronics.com\/es\/wp-json\/wp\/v2\/product_brand?post=13051"},{"taxonomy":"product_cat","embeddable":true,"href":"https:\/\/ptm-mechatronics.com\/es\/wp-json\/wp\/v2\/product_cat?post=13051"},{"taxonomy":"product_tag","embeddable":true,"href":"https:\/\/ptm-mechatronics.com\/es\/wp-json\/wp\/v2\/product_tag?post=13051"}],"curies":[{"name":"wp","href":"https:\/\/api.w.org\/{rel}","templated":true}]}}