{"id":13049,"date":"2025-02-25T08:53:10","date_gmt":"2025-02-25T07:53:10","guid":{"rendered":"https:\/\/ptm-mechatronics.com\/?post_type=product&#038;p=13049"},"modified":"2025-11-07T15:53:41","modified_gmt":"2025-11-07T14:53:41","slug":"wendelruehrer-mit-ruehrwelle","status":"publish","type":"product","link":"https:\/\/ptm-mechatronics.com\/es\/product\/wendelruehrer-mit-ruehrwelle\/","title":{"rendered":"Agitador espiral con eje agitador"},"content":{"rendered":"<p data-start=\"74\" data-end=\"480\">El agitador en espiral es una potente herramienta de agitaci\u00f3n especialmente desarrollada para mezclar de forma suave pero eficaz materiales muy viscosos. Su geometr\u00eda en espiral garantiza una mezcla uniforme y evita la formaci\u00f3n de bolsas de aire. Ideal para aplicaciones en la industria qu\u00edmica, productos qu\u00edmicos para la construcci\u00f3n, producci\u00f3n de alimentos y fabricaci\u00f3n de cosm\u00e9ticos.<\/p>\n<h3 data-start=\"482\" data-end=\"517\">Caracter\u00edsticas y ventajas:<\/h3>\n<ul data-start=\"518\" data-end=\"846\">\n<li data-start=\"518\" data-end=\"594\">Mezcla eficaz - Homogeneidad \u00f3ptima sin bolsas de aire<\/li>\n<li data-start=\"595\" data-end=\"671\">Procesado suave - Reduce las fuerzas de cizallamiento y la tensi\u00f3n del material<\/li>\n<li data-start=\"672\" data-end=\"748\">Construcci\u00f3n robusta: materiales de alta calidad para una larga vida \u00fatil<\/li>\n<li data-start=\"749\" data-end=\"846\">Aplicaciones vers\u00e1tiles - Ideal para l\u00edquidos muy viscosos y sustancias pastosas<\/li>\n<\/ul>\n<h3 data-start=\"848\" data-end=\"873\">Funcionalidad:<\/h3>\n<p data-start=\"874\" data-end=\"1181\">El movimiento en espiral del agitador crea un flujo vertical que gu\u00eda el material desde abajo hacia arriba. Esto garantiza una distribuci\u00f3n uniforme y evita que se formen dep\u00f3sitos en el fondo del recipiente. Especialmente adecuado para medios viscosos como resinas, adhesivos, pinturas y mortero.<\/p>\n<h3 data-start=\"1183\" data-end=\"1212\">\u00c1mbitos de aplicaci\u00f3n:<\/h3>\n<ul data-start=\"1213\" data-end=\"1326\">\n<li data-start=\"1213\" data-end=\"1236\">Industria qu\u00edmica<\/li>\n<li data-start=\"1237\" data-end=\"1275\">Productos qu\u00edmicos para la construcci\u00f3n (mortero, compuestos de nivelaci\u00f3n)<\/li>\n<li data-start=\"1276\" data-end=\"1302\">Producci\u00f3n alimentaria<\/li>\n<li data-start=\"1303\" data-end=\"1326\">Producci\u00f3n de cosm\u00e9ticos<\/li>\n<\/ul>\n<p data-start=\"1328\" data-end=\"1462\">Con el agitador espiral, puede optimizar sus procesos de mezcla y conseguir un procesamiento uniforme y sin aire de sus materiales.<\/p>","protected":false},"excerpt":{"rendered":"<p>Agitador espiral con geometr\u00eda en espiral para una mezcla eficaz y suave de materiales muy viscosos.<\/p>","protected":false},"featured_media":15497,"comment_status":"open","ping_status":"closed","template":"","meta":{"_acf_changed":false},"product_brand":[],"product_cat":[595,596,1421],"product_tag":[2497,2519,2501,2520,2502,2521,2503,2522,2505,2507,2508,2511,2515,2516,2518],"class_list":{"0":"post-13049","1":"product","2":"type-product","3":"status-publish","4":"has-post-thumbnail","6":"product_cat-ruehrwerkstechnik","7":"product_cat-laborruehrer","8":"product_cat-zubehoer-ruehrwerkstechnik","9":"product_tag-industriemischer","10":"product_tag-spachtelmassen","11":"product_tag-homogene-durchmischung","12":"product_tag-harze","13":"product_tag-mischtechnik","14":"product_tag-lacke","15":"product_tag-ruehrwerkzeug","16":"product_tag-klebstoffe","17":"product_tag-chemische-industrie","18":"product_tag-bauchemie","19":"product_tag-hochviskose-fluessigkeiten","20":"product_tag-ruehrwerk","21":"product_tag-lebensmittelproduktion","22":"product_tag-kosmetikherstellung","23":"product_tag-wendelruehrer","24":"product_shipping_class-karton-paketversand","25":"pa_material-v4a-edelstahl-1-4404","27":"first","28":"outofstock","29":"taxable","30":"shipping-taxable","31":"product-type-simple"},"bundled_by":[],"bundle_stock_status":"outofstock","bundle_stock_quantity":null,"bundle_virtual":false,"bundle_layout":"","bundle_add_to_cart_form_location":"","bundle_editable_in_cart":false,"bundle_sold_individually_context":"","bundle_item_grouping":"","bundle_min_size":"","bundle_max_size":"","bundle_price":[],"bundled_items":[],"bundle_sell_ids":[],"exclude_global_add_ons":[],"addons":[],"acf":[],"_links":{"self":[{"href":"https:\/\/ptm-mechatronics.com\/es\/wp-json\/wp\/v2\/product\/13049","targetHints":{"allow":["GET"]}}],"collection":[{"href":"https:\/\/ptm-mechatronics.com\/es\/wp-json\/wp\/v2\/product"}],"about":[{"href":"https:\/\/ptm-mechatronics.com\/es\/wp-json\/wp\/v2\/types\/product"}],"replies":[{"embeddable":true,"href":"https:\/\/ptm-mechatronics.com\/es\/wp-json\/wp\/v2\/comments?post=13049"}],"wp:featuredmedia":[{"embeddable":true,"href":"https:\/\/ptm-mechatronics.com\/es\/wp-json\/wp\/v2\/media\/15497"}],"wp:attachment":[{"href":"https:\/\/ptm-mechatronics.com\/es\/wp-json\/wp\/v2\/media?parent=13049"}],"wp:term":[{"taxonomy":"product_brand","embeddable":true,"href":"https:\/\/ptm-mechatronics.com\/es\/wp-json\/wp\/v2\/product_brand?post=13049"},{"taxonomy":"product_cat","embeddable":true,"href":"https:\/\/ptm-mechatronics.com\/es\/wp-json\/wp\/v2\/product_cat?post=13049"},{"taxonomy":"product_tag","embeddable":true,"href":"https:\/\/ptm-mechatronics.com\/es\/wp-json\/wp\/v2\/product_tag?post=13049"}],"curies":[{"name":"wp","href":"https:\/\/api.w.org\/{rel}","templated":true}]}}