{"id":13047,"date":"2025-02-25T08:42:33","date_gmt":"2025-02-25T07:42:33","guid":{"rendered":"https:\/\/ptm-mechatronics.com\/?post_type=product&#038;p=13047"},"modified":"2025-11-07T15:53:40","modified_gmt":"2025-11-07T14:53:40","slug":"scheibenruehrer-mit-ruehrwelle","status":"publish","type":"product","link":"https:\/\/ptm-mechatronics.com\/es\/product\/scheibenruehrer-mit-ruehrwelle\/","title":{"rendered":"Agitador de disco con eje agitador"},"content":{"rendered":"<p data-start=\"76\" data-end=\"467\">El agitador de disco es un potente dispositivo de agitaci\u00f3n ideal para dispersar, homogeneizar y emulsionar l\u00edquidos y s\u00f3lidos. Gracias a su geometr\u00eda especial, el agitador genera elevadas fuerzas de cizallamiento y garantiza una mezcla uniforme en la industria qu\u00edmica, la producci\u00f3n de pinturas y barnices, as\u00ed como en la producci\u00f3n de alimentos y cosm\u00e9ticos.<\/p>\n<h3 data-start=\"469\" data-end=\"504\">Caracter\u00edsticas y ventajas:<\/h3>\n<ul data-start=\"505\" data-end=\"958\">\n<li data-start=\"505\" data-end=\"591\">Alto efecto de cizallamiento para una trituraci\u00f3n y distribuci\u00f3n \u00f3ptimas de las part\u00edculas<\/li>\n<li data-start=\"592\" data-end=\"666\">Mezcla eficaz de l\u00edquidos y pastas muy viscosos<\/li>\n<li data-start=\"667\" data-end=\"764\">Construcci\u00f3n robusta de acero inoxidable de alta calidad para mayor durabilidad y resistencia a la corrosi\u00f3n<\/li>\n<li data-start=\"765\" data-end=\"857\">Uso vers\u00e1til en las industrias qu\u00edmica, farmac\u00e9utica y cosm\u00e9tica<\/li>\n<li data-start=\"858\" data-end=\"958\">Personalizable: diferentes di\u00e1metros y materiales para aplicaciones espec\u00edficas<\/li>\n<\/ul>\n<h3 data-start=\"960\" data-end=\"985\">Funcionalidad:<\/h3>\n<p data-start=\"986\" data-end=\"1264\">Con su disco giratorio, el agitador de disco genera una turbulencia intensa que dispersa eficazmente los s\u00f3lidos y mezcla homog\u00e9neamente los l\u00edquidos. Esto produce emulsiones extremadamente finas y dispersiones uniformes que ofrecen unas propiedades de procesamiento \u00f3ptimas.<\/p>\n<h3 data-start=\"1266\" data-end=\"1295\">\u00c1mbitos de aplicaci\u00f3n:<\/h3>\n<ul data-start=\"1296\" data-end=\"1447\">\n<li data-start=\"1296\" data-end=\"1325\">Industria de pinturas y barnices<\/li>\n<li data-start=\"1326\" data-end=\"1370\">Producci\u00f3n qu\u00edmica y farmac\u00e9utica<\/li>\n<li data-start=\"1371\" data-end=\"1412\">Cosm\u00e9ticos y producci\u00f3n alimentaria<\/li>\n<li data-start=\"1413\" data-end=\"1447\">Qu\u00edmica de la construcci\u00f3n y tecnolog\u00eda de adhesivos<\/li>\n<\/ul>\n<p data-start=\"1449\" data-end=\"1569\">Conf\u00ede en el agitador de disco para obtener la m\u00e1xima eficacia y una alta calidad constante en sus procesos de mezcla.<\/p>","protected":false},"excerpt":{"rendered":"<p>Agitador de disco con elevadas fuerzas de cizallamiento para una dispersi\u00f3n, homogeneizaci\u00f3n y emulsificaci\u00f3n eficaces.<\/p>","protected":false},"featured_media":15496,"comment_status":"open","ping_status":"closed","template":"","meta":{"_acf_changed":false},"product_brand":[],"product_cat":[595,596,1421],"product_tag":[2496,2513,2497,2514,2498,2515,2499,2516,2500,2517,2502,2505,2507,2510,2511,2512],"class_list":{"0":"post-13047","1":"product","2":"type-product","3":"status-publish","4":"has-post-thumbnail","6":"product_cat-ruehrwerkstechnik","7":"product_cat-laborruehrer","8":"product_cat-zubehoer-ruehrwerkstechnik","9":"product_tag-ruehrorgan","10":"product_tag-emulgieren","11":"product_tag-industriemischer","12":"product_tag-farben-und-lackherstellung","13":"product_tag-hochleistungsmischer","14":"product_tag-lebensmittelproduktion","15":"product_tag-scherkraefte","16":"product_tag-kosmetikherstellung","17":"product_tag-dispergieren","18":"product_tag-edelstahl-ruehrwerk","19":"product_tag-mischtechnik","20":"product_tag-chemische-industrie","21":"product_tag-bauchemie","22":"product_tag-scheibenruehrer","23":"product_tag-ruehrwerk","24":"product_tag-homogenisieren","25":"product_shipping_class-karton-paketversand","26":"pa_material-v4a-edelstahl-1-4404","28":"first","29":"outofstock","30":"taxable","31":"shipping-taxable","32":"product-type-simple"},"bundled_by":[],"bundle_stock_status":"outofstock","bundle_stock_quantity":null,"bundle_virtual":false,"bundle_layout":"","bundle_add_to_cart_form_location":"","bundle_editable_in_cart":false,"bundle_sold_individually_context":"","bundle_item_grouping":"","bundle_min_size":"","bundle_max_size":"","bundle_price":[],"bundled_items":[],"bundle_sell_ids":[],"exclude_global_add_ons":[],"addons":[],"acf":[],"_links":{"self":[{"href":"https:\/\/ptm-mechatronics.com\/es\/wp-json\/wp\/v2\/product\/13047","targetHints":{"allow":["GET"]}}],"collection":[{"href":"https:\/\/ptm-mechatronics.com\/es\/wp-json\/wp\/v2\/product"}],"about":[{"href":"https:\/\/ptm-mechatronics.com\/es\/wp-json\/wp\/v2\/types\/product"}],"replies":[{"embeddable":true,"href":"https:\/\/ptm-mechatronics.com\/es\/wp-json\/wp\/v2\/comments?post=13047"}],"wp:featuredmedia":[{"embeddable":true,"href":"https:\/\/ptm-mechatronics.com\/es\/wp-json\/wp\/v2\/media\/15496"}],"wp:attachment":[{"href":"https:\/\/ptm-mechatronics.com\/es\/wp-json\/wp\/v2\/media?parent=13047"}],"wp:term":[{"taxonomy":"product_brand","embeddable":true,"href":"https:\/\/ptm-mechatronics.com\/es\/wp-json\/wp\/v2\/product_brand?post=13047"},{"taxonomy":"product_cat","embeddable":true,"href":"https:\/\/ptm-mechatronics.com\/es\/wp-json\/wp\/v2\/product_cat?post=13047"},{"taxonomy":"product_tag","embeddable":true,"href":"https:\/\/ptm-mechatronics.com\/es\/wp-json\/wp\/v2\/product_tag?post=13047"}],"curies":[{"name":"wp","href":"https:\/\/api.w.org\/{rel}","templated":true}]}}