{"id":12831,"date":"2025-01-22T09:56:23","date_gmt":"2025-01-22T08:56:23","guid":{"rendered":"https:\/\/ptm-mechatronics.com\/?post_type=product&#038;p=12831"},"modified":"2026-03-09T11:17:09","modified_gmt":"2026-03-09T10:17:09","slug":"druckluftmotor-inox-pmo1800-mit-anschlussblock","status":"publish","type":"product","link":"https:\/\/ptm-mechatronics.com\/es\/product\/druckluftmotor-inox-pmo1800-mit-anschlussblock\/","title":{"rendered":"Motor neum\u00e1tico INOX, PMO1800 con bloque de conexi\u00f3n"},"content":{"rendered":"<div id=\"tab-description\" class=\"woocommerce-Tabs-panel woocommerce-Tabs-panel--description panel entry-content active\" role=\"tabpanel\" aria-labelledby=\"tab-title-description\">\n<div id=\"tab-description\" class=\"woocommerce-Tabs-panel woocommerce-Tabs-panel--description panel entry-content active\" role=\"tabpanel\" aria-labelledby=\"tab-title-description\">\n<h1><span style=\"font-size: 90%;\">Motores neum\u00e1ticos PTM - Soluciones de accionamiento eficientes, duraderas y vers\u00e1tiles<\/span><\/h1>\n<p>Los motores neum\u00e1ticos PTM son sin\u00f3nimo de m\u00e1xima eficiencia y rendimiento excepcional en aplicaciones industriales. Con su robusto dise\u00f1o puramente mec\u00e1nico y su innovadora tecnolog\u00eda de pist\u00f3n radial, ofrecen una soluci\u00f3n fiable para accionamientos en m\u00e1quinas e instalaciones, as\u00ed como para movimientos giratorios y basculantes precisos. El bloque de terminales integrado garantiza una mayor vida \u00fatil del producto para aplicaciones en un solo sentido de giro (con el cubo orientado en sentido antihorario).<\/p>\n<h4>Caracter\u00edsticas importantes de los motores neum\u00e1ticos PTM<\/h4>\n<ul>\n<li>Tecnolog\u00eda eficiente: principio de pist\u00f3n radial para m\u00e1xima eficiencia y m\u00ednimo consumo de aire.<\/li>\n<li>Gran capacidad de carga: Operable en sentido de giro horario y antihorario, puede cargarse hasta detenerse.<\/li>\n<li>Dise\u00f1o compacto: F\u00e1cil de integrar, incluso en espacios reducidos.<\/li>\n<li>Rentabilidad: una alternativa moderna y de bajo consumo a los motores de paletas convencionales.<\/li>\n<\/ul>\n<h3>Modelo INOX: especial para aplicaciones exigentes<\/h3>\n<p>El modelo INOX es la versi\u00f3n premium para entornos con estrictos requisitos de seguridad e higiene:<\/p>\n<ul>\n<li>Certificaci\u00f3n ATEX: Protecci\u00f3n contra explosiones para las zonas 1, 2, 21 y 22.<\/li>\n<li>Conformidad alimentaria y farmac\u00e9utica: adecuado para industrias con los requisitos de higiene m\u00e1s exigentes.<\/li>\n<li>Clase de sala limpia ISO1: Ideal para salas limpias seg\u00fan DIN 14644.<\/li>\n<li>Impermeable y resistente: Clase de protecci\u00f3n IP67, resistente a \u00e1cidos y productos qu\u00edmicos.<\/li>\n<\/ul>\n<h4>\u00bfPor qu\u00e9 elegir motores neum\u00e1ticos PTM?<\/h4>\n<p>Los motores neum\u00e1ticos PTM le ofrecen soluciones potentes, duraderas y energ\u00e9ticamente eficientes que reducen los costes y aumentan la productividad. El modelo INOX convence especialmente en sectores como la producci\u00f3n de alimentos, la industria farmac\u00e9utica y otras aplicaciones cr\u00edticas para la higiene.<\/p>\n<\/div>\n<\/div>","protected":false},"excerpt":{"rendered":"<p>Potente, energ\u00e9ticamente eficiente y con un consumo m\u00ednimo de aire. Ofrece un alto rendimiento y un elevado par. Con certificaci\u00f3n ATEX, compatible con los sectores alimentario y farmac\u00e9utico, apta para salas blancas de clase ISO1, resistente al agua hasta IP67 y resistente a \u00e1cidos y productos qu\u00edmicos. La soluci\u00f3n ideal para aplicaciones exigentes con los m\u00e1s altos requisitos de higiene y rendimiento. Equipada con bloque de conexi\u00f3n para un funcionamiento prolongado en un solo sentido de giro.<\/p>","protected":false},"featured_media":15382,"comment_status":"open","ping_status":"closed","template":"","meta":{"_acf_changed":false},"product_brand":[],"product_cat":[428,560],"product_tag":[],"class_list":{"0":"post-12831","1":"product","2":"type-product","3":"status-publish","4":"has-post-thumbnail","6":"product_cat-antriebstechnik","7":"product_cat-druckluftmotor-inox","8":"product_shipping_class-karton-paketversand","9":"pa_antriebsart-pneumatisch","10":"pa_antriebswelle-edelstahl-o19mm-mit-passfeder-6n9","11":"pa_atex-zone-122122","12":"pa_dichtung-ptfe-fda-konform","13":"pa_durchmesser-159mm","14":"pa_ex-gas-ex-ii-2-g-ex-h-iic-t5-gb-x","15":"pa_ex-staub-ex-ii-2-d-ex-h-iiic-t100c-db-x","16":"pa_geraeuschpegel-75db","17":"pa_labs-oel-und-silikonfrei","18":"pa_material-gehaeuse-v4a-edelstahl-1-4404-elektropoliert","19":"pa_model-pmo-1800-inox","20":"pa_reinraumklassifizierung-iso1-nach-din14644","21":"pa_schutzart-ip67","22":"pa_steckverschraubung-abluft-schlauch-o12mm","23":"pa_steckverschraubung-zuluft-schlauch-o8mm","24":"pa_versorgung-5-6bar","26":"first","27":"instock","28":"taxable","29":"shipping-taxable","30":"purchasable","31":"product-type-variable"},"bundled_by":[],"bundle_stock_status":"instock","bundle_stock_quantity":null,"bundle_virtual":false,"bundle_layout":"","bundle_add_to_cart_form_location":"","bundle_editable_in_cart":false,"bundle_sold_individually_context":"","bundle_item_grouping":"","bundle_min_size":"","bundle_max_size":"","bundle_price":[],"bundled_items":[],"bundle_sell_ids":[],"exclude_global_add_ons":[],"addons":[],"acf":[],"_links":{"self":[{"href":"https:\/\/ptm-mechatronics.com\/es\/wp-json\/wp\/v2\/product\/12831","targetHints":{"allow":["GET"]}}],"collection":[{"href":"https:\/\/ptm-mechatronics.com\/es\/wp-json\/wp\/v2\/product"}],"about":[{"href":"https:\/\/ptm-mechatronics.com\/es\/wp-json\/wp\/v2\/types\/product"}],"replies":[{"embeddable":true,"href":"https:\/\/ptm-mechatronics.com\/es\/wp-json\/wp\/v2\/comments?post=12831"}],"wp:featuredmedia":[{"embeddable":true,"href":"https:\/\/ptm-mechatronics.com\/es\/wp-json\/wp\/v2\/media\/15382"}],"wp:attachment":[{"href":"https:\/\/ptm-mechatronics.com\/es\/wp-json\/wp\/v2\/media?parent=12831"}],"wp:term":[{"taxonomy":"product_brand","embeddable":true,"href":"https:\/\/ptm-mechatronics.com\/es\/wp-json\/wp\/v2\/product_brand?post=12831"},{"taxonomy":"product_cat","embeddable":true,"href":"https:\/\/ptm-mechatronics.com\/es\/wp-json\/wp\/v2\/product_cat?post=12831"},{"taxonomy":"product_tag","embeddable":true,"href":"https:\/\/ptm-mechatronics.com\/es\/wp-json\/wp\/v2\/product_tag?post=12831"}],"curies":[{"name":"wp","href":"https:\/\/api.w.org\/{rel}","templated":true}]}}