{"id":12776,"date":"2025-01-21T10:18:58","date_gmt":"2025-01-21T09:18:58","guid":{"rendered":"https:\/\/ptm-mechatronics.com\/?post_type=product&#038;p=12776"},"modified":"2026-03-09T11:23:12","modified_gmt":"2026-03-09T10:23:12","slug":"druckluftmotor-atex-pmo1800-mit-anschlussblock","status":"publish","type":"product","link":"https:\/\/ptm-mechatronics.com\/es\/product\/druckluftmotor-atex-pmo1800-mit-anschlussblock\/","title":{"rendered":"Motor neum\u00e1tico ATEX, PMO1800 con bloque de conexi\u00f3n"},"content":{"rendered":"<div id=\"tab-description\" class=\"woocommerce-Tabs-panel woocommerce-Tabs-panel--description panel entry-content active\" role=\"tabpanel\" aria-labelledby=\"tab-title-description\">\n<div id=\"tab-description\" class=\"woocommerce-Tabs-panel woocommerce-Tabs-panel--description panel entry-content active\" role=\"tabpanel\" aria-labelledby=\"tab-title-description\">\n<p>Los motores neum\u00e1ticos PTM son la soluci\u00f3n ideal para aplicaciones industriales exigentes en las que la robustez y la eficiencia son primordiales. Con su dise\u00f1o puramente mec\u00e1nico y su impresionante rendimiento, son adecuados para una amplia gama de aplicaciones, desde la integraci\u00f3n en sistemas y m\u00e1quinas hasta la generaci\u00f3n precisa de movimientos giratorios y basculantes. El bloque de conexi\u00f3n integrado garantiza una mayor vida \u00fatil del producto para aplicaciones en un solo sentido de giro (con el cubo orientado en sentido antihorario).<\/p>\n<h4>Las ventajas de un vistazo<\/h4>\n<ul>\n<li>Innovador principio de pist\u00f3n radial: alto rendimiento con un consumo m\u00ednimo de aire, combinado con un elevado par motor.<\/li>\n<li>Alternativa rentable: una soluci\u00f3n moderna y econ\u00f3mica en comparaci\u00f3n con los motores de paletas convencionales.<\/li>\n<li>Flexibilidad de uso: puede funcionar tanto en el sentido de las agujas del reloj como en sentido contrario, puede cargarse hasta detenerse.<\/li>\n<li>Dise\u00f1o compacto: Ideal para su uso incluso donde el espacio es limitado.<\/li>\n<\/ul>\n<h4>Para un uso seguro en entornos potencialmente explosivos<\/h4>\n<p>El modelo ATEX de los motores neum\u00e1ticos PTM ofrece una protecci\u00f3n fiable contra explosiones y cumple los requisitos de las zonas ATEX 1, 2, 21 y 22, por lo que son ideales para aplicaciones cr\u00edticas de seguridad.<\/p>\n<p>Los motores neum\u00e1ticos PTM combinan rendimiento, eficacia y versatilidad: una elecci\u00f3n ideal para los requisitos de la industria moderna.<\/p>\n<\/div>\n<\/div>","protected":false},"excerpt":{"rendered":"<p>Potente motor neum\u00e1tico, energ\u00e9ticamente eficiente, bajo consumo de aire, muy alto rendimiento y par muy elevado. Protecci\u00f3n segura contra explosiones en zonas ATEX 1, 2, 21 y 22. Equipado con bloque de conexi\u00f3n para un funcionamiento prolongado en un solo sentido de giro.<\/p>","protected":false},"featured_media":15312,"comment_status":"open","ping_status":"closed","template":"","meta":{"_acf_changed":false},"product_brand":[],"product_cat":[428,463],"product_tag":[],"class_list":{"0":"post-12776","1":"product","2":"type-product","3":"status-publish","4":"has-post-thumbnail","6":"product_cat-antriebstechnik","7":"product_cat-druckluftmotor-atex","8":"product_shipping_class-karton-paketversand","9":"pa_antriebsart-pneumatisch","10":"pa_antriebswelle-o19mm-mit-passfeder-6n9","11":"pa_atex-zone-122122","12":"pa_dichtung-ptfe","13":"pa_durchmesser-159mm","14":"pa_ex-gas-ex-ii-2-g-ex-h-iic-t5-gb-x","15":"pa_ex-staub-ex-ii-2-d-ex-h-iiic-t100c-db-x","16":"pa_geraeuschpegel-75db","17":"pa_labs-oel-und-silikonfrei","18":"pa_material-gehaeuse-aluminium-eloxiert","19":"pa_model-pmo-1800-ex","20":"pa_schutzart-ip67","21":"pa_steckverschraubung-abluft-schlauch-o12mm","22":"pa_steckverschraubung-zuluft-schlauch-o8mm","23":"pa_versorgung-5-6bar","25":"first","26":"instock","27":"taxable","28":"shipping-taxable","29":"purchasable","30":"product-type-variable"},"bundled_by":[],"bundle_stock_status":"instock","bundle_stock_quantity":null,"bundle_virtual":false,"bundle_layout":"","bundle_add_to_cart_form_location":"","bundle_editable_in_cart":false,"bundle_sold_individually_context":"","bundle_item_grouping":"","bundle_min_size":"","bundle_max_size":"","bundle_price":[],"bundled_items":[],"bundle_sell_ids":[],"exclude_global_add_ons":[],"addons":[],"acf":[],"_links":{"self":[{"href":"https:\/\/ptm-mechatronics.com\/es\/wp-json\/wp\/v2\/product\/12776","targetHints":{"allow":["GET"]}}],"collection":[{"href":"https:\/\/ptm-mechatronics.com\/es\/wp-json\/wp\/v2\/product"}],"about":[{"href":"https:\/\/ptm-mechatronics.com\/es\/wp-json\/wp\/v2\/types\/product"}],"replies":[{"embeddable":true,"href":"https:\/\/ptm-mechatronics.com\/es\/wp-json\/wp\/v2\/comments?post=12776"}],"wp:featuredmedia":[{"embeddable":true,"href":"https:\/\/ptm-mechatronics.com\/es\/wp-json\/wp\/v2\/media\/15312"}],"wp:attachment":[{"href":"https:\/\/ptm-mechatronics.com\/es\/wp-json\/wp\/v2\/media?parent=12776"}],"wp:term":[{"taxonomy":"product_brand","embeddable":true,"href":"https:\/\/ptm-mechatronics.com\/es\/wp-json\/wp\/v2\/product_brand?post=12776"},{"taxonomy":"product_cat","embeddable":true,"href":"https:\/\/ptm-mechatronics.com\/es\/wp-json\/wp\/v2\/product_cat?post=12776"},{"taxonomy":"product_tag","embeddable":true,"href":"https:\/\/ptm-mechatronics.com\/es\/wp-json\/wp\/v2\/product_tag?post=12776"}],"curies":[{"name":"wp","href":"https:\/\/api.w.org\/{rel}","templated":true}]}}