{"id":12703,"date":"2025-01-20T08:55:25","date_gmt":"2025-01-20T07:55:25","guid":{"rendered":"https:\/\/ptm-mechatronics.com\/?post_type=product&#038;p=12703"},"modified":"2026-01-28T14:01:14","modified_gmt":"2026-01-28T13:01:14","slug":"druckluftmotor-basic-pmo450-mit-anschlussblock","status":"publish","type":"product","link":"https:\/\/ptm-mechatronics.com\/es\/product\/druckluftmotor-basic-pmo450-mit-anschlussblock\/","title":{"rendered":"Motor neum\u00e1tico b\u00e1sico, PMO450 con bloque de conexi\u00f3n"},"content":{"rendered":"<p>Los motores neum\u00e1ticos PTM convencen por su dise\u00f1o extremadamente robusto y puramente mec\u00e1nico y por su excepcional rendimiento. Pueden utilizarse para una amplia gama de aplicaciones, ya sea como accionamiento en m\u00e1quinas e instalaciones o para generar movimientos giratorios y basculantes. Gracias a su sofisticado dise\u00f1o y a su innovadora tecnolog\u00eda, ofrecen una alternativa moderna y econ\u00f3mica a los motores de paletas convencionales. El bloque de conexi\u00f3n integrado garantiza una mayor vida \u00fatil del producto para aplicaciones en un solo sentido de giro (con el cubo orientado en sentido antihorario).<\/p>\n<h4>Eficaz tecnolog\u00eda de pistones radiales<\/h4>\n<p>Los motores neum\u00e1ticos PTM se basan en el principio de pist\u00f3n radial de alta eficiencia, que se caracteriza por un consumo m\u00ednimo de aire y una eficiencia impresionantemente alta. Incluso en aplicaciones exigentes, los motores ofrecen un par extraordinario y se mantienen resistentes hasta la parada. El funcionamiento es posible tanto en sentido antihorario como horario, lo que garantiza la m\u00e1xima flexibilidad.<\/p>\n<h4>Compacto y adaptable<\/h4>\n<p>Gracias a su tama\u00f1o compacto, los motores neum\u00e1ticos PTM pueden integrarse f\u00e1cilmente en casi cualquier aplicaci\u00f3n. Se adaptan perfectamente a los sistemas existentes y ofrecen una soluci\u00f3n que ahorra espacio gracias a su reducido tama\u00f1o y alto rendimiento.<\/p>\n<h4>Las ventajas de un vistazo:<\/h4>\n<ul>\n<li>Dise\u00f1o robusto y puramente mec\u00e1nico<\/li>\n<li>Tecnolog\u00eda de pistones radiales de alta eficiencia para un bajo consumo de aire<\/li>\n<li>Alta eficiencia y par excepcional<\/li>\n<li>Tama\u00f1o compacto para facilitar la integraci\u00f3n<\/li>\n<li>Rotaci\u00f3n en sentido antihorario y horario y puede cargarse hasta detenerse<\/li>\n<li>Clase de protecci\u00f3n IP67: a prueba de salpicaduras y sumergible<\/li>\n<\/ul>","protected":false},"excerpt":{"rendered":"<p>Motor neum\u00e1tico b\u00e1sico: ahorre energ\u00eda con una tecnolog\u00eda eficiente. Extremadamente eficiente y potente, el motor neum\u00e1tico alcanza un nivel muy alto de eficiencia y un par muy elevado a pesar del m\u00ednimo consumo de aire. Equipado con bloque de conexi\u00f3n para un funcionamiento prolongado en un solo sentido de giro.<\/p>","protected":false},"featured_media":15308,"comment_status":"open","ping_status":"closed","template":"","meta":{"_acf_changed":false},"product_brand":[],"product_cat":[428,429],"product_tag":[],"class_list":{"0":"post-12703","1":"product","2":"type-product","3":"status-publish","4":"has-post-thumbnail","6":"product_cat-antriebstechnik","7":"product_cat-druckluftmotor-basic","8":"product_shipping_class-karton-paketversand","9":"pa_antriebsart-pneumatisch","10":"pa_antriebswelle-o14mm-mit-passfeder-5n9","11":"pa_dichtung-nbr","12":"pa_labs-oel-und-silikonfrei","13":"pa_material-gehaeuse-aluminium-eloxiert","14":"pa_model-pmo-450-ba","15":"pa_schutzart-ip67","16":"pa_steckverschraubung-abluft-schlauch-o10mm","17":"pa_steckverschraubung-zuluft-schlauch-o6mm","18":"pa_versorgung-5-6bar","20":"first","21":"instock","22":"taxable","23":"shipping-taxable","24":"purchasable","25":"product-type-variable"},"bundled_by":[],"bundle_stock_status":"instock","bundle_stock_quantity":null,"bundle_virtual":false,"bundle_layout":"","bundle_add_to_cart_form_location":"","bundle_editable_in_cart":false,"bundle_sold_individually_context":"","bundle_item_grouping":"","bundle_min_size":"","bundle_max_size":"","bundle_price":[],"bundled_items":[],"bundle_sell_ids":[],"exclude_global_add_ons":[],"addons":[],"acf":[],"_links":{"self":[{"href":"https:\/\/ptm-mechatronics.com\/es\/wp-json\/wp\/v2\/product\/12703","targetHints":{"allow":["GET"]}}],"collection":[{"href":"https:\/\/ptm-mechatronics.com\/es\/wp-json\/wp\/v2\/product"}],"about":[{"href":"https:\/\/ptm-mechatronics.com\/es\/wp-json\/wp\/v2\/types\/product"}],"replies":[{"embeddable":true,"href":"https:\/\/ptm-mechatronics.com\/es\/wp-json\/wp\/v2\/comments?post=12703"}],"wp:featuredmedia":[{"embeddable":true,"href":"https:\/\/ptm-mechatronics.com\/es\/wp-json\/wp\/v2\/media\/15308"}],"wp:attachment":[{"href":"https:\/\/ptm-mechatronics.com\/es\/wp-json\/wp\/v2\/media?parent=12703"}],"wp:term":[{"taxonomy":"product_brand","embeddable":true,"href":"https:\/\/ptm-mechatronics.com\/es\/wp-json\/wp\/v2\/product_brand?post=12703"},{"taxonomy":"product_cat","embeddable":true,"href":"https:\/\/ptm-mechatronics.com\/es\/wp-json\/wp\/v2\/product_cat?post=12703"},{"taxonomy":"product_tag","embeddable":true,"href":"https:\/\/ptm-mechatronics.com\/es\/wp-json\/wp\/v2\/product_tag?post=12703"}],"curies":[{"name":"wp","href":"https:\/\/api.w.org\/{rel}","templated":true}]}}