{"id":12696,"date":"2025-01-16T10:42:58","date_gmt":"2025-01-16T09:42:58","guid":{"rendered":"https:\/\/ptm-mechatronics.com\/?post_type=product&#038;p=12696"},"modified":"2025-11-07T15:53:03","modified_gmt":"2025-11-07T14:53:03","slug":"steckverschraubung-fuer-druckluftmotor-pmo450-900","status":"publish","type":"product","link":"https:\/\/ptm-mechatronics.com\/es\/product\/steckverschraubung-fuer-druckluftmotor-pmo450-900\/","title":{"rendered":"Racor r\u00e1pido roscado para motor neum\u00e1tico PMO450\/900"},"content":{"rendered":"<p class=\"\" data-start=\"129\" data-end=\"207\">Racor r\u00e1pido para motores neum\u00e1ticos PTM: seguro, r\u00e1pido y fiable<\/p>\n<p class=\"\" data-start=\"209\" data-end=\"529\">El racor de alta calidad para motores neum\u00e1ticos PTM garantiza una conexi\u00f3n segura y estanca entre el suministro de aire y el accionamiento. Gracias a su ajuste preciso y dise\u00f1o robusto, garantiza un funcionamiento fiable de sus sistemas de aire comprimido, incluso en condiciones industriales exigentes.<\/p>\n<p class=\"\" data-start=\"531\" data-end=\"872\">Gracias a su f\u00e1cil manejo, el racor permite una conexi\u00f3n r\u00e1pida sin necesidad de herramientas adicionales, por lo que resulta ideal para el mantenimiento, la sustituci\u00f3n o las instalaciones flexibles. Perfectamente adaptado a las conexiones de los motores neum\u00e1ticos PTM, impresiona por su durabilidad, estanqueidad y alta fiabilidad de proceso.<\/p>\n<p class=\"\" data-start=\"874\" data-end=\"905\">Las ventajas de un vistazo:<\/p>\n<ul>\n<li data-start=\"908\" data-end=\"942\">Adecuado para motores neum\u00e1ticos PTM<\/li>\n<li data-start=\"908\" data-end=\"942\">Montaje sin herramientas<\/li>\n<li data-start=\"908\" data-end=\"942\">Conexi\u00f3n de aire segura<\/li>\n<li data-start=\"908\" data-end=\"942\">Calidad industrial robusta<\/li>\n<li data-start=\"908\" data-end=\"942\">Alto rendimiento de sellado<\/li>\n<li data-start=\"908\" data-end=\"942\">F\u00e1cil de mantener<\/li>\n<\/ul>","protected":false},"excerpt":{"rendered":"<p>Dos racores para manguera de 6 mm de di\u00e1metro, rosca M6x0,75. Conexi\u00f3n segura, estanca y sin herramientas al suministro de aire, ideal para una instalaci\u00f3n r\u00e1pida y fiable en aplicaciones industriales.<\/p>","protected":false},"featured_media":15486,"comment_status":"open","ping_status":"closed","template":"","meta":{"_acf_changed":false},"product_brand":[],"product_cat":[2745,1906],"product_tag":[2759,2760,2761,2762,2763,2764,2765,2766,2757,2758],"class_list":{"0":"post-12696","1":"product","2":"type-product","3":"status-publish","4":"has-post-thumbnail","6":"product_cat-ersatzteile","7":"product_cat-zubehoer-druckluftmotor","8":"product_tag-ptm-luftanschluss","9":"product_tag-steckkupplung-druckluftmotor","10":"product_tag-ptm-verbindungstechnik","11":"product_tag-druckluftanschluss-motor","12":"product_tag-pneumatik-steckverschraubung","13":"product_tag-schnellkupplung-ptm","14":"product_tag-zubehoer-ptm-antrieb","15":"product_tag-druckluftverschraubung-kaufen","16":"product_tag-steckverschraubung-ptm","17":"product_tag-druckluftmotor-anschluss","18":"product_shipping_class-karton-paketversand","20":"first","21":"instock","22":"taxable","23":"shipping-taxable","24":"purchasable","25":"product-type-simple"},"bundled_by":[],"bundle_stock_status":"instock","bundle_stock_quantity":null,"bundle_virtual":false,"bundle_layout":"","bundle_add_to_cart_form_location":"","bundle_editable_in_cart":false,"bundle_sold_individually_context":"","bundle_item_grouping":"","bundle_min_size":"","bundle_max_size":"","bundle_price":[],"bundled_items":[],"bundle_sell_ids":[],"exclude_global_add_ons":[],"addons":[],"acf":[],"_links":{"self":[{"href":"https:\/\/ptm-mechatronics.com\/es\/wp-json\/wp\/v2\/product\/12696","targetHints":{"allow":["GET"]}}],"collection":[{"href":"https:\/\/ptm-mechatronics.com\/es\/wp-json\/wp\/v2\/product"}],"about":[{"href":"https:\/\/ptm-mechatronics.com\/es\/wp-json\/wp\/v2\/types\/product"}],"replies":[{"embeddable":true,"href":"https:\/\/ptm-mechatronics.com\/es\/wp-json\/wp\/v2\/comments?post=12696"}],"wp:featuredmedia":[{"embeddable":true,"href":"https:\/\/ptm-mechatronics.com\/es\/wp-json\/wp\/v2\/media\/15486"}],"wp:attachment":[{"href":"https:\/\/ptm-mechatronics.com\/es\/wp-json\/wp\/v2\/media?parent=12696"}],"wp:term":[{"taxonomy":"product_brand","embeddable":true,"href":"https:\/\/ptm-mechatronics.com\/es\/wp-json\/wp\/v2\/product_brand?post=12696"},{"taxonomy":"product_cat","embeddable":true,"href":"https:\/\/ptm-mechatronics.com\/es\/wp-json\/wp\/v2\/product_cat?post=12696"},{"taxonomy":"product_tag","embeddable":true,"href":"https:\/\/ptm-mechatronics.com\/es\/wp-json\/wp\/v2\/product_tag?post=12696"}],"curies":[{"name":"wp","href":"https:\/\/api.w.org\/{rel}","templated":true}]}}