{"id":12494,"date":"2024-11-14T11:06:50","date_gmt":"2024-11-14T10:06:50","guid":{"rendered":"https:\/\/ptm-mechatronics.com\/?post_type=product&#038;p=12494"},"modified":"2025-11-07T15:56:13","modified_gmt":"2025-11-07T14:56:13","slug":"elektrisches-ruehrwerk-mit-traverse-fuer-ibc-container","status":"publish","type":"product","link":"https:\/\/ptm-mechatronics.com\/es\/product\/elektrisches-ruehrwerk-mit-traverse-fuer-ibc-container\/","title":{"rendered":"Agitador el\u00e9ctrico con travesa\u00f1o para IBC y contenedores"},"content":{"rendered":"<p>Agitador el\u00e9ctrico para IBC y contenedores - Flexible, potente y f\u00e1cil de manejar<\/p>\n<p>Nuestros agitadores el\u00e9ctricos para IBC y contenedores impresionan por su f\u00e1cil manejo y su robusta calidad. Con el pr\u00e1ctico travesa\u00f1o de acero inoxidable V4A (1.4404) de alta calidad, podr\u00e1 fijar el agitador a su contenedor de forma r\u00e1pida y segura. Gracias a las dos abrazaderas de cierre r\u00e1pido, el montaje se realiza en cuesti\u00f3n de segundos.<\/p>\n<p>El travesa\u00f1o se puede ajustar con flexibilidad y es adecuado para GRG con un volumen de 600 a 1.200 litros. El agitador se suministra completamente listo para su uso, incluyendo un eje agitador a juego y el agitador de vaso articulado eco-Cup especialmente dise\u00f1ado, tambi\u00e9n fabricado en acero inoxidable V4A (1.4404) de larga duraci\u00f3n.<\/p>\n<p>Opcionalmente, la velocidad puede controlarse y leerse de forma precisa y c\u00f3moda mediante un convertidor de frecuencia con circuito de protecci\u00f3n del motor y parada de emergencia. Las orejetas de carretilla elevadora premontadas garantizan un transporte sin complicaciones y son ideales para su uso con una carretilla elevadora.<\/p>\n<h3 data-start=\"1337\" data-end=\"1549\"><span class=\"_fadeIn_m1hgl_8\">Tus opciones:<\/span><\/h3>\n<p>Tres niveles de rendimiento para sus necesidades:<\/p>\n<ul>\n<li>Para l\u00edquidos de hasta 2.000 mPas de viscosidad.<\/li>\n<li>Para l\u00edquidos de hasta 10.000 mPas de viscosidad.<\/li>\n<li>Para l\u00edquidos de hasta 50.000 mPas de viscosidad.<\/li>\n<\/ul>\n<p>Sistema de cambio r\u00e1pido del eje agitador:<br \/>\nNuestra <a href=\"https:\/\/youtu.be\/TjagGW4DoyA?feature=shared\" target=\"_blank\" rel=\"noopener\">Sistema de cambio r\u00e1pido eco-Quick<\/a> le ofrece un cambio r\u00e1pido y limpio del eje agitador en cuesti\u00f3n de segundos y sin herramientas adicionales.<\/p>\n<p>Variador de frecuencia:<br \/>\nElija entre un convertidor de frecuencia que se monta directamente en el aparato o uno que puede montarse in situ en la pared.<\/p>\n<p>Nota importante:<br \/>\nDado que los contenedores IBC no est\u00e1n normalizados, le rogamos que compruebe con antelaci\u00f3n las dimensiones de sus contenedores. Si tiene alguna pregunta, no dude en ponerse en contacto con nosotros: estaremos encantados de asesorarle personalmente.<\/p>\n<p>Volumen de suministro:<br \/>\nEl agitador se suministra sin recipiente.<\/p>","protected":false},"excerpt":{"rendered":"<p>Potente agitador IBC totalmente equipado con eje agitador, elemento agitador y travesa\u00f1o. Motor el\u00e9ctrico disponible en tres variantes de potencia.<\/p>","protected":false},"featured_media":15481,"comment_status":"open","ping_status":"closed","template":"","meta":{"_acf_changed":false},"product_brand":[],"product_cat":[595,614],"product_tag":[],"class_list":{"0":"post-12494","1":"product","2":"type-product","3":"status-publish","4":"has-post-thumbnail","6":"product_cat-ruehrwerkstechnik","7":"product_cat-containerruehrwerke","8":"product_shipping_class-europalette-speditionsversand","9":"pa_antriebsart-elektrisch","10":"pa_behaeltervolumen-ibc","11":"pa_durchmesser-ruehrwelle-25mm","12":"pa_frequenzumrichter-ohne","13":"pa_frequenzumrichter-am-geraet","14":"pa_frequenzumrichter-zur-wandmontage","15":"pa_geeignete-ibc-groessen-600-1200-liter","16":"pa_laenge-ruehrwelle-ca-795mm-ab-deckeloberkante","17":"pa_material-traverse-v4a-edelstahl-1-4404","18":"pa_motorart-stirnradgetriebemotor","19":"pa_motorgroessen-0-411-1-min-15kw-32nm-bis-2-000mpas","20":"pa_motorgroessen-0-245-1-min-15kw-58nm-bis-10-000mpas","21":"pa_motorgroessen-0-337-1-min-3kw-85nm-bis-50-000mpas","22":"pa_ruehrorgan-becherruehrorgan-eco-cup-500mm","23":"pa_schaltart-dreieck-stern","24":"pa_schnellwechselsystem-mit-schnellwechselsystem","25":"pa_schnellwechselsystem-mit-gewindeverbindung","26":"pa_typ-traversenruehrwerk","28":"first","29":"instock","30":"taxable","31":"shipping-taxable","32":"purchasable","33":"product-type-variable"},"bundled_by":[],"bundle_stock_status":"instock","bundle_stock_quantity":null,"bundle_virtual":false,"bundle_layout":"","bundle_add_to_cart_form_location":"","bundle_editable_in_cart":false,"bundle_sold_individually_context":"","bundle_item_grouping":"","bundle_min_size":"","bundle_max_size":"","bundle_price":[],"bundled_items":[],"bundle_sell_ids":[],"exclude_global_add_ons":[],"addons":[],"acf":[],"_links":{"self":[{"href":"https:\/\/ptm-mechatronics.com\/es\/wp-json\/wp\/v2\/product\/12494","targetHints":{"allow":["GET"]}}],"collection":[{"href":"https:\/\/ptm-mechatronics.com\/es\/wp-json\/wp\/v2\/product"}],"about":[{"href":"https:\/\/ptm-mechatronics.com\/es\/wp-json\/wp\/v2\/types\/product"}],"replies":[{"embeddable":true,"href":"https:\/\/ptm-mechatronics.com\/es\/wp-json\/wp\/v2\/comments?post=12494"}],"wp:featuredmedia":[{"embeddable":true,"href":"https:\/\/ptm-mechatronics.com\/es\/wp-json\/wp\/v2\/media\/15481"}],"wp:attachment":[{"href":"https:\/\/ptm-mechatronics.com\/es\/wp-json\/wp\/v2\/media?parent=12494"}],"wp:term":[{"taxonomy":"product_brand","embeddable":true,"href":"https:\/\/ptm-mechatronics.com\/es\/wp-json\/wp\/v2\/product_brand?post=12494"},{"taxonomy":"product_cat","embeddable":true,"href":"https:\/\/ptm-mechatronics.com\/es\/wp-json\/wp\/v2\/product_cat?post=12494"},{"taxonomy":"product_tag","embeddable":true,"href":"https:\/\/ptm-mechatronics.com\/es\/wp-json\/wp\/v2\/product_tag?post=12494"}],"curies":[{"name":"wp","href":"https:\/\/api.w.org\/{rel}","templated":true}]}}