{"id":10475,"date":"2024-07-16T09:34:35","date_gmt":"2024-07-16T07:34:35","guid":{"rendered":"https:\/\/ptm-mechatronics.com\/?post_type=product&#038;p=10475"},"modified":"2025-11-07T15:52:44","modified_gmt":"2025-11-07T14:52:44","slug":"ruehrwerk-fuer-schuetz-impeller-system-antrieb-atex-zone-1","status":"publish","type":"product","link":"https:\/\/ptm-mechatronics.com\/es\/product\/ruehrwerk-fuer-schuetz-impeller-system-antrieb-atex-zone-1\/","title":{"rendered":"Agitador para sistema de impulsor contactor - Accionamiento ATEX Zona 1"},"content":{"rendered":"<p>Nuestros agitadores para sistemas de rodetes Sch\u00fctz constan de un potente accionamiento neum\u00e1tico, un travesa\u00f1o de acero inoxidable V4A 1.4404 de alta calidad y un compartimento de montaje para fijar el eje del agitador al accionamiento mediante nuestro sistema patentado <a href=\"https:\/\/ptm-mechatronics.com\/es\/schnelle-saubere-prozesswechsel\/\" target=\"_blank\" rel=\"noopener\">Sistema de cambio r\u00e1pido eco-Quick<\/a>.<\/p>\n<p>Puede fijar f\u00e1cilmente el agitador al recipiente utilizando dos abrazaderas de cierre r\u00e1pido en el travesa\u00f1o. El eje del agitador (disponible en tres longitudes diferentes en la tienda, v\u00e9anse los accesorios) puede fijarse a trav\u00e9s del compartimento de montaje con tapa. Gracias a nuestro sistema de cambio r\u00e1pido eco-Quick, no necesitar\u00e1 ninguna herramienta para ello. El eco-Quick puede abrirse con un solo movimiento y cerrarse despu\u00e9s de insertar el eje agitador. Su agitador estar\u00e1 listo para su uso tras la conexi\u00f3n del aire.<\/p>\n<p>Volumen de suministro sin contenedor del impulsor del contactor, sin eje agitador<\/p>","protected":false},"excerpt":{"rendered":"<p>Potente agitador IBC totalmente equipado con travesa\u00f1o de acero inoxidable de alta calidad con compartimento de montaje, certificado para ATEX Zona 1<\/p>","protected":false},"featured_media":15477,"comment_status":"open","ping_status":"closed","template":"","meta":{"_acf_changed":false},"product_brand":[],"product_cat":[595,614],"product_tag":[],"class_list":{"0":"post-10475","1":"product","2":"type-product","3":"status-publish","4":"has-post-thumbnail","6":"product_cat-ruehrwerkstechnik","7":"product_cat-containerruehrwerke","8":"product_shipping_class-karton-paketversand","9":"pa_antriebsart-pneumatisch","10":"pa_atex-zone-122122","11":"pa_behaeltervolumen-ibc","12":"pa_dichtung-ptfe","13":"pa_drehmoment-32nm","14":"pa_drehzahl-0-300-1-min","15":"pa_ex-gas-ex-ii-2-g-ex-h-iic-t5-gb-x","16":"pa_ex-staub-ex-ii-2-d-ex-h-iiic-t100c-db-x","17":"pa_geeignete-ibc-groessen-600-1200-liter","18":"pa_geraeuschpegel-75db","19":"pa_labs-oel-und-silikonfrei","20":"pa_material-gehaeuse-aluminium-eloxiert","21":"pa_material-traverse-v4a-edelstahl-1-4404","22":"pa_mittlerer-luftverbrauch-200l-min","23":"pa_schutzart-ip67","24":"pa_steckverschraubung-abluft-schlauch-o12mm","25":"pa_steckverschraubung-zuluft-schlauch-o8mm","26":"pa_typ-traversenruehrwerk","27":"pa_versorgung-5-6bar","29":"first","30":"instock","31":"taxable","32":"shipping-taxable","33":"purchasable","34":"product-type-simple"},"bundled_by":[],"bundle_stock_status":"instock","bundle_stock_quantity":null,"bundle_virtual":false,"bundle_layout":"","bundle_add_to_cart_form_location":"","bundle_editable_in_cart":false,"bundle_sold_individually_context":"","bundle_item_grouping":"","bundle_min_size":"","bundle_max_size":"","bundle_price":[],"bundled_items":[],"bundle_sell_ids":[],"exclude_global_add_ons":[],"addons":[],"acf":[],"_links":{"self":[{"href":"https:\/\/ptm-mechatronics.com\/es\/wp-json\/wp\/v2\/product\/10475","targetHints":{"allow":["GET"]}}],"collection":[{"href":"https:\/\/ptm-mechatronics.com\/es\/wp-json\/wp\/v2\/product"}],"about":[{"href":"https:\/\/ptm-mechatronics.com\/es\/wp-json\/wp\/v2\/types\/product"}],"replies":[{"embeddable":true,"href":"https:\/\/ptm-mechatronics.com\/es\/wp-json\/wp\/v2\/comments?post=10475"}],"wp:featuredmedia":[{"embeddable":true,"href":"https:\/\/ptm-mechatronics.com\/es\/wp-json\/wp\/v2\/media\/15477"}],"wp:attachment":[{"href":"https:\/\/ptm-mechatronics.com\/es\/wp-json\/wp\/v2\/media?parent=10475"}],"wp:term":[{"taxonomy":"product_brand","embeddable":true,"href":"https:\/\/ptm-mechatronics.com\/es\/wp-json\/wp\/v2\/product_brand?post=10475"},{"taxonomy":"product_cat","embeddable":true,"href":"https:\/\/ptm-mechatronics.com\/es\/wp-json\/wp\/v2\/product_cat?post=10475"},{"taxonomy":"product_tag","embeddable":true,"href":"https:\/\/ptm-mechatronics.com\/es\/wp-json\/wp\/v2\/product_tag?post=10475"}],"curies":[{"name":"wp","href":"https:\/\/api.w.org\/{rel}","templated":true}]}}