{"id":10450,"date":"2024-07-08T10:20:45","date_gmt":"2024-07-08T08:20:45","guid":{"rendered":"https:\/\/ptm-mechatronics.com\/?post_type=product&#038;p=10450"},"modified":"2025-11-07T15:52:39","modified_gmt":"2025-11-07T14:52:39","slug":"deckel-eco-cap-10-fuer-10-20-liter-eimer","status":"publish","type":"product","link":"https:\/\/ptm-mechatronics.com\/es\/product\/deckel-eco-cap-10-fuer-10-20-liter-eimer\/","title":{"rendered":"Tapa eco-Cap 10 para cubos de 10-20 litros"},"content":{"rendered":"<h1 data-start=\"252\" data-end=\"323\"><span style=\"font-size: 75%;\"><span class=\"_fadeIn_m1hgl_8\">Tapa de acero inoxidable <\/span><span class=\"_fadeIn_m1hgl_8\">con <\/span><span class=\"_fadeIn_m1hgl_8\">Dispositivo de sujeci\u00f3n - <\/span><span class=\"_fadeIn_m1hgl_8\">seguro, <\/span><span class=\"_fadeIn_m1hgl_8\">flexible, <\/span><span class=\"_fadeIn_m1hgl_8\">alta calidad<\/span><\/span><\/h1>\n<p data-start=\"325\" data-end=\"630\"><span class=\"_fadeIn_m1hgl_8\">Este <\/span><span class=\"_fadeIn_m1hgl_8\">alta calidad <\/span><span class=\"_fadeIn_m1hgl_8\">Tapa <\/span><span class=\"_fadeIn_m1hgl_8\">de <\/span><span class=\"_fadeIn_m1hgl_8\">V4A <\/span><span class=\"_fadeIn_m1hgl_8\">Acero inoxidable (<\/span><span class=\"_fadeIn_m1hgl_8\">1.4404)<\/span> <span class=\"_fadeIn_m1hgl_8\">fue <\/span><span class=\"_fadeIn_m1hgl_8\">especialmente <\/span><span class=\"_fadeIn_m1hgl_8\">para <\/span><span class=\"_fadeIn_m1hgl_8\">el <\/span><span class=\"_fadeIn_m1hgl_8\">seguro <\/span><span class=\"_fadeIn_m1hgl_8\">Utilice <\/span><span class=\"_fadeIn_m1hgl_8\">en <\/span><span class=\"_fadeIn_m1hgl_8\">Barriles agitadores <\/span><span class=\"_fadeIn_m1hgl_8\">y <\/span><span class=\"_fadeIn_m1hgl_8\">Recipientes de mezcla<\/span> <span class=\"_fadeIn_m1hgl_8\">dise\u00f1ado. <\/span><span class=\"_fadeIn_m1hgl_8\">En <\/span><span class=\"_fadeIn_m1hgl_8\">robusto <\/span><span class=\"_fadeIn_m1hgl_8\">y <\/span><span class=\"_fadeIn_m1hgl_8\">resistente a la corrosi\u00f3n <\/span><span class=\"_fadeIn_m1hgl_8\">Ejecuci\u00f3n<\/span> <span class=\"_fadeIn_m1hgl_8\">adecuado <\/span><span class=\"_fadeIn_m1hgl_8\">s\u00ed mismo <\/span><span class=\"_fadeIn_m1hgl_8\">ideal <\/span><span class=\"_fadeIn_m1hgl_8\">para <\/span><span class=\"_fadeIn_m1hgl_8\">higiene cr\u00edtica <\/span><span class=\"_fadeIn_m1hgl_8\">Aplicaciones <\/span><span class=\"_fadeIn_m1hgl_8\">en <\/span><span class=\"_fadeIn_m1hgl_8\">el <\/span><span class=\"_fadeIn_m1hgl_8\">Comida, <\/span><span class=\"_fadeIn_m1hgl_8\">Farmac\u00e9utica <\/span><span class=\"_fadeIn_m1hgl_8\">y <\/span><span class=\"_fadeIn_m1hgl_8\">Industria qu\u00edmica<\/span><span class=\"_fadeIn_m1hgl_8\">.<\/span><\/p>\n<p data-start=\"632\" data-end=\"987\"><span class=\"_fadeIn_m1hgl_8\">Equipado <\/span><span class=\"_fadeIn_m1hgl_8\">con <\/span><span class=\"_fadeIn_m1hgl_8\">dos <\/span><span class=\"_fadeIn_m1hgl_8\">flexible <\/span><span class=\"_fadeIn_m1hgl_8\">Dispositivos de sujeci\u00f3n<\/span><span class=\"_fadeIn_m1hgl_8\">, <\/span><span class=\"_fadeIn_m1hgl_8\">permite <\/span><span class=\"_fadeIn_m1hgl_8\">el <\/span><span class=\"_fadeIn_m1hgl_8\">Tapa <\/span><span class=\"_fadeIn_m1hgl_8\">un <\/span><span class=\"_fadeIn_m1hgl_8\">estable <\/span><span class=\"_fadeIn_m1hgl_8\">y <\/span><span class=\"_fadeIn_m1hgl_8\">seguro <\/span><span class=\"_fadeIn_m1hgl_8\">Fijaci\u00f3n<\/span> <span class=\"_fadeIn_m1hgl_8\">en <\/span><span class=\"_fadeIn_m1hgl_8\">Barriles <\/span><span class=\"_fadeIn_m1hgl_8\">con <\/span><span class=\"_fadeIn_m1hgl_8\">un <\/span><span class=\"_fadeIn_m1hgl_8\">Di\u00e1metro <\/span><span class=\"_fadeIn_m1hgl_8\">de <\/span><span class=\"_fadeIn_m1hgl_8\">230 <\/span><span class=\"_fadeIn_m1hgl_8\">hasta <\/span><span class=\"_fadeIn_m1hgl_8\">300 <\/span><span class=\"_fadeIn_m1hgl_8\">mm<\/span><span class=\"_fadeIn_m1hgl_8\">. <\/span><span class=\"_fadeIn_m1hgl_8\">En <\/span><span class=\"_fadeIn_m1hgl_8\">ajustable <\/span><span class=\"_fadeIn_m1hgl_8\">Mecanismo de sujeci\u00f3n <\/span><span class=\"_fadeIn_m1hgl_8\">proporciona <\/span><span class=\"_fadeIn_m1hgl_8\">para <\/span><span class=\"_fadeIn_m1hgl_8\">un <\/span><span class=\"_fadeIn_m1hgl_8\">s\u00f3lido <\/span><span class=\"_fadeIn_m1hgl_8\">Asiento <\/span><span class=\"_fadeIn_m1hgl_8\">y <\/span><span class=\"_fadeIn_m1hgl_8\">se adapta a <\/span><span class=\"_fadeIn_m1hgl_8\">s\u00ed mismo <\/span><span class=\"_fadeIn_m1hgl_8\">varios <\/span><span class=\"_fadeIn_m1hgl_8\">Tama\u00f1o de los contenedores <\/span><span class=\"_fadeIn_m1hgl_8\">sin problemas <\/span><span class=\"_fadeIn_m1hgl_8\">en - <\/span><span class=\"_fadeIn_m1hgl_8\">ideal <\/span><span class=\"_fadeIn_m1hgl_8\">para <\/span><span class=\"_fadeIn_m1hgl_8\">cambiando <\/span><span class=\"_fadeIn_m1hgl_8\">Tama\u00f1o de los contenedores <\/span><span class=\"_fadeIn_m1hgl_8\">y <\/span><span class=\"_fadeIn_m1hgl_8\">m\u00f3vil <\/span><span class=\"_fadeIn_m1hgl_8\">Aplicaciones.<\/span><\/p>\n<p data-start=\"989\" data-end=\"1020\"><span class=\"_fadeIn_m1hgl_8\">Ventajas <\/span><span class=\"_fadeIn_m1hgl_8\">en <\/span><span class=\"_fadeIn_m1hgl_8\">un <\/span><span class=\"_fadeIn_m1hgl_8\">Ver:<\/span><\/p>\n<ul>\n<li data-start=\"1023\" data-end=\"1062\"><span class=\"_fadeIn_m1hgl_8\">En <\/span><span class=\"_fadeIn_m1hgl_8\">alta calidad <\/span><span class=\"_fadeIn_m1hgl_8\">V4A <\/span><span class=\"_fadeIn_m1hgl_8\">Acero inoxidable <\/span><span class=\"_fadeIn_m1hgl_8\">1.4404F<\/span><\/li>\n<li data-start=\"1023\" data-end=\"1062\"><span class=\"_fadeIn_m1hgl_8\">m\u00e1s lexible <\/span><span class=\"_fadeIn_m1hgl_8\">Rango de sujeci\u00f3n: <\/span><span class=\"_fadeIn_m1hgl_8\">230-<\/span><span class=\"_fadeIn_m1hgl_8\">300 mm<\/span><\/li>\n<li data-start=\"1023\" data-end=\"1062\"><span class=\"_fadeIn_m1hgl_8\">Dos <\/span><span class=\"_fadeIn_m1hgl_8\">Dispositivos de sujeci\u00f3n <\/span><span class=\"_fadeIn_m1hgl_8\">para <\/span><span class=\"_fadeIn_m1hgl_8\">seguro <\/span><span class=\"_fadeIn_m1hgl_8\">Stop<\/span><\/li>\n<li data-start=\"1023\" data-end=\"1062\"><span class=\"_fadeIn_m1hgl_8\">Resistente a la corrosi\u00f3n <\/span><span class=\"_fadeIn_m1hgl_8\">y <\/span><span class=\"_fadeIn_m1hgl_8\">Higi\u00e9nico<\/span><\/li>\n<li data-start=\"1023\" data-end=\"1062\"><span class=\"_fadeIn_m1hgl_8\">Ideal <\/span><span class=\"_fadeIn_m1hgl_8\">para <\/span><span class=\"_fadeIn_m1hgl_8\">Industria, <\/span><span class=\"_fadeIn_m1hgl_8\">Laboratorio <\/span><span class=\"_fadeIn_m1hgl_8\">y <\/span><span class=\"_fadeIn_m1hgl_8\">Producci\u00f3n<\/span><\/li>\n<li data-start=\"1023\" data-end=\"1062\"><span class=\"_fadeIn_m1hgl_8\">Compatible <\/span><span class=\"_fadeIn_m1hgl_8\">con <\/span><span class=\"_fadeIn_m1hgl_8\">Agitadores <\/span><span class=\"_fadeIn_m1hgl_8\">y <\/span><span class=\"_fadeIn_m1hgl_8\">Conjuntos de tapa<\/span><\/li>\n<li data-start=\"1023\" data-end=\"1062\"><span class=\"_fadeIn_m1hgl_8\">Para <\/span><span class=\"_fadeIn_m1hgl_8\">cambiando <\/span><span class=\"_fadeIn_m1hgl_8\">Di\u00e1metro del ca\u00f1\u00f3n <\/span><span class=\"_fadeIn_m1hgl_8\">adecuado<\/span><\/li>\n<\/ul>","protected":false},"excerpt":{"rendered":"<p><span class=\"_fadeIn_m1hgl_8\">Tapa de acero inoxidable V4A <\/span><span class=\"_fadeIn_m1hgl_8\">con <\/span><span class=\"_fadeIn_m1hgl_8\">flexible <\/span><span class=\"_fadeIn_m1hgl_8\">Dispositivos de sujeci\u00f3n <\/span><span class=\"_fadeIn_m1hgl_8\">para <\/span><span class=\"_fadeIn_m1hgl_8\">Barriles <\/span><span class=\"_fadeIn_m1hgl_8\">con <\/span><span class=\"_fadeIn_m1hgl_8\">230-<\/span><span class=\"_fadeIn_m1hgl_8\">300 mm <\/span><span class=\"_fadeIn_m1hgl_8\">de di\u00e1metro (cubos de 10-20 litros o vagonetas de 25 kg).<\/span><\/p>","protected":false},"featured_media":15470,"comment_status":"open","ping_status":"closed","template":"","meta":{"_acf_changed":false},"product_brand":[],"product_cat":[594,595,612],"product_tag":[2927,2915,2919,2920,2921,2922,2923,2924,2925,2926],"class_list":{"0":"post-10450","1":"product","2":"type-product","3":"status-publish","4":"has-post-thumbnail","6":"product_cat-zubehoer","7":"product_cat-ruehrwerkstechnik","8":"product_cat-kleingebinderuehrwerke","9":"product_tag-industrie-edelstahldeckel","10":"product_tag-hygienischer-fassdeckel","11":"product_tag-edelstahldeckel-v4a","12":"product_tag-deckel-ruehrfass-edelstahl","13":"product_tag-spannvorrichtung-deckel","14":"product_tag-deckel-mit-variabler-spannweite","15":"product_tag-ruehrwerksdeckel-edelstahl","16":"product_tag-edelstahl-deckel-230-300-mm","17":"product_tag-deckel-fuer-mischbehaelter","18":"product_tag-deckel-mit-spannmechanismus","19":"product_shipping_class-karton-paketversand","20":"pa_behaeltervolumen-10-20-liter","21":"pa_mgl-fassdurchmesser-230-300mm","23":"first","24":"instock","25":"taxable","26":"shipping-taxable","27":"purchasable","28":"product-type-simple"},"bundled_by":[],"bundle_stock_status":"instock","bundle_stock_quantity":null,"bundle_virtual":false,"bundle_layout":"","bundle_add_to_cart_form_location":"","bundle_editable_in_cart":false,"bundle_sold_individually_context":"","bundle_item_grouping":"","bundle_min_size":"","bundle_max_size":"","bundle_price":[],"bundled_items":[],"bundle_sell_ids":[],"exclude_global_add_ons":[],"addons":[],"acf":[],"_links":{"self":[{"href":"https:\/\/ptm-mechatronics.com\/es\/wp-json\/wp\/v2\/product\/10450","targetHints":{"allow":["GET"]}}],"collection":[{"href":"https:\/\/ptm-mechatronics.com\/es\/wp-json\/wp\/v2\/product"}],"about":[{"href":"https:\/\/ptm-mechatronics.com\/es\/wp-json\/wp\/v2\/types\/product"}],"replies":[{"embeddable":true,"href":"https:\/\/ptm-mechatronics.com\/es\/wp-json\/wp\/v2\/comments?post=10450"}],"wp:featuredmedia":[{"embeddable":true,"href":"https:\/\/ptm-mechatronics.com\/es\/wp-json\/wp\/v2\/media\/15470"}],"wp:attachment":[{"href":"https:\/\/ptm-mechatronics.com\/es\/wp-json\/wp\/v2\/media?parent=10450"}],"wp:term":[{"taxonomy":"product_brand","embeddable":true,"href":"https:\/\/ptm-mechatronics.com\/es\/wp-json\/wp\/v2\/product_brand?post=10450"},{"taxonomy":"product_cat","embeddable":true,"href":"https:\/\/ptm-mechatronics.com\/es\/wp-json\/wp\/v2\/product_cat?post=10450"},{"taxonomy":"product_tag","embeddable":true,"href":"https:\/\/ptm-mechatronics.com\/es\/wp-json\/wp\/v2\/product_tag?post=10450"}],"curies":[{"name":"wp","href":"https:\/\/api.w.org\/{rel}","templated":true}]}}