{"id":10430,"date":"2024-07-03T11:06:05","date_gmt":"2024-07-03T09:06:05","guid":{"rendered":"https:\/\/ptm-mechatronics.com\/?post_type=product&#038;p=10430"},"modified":"2025-11-07T15:52:33","modified_gmt":"2025-11-07T14:52:33","slug":"absaugungen","status":"publish","type":"product","link":"https:\/\/ptm-mechatronics.com\/es\/product\/absaugungen\/","title":{"rendered":"Aspiradores"},"content":{"rendered":"<p>Durante la agitaci\u00f3n puede producirse contaminaci\u00f3n por polvo o gas en el aire ambiente (por ejemplo, al agitar polvos o a\u00f1adir polvos a la mezcla). Con un sistema de extracci\u00f3n, puede garantizar un proceso de agitaci\u00f3n sin polvo ni gases. Tambi\u00e9n podemos suministrarle unidades de extracci\u00f3n con certificaci\u00f3n ATEX para atm\u00f3sferas potencialmente explosivas.<\/p>\n<p>P\u00f3ngase directamente en contacto con nosotros para determinar el tama\u00f1o y la potencia. Nuestros expertos estar\u00e1n encantados de asesorarle.<\/p>\n<p>(Fotos del producto: Dise\u00f1o ejemplar)<\/p>","protected":false},"excerpt":{"rendered":"<p>Unidades de extracci\u00f3n de diferentes tama\u00f1os y capacidades, tambi\u00e9n con certificaci\u00f3n ATEX<\/p>","protected":false},"featured_media":15463,"comment_status":"open","ping_status":"closed","template":"","meta":{"_acf_changed":false},"product_brand":[],"product_cat":[595,603,612,614,1421],"product_tag":[],"class_list":{"0":"post-10430","1":"product","2":"type-product","3":"status-publish","4":"has-post-thumbnail","6":"product_cat-ruehrwerkstechnik","7":"product_cat-fassruehrwerke","8":"product_cat-kleingebinderuehrwerke","9":"product_cat-containerruehrwerke","10":"product_cat-zubehoer-ruehrwerkstechnik","11":"product_shipping_class-europalette-speditionsversand","13":"first","14":"outofstock","15":"taxable","16":"shipping-taxable","17":"product-type-simple"},"bundled_by":[],"bundle_stock_status":"outofstock","bundle_stock_quantity":null,"bundle_virtual":false,"bundle_layout":"","bundle_add_to_cart_form_location":"","bundle_editable_in_cart":false,"bundle_sold_individually_context":"","bundle_item_grouping":"","bundle_min_size":"","bundle_max_size":"","bundle_price":[],"bundled_items":[],"bundle_sell_ids":[],"exclude_global_add_ons":[],"addons":[],"acf":[],"_links":{"self":[{"href":"https:\/\/ptm-mechatronics.com\/es\/wp-json\/wp\/v2\/product\/10430","targetHints":{"allow":["GET"]}}],"collection":[{"href":"https:\/\/ptm-mechatronics.com\/es\/wp-json\/wp\/v2\/product"}],"about":[{"href":"https:\/\/ptm-mechatronics.com\/es\/wp-json\/wp\/v2\/types\/product"}],"replies":[{"embeddable":true,"href":"https:\/\/ptm-mechatronics.com\/es\/wp-json\/wp\/v2\/comments?post=10430"}],"wp:featuredmedia":[{"embeddable":true,"href":"https:\/\/ptm-mechatronics.com\/es\/wp-json\/wp\/v2\/media\/15463"}],"wp:attachment":[{"href":"https:\/\/ptm-mechatronics.com\/es\/wp-json\/wp\/v2\/media?parent=10430"}],"wp:term":[{"taxonomy":"product_brand","embeddable":true,"href":"https:\/\/ptm-mechatronics.com\/es\/wp-json\/wp\/v2\/product_brand?post=10430"},{"taxonomy":"product_cat","embeddable":true,"href":"https:\/\/ptm-mechatronics.com\/es\/wp-json\/wp\/v2\/product_cat?post=10430"},{"taxonomy":"product_tag","embeddable":true,"href":"https:\/\/ptm-mechatronics.com\/es\/wp-json\/wp\/v2\/product_tag?post=10430"}],"curies":[{"name":"wp","href":"https:\/\/api.w.org\/{rel}","templated":true}]}}