{"id":10428,"date":"2024-07-03T10:07:06","date_gmt":"2024-07-03T08:07:06","guid":{"rendered":"https:\/\/ptm-mechatronics.com\/?post_type=product&#038;p=10428"},"modified":"2025-11-07T15:52:33","modified_gmt":"2025-11-07T14:52:33","slug":"sauglanzen","status":"publish","type":"product","link":"https:\/\/ptm-mechatronics.com\/es\/product\/sauglanzen\/","title":{"rendered":"Lanzas de aspiraci\u00f3n"},"content":{"rendered":"<p>Lanzas de aspiraci\u00f3n para remover la mezcla de diferentes tama\u00f1os y materiales, con diversas conexiones y opciones de fijaci\u00f3n<\/p>\n<p>Estaremos encantados de asesorarle sobre la elecci\u00f3n correcta de la lanza de aspiraci\u00f3n. P\u00f3ngase directamente en contacto con nosotros.<\/p>","protected":false},"excerpt":{"rendered":"<p>Lanzas de aspiraci\u00f3n y conductos de retorno de distintos tama\u00f1os y materiales, con diferentes conexiones y opciones de fijaci\u00f3n<\/p>","protected":false},"featured_media":15462,"comment_status":"open","ping_status":"closed","template":"","meta":{"_acf_changed":false},"product_brand":[],"product_cat":[595,603,1421],"product_tag":[],"class_list":{"0":"post-10428","1":"product","2":"type-product","3":"status-publish","4":"has-post-thumbnail","6":"product_cat-ruehrwerkstechnik","7":"product_cat-fassruehrwerke","8":"product_cat-zubehoer-ruehrwerkstechnik","9":"product_shipping_class-karton-paketversand","11":"first","12":"outofstock","13":"taxable","14":"shipping-taxable","15":"product-type-simple"},"bundled_by":[],"bundle_stock_status":"outofstock","bundle_stock_quantity":null,"bundle_virtual":false,"bundle_layout":"","bundle_add_to_cart_form_location":"","bundle_editable_in_cart":false,"bundle_sold_individually_context":"","bundle_item_grouping":"","bundle_min_size":"","bundle_max_size":"","bundle_price":[],"bundled_items":[],"bundle_sell_ids":[],"exclude_global_add_ons":[],"addons":[],"acf":[],"_links":{"self":[{"href":"https:\/\/ptm-mechatronics.com\/es\/wp-json\/wp\/v2\/product\/10428","targetHints":{"allow":["GET"]}}],"collection":[{"href":"https:\/\/ptm-mechatronics.com\/es\/wp-json\/wp\/v2\/product"}],"about":[{"href":"https:\/\/ptm-mechatronics.com\/es\/wp-json\/wp\/v2\/types\/product"}],"replies":[{"embeddable":true,"href":"https:\/\/ptm-mechatronics.com\/es\/wp-json\/wp\/v2\/comments?post=10428"}],"wp:featuredmedia":[{"embeddable":true,"href":"https:\/\/ptm-mechatronics.com\/es\/wp-json\/wp\/v2\/media\/15462"}],"wp:attachment":[{"href":"https:\/\/ptm-mechatronics.com\/es\/wp-json\/wp\/v2\/media?parent=10428"}],"wp:term":[{"taxonomy":"product_brand","embeddable":true,"href":"https:\/\/ptm-mechatronics.com\/es\/wp-json\/wp\/v2\/product_brand?post=10428"},{"taxonomy":"product_cat","embeddable":true,"href":"https:\/\/ptm-mechatronics.com\/es\/wp-json\/wp\/v2\/product_cat?post=10428"},{"taxonomy":"product_tag","embeddable":true,"href":"https:\/\/ptm-mechatronics.com\/es\/wp-json\/wp\/v2\/product_tag?post=10428"}],"curies":[{"name":"wp","href":"https:\/\/api.w.org\/{rel}","templated":true}]}}