{"id":29,"date":"2022-11-10T16:18:31","date_gmt":"2022-11-10T15:18:31","guid":{"rendered":"http:\/\/wp14192964.server-he.de\/versandarten\/"},"modified":"2024-01-18T11:48:05","modified_gmt":"2024-01-18T10:48:05","slug":"versandarten","status":"publish","type":"page","link":"https:\/\/ptm-mechatronics.com\/es\/versandarten\/","title":{"rendered":"M\u00e9todos de env\u00edo"},"content":{"rendered":"<section class=\"section\" id=\"section_11007735\">\n\t\t<div class=\"section-bg fill\" >\n\t\t\t\t\t\t\t\t\t\n\t\t\t\n\n\t\t<\/div>\n\n\t\t\n\n\t\t<div class=\"section-content relative\">\n\t\t\t\n<div class=\"row\"  id=\"row-1371575638\">\n\n\t<div id=\"col-836056936\" class=\"col small-12 large-12\"  >\n\t\t\t\t<div class=\"col-inner\"  >\n\t\t\t\n\t\t\t\n<h1 class=\"nitro-offscreen\">M\u00e9todos de env\u00edo<\/h1>\n<p class=\"nitro-offscreen\">Ofrecemos las siguientes opciones de env\u00edo:<\/p>\n<p>UPS<\/p>\n<p>Env\u00edo con UPS dentro de Alemania por una tarifa plana de env\u00edo de<\/p>\n<p>15 euros para paquetes de hasta 30 kg<br \/>\n30 euros para paquetes de entre 30,1 y 60 kg<br \/>\n45 euros para paquetes de 60,1 y 90 kg.<\/p>\n<p>Env\u00edo con UPS dentro de la UE por una tarifa plana de env\u00edo de<\/p>\n<p>30 euros para paquetes de hasta 30 kg<br \/>\n60 euros para paquetes de entre 30,1 y 60 kg<br \/>\n90 euros para paquetes de 60,1 y 90 kg.<\/p>\n<p>Env\u00edo por transitario<\/p>\n<p>Env\u00edo de un europal\u00e9 dentro de Alemania: C\u00f3digo postal 0-5 300 euros C\u00f3digo postal 6-9 150 euros<br \/>\nEnv\u00edo de un pal\u00e9 especial dentro de Alemania: c\u00f3digo postal 0-5 600 euros c\u00f3digo postal 6-9 300 euros<\/p>\n<p>Env\u00edo de un europal\u00e9 dentro de la UE: previa solicitud<br \/>\nEnv\u00edo de un pal\u00e9 especial dentro de la UE: previa solicitud<\/p>\n<p>Recogida in situ<\/p>\n<p>Tambi\u00e9n puede recoger c\u00f3modamente su producto in situ.<\/p>\n\t\t<\/div>\n\t\t\t\t\t<\/div>\n\n\t\n<\/div>\n\t\t<\/div>\n\n\t\t\n<style>\n#section_11007735 {\n  padding-top: 30px;\n  padding-bottom: 30px;\n}\n<\/style>\n\t<\/section>","protected":false},"excerpt":{"rendered":"","protected":false},"author":51,"featured_media":0,"parent":0,"menu_order":0,"comment_status":"closed","ping_status":"closed","template":"page-blank.php","meta":{"_acf_changed":false,"footnotes":""},"class_list":["post-29","page","type-page","status-publish","hentry"],"acf":[],"_links":{"self":[{"href":"https:\/\/ptm-mechatronics.com\/es\/wp-json\/wp\/v2\/pages\/29","targetHints":{"allow":["GET"]}}],"collection":[{"href":"https:\/\/ptm-mechatronics.com\/es\/wp-json\/wp\/v2\/pages"}],"about":[{"href":"https:\/\/ptm-mechatronics.com\/es\/wp-json\/wp\/v2\/types\/page"}],"author":[{"embeddable":true,"href":"https:\/\/ptm-mechatronics.com\/es\/wp-json\/wp\/v2\/users\/51"}],"replies":[{"embeddable":true,"href":"https:\/\/ptm-mechatronics.com\/es\/wp-json\/wp\/v2\/comments?post=29"}],"version-history":[{"count":7,"href":"https:\/\/ptm-mechatronics.com\/es\/wp-json\/wp\/v2\/pages\/29\/revisions"}],"predecessor-version":[{"id":7585,"href":"https:\/\/ptm-mechatronics.com\/es\/wp-json\/wp\/v2\/pages\/29\/revisions\/7585"}],"wp:attachment":[{"href":"https:\/\/ptm-mechatronics.com\/es\/wp-json\/wp\/v2\/media?parent=29"}],"curies":[{"name":"wp","href":"https:\/\/api.w.org\/{rel}","templated":true}]}}