{"id":15788,"date":"2025-12-11T09:40:03","date_gmt":"2025-12-11T08:40:03","guid":{"rendered":"https:\/\/ptm-mechatronics.com\/?page_id=15788"},"modified":"2025-12-12T09:56:24","modified_gmt":"2025-12-12T08:56:24","slug":"wartung","status":"publish","type":"page","link":"https:\/\/ptm-mechatronics.com\/es\/wartung\/","title":{"rendered":"Mantenimiento"},"content":{"rendered":"<div class=\"banner has-hover\" id=\"banner-665310359\">\n          <div class=\"banner-inner fill\">\n        <div class=\"banner-bg fill\" >\n            <img loading=\"lazy\" decoding=\"async\" width=\"1484\" height=\"585\" src=\"https:\/\/ptm-mechatronics.com\/wp-content\/uploads\/2024\/10\/Kolben-und-Motor-Hintergrund.jpg\" class=\"bg attachment-original size-original\" alt=\"\" \/>                        <div class=\"overlay\"><\/div>            \n                    <\/div>\n\t\t\n        <div class=\"banner-layers container\">\n            <div class=\"fill banner-link\"><\/div>            \n   <div id=\"text-box-1309119771\" class=\"text-box banner-layer x5 md-x95 lg-x95 y50 md-y50 lg-y50 res-text\">\n                     <div data-animate=\"fadeInDown\">           <div class=\"text-box-content text dark\">\n              \n              <div class=\"text-inner text-center\">\n                  \n<h1 class=\"uppercase\"><span style=\"font-size: 75%;\">Mantenimiento<\/span><\/h1>\n<p>El mantenimiento peri\u00f3dico y las revisiones profesionales garantizan que sus accionamientos y agitadores PTM sigan rindiendo al m\u00e1ximo de su potencial. Nuestros t\u00e9cnicos de servicio garantizan unas condiciones de funcionamiento \u00f3ptimas mediante inspecciones espec\u00edficas, limpieza y sustituci\u00f3n de componentes clave, para lograr procesos eficientes, estables y fiables en su producci\u00f3n.<\/p>\n              <\/div>\n           <\/div>\n       <\/div>                     \n<style>\n#text-box-1309119771 {\n  width: 91%;\n}\n#text-box-1309119771 .text-box-content {\n  font-size: 100%;\n}\n@media (min-width:550px) {\n  #text-box-1309119771 {\n    width: 52%;\n  }\n}\n@media (min-width:850px) {\n  #text-box-1309119771 {\n    width: 41%;\n  }\n}\n<\/style>\n    <\/div>\n \n        <\/div>\n      <\/div>\n\n            \n<style>\n#banner-665310359 {\n  padding-top: 354px;\n}\n#banner-665310359 .overlay {\n  background-color: rgba(61, 70, 77, 0.767);\n}\n#banner-665310359 .banner-bg img {\n  object-position: 0% 78%;\n}\n@media (min-width:550px) {\n  #banner-665310359 {\n    padding-top: 321px;\n  }\n}\n@media (min-width:850px) {\n  #banner-665310359 {\n    padding-top: 417px;\n  }\n}\n<\/style>\n  <\/div>\n\n\n\n  <div class=\"banner has-hover hide-for-small\" id=\"banner-1339332149\">\n          <div class=\"banner-inner fill\">\n        <div class=\"banner-bg fill\" >\n                                                \n                    <\/div>\n\t\t\n        <div class=\"banner-layers container\">\n            <div class=\"fill banner-link\"><\/div>            \n   <div id=\"text-box-1775750339\" class=\"text-box banner-layer x50 md-x50 lg-x50 y10 md-y10 lg-y10 res-text\">\n                                <div class=\"text-box-content text dark\">\n              \n              <div class=\"text-inner text-center\">\n                  \n<h3 class=\"uppercase\"><span style=\"font-size: 75%;\">Nuestras recomendaciones para los intervalos de mantenimiento<\/span><\/h3>\n\t<div id=\"gap-842203136\" class=\"gap-element clearfix\" style=\"display:block; height:auto;\">\n\t\t\n<style>\n#gap-842203136 {\n  padding-top: 50px;\n}\n<\/style>\n\t<\/div>\n\t\n<div class=\"row\"  id=\"row-673163717\">\n\n\t<div id=\"col-1453282400\" class=\"col medium-4 small-12 large-4\"  >\n\t\t\t\t<div class=\"col-inner\"  >\n\t\t\t\n\t<div class=\"is-border\"\n\t\tstyle=\"border-width:1px 1px 1px 1px;\">\n\t<\/div>\n\t\t\t\n<p>Grupo de productos<\/p>\n\t\t<\/div>\n\t\t\t\t\t<\/div>\n\n\t\n\n\t<div id=\"col-1397715397\" class=\"col medium-4 small-12 large-4\"  >\n\t\t\t\t<div class=\"col-inner\"  >\n\t\t\t\n\t<div class=\"is-border\"\n\t\tstyle=\"border-width:1px 1px 1px 1px;\">\n\t<\/div>\n\t\t\t\n<p>Intervalo<\/p>\n\t\t<\/div>\n\t\t\t\t\t<\/div>\n\n\t\n\n\t<div id=\"col-725370754\" class=\"col medium-4 small-12 large-4\"  >\n\t\t\t\t<div class=\"col-inner\"  >\n\t\t\t\n\t<div class=\"is-border\"\n\t\tstyle=\"border-width:1px 1px 1px 1px;\">\n\t<\/div>\n\t\t\t\n<p>Utilice<\/p>\n\t\t<\/div>\n\t\t\t\t\t<\/div>\n\n\t\n<\/div>\n<div class=\"row row-collapse align-equal row-divided\"  id=\"row-287302960\">\n\n\t<div id=\"col-97385391\" class=\"col medium-4 small-12 large-4\"  >\n\t\t\t\t<div class=\"col-inner\"  >\n\t\t\t\n\t\t\t\n<p>Motores neum\u00e1ticos<br \/>\ny accionamientos de agitadores<\/p>\n\t\t<\/div>\n\t\t\t\t\t<\/div>\n\n\t\n\n\t<div id=\"col-987500831\" class=\"col medium-4 small-12 large-4\"  >\n\t\t\t\t<div class=\"col-inner\"  >\n\t\t\t\n\t\t\t\n<p>36 meses<\/p>\n<p>12 meses<\/p>\n\t\t<\/div>\n\t\t\t\t\t<\/div>\n\n\t\n\n\t<div id=\"col-790108179\" class=\"col medium-4 small-12 large-4\"  >\n\t\t\t\t<div class=\"col-inner\"  >\n\t\t\t\n\t\t\t\n<p>Para funcionamiento espor\u00e1dico<\/p>\n<p>Para un funcionamiento continuo<\/p>\n\t\t<\/div>\n\t\t\t\t\t<\/div>\n\n\t\n<\/div>\n<div class=\"row row-collapse align-equal row-divided\"  id=\"row-201715786\">\n\n\t<div id=\"col-147121227\" class=\"col medium-4 small-12 large-4\"  >\n\t\t\t\t<div class=\"col-inner\"  >\n\t\t\t\n\t\t\t\n<p>Sistemas de agitaci\u00f3n<br \/>\n<span style=\"font-size: 80%;\">(soportes, cubiertas, trusses)<\/span><\/p>\n\t\t<\/div>\n\t\t\t\t\t<\/div>\n\n\t\n\n\t<div id=\"col-1409498502\" class=\"col medium-4 small-12 large-4\"  >\n\t\t\t\t<div class=\"col-inner\"  >\n\t\t\t\n\t\t\t\n<p>12 meses<\/p>\n\t\t<\/div>\n\t\t\t\t\t<\/div>\n\n\t\n\n\t<div id=\"col-1900649945\" class=\"col medium-4 small-12 large-4\"  >\n\t\t\t\t<div class=\"col-inner\"  >\n\t\t\t\n\t\t\t\n<p>Independientemente de la aplicaci\u00f3n<\/p>\n\t\t<\/div>\n\t\t\t\t\t<\/div>\n\n\t\n<\/div>\n\t<div id=\"gap-1593230523\" class=\"gap-element clearfix\" style=\"display:block; height:auto;\">\n\t\t\n<style>\n#gap-1593230523 {\n  padding-top: 30px;\n}\n<\/style>\n\t<\/div>\n\t\n              <\/div>\n           <\/div>\n                            \n<style>\n#text-box-1775750339 {\n  width: 87%;\n}\n#text-box-1775750339 .text-box-content {\n  font-size: 100%;\n}\n@media (min-width:850px) {\n  #text-box-1775750339 {\n    width: 70%;\n  }\n}\n<\/style>\n    <\/div>\n \n        <\/div>\n      <\/div>\n\n            \n<style>\n#banner-1339332149 {\n  padding-top: 770px;\n}\n@media (min-width:550px) {\n  #banner-1339332149 {\n    padding-top: 450px;\n  }\n}\n<\/style>\n  <\/div>\n\n\n\n  <div class=\"banner has-hover show-for-small\" id=\"banner-522585488\">\n          <div class=\"banner-inner fill\">\n        <div class=\"banner-bg fill\" >\n                                                \n                    <\/div>\n\t\t\n        <div class=\"banner-layers container\">\n            <div class=\"fill banner-link\"><\/div>            \n   <div id=\"text-box-1825163684\" class=\"text-box banner-layer x50 md-x50 lg-x50 y10 md-y10 lg-y10 res-text\">\n                                <div class=\"text-box-content text dark\">\n              \n              <div class=\"text-inner text-center\">\n                  \n<h3 class=\"uppercase\"><span style=\"font-size: 75%;\">Nuestras recomendaciones para los intervalos de mantenimiento<\/span><\/h3>\n\t<div id=\"gap-192585062\" class=\"gap-element clearfix\" style=\"display:block; height:auto;\">\n\t\t\n<style>\n#gap-192585062 {\n  padding-top: 20px;\n}\n@media (min-width:550px) {\n  #gap-192585062 {\n    padding-top: 50px;\n  }\n}\n<\/style>\n\t<\/div>\n\t\n<div class=\"row row-collapse align-equal row-divided\"  id=\"row-395831771\">\n\n\t<div id=\"col-253257527\" class=\"col medium-4 small-12 large-4\"  >\n\t\t\t\t<div class=\"col-inner\"  >\n\t\t\t\n\t<div class=\"is-border\"\n\t\tstyle=\"border-width:1px 1px 1px 1px;\">\n\t<\/div>\n\t\t\t\n<p>Motores neum\u00e1ticos<br \/>\ny accionamientos de agitadores<\/p>\n\t\t<\/div>\n\t\t\t\t\t<\/div>\n\n\t\n\n\t<div id=\"col-1019853649\" class=\"col medium-4 small-12 large-4\"  >\n\t\t\t\t<div class=\"col-inner\"  >\n\t\t\t\n\t\t\t\n<p>Para funcionamiento espor\u00e1dico:<br \/>\n36 meses<\/p>\n\t\t<\/div>\n\t\t\t\t\t<\/div>\n\n\t\n\n\t<div id=\"col-203308752\" class=\"col medium-4 small-12 large-4\"  >\n\t\t\t\t<div class=\"col-inner\"  >\n\t\t\t\n\t\t\t\n<p>Para funcionamiento continuo:<br \/>\n12 meses<\/p>\n\t\t<\/div>\n\t\t\t\t\t<\/div>\n\n\t\n<\/div>\n<div class=\"row row-collapse align-equal row-divided\"  id=\"row-212991731\">\n\n\t<div id=\"col-123945591\" class=\"col medium-4 small-12 large-4\"  >\n\t\t\t\t<div class=\"col-inner\"  >\n\t\t\t\n\t<div class=\"is-border\"\n\t\tstyle=\"border-width:1px 1px 1px 1px;\">\n\t<\/div>\n\t\t\t\n<p>Sistemas de agitaci\u00f3n<br \/>\n<span style=\"font-size: 80%;\">(soportes, cubiertas, trusses)<\/span><\/p>\n\t\t<\/div>\n\t\t\t\t\t<\/div>\n\n\t\n\n\t<div id=\"col-1182438893\" class=\"col medium-4 small-12 large-4\"  >\n\t\t\t\t<div class=\"col-inner\"  >\n\t\t\t\n\t\t\t\n<p>Independientemente de la aplicaci\u00f3n:<br \/>\n12 meses<\/p>\n\t\t<\/div>\n\t\t\t\t\t<\/div>\n\n\t\n<\/div>\n              <\/div>\n           <\/div>\n                            \n<style>\n#text-box-1825163684 {\n  width: 87%;\n}\n#text-box-1825163684 .text-box-content {\n  font-size: 100%;\n}\n@media (min-width:850px) {\n  #text-box-1825163684 {\n    width: 70%;\n  }\n}\n<\/style>\n    <\/div>\n \n        <\/div>\n      <\/div>\n\n            \n<style>\n#banner-522585488 {\n  padding-top: 522px;\n}\n@media (min-width:550px) {\n  #banner-522585488 {\n    padding-top: 450px;\n  }\n}\n<\/style>\n  <\/div>\n\n\n\n\t<section class=\"section\" id=\"section_2130708599\">\n\t\t<div class=\"section-bg fill\" >\n\t\t\t\t\t\t\t\t\t\n\t\t\t\n\n\t\t<\/div>\n\n\t\t\n\n\t\t<div class=\"section-content relative\">\n\t\t\t\n<div class=\"row row-collapse align-middle align-center\"  id=\"row-2132625834\">\n\n\t<div id=\"col-484961107\" class=\"col medium-2 small-12 large-2\"  >\n\t\t\t\t<div class=\"col-inner text-center\"  >\n\t\t\t\n\t\t\t\n\t<div class=\"img has-hover x md-x lg-x y md-y lg-y\" id=\"image_349390623\">\n\t\t\t\t\t\t\t\t<div class=\"img-inner dark\" >\n\t\t\t<img loading=\"lazy\" decoding=\"async\" width=\"300\" height=\"263\" src=\"https:\/\/ptm-mechatronics.com\/wp-content\/uploads\/2024\/09\/atex-300x263-1-1.png\" class=\"attachment-large size-large\" alt=\"\" srcset=\"https:\/\/ptm-mechatronics.com\/wp-content\/uploads\/2024\/09\/atex-300x263-1-1.png 300w, https:\/\/ptm-mechatronics.com\/wp-content\/uploads\/2024\/09\/atex-300x263-1-1-100x88.png 100w\" sizes=\"auto, (max-width: 300px) 100vw, 300px\" \/>\t\t\t\t\t\t\n\t\t\t\t\t<\/div>\n\t\t\t\t\t\t\t\t\n<style>\n#image_349390623 {\n  width: 52%;\n}\n@media (min-width:550px) {\n  #image_349390623 {\n    width: 76%;\n  }\n}\n<\/style>\n\t<\/div>\n\t\n\t\t<\/div>\n\t\t\t\t\t<\/div>\n\n\t\n\n\t<div id=\"col-1827702043\" class=\"col medium-10 small-12 large-10\"  >\n\t\t\t\t<div class=\"col-inner\"  >\n\t\t\t\n\t<div class=\"is-border\"\n\t\tstyle=\"border-width:2px 2px 2px 2px;\">\n\t<\/div>\n\t\t\t\n\t<div id=\"text-2549668248\" class=\"text\">\n\t\t\n<h3 style=\"text-align: center;\"><span style=\"font-size: 100%;\">Seguridad ATEX sin estr\u00e9s<\/span><\/h3>\n<p>Las inspecciones peri\u00f3dicas son obligatorias por ley en la zona ATEX. Parece mucho trabajo, pero no tiene por qu\u00e9 serlo para usted. Nosotros nos encargamos de todas las pruebas obligatorias por usted: no solo de nuestro dispositivo, sino tambi\u00e9n de todos los componentes conectados, las piezas de conexi\u00f3n y las interacciones relevantes de su sistema.<\/p>\n<p>Esto significa que tiene menos trabajo, ninguna incertidumbre y la certeza de que todo se hace seg\u00fan lo previsto. <a href=\"https:\/\/eur-lex.europa.eu\/legal-content\/DE\/ALL\/?uri=celex:32014L0034\" target=\"_blank\" rel=\"noopener\"><span style=\"color: #c6c6c6;\">Directiva 2014\/34\/UE<\/span><\/a>, <a href=\"https:\/\/www.gesetze-im-internet.de\/betrsichv_2015\/\" target=\"_blank\" rel=\"noopener\"><span style=\"color: #c6c6c6;\">BetrSichV<\/span><\/a> y <span style=\"color: #c6c6c6;\"><a style=\"color: #c6c6c6;\" href=\"https:\/\/www.baua.de\/DE\/Angebote\/Regelwerk\/TRBS\/TRBS-1201\" target=\"_blank\" rel=\"noopener\">TRBS 1201<\/a><\/span> se comprueba de forma fiable.<\/p>\n<p>En resumen: usted se concentra en su proceso, nosotros nos ocupamos de su seguridad contra explosiones.<\/p>\n\t\t\n<style>\n#text-2549668248 {\n  text-align: left;\n  color: rgb(255, 255, 255);\n}\n#text-2549668248 > * {\n  color: rgb(255, 255, 255);\n}\n<\/style>\n\t<\/div>\n\t\n\t\t<\/div>\n\t\t\t\t\n<style>\n#col-1827702043 > .col-inner {\n  padding: 10px 10px 10px 20px;\n}\n<\/style>\n\t<\/div>\n\n\t\n<\/div>\n\t\t<\/div>\n\n\t\t\n<style>\n#section_2130708599 {\n  padding-top: 20px;\n  padding-bottom: 20px;\n  background-color: rgb(61, 70, 77);\n}\n@media (min-width:550px) {\n  #section_2130708599 {\n    padding-top: 30px;\n    padding-bottom: 30px;\n  }\n}\n<\/style>\n\t<\/section>\n\t\n\n  <div class=\"banner has-hover\" id=\"banner-926781045\">\n          <div class=\"banner-inner fill\">\n        <div class=\"banner-bg fill\" >\n            <img loading=\"lazy\" decoding=\"async\" width=\"2264\" height=\"1259\" src=\"https:\/\/ptm-mechatronics.com\/wp-content\/uploads\/2025\/12\/Freundlicher-Mann-im-Business-Outfit-2-3.jpg\" class=\"bg attachment-original size-original\" alt=\"\" \/>                                    \n                    <\/div>\n\t\t\n        <div class=\"banner-layers container\">\n            <div class=\"fill banner-link\"><\/div>            \n   <div id=\"text-box-1797048975\" class=\"text-box banner-layer x5 md-x5 lg-x15 y50 md-y50 lg-y30 res-text\">\n                     <div data-animate=\"fadeInDown\">           <div class=\"text-box-content text dark\">\n              \n              <div class=\"text-inner text-center\">\n                  \n<h3 class=\"uppercase\">Concierte una cita<\/h3>\n<p>Concierte una cita de mantenimiento con uno de nuestros t\u00e9cnicos de servicio.<\/p>\n<a href=\"https:\/\/calendly.com\/ptmca\/30min\" target=\"_blank\" class=\"button primary\" rel=\"noopener\" style=\"border-radius:10px;\">\n\t\t<span>Concierte una cita<\/span>\n\t<\/a>\n\n              <\/div>\n           <\/div>\n       <\/div>                     \n<style>\n#text-box-1797048975 {\n  width: 62%;\n}\n#text-box-1797048975 .text-box-content {\n  font-size: 100%;\n}\n@media (min-width:550px) {\n  #text-box-1797048975 {\n    width: 56%;\n  }\n}\n@media (min-width:850px) {\n  #text-box-1797048975 {\n    width: 43%;\n  }\n}\n<\/style>\n    <\/div>\n \n        <\/div>\n      <\/div>\n\n            \n<style>\n#banner-926781045 {\n  padding-top: 307px;\n}\n@media (min-width:550px) {\n  #banner-926781045 {\n    padding-top: 368px;\n  }\n}\n@media (min-width:850px) {\n  #banner-926781045 {\n    padding-top: 516px;\n  }\n}\n<\/style>\n  <\/div>","protected":false},"excerpt":{"rendered":"","protected":false},"author":5,"featured_media":13684,"parent":0,"menu_order":0,"comment_status":"closed","ping_status":"closed","template":"","meta":{"_acf_changed":false,"footnotes":""},"class_list":["post-15788","page","type-page","status-publish","has-post-thumbnail","hentry"],"acf":[],"_links":{"self":[{"href":"https:\/\/ptm-mechatronics.com\/es\/wp-json\/wp\/v2\/pages\/15788","targetHints":{"allow":["GET"]}}],"collection":[{"href":"https:\/\/ptm-mechatronics.com\/es\/wp-json\/wp\/v2\/pages"}],"about":[{"href":"https:\/\/ptm-mechatronics.com\/es\/wp-json\/wp\/v2\/types\/page"}],"author":[{"embeddable":true,"href":"https:\/\/ptm-mechatronics.com\/es\/wp-json\/wp\/v2\/users\/5"}],"replies":[{"embeddable":true,"href":"https:\/\/ptm-mechatronics.com\/es\/wp-json\/wp\/v2\/comments?post=15788"}],"version-history":[{"count":7,"href":"https:\/\/ptm-mechatronics.com\/es\/wp-json\/wp\/v2\/pages\/15788\/revisions"}],"predecessor-version":[{"id":15865,"href":"https:\/\/ptm-mechatronics.com\/es\/wp-json\/wp\/v2\/pages\/15788\/revisions\/15865"}],"wp:featuredmedia":[{"embeddable":true,"href":"https:\/\/ptm-mechatronics.com\/es\/wp-json\/wp\/v2\/media\/13684"}],"wp:attachment":[{"href":"https:\/\/ptm-mechatronics.com\/es\/wp-json\/wp\/v2\/media?parent=15788"}],"curies":[{"name":"wp","href":"https:\/\/api.w.org\/{rel}","templated":true}]}}