{"id":11638,"date":"2024-10-07T03:25:25","date_gmt":"2024-10-07T01:25:25","guid":{"rendered":"https:\/\/ptm-mechatronics.com\/?page_id=11638"},"modified":"2024-10-07T03:25:25","modified_gmt":"2024-10-07T01:25:25","slug":"wiki","status":"publish","type":"page","link":"https:\/\/ptm-mechatronics.com\/es\/wiki\/","title":{"rendered":"Wiki"},"content":{"rendered":"<section class=\"section new-section\" id=\"section_616536523\">\n\t\t<div class=\"section-bg fill\" >\n\t\t\t\t\t\t\t\t\t\n\t\t\t\n\n\t\t<\/div>\n\n\t\t\n\n\t\t<div class=\"section-content relative\">\n\t\t\t\n<div class=\"row\"  id=\"row-1888747796\">\n\n\t<div id=\"col-1034236056\" class=\"col small-12 large-12\"  >\n\t\t\t\t<div class=\"col-inner\"  >\n\t\t\t\n\t\t\t\n\t<div id=\"text-1821311009\" class=\"text mw-800\">\n\t\t\n<h2 class=\"ptm-heading\">Wiki<\/h2>\n\t\t\n<style>\n#text-1821311009 {\n  text-align: center;\n}\n<\/style>\n\t<\/div>\n\t\n\t<div id=\"gap-1550747929\" class=\"gap-element clearfix\" style=\"display:block; height:auto;\">\n\t\t\n<style>\n#gap-1550747929 {\n  padding-top: 2rem;\n}\n<\/style>\n\t<\/div>\n\t\n\t<div id=\"text-4057520748\" class=\"text mw-800\">\n\t\t\n<p>\u00bfQu\u00e9 es una sala blanca? \u00bfCu\u00e1ntos litros caben en un hobbock? \u00bfD\u00f3nde se utilizan los motores sin ferrita? \u00bfY la seguridad en el trabajo? Los productos mecatr\u00f3nicos de PTM son demandados en numerosos sectores en los que satisfacen una amplia gama de requisitos y retos. Hemos creado una Wiki PTM para que ninguna pregunta quede sin respuesta al visitar nuestro sitio web. Contiene los t\u00e9rminos m\u00e1s importantes del cosmos de la mecatr\u00f3nica PTM y pretende servir como obra de consulta. Porque no hace falta saberlo todo: basta con saber d\u00f3nde encontrarlo.<\/p>\n\t\t\n<style>\n#text-4057520748 {\n  text-align: center;\n}\n<\/style>\n\t<\/div>\n\t\n\n    <input type=\"hidden\" value=\"https:\/\/ptm-mechatronics.com\/wp-admin\/admin-ajax.php\" name=\"ajax_url\">\n    <div class=\"wrap-blog\">                <div class=\"item dark\">\n        <div class=\"item-inner\">\n            <div class=\"img-p\">\n                <a href=\"https:\/\/ptm-mechatronics.com\/es\/grundlagen-guide\/dguv\/\">\n                    <img loading=\"lazy\" decoding=\"async\" width=\"2560\" height=\"1815\" src=\"https:\/\/ptm-mechatronics.com\/wp-content\/uploads\/2025\/06\/Arbeitssicherheit-scaled.jpg\" class=\"attachment-post-thumbnail size-post-thumbnail wp-post-image\" alt=\"\" srcset=\"https:\/\/ptm-mechatronics.com\/wp-content\/uploads\/2025\/06\/Arbeitssicherheit-scaled.jpg 2560w, https:\/\/ptm-mechatronics.com\/wp-content\/uploads\/2025\/06\/Arbeitssicherheit-300x213.jpg 300w, https:\/\/ptm-mechatronics.com\/wp-content\/uploads\/2025\/06\/Arbeitssicherheit-1024x726.jpg 1024w, https:\/\/ptm-mechatronics.com\/wp-content\/uploads\/2025\/06\/Arbeitssicherheit-768x544.jpg 768w, https:\/\/ptm-mechatronics.com\/wp-content\/uploads\/2025\/06\/Arbeitssicherheit-1536x1089.jpg 1536w, https:\/\/ptm-mechatronics.com\/wp-content\/uploads\/2025\/06\/Arbeitssicherheit-2048x1452.jpg 2048w, https:\/\/ptm-mechatronics.com\/wp-content\/uploads\/2025\/06\/Arbeitssicherheit-100x71.jpg 100w, https:\/\/ptm-mechatronics.com\/wp-content\/uploads\/2025\/06\/Arbeitssicherheit-447x317.jpg 447w, https:\/\/ptm-mechatronics.com\/wp-content\/uploads\/2025\/06\/Arbeitssicherheit-810x574.jpg 810w\" sizes=\"auto, (max-width: 2560px) 100vw, 2560px\" \/>                <\/a>\n            <\/div>\n            <div class=\"box\">\n                <h4 class=\"category-list-box\">\n                                    <\/h4>\n                <h3><a href=\"https:\/\/ptm-mechatronics.com\/es\/grundlagen-guide\/dguv\/\">DGUV<\/a><\/h3>\n                <p class='short-desc'>\u00bfQu\u00e9 hace la DGUV? \u00bfC\u00f3mo est\u00e1 organizada?<\/p>\n                <a href=\"https:\/\/ptm-mechatronics.com\/es\/grundlagen-guide\/dguv\/\" class=\"button white expand\">\n                    <span>M\u00e1s informaci\u00f3n<\/span>\n                <\/a>\n            <\/div>\n        <\/div>\n        \n    <\/div>\n                        <div class=\"item dark\">\n        <div class=\"item-inner\">\n            <div class=\"img-p\">\n                <a href=\"https:\/\/ptm-mechatronics.com\/es\/grundlagen-guide\/not-aus\/\">\n                    <img loading=\"lazy\" decoding=\"async\" width=\"1496\" height=\"1154\" src=\"https:\/\/ptm-mechatronics.com\/wp-content\/uploads\/files\/Not-Aus.jpg\" class=\"attachment-post-thumbnail size-post-thumbnail wp-post-image\" alt=\"Not-Aus\" srcset=\"https:\/\/ptm-mechatronics.com\/wp-content\/uploads\/files\/Not-Aus.jpg 1496w, https:\/\/ptm-mechatronics.com\/wp-content\/uploads\/files\/Not-Aus-300x231.jpg 300w, https:\/\/ptm-mechatronics.com\/wp-content\/uploads\/files\/Not-Aus-768x592.jpg 768w, https:\/\/ptm-mechatronics.com\/wp-content\/uploads\/files\/Not-Aus-1024x790.jpg 1024w, https:\/\/ptm-mechatronics.com\/wp-content\/uploads\/files\/Not-Aus-100x77.jpg 100w, https:\/\/ptm-mechatronics.com\/wp-content\/uploads\/files\/Not-Aus-447x345.jpg 447w, https:\/\/ptm-mechatronics.com\/wp-content\/uploads\/files\/Not-Aus-810x625.jpg 810w, https:\/\/ptm-mechatronics.com\/wp-content\/uploads\/files\/Not-Aus-117x90.jpg 117w\" sizes=\"auto, (max-width: 1496px) 100vw, 1496px\" \/>                <\/a>\n            <\/div>\n            <div class=\"box\">\n                <h4 class=\"category-list-box\">\n                                    <\/h4>\n                <h3><a href=\"https:\/\/ptm-mechatronics.com\/es\/grundlagen-guide\/not-aus\/\">Parada de emergencia<\/a><\/h3>\n                <p class='short-desc'>Una parada de emergencia fiable es esencial, especialmente para agitadores con accionamientos potentes y recipientes de mezcla de acceso libre. No se trata s\u00f3lo de... <\/p>\n                <a href=\"https:\/\/ptm-mechatronics.com\/es\/grundlagen-guide\/not-aus\/\" class=\"button white expand\">\n                    <span>M\u00e1s informaci\u00f3n<\/span>\n                <\/a>\n            <\/div>\n        <\/div>\n        \n    <\/div>\n                        <div class=\"item dark\">\n        <div class=\"item-inner\">\n            <div class=\"img-p\">\n                <a href=\"https:\/\/ptm-mechatronics.com\/es\/grundlagen-guide\/wiederanlaufschutz\/\">\n                    <img loading=\"lazy\" decoding=\"async\" width=\"785\" height=\"585\" src=\"https:\/\/ptm-mechatronics.com\/wp-content\/uploads\/2024\/10\/Wiederanlaufschutz.jpg\" class=\"attachment-post-thumbnail size-post-thumbnail wp-post-image\" alt=\"\" srcset=\"https:\/\/ptm-mechatronics.com\/wp-content\/uploads\/2024\/10\/Wiederanlaufschutz.jpg 785w, https:\/\/ptm-mechatronics.com\/wp-content\/uploads\/2024\/10\/Wiederanlaufschutz-300x224.jpg 300w, https:\/\/ptm-mechatronics.com\/wp-content\/uploads\/2024\/10\/Wiederanlaufschutz-768x572.jpg 768w, https:\/\/ptm-mechatronics.com\/wp-content\/uploads\/2024\/10\/Wiederanlaufschutz-100x75.jpg 100w, https:\/\/ptm-mechatronics.com\/wp-content\/uploads\/2024\/10\/Wiederanlaufschutz-447x333.jpg 447w\" sizes=\"auto, (max-width: 785px) 100vw, 785px\" \/>                <\/a>\n            <\/div>\n            <div class=\"box\">\n                <h4 class=\"category-list-box\">\n                                    <\/h4>\n                <h3><a href=\"https:\/\/ptm-mechatronics.com\/es\/grundlagen-guide\/wiederanlaufschutz\/\">Protecci\u00f3n contra el reinicio<\/a><\/h3>\n                <p class='short-desc'>En los procesos industriales en los que se utilizan m\u00e1quinas con componentes mec\u00e1nicos en movimiento, como los agitadores, la seguridad es una de las principales prioridades. <\/p>\n                <a href=\"https:\/\/ptm-mechatronics.com\/es\/grundlagen-guide\/wiederanlaufschutz\/\" class=\"button white expand\">\n                    <span>M\u00e1s informaci\u00f3n<\/span>\n                <\/a>\n            <\/div>\n        <\/div>\n        \n    <\/div>\n                        <div class=\"item dark\">\n        <div class=\"item-inner\">\n            <div class=\"img-p\">\n                <a href=\"https:\/\/ptm-mechatronics.com\/es\/grundlagen-guide\/zweihandbedienung\/\">\n                    <img loading=\"lazy\" decoding=\"async\" width=\"785\" height=\"585\" src=\"https:\/\/ptm-mechatronics.com\/wp-content\/uploads\/2024\/10\/DGUV-Schalttafel-mit-Zwei-Hand-Bedingung.jpg\" class=\"attachment-post-thumbnail size-post-thumbnail wp-post-image\" alt=\"\" srcset=\"https:\/\/ptm-mechatronics.com\/wp-content\/uploads\/2024\/10\/DGUV-Schalttafel-mit-Zwei-Hand-Bedingung.jpg 785w, https:\/\/ptm-mechatronics.com\/wp-content\/uploads\/2024\/10\/DGUV-Schalttafel-mit-Zwei-Hand-Bedingung-300x224.jpg 300w, https:\/\/ptm-mechatronics.com\/wp-content\/uploads\/2024\/10\/DGUV-Schalttafel-mit-Zwei-Hand-Bedingung-768x572.jpg 768w, https:\/\/ptm-mechatronics.com\/wp-content\/uploads\/2024\/10\/DGUV-Schalttafel-mit-Zwei-Hand-Bedingung-100x75.jpg 100w, https:\/\/ptm-mechatronics.com\/wp-content\/uploads\/2024\/10\/DGUV-Schalttafel-mit-Zwei-Hand-Bedingung-447x333.jpg 447w\" sizes=\"auto, (max-width: 785px) 100vw, 785px\" \/>                <\/a>\n            <\/div>\n            <div class=\"box\">\n                <h4 class=\"category-list-box\">\n                                    <\/h4>\n                <h3><a href=\"https:\/\/ptm-mechatronics.com\/es\/grundlagen-guide\/zweihandbedienung\/\">Manejo con dos manos<\/a><\/h3>\n                <p class='short-desc'>El mando bimanual es una unidad de control relevante para la seguridad que garantiza que una m\u00e1quina o instalaci\u00f3n s\u00f3lo pueda ponerse en funcionamiento cuando... <\/p>\n                <a href=\"https:\/\/ptm-mechatronics.com\/es\/grundlagen-guide\/zweihandbedienung\/\" class=\"button white expand\">\n                    <span>M\u00e1s informaci\u00f3n<\/span>\n                <\/a>\n            <\/div>\n        <\/div>\n        \n    <\/div>\n                        <div class=\"item dark\">\n        <div class=\"item-inner\">\n            <div class=\"img-p\">\n                <a href=\"https:\/\/ptm-mechatronics.com\/es\/grundlagen-guide\/arbeitsplatzgrenzwert\/\">\n                    <img loading=\"lazy\" decoding=\"async\" width=\"799\" height=\"800\" src=\"https:\/\/ptm-mechatronics.com\/wp-content\/uploads\/2024\/09\/Bunte-Farben-in-Wasser-4-gedreht-1-e1530693022936-1.jpg\" class=\"attachment-post-thumbnail size-post-thumbnail wp-post-image\" alt=\"\" srcset=\"https:\/\/ptm-mechatronics.com\/wp-content\/uploads\/2024\/09\/Bunte-Farben-in-Wasser-4-gedreht-1-e1530693022936-1.jpg 799w, https:\/\/ptm-mechatronics.com\/wp-content\/uploads\/2024\/09\/Bunte-Farben-in-Wasser-4-gedreht-1-e1530693022936-1-300x300.jpg 300w, https:\/\/ptm-mechatronics.com\/wp-content\/uploads\/2024\/09\/Bunte-Farben-in-Wasser-4-gedreht-1-e1530693022936-1-150x150.jpg 150w, https:\/\/ptm-mechatronics.com\/wp-content\/uploads\/2024\/09\/Bunte-Farben-in-Wasser-4-gedreht-1-e1530693022936-1-768x769.jpg 768w, https:\/\/ptm-mechatronics.com\/wp-content\/uploads\/2024\/09\/Bunte-Farben-in-Wasser-4-gedreht-1-e1530693022936-1-100x100.jpg 100w, https:\/\/ptm-mechatronics.com\/wp-content\/uploads\/2024\/09\/Bunte-Farben-in-Wasser-4-gedreht-1-e1530693022936-1-447x448.jpg 447w\" sizes=\"auto, (max-width: 799px) 100vw, 799px\" \/>                <\/a>\n            <\/div>\n            <div class=\"box\">\n                <h4 class=\"category-list-box\">\n                                    <\/h4>\n                <h3><a href=\"https:\/\/ptm-mechatronics.com\/es\/grundlagen-guide\/arbeitsplatzgrenzwert\/\">L\u00edmite de exposici\u00f3n profesional<\/a><\/h3>\n                <p class='short-desc'>Definici\u00f3n El valor l\u00edmite de exposici\u00f3n profesional especifica \u201ela concentraci\u00f3n de una sustancia hasta la cual los efectos nocivos agudos o cr\u00f3nicos sobre la salud generalmente... <\/p>\n                <a href=\"https:\/\/ptm-mechatronics.com\/es\/grundlagen-guide\/arbeitsplatzgrenzwert\/\" class=\"button white expand\">\n                    <span>M\u00e1s informaci\u00f3n<\/span>\n                <\/a>\n            <\/div>\n        <\/div>\n        \n    <\/div>\n                        <div class=\"item dark\">\n        <div class=\"item-inner\">\n            <div class=\"img-p\">\n                <a href=\"https:\/\/ptm-mechatronics.com\/es\/grundlagen-guide\/atex\/\">\n                    <img loading=\"lazy\" decoding=\"async\" width=\"800\" height=\"800\" src=\"https:\/\/ptm-mechatronics.com\/wp-content\/uploads\/2024\/09\/ATEX-Logo-1.jpg\" class=\"attachment-post-thumbnail size-post-thumbnail wp-post-image\" alt=\"\" srcset=\"https:\/\/ptm-mechatronics.com\/wp-content\/uploads\/2024\/09\/ATEX-Logo-1.jpg 800w, https:\/\/ptm-mechatronics.com\/wp-content\/uploads\/2024\/09\/ATEX-Logo-1-300x300.jpg 300w, https:\/\/ptm-mechatronics.com\/wp-content\/uploads\/2024\/09\/ATEX-Logo-1-150x150.jpg 150w, https:\/\/ptm-mechatronics.com\/wp-content\/uploads\/2024\/09\/ATEX-Logo-1-768x768.jpg 768w, https:\/\/ptm-mechatronics.com\/wp-content\/uploads\/2024\/09\/ATEX-Logo-1-100x100.jpg 100w, https:\/\/ptm-mechatronics.com\/wp-content\/uploads\/2024\/09\/ATEX-Logo-1-447x447.jpg 447w\" sizes=\"auto, (max-width: 800px) 100vw, 800px\" \/>                <\/a>\n            <\/div>\n            <div class=\"box\">\n                <h4 class=\"category-list-box\">\n                                    <\/h4>\n                <h3><a href=\"https:\/\/ptm-mechatronics.com\/es\/grundlagen-guide\/atex\/\">ATEX<\/a><\/h3>\n                <p class='short-desc'>ATEX es un certificado para aparatos y m\u00e1quinas que autoriza su uso en un entorno potencialmente explosivo. La abreviatura ATEX... <\/p>\n                <a href=\"https:\/\/ptm-mechatronics.com\/es\/grundlagen-guide\/atex\/\" class=\"button white expand\">\n                    <span>M\u00e1s informaci\u00f3n<\/span>\n                <\/a>\n            <\/div>\n        <\/div>\n        \n    <\/div>\n                        <div class=\"item dark\">\n        <div class=\"item-inner\">\n            <div class=\"img-p\">\n                <a href=\"https:\/\/ptm-mechatronics.com\/es\/grundlagen-guide\/atex-zonen\/\">\n                    <img loading=\"lazy\" decoding=\"async\" width=\"1635\" height=\"1219\" src=\"https:\/\/ptm-mechatronics.com\/wp-content\/uploads\/2024\/09\/Graph-ATEX-zones-tripod-agitator-1.jpg\" class=\"attachment-post-thumbnail size-post-thumbnail wp-post-image\" alt=\"\" srcset=\"https:\/\/ptm-mechatronics.com\/wp-content\/uploads\/2024\/09\/Graph-ATEX-zones-tripod-agitator-1.jpg 1635w, https:\/\/ptm-mechatronics.com\/wp-content\/uploads\/2024\/09\/Graph-ATEX-zones-tripod-agitator-1-300x224.jpg 300w, https:\/\/ptm-mechatronics.com\/wp-content\/uploads\/2024\/09\/Graph-ATEX-zones-tripod-agitator-1-1024x763.jpg 1024w, https:\/\/ptm-mechatronics.com\/wp-content\/uploads\/2024\/09\/Graph-ATEX-zones-tripod-agitator-1-768x573.jpg 768w, https:\/\/ptm-mechatronics.com\/wp-content\/uploads\/2024\/09\/Graph-ATEX-zones-tripod-agitator-1-1536x1145.jpg 1536w, https:\/\/ptm-mechatronics.com\/wp-content\/uploads\/2024\/09\/Graph-ATEX-zones-tripod-agitator-1-100x75.jpg 100w, https:\/\/ptm-mechatronics.com\/wp-content\/uploads\/2024\/09\/Graph-ATEX-zones-tripod-agitator-1-447x333.jpg 447w, https:\/\/ptm-mechatronics.com\/wp-content\/uploads\/2024\/09\/Graph-ATEX-zones-tripod-agitator-1-810x604.jpg 810w\" sizes=\"auto, (max-width: 1635px) 100vw, 1635px\" \/>                <\/a>\n            <\/div>\n            <div class=\"box\">\n                <h4 class=\"category-list-box\">\n                                    <\/h4>\n                <h3><a href=\"https:\/\/ptm-mechatronics.com\/es\/grundlagen-guide\/atex-zonen\/\">Zonas ATEX<\/a><\/h3>\n                <p class='short-desc'>ATEX es un certificado para aparatos y m\u00e1quinas que autoriza su uso en un entorno potencialmente explosivo. Un entorno potencialmente explosivo es un... <\/p>\n                <a href=\"https:\/\/ptm-mechatronics.com\/es\/grundlagen-guide\/atex-zonen\/\" class=\"button white expand\">\n                    <span>M\u00e1s informaci\u00f3n<\/span>\n                <\/a>\n            <\/div>\n        <\/div>\n        \n    <\/div>\n                        <div class=\"item dark\">\n        <div class=\"item-inner\">\n            <div class=\"img-p\">\n                <a href=\"https:\/\/ptm-mechatronics.com\/es\/grundlagen-guide\/dichtung\/\">\n                    <img loading=\"lazy\" decoding=\"async\" width=\"1200\" height=\"450\" src=\"https:\/\/ptm-mechatronics.com\/wp-content\/uploads\/2024\/09\/Dichtungen-1.jpg\" class=\"attachment-post-thumbnail size-post-thumbnail wp-post-image\" alt=\"\" srcset=\"https:\/\/ptm-mechatronics.com\/wp-content\/uploads\/2024\/09\/Dichtungen-1.jpg 1200w, https:\/\/ptm-mechatronics.com\/wp-content\/uploads\/2024\/09\/Dichtungen-1-300x113.jpg 300w, https:\/\/ptm-mechatronics.com\/wp-content\/uploads\/2024\/09\/Dichtungen-1-1024x384.jpg 1024w, https:\/\/ptm-mechatronics.com\/wp-content\/uploads\/2024\/09\/Dichtungen-1-768x288.jpg 768w, https:\/\/ptm-mechatronics.com\/wp-content\/uploads\/2024\/09\/Dichtungen-1-100x38.jpg 100w, https:\/\/ptm-mechatronics.com\/wp-content\/uploads\/2024\/09\/Dichtungen-1-447x168.jpg 447w, https:\/\/ptm-mechatronics.com\/wp-content\/uploads\/2024\/09\/Dichtungen-1-810x304.jpg 810w\" sizes=\"auto, (max-width: 1200px) 100vw, 1200px\" \/>                <\/a>\n            <\/div>\n            <div class=\"box\">\n                <h4 class=\"category-list-box\">\n                                    <\/h4>\n                <h3><a href=\"https:\/\/ptm-mechatronics.com\/es\/grundlagen-guide\/dichtung\/\">Junta<\/a><\/h3>\n                <p class='short-desc'>Juntas Las juntas son componentes fundamentales de diversas aplicaciones t\u00e9cnicas. Protegen elementos o transiciones entre componentes de la entrada de sustancias indeseables.... <\/p>\n                <a href=\"https:\/\/ptm-mechatronics.com\/es\/grundlagen-guide\/dichtung\/\" class=\"button white expand\">\n                    <span>M\u00e1s informaci\u00f3n<\/span>\n                <\/a>\n            <\/div>\n        <\/div>\n        \n    <\/div>\n                        <div class=\"item dark\">\n        <div class=\"item-inner\">\n            <div class=\"img-p\">\n                <a href=\"https:\/\/ptm-mechatronics.com\/es\/grundlagen-guide\/dispergieren-gas-fluessig\/\">\n                    <img loading=\"lazy\" decoding=\"async\" width=\"545\" height=\"394\" src=\"https:\/\/ptm-mechatronics.com\/wp-content\/uploads\/2024\/09\/Begasen-Schaubild-2-1.png\" class=\"attachment-post-thumbnail size-post-thumbnail wp-post-image\" alt=\"\" srcset=\"https:\/\/ptm-mechatronics.com\/wp-content\/uploads\/2024\/09\/Begasen-Schaubild-2-1.png 545w, https:\/\/ptm-mechatronics.com\/wp-content\/uploads\/2024\/09\/Begasen-Schaubild-2-1-300x217.png 300w, https:\/\/ptm-mechatronics.com\/wp-content\/uploads\/2024\/09\/Begasen-Schaubild-2-1-100x72.png 100w, https:\/\/ptm-mechatronics.com\/wp-content\/uploads\/2024\/09\/Begasen-Schaubild-2-1-447x323.png 447w\" sizes=\"auto, (max-width: 545px) 100vw, 545px\" \/>                <\/a>\n            <\/div>\n            <div class=\"box\">\n                <h4 class=\"category-list-box\">\n                                    <\/h4>\n                <h3><a href=\"https:\/\/ptm-mechatronics.com\/es\/grundlagen-guide\/dispergieren-gas-fluessig\/\">Dispersi\u00f3n gas-l\u00edquido<\/a><\/h3>\n                <p class='short-desc'>Las dispersiones gas-l\u00edquido son mezclas finas de sustancias gaseosas y l\u00edquidas. El objetivo es producir la mayor superficie posible de intercambio de sustancias...<\/p>\n                <a href=\"https:\/\/ptm-mechatronics.com\/es\/grundlagen-guide\/dispergieren-gas-fluessig\/\" class=\"button white expand\">\n                    <span>M\u00e1s informaci\u00f3n<\/span>\n                <\/a>\n            <\/div>\n        <\/div>\n        \n    <\/div>\n                        <div class=\"item dark\">\n        <div class=\"item-inner\">\n            <div class=\"img-p\">\n                <a href=\"https:\/\/ptm-mechatronics.com\/es\/grundlagen-guide\/dispergieren-fluessig-fluessig\/\">\n                    <img loading=\"lazy\" decoding=\"async\" width=\"785\" height=\"559\" src=\"https:\/\/ptm-mechatronics.com\/wp-content\/uploads\/2024\/09\/Farbe-blau-1-1.png\" class=\"attachment-post-thumbnail size-post-thumbnail wp-post-image\" alt=\"\" srcset=\"https:\/\/ptm-mechatronics.com\/wp-content\/uploads\/2024\/09\/Farbe-blau-1-1.png 785w, https:\/\/ptm-mechatronics.com\/wp-content\/uploads\/2024\/09\/Farbe-blau-1-1-300x214.png 300w, https:\/\/ptm-mechatronics.com\/wp-content\/uploads\/2024\/09\/Farbe-blau-1-1-768x547.png 768w, https:\/\/ptm-mechatronics.com\/wp-content\/uploads\/2024\/09\/Farbe-blau-1-1-100x71.png 100w, https:\/\/ptm-mechatronics.com\/wp-content\/uploads\/2024\/09\/Farbe-blau-1-1-447x318.png 447w\" sizes=\"auto, (max-width: 785px) 100vw, 785px\" \/>                <\/a>\n            <\/div>\n            <div class=\"box\">\n                <h4 class=\"category-list-box\">\n                                    <\/h4>\n                <h3><a href=\"https:\/\/ptm-mechatronics.com\/es\/grundlagen-guide\/dispergieren-fluessig-fluessig\/\">Dispersi\u00f3n l\u00edquido-l\u00edquido<\/a><\/h3>\n                <p class='short-desc'>Las dispersiones l\u00edquido-l\u00edquido son mezclas de al menos dos sustancias normalmente inmiscibles. La emulsi\u00f3n aceite-agua es un ejemplo bien conocido de la pr\u00e1ctica...<\/p>\n                <a href=\"https:\/\/ptm-mechatronics.com\/es\/grundlagen-guide\/dispergieren-fluessig-fluessig\/\" class=\"button white expand\">\n                    <span>M\u00e1s informaci\u00f3n<\/span>\n                <\/a>\n            <\/div>\n        <\/div>\n        \n    <\/div>\n                        <div class=\"item dark\">\n        <div class=\"item-inner\">\n            <div class=\"img-p\">\n                <a href=\"https:\/\/ptm-mechatronics.com\/es\/grundlagen-guide\/drehrichtung\/\">\n                    <img loading=\"lazy\" decoding=\"async\" width=\"785\" height=\"585\" src=\"https:\/\/ptm-mechatronics.com\/wp-content\/uploads\/2024\/09\/Energieeffizienter-Druckluftmotor-Basic-1-1-1.jpg\" class=\"attachment-post-thumbnail size-post-thumbnail wp-post-image\" alt=\"\" srcset=\"https:\/\/ptm-mechatronics.com\/wp-content\/uploads\/2024\/09\/Energieeffizienter-Druckluftmotor-Basic-1-1-1.jpg 785w, https:\/\/ptm-mechatronics.com\/wp-content\/uploads\/2024\/09\/Energieeffizienter-Druckluftmotor-Basic-1-1-1-300x224.jpg 300w, https:\/\/ptm-mechatronics.com\/wp-content\/uploads\/2024\/09\/Energieeffizienter-Druckluftmotor-Basic-1-1-1-768x572.jpg 768w, https:\/\/ptm-mechatronics.com\/wp-content\/uploads\/2024\/09\/Energieeffizienter-Druckluftmotor-Basic-1-1-1-100x75.jpg 100w, https:\/\/ptm-mechatronics.com\/wp-content\/uploads\/2024\/09\/Energieeffizienter-Druckluftmotor-Basic-1-1-1-447x333.jpg 447w\" sizes=\"auto, (max-width: 785px) 100vw, 785px\" \/>                <\/a>\n            <\/div>\n            <div class=\"box\">\n                <h4 class=\"category-list-box\">\n                                    <\/h4>\n                <h3><a href=\"https:\/\/ptm-mechatronics.com\/es\/grundlagen-guide\/drehrichtung\/\">Sentido de giro<\/a><\/h3>\n                <p class='short-desc'>Dado que la definici\u00f3n del sentido de giro de un motor como izquierda o derecha depende del lado desde el que se mire el motor, la... <\/p>\n                <a href=\"https:\/\/ptm-mechatronics.com\/es\/grundlagen-guide\/drehrichtung\/\" class=\"button white expand\">\n                    <span>M\u00e1s informaci\u00f3n<\/span>\n                <\/a>\n            <\/div>\n        <\/div>\n        \n    <\/div>\n                        <div class=\"item dark\">\n        <div class=\"item-inner\">\n            <div class=\"img-p\">\n                <a href=\"https:\/\/ptm-mechatronics.com\/es\/grundlagen-guide\/pharma-und-lebensmittelkonformitaet-2\/\">\n                    <img loading=\"lazy\" decoding=\"async\" width=\"785\" height=\"559\" src=\"https:\/\/ptm-mechatronics.com\/wp-content\/uploads\/2024\/09\/Farbe-blau-1-1.png\" class=\"attachment-post-thumbnail size-post-thumbnail wp-post-image\" alt=\"\" srcset=\"https:\/\/ptm-mechatronics.com\/wp-content\/uploads\/2024\/09\/Farbe-blau-1-1.png 785w, https:\/\/ptm-mechatronics.com\/wp-content\/uploads\/2024\/09\/Farbe-blau-1-1-300x214.png 300w, https:\/\/ptm-mechatronics.com\/wp-content\/uploads\/2024\/09\/Farbe-blau-1-1-768x547.png 768w, https:\/\/ptm-mechatronics.com\/wp-content\/uploads\/2024\/09\/Farbe-blau-1-1-100x71.png 100w, https:\/\/ptm-mechatronics.com\/wp-content\/uploads\/2024\/09\/Farbe-blau-1-1-447x318.png 447w\" sizes=\"auto, (max-width: 785px) 100vw, 785px\" \/>                <\/a>\n            <\/div>\n            <div class=\"box\">\n                <h4 class=\"category-list-box\">\n                                    <\/h4>\n                <h3><a href=\"https:\/\/ptm-mechatronics.com\/es\/grundlagen-guide\/pharma-und-lebensmittelkonformitaet-2\/\">Emulsionar<\/a><\/h3>\n                <p class='short-desc'>La emulsificaci\u00f3n es una subcategor\u00eda de la dispersi\u00f3n l\u00edquido-l\u00edquido. Se mezclan al menos dos sustancias que normalmente no son solubles entre s\u00ed. Las dispersiones estables a largo plazo... <\/p>\n                <a href=\"https:\/\/ptm-mechatronics.com\/es\/grundlagen-guide\/pharma-und-lebensmittelkonformitaet-2\/\" class=\"button white expand\">\n                    <span>M\u00e1s informaci\u00f3n<\/span>\n                <\/a>\n            <\/div>\n        <\/div>\n        \n    <\/div>\n                        <\/div><p id=\"loading_loadmore\"><img decoding=\"async\" src=\"https:\/\/ptm-mechatronics.com\/wp-admin\/images\/loading.gif\" alt=\"Loading\"\/><\/p>\n                <input type=\"hidden\" name=\"page_number\" id=\"page_number\" value=\"1\"\/>\n                <div class=\"loadmore-wiki loadmore-blog text-center\"><a href=\"#\" class=\"button primary\" target=\"_self\"><span>Mehr anzeigen<\/span><\/a><\/div>            <\/div>\n\n\t\t<\/div>\n\t\t\t\t\n<style>\n#col-1034236056 > .col-inner {\n  padding: 30px 0px 30px 0px;\n}\n@media (min-width:850px) {\n  #col-1034236056 > .col-inner {\n    padding: 50px 0px 30px 0px;\n  }\n}\n<\/style>\n\t<\/div>\n\n\t\n<\/div>\n\t\t<\/div>\n\n\t\t\n<style>\n#section_616536523 {\n  padding-top: 30px;\n  padding-bottom: 30px;\n  background-color: rgb(239, 239, 239);\n}\n<\/style>\n\t<\/section>","protected":false},"excerpt":{"rendered":"","protected":false},"author":51,"featured_media":0,"parent":0,"menu_order":0,"comment_status":"closed","ping_status":"closed","template":"page-blank.php","meta":{"_acf_changed":false,"footnotes":""},"class_list":["post-11638","page","type-page","status-publish","hentry"],"acf":[],"_links":{"self":[{"href":"https:\/\/ptm-mechatronics.com\/es\/wp-json\/wp\/v2\/pages\/11638","targetHints":{"allow":["GET"]}}],"collection":[{"href":"https:\/\/ptm-mechatronics.com\/es\/wp-json\/wp\/v2\/pages"}],"about":[{"href":"https:\/\/ptm-mechatronics.com\/es\/wp-json\/wp\/v2\/types\/page"}],"author":[{"embeddable":true,"href":"https:\/\/ptm-mechatronics.com\/es\/wp-json\/wp\/v2\/users\/51"}],"replies":[{"embeddable":true,"href":"https:\/\/ptm-mechatronics.com\/es\/wp-json\/wp\/v2\/comments?post=11638"}],"version-history":[{"count":1,"href":"https:\/\/ptm-mechatronics.com\/es\/wp-json\/wp\/v2\/pages\/11638\/revisions"}],"predecessor-version":[{"id":11639,"href":"https:\/\/ptm-mechatronics.com\/es\/wp-json\/wp\/v2\/pages\/11638\/revisions\/11639"}],"wp:attachment":[{"href":"https:\/\/ptm-mechatronics.com\/es\/wp-json\/wp\/v2\/media?parent=11638"}],"curies":[{"name":"wp","href":"https:\/\/api.w.org\/{rel}","templated":true}]}}