{"id":8051,"date":"2024-05-03T09:28:40","date_gmt":"2024-05-03T07:28:40","guid":{"rendered":"https:\/\/ptm-mechatronics.com\/?post_type=product&#038;p=8051"},"modified":"2025-11-07T15:52:28","modified_gmt":"2025-11-07T14:52:28","slug":"dguv-schalttafel-fuer-traversen","status":"publish","type":"product","link":"https:\/\/ptm-mechatronics.com\/cs\/product\/dguv-schalttafel-fuer-traversen\/","title":{"rendered":"Ovl\u00e1dac\u00ed panel DGUV pro traverzy"},"content":{"rendered":"<p>Mo\u017enost pojezdu, nouzov\u00e9 zastaven\u00ed s \u0159\u00edzen\u00fdm op\u011btovn\u00fdm spu\u0161t\u011bn\u00edm; dvojit\u00fd dotaz na z\u00e1sobn\u00edk, p\u0159ehledn\u00e9 a bezpe\u010dn\u00e9 uspo\u0159\u00e1d\u00e1n\u00ed ovl\u00e1dac\u00edch prvk\u016f, bezpe\u010dn\u00e9 pou\u017e\u00edv\u00e1n\u00ed v souladu s p\u0159edpisy pro prevenci \u00faraz\u016f.<\/p>","protected":false},"excerpt":{"rendered":"<p>Mo\u017enost pojezdu, nouzov\u00e9 zastaven\u00ed s \u0159\u00edzen\u00fdm op\u011btovn\u00fdm spu\u0161t\u011bn\u00edm; dvojit\u00fd dotaz na z\u00e1sobn\u00edk, p\u0159ehledn\u00e9 a bezpe\u010dn\u00e9 uspo\u0159\u00e1d\u00e1n\u00ed ovl\u00e1dac\u00edch prvk\u016f, bezpe\u010dn\u00e9 pou\u017e\u00edv\u00e1n\u00ed v souladu s p\u0159edpisy pro prevenci \u00faraz\u016f.<\/p>","protected":false},"featured_media":15453,"comment_status":"open","ping_status":"closed","template":"","meta":{"_acf_changed":false},"product_brand":[],"product_cat":[1421,595,614],"product_tag":[],"class_list":{"0":"post-8051","1":"product","2":"type-product","3":"status-publish","4":"has-post-thumbnail","6":"product_cat-zubehoer-ruehrwerkstechnik","7":"product_cat-ruehrwerkstechnik","8":"product_cat-containerruehrwerke","9":"product_shipping_class-karton-paketversand","11":"first","12":"instock","13":"taxable","14":"shipping-taxable","15":"purchasable","16":"product-type-simple"},"bundled_by":[],"bundle_stock_status":"instock","bundle_stock_quantity":null,"bundle_virtual":false,"bundle_layout":"","bundle_add_to_cart_form_location":"","bundle_editable_in_cart":false,"bundle_sold_individually_context":"","bundle_item_grouping":"","bundle_min_size":"","bundle_max_size":"","bundle_price":[],"bundled_items":[],"bundle_sell_ids":[],"exclude_global_add_ons":[],"addons":[],"acf":[],"_links":{"self":[{"href":"https:\/\/ptm-mechatronics.com\/cs\/wp-json\/wp\/v2\/product\/8051","targetHints":{"allow":["GET"]}}],"collection":[{"href":"https:\/\/ptm-mechatronics.com\/cs\/wp-json\/wp\/v2\/product"}],"about":[{"href":"https:\/\/ptm-mechatronics.com\/cs\/wp-json\/wp\/v2\/types\/product"}],"replies":[{"embeddable":true,"href":"https:\/\/ptm-mechatronics.com\/cs\/wp-json\/wp\/v2\/comments?post=8051"}],"wp:featuredmedia":[{"embeddable":true,"href":"https:\/\/ptm-mechatronics.com\/cs\/wp-json\/wp\/v2\/media\/15453"}],"wp:attachment":[{"href":"https:\/\/ptm-mechatronics.com\/cs\/wp-json\/wp\/v2\/media?parent=8051"}],"wp:term":[{"taxonomy":"product_brand","embeddable":true,"href":"https:\/\/ptm-mechatronics.com\/cs\/wp-json\/wp\/v2\/product_brand?post=8051"},{"taxonomy":"product_cat","embeddable":true,"href":"https:\/\/ptm-mechatronics.com\/cs\/wp-json\/wp\/v2\/product_cat?post=8051"},{"taxonomy":"product_tag","embeddable":true,"href":"https:\/\/ptm-mechatronics.com\/cs\/wp-json\/wp\/v2\/product_tag?post=8051"}],"curies":[{"name":"wp","href":"https:\/\/api.w.org\/{rel}","templated":true}]}}