{"id":7830,"date":"2024-02-07T17:44:52","date_gmt":"2024-02-07T17:44:52","guid":{"rendered":""},"modified":"2025-11-07T15:54:51","modified_gmt":"2025-11-07T14:54:51","slug":"abluftfilter-paket-lebensmittelkonform","status":"publish","type":"product","link":"https:\/\/ptm-mechatronics.com\/cs\/product\/abluftfilter-paket-lebensmittelkonform\/","title":{"rendered":"Bal\u00ed\u010dek filtr\u016f v\u00fdfukov\u00e9ho vzduchu pro pohony PTM vyhovuj\u00edc\u00ed potravin\u00e1\u0159sk\u00fdm p\u0159edpis\u016fm"},"content":{"rendered":"<h2 data-start=\"203\" data-end=\"287\"><span style=\"font-size: 75%;\">Bal\u00ed\u010dek filtr\u016f ods\u00e1van\u00e9ho vzduchu pro pohony stla\u010den\u00e9ho vzduchu PTM - tich\u00fd, bezpe\u010dn\u00fd, bezpe\u010dn\u00fd pro potraviny<\/span><\/h2>\n<p data-start=\"289\" data-end=\"646\">Bal\u00ed\u010dek filtr\u016f v\u00fdfukov\u00e9ho vzduchu pro pohony stla\u010den\u00e9ho vzduchu PTM zaji\u0161\u0165uje \u00fa\u010dinn\u00e9 sn\u00ed\u017een\u00ed hluku a bezpe\u010dn\u00e9 vypou\u0161t\u011bn\u00ed v\u00fdfukov\u00e9ho vzduchu. Integrovan\u00fd tlumi\u010d spolehliv\u011b sni\u017euje provozn\u00ed hluk na pouh\u00fdch 50 dB(A) - ide\u00e1ln\u00ed pro v\u00fdrobn\u00ed prost\u0159ed\u00ed citliv\u00e1 na hluk, jako jsou laborato\u0159e, \u010dist\u00e9 prostory nebo otev\u0159en\u00e9 v\u00fdrobn\u00ed prostory.<\/p>\n<p data-start=\"648\" data-end=\"880\">Syst\u00e9m z\u00e1rove\u0148 zaji\u0161\u0165uje c\u00edlen\u00e9 a \u0159\u00edzen\u00e9 ods\u00e1v\u00e1n\u00ed odpadn\u00edho vzduchu a chr\u00e1n\u00ed tak obsluhu i sousedn\u00ed procesy p\u0159ed ru\u0161iv\u00fdmi turbulencemi vzduchu, vlhkost\u00ed nebo rizikem kontaminace.<\/p>\n<p data-start=\"882\" data-end=\"1209\">Speci\u00e1ln\u00ed v\u00fdhoda: Sada hadic vyhovuj\u00edc\u00ed p\u0159edpis\u016fm FDA znamen\u00e1, \u017ee cel\u00fd bal\u00ed\u010dek filtr\u016f ods\u00e1van\u00e9ho vzduchu je vhodn\u00fd i pro pou\u017eit\u00ed v potravin\u00e1\u0159sk\u00e9m pr\u016fmyslu. Pou\u017eit\u00e9 komponenty spl\u0148uj\u00ed po\u017eadavky na hygienicky citliv\u00e9 aplikace a umo\u017e\u0148uj\u00ed bezpe\u010dn\u00fd provoz v potravin\u00e1\u0159sk\u00fdch a farmaceutick\u00fdch oblastech.<\/p>","protected":false},"excerpt":{"rendered":"<p>Bal\u00ed\u010dek filtr\u016f odpadn\u00edho vzduchu pro pohony stla\u010den\u00e9ho vzduchu PTM vyhovuj\u00edc\u00ed potravin\u00e1\u0159sk\u00fdm p\u0159edpis\u016fm sni\u017euje hlu\u010dnost na 50 dB(A) a odv\u00e1d\u00ed odpadn\u00ed vzduch bezpe\u010dn\u011b a hygienicky - ide\u00e1ln\u00ed pro citliv\u00e9 pr\u016fmyslov\u00e9 prost\u0159ed\u00ed.<\/p>","protected":false},"featured_media":15452,"comment_status":"open","ping_status":"closed","template":"","meta":{"_acf_changed":false},"product_brand":[],"product_cat":[595,1421],"product_tag":[3035,3040,3041,3042,3043,3044,3045,3030,3046,3031,3032,3034],"class_list":{"0":"post-7830","1":"product","2":"type-product","3":"status-publish","4":"has-post-thumbnail","6":"product_cat-ruehrwerkstechnik","7":"product_cat-zubehoer-ruehrwerkstechnik","8":"product_tag-druckluftfilter-50-db","9":"product_tag-fda-konformes-filterpaket","10":"product_tag-lebensmittelkonformer-schalldaempfer","11":"product_tag-filtermodul-ptm-motor","12":"product_tag-hygienischer-luftfilter","13":"product_tag-druckluftmotor-zubehoer","14":"product_tag-atex-schalldaempfer","15":"product_tag-abluftfilter-druckluftmotor","16":"product_tag-drucklufttechnik-lebensmittelindustrie","17":"product_tag-schalldaempfer-ptm","18":"product_tag-abluftfuehrung-druckluftantrieb","19":"product_tag-geraeuschreduzierung-druckluft","20":"product_shipping_class-karton-paketversand","21":"pa_schlauchlaenge-50mm","23":"first","24":"instock","25":"taxable","26":"shipping-taxable","27":"purchasable","28":"product-type-variable"},"bundled_by":[],"bundle_stock_status":"instock","bundle_stock_quantity":null,"bundle_virtual":false,"bundle_layout":"","bundle_add_to_cart_form_location":"","bundle_editable_in_cart":false,"bundle_sold_individually_context":"","bundle_item_grouping":"","bundle_min_size":"","bundle_max_size":"","bundle_price":[],"bundled_items":[],"bundle_sell_ids":[],"exclude_global_add_ons":[],"addons":[],"acf":[],"_links":{"self":[{"href":"https:\/\/ptm-mechatronics.com\/cs\/wp-json\/wp\/v2\/product\/7830","targetHints":{"allow":["GET"]}}],"collection":[{"href":"https:\/\/ptm-mechatronics.com\/cs\/wp-json\/wp\/v2\/product"}],"about":[{"href":"https:\/\/ptm-mechatronics.com\/cs\/wp-json\/wp\/v2\/types\/product"}],"replies":[{"embeddable":true,"href":"https:\/\/ptm-mechatronics.com\/cs\/wp-json\/wp\/v2\/comments?post=7830"}],"wp:featuredmedia":[{"embeddable":true,"href":"https:\/\/ptm-mechatronics.com\/cs\/wp-json\/wp\/v2\/media\/15452"}],"wp:attachment":[{"href":"https:\/\/ptm-mechatronics.com\/cs\/wp-json\/wp\/v2\/media?parent=7830"}],"wp:term":[{"taxonomy":"product_brand","embeddable":true,"href":"https:\/\/ptm-mechatronics.com\/cs\/wp-json\/wp\/v2\/product_brand?post=7830"},{"taxonomy":"product_cat","embeddable":true,"href":"https:\/\/ptm-mechatronics.com\/cs\/wp-json\/wp\/v2\/product_cat?post=7830"},{"taxonomy":"product_tag","embeddable":true,"href":"https:\/\/ptm-mechatronics.com\/cs\/wp-json\/wp\/v2\/product_tag?post=7830"}],"curies":[{"name":"wp","href":"https:\/\/api.w.org\/{rel}","templated":true}]}}