{"id":7778,"date":"2024-02-07T17:44:54","date_gmt":"2024-02-07T17:44:54","guid":{"rendered":""},"modified":"2025-11-07T15:52:23","modified_gmt":"2025-11-07T14:52:23","slug":"dguv-schalttafel","status":"publish","type":"product","link":"https:\/\/ptm-mechatronics.com\/cs\/product\/dguv-schalttafel\/","title":{"rendered":"Ovl\u00e1dac\u00ed panel DGUV"},"content":{"rendered":"<p>P\u0159\u00edplatek za standardn\u00ed ovl\u00e1dac\u00ed panel; Kryt z nerezov\u00e9 oceli V2A 1.4301; Bezpe\u010dn\u00e9 obouru\u010dn\u00ed ovl\u00e1d\u00e1n\u00ed podle normy EN574 IIIA; Nouzov\u00e9 zastaven\u00ed s \u0159\u00edzen\u00fdm op\u011btovn\u00fdm spu\u0161t\u011bn\u00edm; P\u0159ehledn\u00e9 a bezpe\u010dn\u00e9 uspo\u0159\u00e1d\u00e1n\u00ed ovl\u00e1dac\u00edch prvk\u016f; Bezpe\u010dn\u00e9 pou\u017eit\u00ed v souladu s p\u0159edpisy pro prevenci \u00faraz\u016f.<\/p>","protected":false},"excerpt":{"rendered":"<p>P\u0159\u00edplatek za standardn\u00ed ovl\u00e1dac\u00ed panel; Kryt z nerezov\u00e9 oceli V2A 1.4301; Bezpe\u010dn\u00e9 obouru\u010dn\u00ed ovl\u00e1d\u00e1n\u00ed podle normy EN574 IIIA; Nouzov\u00e9 zastaven\u00ed s \u0159\u00edzen\u00fdm op\u011btovn\u00fdm spu\u0161t\u011bn\u00edm; P\u0159ehledn\u00e9 a bezpe\u010dn\u00e9 uspo\u0159\u00e1d\u00e1n\u00ed ovl\u00e1dac\u00edch prvk\u016f; Bezpe\u010dn\u00e9 pou\u017eit\u00ed v souladu s p\u0159edpisy pro prevenci \u00faraz\u016f.<\/p>","protected":false},"featured_media":15451,"comment_status":"open","ping_status":"closed","template":"","meta":{"_acf_changed":false},"product_brand":[],"product_cat":[595,1421],"product_tag":[],"class_list":{"0":"post-7778","1":"product","2":"type-product","3":"status-publish","4":"has-post-thumbnail","6":"product_cat-ruehrwerkstechnik","7":"product_cat-zubehoer-ruehrwerkstechnik","8":"product_shipping_class-karton-paketversand","10":"first","11":"instock","12":"taxable","13":"shipping-taxable","14":"purchasable","15":"product-type-simple"},"bundled_by":[],"bundle_stock_status":"instock","bundle_stock_quantity":null,"bundle_virtual":false,"bundle_layout":"","bundle_add_to_cart_form_location":"","bundle_editable_in_cart":false,"bundle_sold_individually_context":"","bundle_item_grouping":"","bundle_min_size":"","bundle_max_size":"","bundle_price":[],"bundled_items":[],"bundle_sell_ids":[],"exclude_global_add_ons":[],"addons":[],"acf":[],"_links":{"self":[{"href":"https:\/\/ptm-mechatronics.com\/cs\/wp-json\/wp\/v2\/product\/7778","targetHints":{"allow":["GET"]}}],"collection":[{"href":"https:\/\/ptm-mechatronics.com\/cs\/wp-json\/wp\/v2\/product"}],"about":[{"href":"https:\/\/ptm-mechatronics.com\/cs\/wp-json\/wp\/v2\/types\/product"}],"replies":[{"embeddable":true,"href":"https:\/\/ptm-mechatronics.com\/cs\/wp-json\/wp\/v2\/comments?post=7778"}],"wp:featuredmedia":[{"embeddable":true,"href":"https:\/\/ptm-mechatronics.com\/cs\/wp-json\/wp\/v2\/media\/15451"}],"wp:attachment":[{"href":"https:\/\/ptm-mechatronics.com\/cs\/wp-json\/wp\/v2\/media?parent=7778"}],"wp:term":[{"taxonomy":"product_brand","embeddable":true,"href":"https:\/\/ptm-mechatronics.com\/cs\/wp-json\/wp\/v2\/product_brand?post=7778"},{"taxonomy":"product_cat","embeddable":true,"href":"https:\/\/ptm-mechatronics.com\/cs\/wp-json\/wp\/v2\/product_cat?post=7778"},{"taxonomy":"product_tag","embeddable":true,"href":"https:\/\/ptm-mechatronics.com\/cs\/wp-json\/wp\/v2\/product_tag?post=7778"}],"curies":[{"name":"wp","href":"https:\/\/api.w.org\/{rel}","templated":true}]}}