{"id":7666,"date":"2024-02-07T17:44:21","date_gmt":"2024-02-07T17:44:21","guid":{"rendered":"https:\/\/ptm-mechatronics.com\/product\/pneumatisches-stativruehrwerk-fuer-30-liter-fass-atex\/"},"modified":"2026-03-09T10:28:30","modified_gmt":"2026-03-09T09:28:30","slug":"pneumatisches-stativruehrwerk-fuer-30-liter-fass-atex","status":"publish","type":"product","link":"https:\/\/ptm-mechatronics.com\/cs\/product\/pneumatisches-stativruehrwerk-fuer-30-liter-fass-atex\/","title":{"rendered":"Pneumatick\u00fd stojanov\u00fd mix\u00e9r pro 30litrov\u00fd sud - ATEX"},"content":{"rendered":"<p data-start=\"372\" data-end=\"913\"><span class=\"_fadeIn_m1hgl_8\">Na str\u00e1nk\u00e1ch <\/span><span class=\"_fadeIn_m1hgl_8\">Stojanov\u00e9 m\u00edchadlo <\/span><span class=\"_fadeIn_m1hgl_8\">pro 3<\/span><span class=\"_fadeIn_m1hgl_8\">0-<\/span><span class=\"_fadeIn_m1hgl_8\">Litr<\/span><span class=\"_fadeIn_m1hgl_8\">Sudy<\/span> <span class=\"_fadeIn_m1hgl_8\">byl <\/span><span class=\"_fadeIn_m1hgl_8\">pro <\/span><span class=\"_fadeIn_m1hgl_8\">na <\/span><span class=\"_fadeIn_m1hgl_8\">efektivn\u00ed <\/span><span class=\"_fadeIn_m1hgl_8\">a <\/span><span class=\"_fadeIn_m1hgl_8\">bezpe\u010dn\u00fd <\/span><span class=\"_fadeIn_m1hgl_8\">Zpracov\u00e1n\u00ed <\/span><span class=\"_fadeIn_m1hgl_8\">n\u00edzk\u00e1 <\/span><span class=\"_fadeIn_m1hgl_8\">do <\/span><span class=\"_fadeIn_m1hgl_8\">vysoce visk\u00f3zn\u00ed <\/span><span class=\"_fadeIn_m1hgl_8\">M\u00e9dia v z\u00f3n\u011b ATEX 1 nebo 0\/1<\/span> <span class=\"_fadeIn_m1hgl_8\">vyvinut\u00fd. <\/span><span class=\"_fadeIn_m1hgl_8\">Na adrese . <\/span><span class=\"_fadeIn_m1hgl_8\">existuje <\/span><span class=\"_fadeIn_m1hgl_8\">z <\/span><span class=\"_fadeIn_m1hgl_8\">jeden <\/span><span class=\"_fadeIn_m1hgl_8\">siln\u00fd, <\/span><span class=\"_fadeIn_m1hgl_8\">pneumatick\u00e9 <\/span><span class=\"_fadeIn_m1hgl_8\">Pohon<\/span><span class=\"_fadeIn_m1hgl_8\">, <\/span><span class=\"_fadeIn_m1hgl_8\">jeden <\/span><span class=\"_fadeIn_m1hgl_8\">masivn\u00ed <\/span><span class=\"_fadeIn_m1hgl_8\">Nerezov\u00e1 ocel<\/span><span class=\"_fadeIn_m1hgl_8\">V\u00edko<\/span><span class=\"_fadeIn_m1hgl_8\">, <\/span><span class=\"_fadeIn_m1hgl_8\">jeden <\/span><span class=\"_fadeIn_m1hgl_8\">H\u0159\u00eddel m\u00edchadla <\/span><span class=\"_fadeIn_m1hgl_8\">s <\/span><span class=\"_fadeIn_m1hgl_8\">M\u00edchadlo<\/span>\u00a0<span class=\"_fadeIn_m1hgl_8\">a <\/span><span class=\"_fadeIn_m1hgl_8\">jeden <\/span><span class=\"_fadeIn_m1hgl_8\">Stativ <\/span><span class=\"_fadeIn_m1hgl_8\">s <\/span><span class=\"_fadeIn_m1hgl_8\">v\u00edce automatick\u00e9 <\/span><span class=\"_fadeIn_m1hgl_8\">Zvedac\u00ed za\u0159\u00edzen\u00ed <\/span><span class=\"_fadeIn_m1hgl_8\">a <\/span><span class=\"_fadeIn_m1hgl_8\">Ovl\u00e1dac\u00ed panel<\/span><span class=\"_fadeIn_m1hgl_8\">. <\/span><span class=\"_fadeIn_m1hgl_8\">V\u0161echny <\/span><span class=\"_fadeIn_m1hgl_8\">dotyk s m\u00e9dii <\/span><span class=\"_fadeIn_m1hgl_8\">Sou\u010d\u00e1sti - <\/span><span class=\"_fadeIn_m1hgl_8\">H\u0159\u00eddel m\u00edchadla <\/span><span class=\"_fadeIn_m1hgl_8\">a <\/span><span class=\"_fadeIn_m1hgl_8\">M\u00edchadlo<\/span><span class=\"_fadeIn_m1hgl_8\"> \u2013 <\/span><span class=\"_fadeIn_m1hgl_8\">jsou <\/span><span class=\"_fadeIn_m1hgl_8\">z <\/span><span class=\"_fadeIn_m1hgl_8\">V4A <\/span><span class=\"_fadeIn_m1hgl_8\">Nerezov\u00e1 ocel (<\/span><span class=\"_fadeIn_m1hgl_8\">1.4404)<\/span> <span class=\"_fadeIn_m1hgl_8\">vyrobeno <\/span><span class=\"_fadeIn_m1hgl_8\">a <\/span><span class=\"_fadeIn_m1hgl_8\">nab\u00edzej\u00ed vysokou <\/span><span class=\"_fadeIn_m1hgl_8\">Hygiena <\/span><span class=\"_fadeIn_m1hgl_8\">a <\/span><span class=\"_fadeIn_m1hgl_8\">Odolnost proti korozi.<\/span><\/p>\n<p data-start=\"915\" data-end=\"1293\"><span class=\"_fadeIn_m1hgl_8\">Na str\u00e1nk\u00e1ch <\/span><span class=\"_fadeIn_m1hgl_8\">M\u00edchadlo <\/span><span class=\"_fadeIn_m1hgl_8\">je <\/span><span class=\"_fadeIn_m1hgl_8\">kompletn\u00ed <\/span><span class=\"_fadeIn_m1hgl_8\">na adrese <\/span><span class=\"_fadeIn_m1hgl_8\">na <\/span><span class=\"_fadeIn_m1hgl_8\">Pou\u017eijte <\/span><span class=\"_fadeIn_m1hgl_8\">na adrese <\/span><span class=\"_fadeIn_m1hgl_8\">standardizovan\u00e9 3<\/span><span class=\"_fadeIn_m1hgl_8\">0-<\/span><span class=\"_fadeIn_m1hgl_8\">Litr<\/span><span class=\"_fadeIn_m1hgl_8\">Sudy<\/span> <span class=\"_fadeIn_m1hgl_8\">harmonizovan\u00e9 <\/span><span class=\"_fadeIn_m1hgl_8\">a <\/span><span class=\"_fadeIn_m1hgl_8\">nab\u00edz\u00ed <\/span><span class=\"_fadeIn_m1hgl_8\">a <\/span><span class=\"_fadeIn_m1hgl_8\">i, <\/span><span class=\"_fadeIn_m1hgl_8\">homogenn\u00ed <\/span><span class=\"_fadeIn_m1hgl_8\">M\u00edch\u00e1n\u00ed v\u00fdsledk\u016f<\/span><span class=\"_fadeIn_m1hgl_8\">, <\/span><span class=\"_fadeIn_m1hgl_8\">s\u00e1m <\/span><span class=\"_fadeIn_m1hgl_8\">s <\/span><span class=\"_fadeIn_m1hgl_8\">t\u011b\u017ek\u00e9, <\/span><span class=\"_fadeIn_m1hgl_8\">visk\u00f3zn\u00ed <\/span><span class=\"_fadeIn_m1hgl_8\">L\u00e1tky. <\/span><span class=\"_fadeIn_m1hgl_8\">Na str\u00e1nk\u00e1ch <\/span><span class=\"_fadeIn_m1hgl_8\">automatick\u00e9 <\/span><span class=\"_fadeIn_m1hgl_8\">Zvedac\u00ed za\u0159\u00edzen\u00ed<\/span> <span class=\"_fadeIn_m1hgl_8\">usnad\u0148uje <\/span><span class=\"_fadeIn_m1hgl_8\">na <\/span><span class=\"_fadeIn_m1hgl_8\">Zved\u00e1n\u00ed <\/span><span class=\"_fadeIn_m1hgl_8\">a <\/span><span class=\"_fadeIn_m1hgl_8\">Sn\u00ed\u017een\u00ed <\/span><span class=\"_fadeIn_m1hgl_8\">o <\/span><span class=\"_fadeIn_m1hgl_8\">agit\u00e1tor, <\/span><span class=\"_fadeIn_m1hgl_8\">poskytuje <\/span><span class=\"_fadeIn_m1hgl_8\">pro <\/span><span class=\"_fadeIn_m1hgl_8\">jeden <\/span><span class=\"_fadeIn_m1hgl_8\">bezpe\u010dn\u00fd <\/span><span class=\"_fadeIn_m1hgl_8\">Zm\u011bna kontejneru <\/span><span class=\"_fadeIn_m1hgl_8\">a <\/span><span class=\"_fadeIn_m1hgl_8\">sn\u00ed\u017een\u00fd <\/span><span class=\"_fadeIn_m1hgl_8\">fyzick\u00fd <\/span><span class=\"_fadeIn_m1hgl_8\">Zat\u00ed\u017een\u00ed <\/span><span class=\"_fadeIn_m1hgl_8\">v <\/span><span class=\"_fadeIn_m1hgl_8\">Ka\u017edodenn\u00ed pr\u00e1ce.<\/span><\/p>\n<p data-start=\"1295\" data-end=\"1572\"><span class=\"_fadeIn_m1hgl_8\">Pro <\/span><span class=\"_fadeIn_m1hgl_8\">maximum <\/span><span class=\"_fadeIn_m1hgl_8\">Bezpe\u010dnost pr\u00e1ce <\/span><span class=\"_fadeIn_m1hgl_8\">m\u00e1 adresu <\/span><span class=\"_fadeIn_m1hgl_8\">na <\/span><span class=\"_fadeIn_m1hgl_8\">M\u00edchadlo <\/span><span class=\"_fadeIn_m1hgl_8\">o <\/span><span class=\"_fadeIn_m1hgl_8\">jeden <\/span><span class=\"_fadeIn_m1hgl_8\">automatick\u00e9 <\/span><span class=\"_fadeIn_m1hgl_8\">Vypnout <\/span><span class=\"_fadeIn_m1hgl_8\">na <\/span><span class=\"_fadeIn_m1hgl_8\">Zved\u00e1n\u00ed <\/span><span class=\"_fadeIn_m1hgl_8\">o <\/span><span class=\"_fadeIn_m1hgl_8\">V\u00ed\u010dka<\/span><span class=\"_fadeIn_m1hgl_8\">, <\/span><span class=\"_fadeIn_m1hgl_8\">na adrese <\/span><span class=\"_fadeIn_m1hgl_8\">Intervence <\/span><span class=\"_fadeIn_m1hgl_8\">na adrese <\/span><span class=\"_fadeIn_m1hgl_8\">pohybliv\u00e9 <\/span><span class=\"_fadeIn_m1hgl_8\">D\u00edly <\/span><span class=\"_fadeIn_m1hgl_8\">na <\/span><span class=\"_fadeIn_m1hgl_8\">zabr\u00e1nit. <\/span><span class=\"_fadeIn_m1hgl_8\">Na str\u00e1nk\u00e1ch <\/span><span class=\"_fadeIn_m1hgl_8\">Proces m\u00edch\u00e1n\u00ed <\/span><span class=\"_fadeIn_m1hgl_8\">za\u010d\u00edn\u00e1 <\/span><span class=\"_fadeIn_m1hgl_8\">op\u011bt <\/span><span class=\"_fadeIn_m1hgl_8\">automaticky <\/span><span class=\"_fadeIn_m1hgl_8\">o <\/span><span class=\"_fadeIn_m1hgl_8\">jeden <\/span><span class=\"_fadeIn_m1hgl_8\">Detekce kontejner\u016f<\/span> <span class=\"_fadeIn_m1hgl_8\">na <\/span><span class=\"_fadeIn_m1hgl_8\">Sn\u00ed\u017een\u00ed - <\/span><span class=\"_fadeIn_m1hgl_8\">efektivn\u00ed <\/span><span class=\"_fadeIn_m1hgl_8\">a <\/span><span class=\"_fadeIn_m1hgl_8\">bezpe\u010dn\u00e9.<\/span><\/p>\n<h3 data-start=\"1337\" data-end=\"1549\"><span class=\"_fadeIn_m1hgl_8\">Va\u0161e mo\u017enosti:<\/span><\/h3>\n<p>ATEX z\u00f3na 1:<br \/>\nEx II 2 G Ex h IIC T5 Gb X<br \/>\nEx II 2 D Ex h IIIC T100\u00b0C Db X nebo<br \/>\nATEX z\u00f3na 0\/1:<br \/>\nEx II 1\/2 G Ex h IIC T5 Ga\/Gb<br \/>\nEx II 1\/2 D Ex h IIIC T100\u00b0C Da\/Db<\/p>\n<p>Syst\u00e9m rychl\u00e9 v\u00fdm\u011bny h\u0159\u00eddele m\u00edchadla:<br \/>\nNa\u0161e <a href=\"https:\/\/youtu.be\/TjagGW4DoyA?feature=shared\" target=\"_blank\" rel=\"noopener\">rychlov\u00fdm\u011bnn\u00fd syst\u00e9m eco-Quick<\/a> nab\u00edz\u00ed rychlou a \u010distou v\u00fdm\u011bnu h\u0159\u00eddele m\u00edchadla b\u011bhem n\u011bkolika sekund bez pou\u017eit\u00ed dal\u0161\u00edho n\u00e1\u0159ad\u00ed.<\/p>\n<p>Poh\u00e1rkov\u00e9 m\u00edchadlo eco-Cup nebo \u0161ikm\u00e1 lopatkov\u00e1 m\u00edcha\u010dka:<br \/>\n<span class=\"_fadeIn_m1hgl_8\">Na str\u00e1nk\u00e1ch <\/span><span class=\"_fadeIn_m1hgl_8\">eko<\/span><span class=\"_fadeIn_m1hgl_8\">Poh\u00e1r <\/span><span class=\"_fadeIn_m1hgl_8\">M\u00edchadlo na poh\u00e1ry<\/span> <span class=\"_fadeIn_m1hgl_8\">nab\u00edz\u00ed <\/span><span class=\"_fadeIn_m1hgl_8\">prost\u0159ednictv\u00edm <\/span><span class=\"_fadeIn_m1hgl_8\">b\u00fdt <\/span><span class=\"_fadeIn_m1hgl_8\">lamin\u00e1rn\u00ed <\/span><span class=\"_fadeIn_m1hgl_8\">M\u00edch\u00e1n\u00ed chov\u00e1n\u00ed<\/span> <span class=\"_fadeIn_m1hgl_8\">jeden <\/span><span class=\"_fadeIn_m1hgl_8\">homogenn\u00ed <\/span><span class=\"_fadeIn_m1hgl_8\">M\u00edch\u00e1n\u00ed<\/span><span class=\"_fadeIn_m1hgl_8\"> \u2013 <\/span><span class=\"_fadeIn_m1hgl_8\">s\u00e1m <\/span><span class=\"_fadeIn_m1hgl_8\">s <\/span><span class=\"_fadeIn_m1hgl_8\">n\u00e1ro\u010dn\u00e9, <\/span><span class=\"_fadeIn_m1hgl_8\">vysoce visk\u00f3zn\u00ed <\/span><span class=\"_fadeIn_m1hgl_8\">M\u00e9dia <\/span><span class=\"_fadeIn_m1hgl_8\">jako <\/span><span class=\"_fadeIn_m1hgl_8\">Pasty, <\/span><span class=\"_fadeIn_m1hgl_8\">Pozastaven\u00ed <\/span><span class=\"_fadeIn_m1hgl_8\">nebo <\/span><span class=\"_fadeIn_m1hgl_8\">Emulze.<\/span><\/p>\n<p data-start=\"1337\" data-end=\"1549\">M\u00edcha\u010dka se \u0161ikm\u00fdmi lopatkami zaujme axi\u00e1ln\u00edmi dopravn\u00edmi vlastnostmi s m\u00edrn\u011b radi\u00e1ln\u00ed slo\u017ekou a vytv\u00e1\u0159\u00ed turbulentn\u00ed proud\u011bn\u00ed, kter\u00e9 umo\u017e\u0148uje obzvl\u00e1\u0161t\u011b \u00fa\u010dinn\u00e9 m\u00edch\u00e1n\u00ed. D\u00edky sv\u00e9 robustn\u00ed konstrukci je ide\u00e1ln\u00ed pro vysoce visk\u00f3zn\u00ed l\u00e1tky.<\/p>\n<p data-start=\"1337\" data-end=\"1549\">Koncepce fungov\u00e1n\u00ed:<br \/>\nStojanov\u00fd mix\u00e9r je voliteln\u011b k dispozici se standardn\u00edm ovl\u00e1dac\u00edm panelem s rukojet\u00ed mrtv\u00e9ho mu\u017ee, pop\u0159. <a href=\"https:\/\/ptm-mechatronics.com\/cs\/product\/dguv-schalttafel\/\" target=\"_blank\" rel=\"noopener\">Ovl\u00e1dac\u00ed panel DGUV<\/a> s <a href=\"https:\/\/ptm-mechatronics.com\/cs\/grundlagen-guide\/not-aus\/\" target=\"_blank\" rel=\"noopener\">Nouzov\u00e9 zastaven\u00ed<\/a> a <a href=\"https:\/\/ptm-mechatronics.com\/cs\/grundlagen-guide\/zweihandbedienung\/\" target=\"_blank\" rel=\"noopener\">Obouru\u010dn\u00ed ovl\u00e1d\u00e1n\u00ed<\/a>.<\/p>\n<p data-start=\"1337\" data-end=\"1549\">Zap\u00edn\u00e1n\u00ed:<br \/>\nStoj\u00e1nkov\u00e1 baterie je k dispozici s mont\u00e1\u017e\u00ed na st\u011bnu i na podlahu.<\/p>\n<p data-start=\"1617\" data-end=\"1648\"><span class=\"_fadeIn_m1hgl_8\">V\u00fdhody <\/span><span class=\"_fadeIn_m1hgl_8\">na adrese <\/span><span class=\"_fadeIn_m1hgl_8\">jeden <\/span><span class=\"_fadeIn_m1hgl_8\">Pohled:<\/span><\/p>\n<ul>\n<li data-start=\"1651\" data-end=\"1697\"><span class=\"_fadeIn_m1hgl_8\">Pneumatick\u00e9 <\/span><span class=\"_fadeIn_m1hgl_8\">Pohon <\/span><span class=\"_fadeIn_m1hgl_8\">pro <\/span><span class=\"_fadeIn_m1hgl_8\">v\u00fdkonn\u00fd <\/span><span class=\"_fadeIn_m1hgl_8\">Stir<\/span><\/li>\n<li data-start=\"1651\" data-end=\"1697\">Certifik\u00e1t ATEX pro z\u00f3nu 1 nebo 0\/1<\/li>\n<li data-start=\"1651\" data-end=\"1697\"><span class=\"_fadeIn_m1hgl_8\">Pro 3<\/span><span class=\"_fadeIn_m1hgl_8\">0-<\/span><span class=\"_fadeIn_m1hgl_8\">Litr<\/span><span class=\"_fadeIn_m1hgl_8\">Sudy <\/span><span class=\"_fadeIn_m1hgl_8\">optimalizovan\u00e9<\/span><\/li>\n<li data-start=\"1651\" data-end=\"1697\"><span class=\"_fadeIn_m1hgl_8\">H\u0159\u00eddel m\u00edchadla &amp; <\/span><span class=\"_fadeIn_m1hgl_8\">eko<\/span><span class=\"_fadeIn_m1hgl_8\">Poh\u00e1r <\/span><span class=\"_fadeIn_m1hgl_8\">z <\/span><span class=\"_fadeIn_m1hgl_8\">V4A <\/span><span class=\"_fadeIn_m1hgl_8\">Nerezov\u00e1 ocel<\/span><\/li>\n<li data-start=\"1651\" data-end=\"1697\"><span class=\"_fadeIn_m1hgl_8\">Automatick\u00e9 <\/span><span class=\"_fadeIn_m1hgl_8\">Zvedac\u00ed za\u0159\u00edzen\u00ed <\/span><span class=\"_fadeIn_m1hgl_8\">pro <\/span><span class=\"_fadeIn_m1hgl_8\">ergonomick\u00e9 <\/span><span class=\"_fadeIn_m1hgl_8\">Pracovn\u00ed str\u00e1nky<\/span><\/li>\n<li data-start=\"1651\" data-end=\"1697\"><span class=\"_fadeIn_m1hgl_8\">Ovl\u00e1dac\u00ed panel <\/span><span class=\"_fadeIn_m1hgl_8\">na <\/span><span class=\"_fadeIn_m1hgl_8\">jednoduch\u00fd <\/span><span class=\"_fadeIn_m1hgl_8\">\u0158\u00eddic\u00ed syst\u00e9m<\/span><\/li>\n<li data-start=\"1651\" data-end=\"1697\"><span class=\"_fadeIn_m1hgl_8\">Bezpe\u010dnostn\u00ed vypnut\u00ed <\/span><span class=\"_fadeIn_m1hgl_8\">s <\/span><span class=\"_fadeIn_m1hgl_8\">Zved\u00e1n\u00ed v\u00edka<\/span><\/li>\n<li data-start=\"1651\" data-end=\"1697\"><span class=\"_fadeIn_m1hgl_8\">Automatick\u00e9 <\/span><span class=\"_fadeIn_m1hgl_8\">Restartov\u00e1n\u00ed <\/span><span class=\"_fadeIn_m1hgl_8\">prost\u0159ednictv\u00edm <\/span><span class=\"_fadeIn_m1hgl_8\">Detekce kontejner\u016f<\/span><\/li>\n<li data-start=\"1651\" data-end=\"1697\"><span class=\"_fadeIn_m1hgl_8\">Pro <\/span><span class=\"_fadeIn_m1hgl_8\">n\u00edzk\u00e1 <\/span><span class=\"_fadeIn_m1hgl_8\">do <\/span><span class=\"_fadeIn_m1hgl_8\">vysok\u00e1 viskozita <\/span><span class=\"_fadeIn_m1hgl_8\">M\u00e9dia<\/span><\/li>\n<li data-start=\"1651\" data-end=\"1697\"><span class=\"_fadeIn_m1hgl_8\">Hygienick\u00e9, <\/span><span class=\"_fadeIn_m1hgl_8\">bezpe\u010dn\u00e9, <\/span><span class=\"_fadeIn_m1hgl_8\">vhodn\u00e9 pro pr\u016fmyslov\u00e9 pou\u017eit\u00ed<\/span><\/li>\n<\/ul>","protected":false},"excerpt":{"rendered":"<p><span class=\"_fadeIn_m1hgl_8\">Stojanov\u00fd mix\u00e9r ATEX <\/span><span class=\"_fadeIn_m1hgl_8\">pro 3<\/span><span class=\"_fadeIn_m1hgl_8\">0-<\/span><span class=\"_fadeIn_m1hgl_8\">Litr<\/span><span class=\"_fadeIn_m1hgl_8\">Sudy <\/span><span class=\"_fadeIn_m1hgl_8\">s <\/span><span class=\"_fadeIn_m1hgl_8\">pneumatick\u00e9 <\/span><span class=\"_fadeIn_m1hgl_8\">Pohon, <\/span><span class=\"_fadeIn_m1hgl_8\">V4A-<\/span><span class=\"_fadeIn_m1hgl_8\">Sou\u010d\u00e1sti, <\/span><span class=\"_fadeIn_m1hgl_8\">v\u00edce automatick\u00e9 <\/span><span class=\"_fadeIn_m1hgl_8\">Zvedac\u00ed za\u0159\u00edzen\u00ed, <\/span><span class=\"_fadeIn_m1hgl_8\">Bezpe\u010dnostn\u00ed vypnut\u00ed <\/span><span class=\"_fadeIn_m1hgl_8\">a <\/span><span class=\"_fadeIn_m1hgl_8\">M\u00edchadlo<\/span><span class=\"_fadeIn_m1hgl_8\">\u00a0<\/span><span class=\"_fadeIn_m1hgl_8\">pro <\/span><span class=\"_fadeIn_m1hgl_8\">efektivn\u00ed, <\/span><span class=\"_fadeIn_m1hgl_8\">bezpe\u010dn\u00fd <\/span><span class=\"_fadeIn_m1hgl_8\">Stir <\/span><span class=\"_fadeIn_m1hgl_8\">s <\/span><span class=\"_fadeIn_m1hgl_8\">v\u0161echny <\/span><span class=\"_fadeIn_m1hgl_8\">viskozity, s mont\u00e1\u017e\u00ed na st\u011bnu nebo podlahu.<\/span><\/p>","protected":false},"featured_media":15447,"comment_status":"open","ping_status":"closed","template":"","meta":{"_acf_changed":false},"product_brand":[],"product_cat":[612,595],"product_tag":[2966,2977,2978,2979,2980,2893,2939,2950],"class_list":{"0":"post-7666","1":"product","2":"type-product","3":"status-publish","4":"has-post-thumbnail","6":"product_cat-kleingebinderuehrwerke","7":"product_cat-ruehrwerkstechnik","8":"product_tag-v4a-ruehrwelle-eco-cup","9":"product_tag-stativruehrwerk-30-liter","10":"product_tag-ruehrwerk-edelstahl-30l","11":"product_tag-edelstahl-ruehrsystem-30-liter","12":"product_tag-bedienpult-ruehrwerk","13":"product_tag-ruehrwerk-mit-hebevorrichtung","14":"product_tag-pneumatischer-ruehrantrieb-atex","15":"product_tag-hygienisches-fassruehrwerk","16":"product_shipping_class-europalette-speditionsversand","17":"pa_antriebsart-pneumatisch","18":"pa_atex-fuer-atex-zone-1","19":"pa_atex-fuer-atex-zone-0-1","20":"pa_bedienkonzept-standardschalttafel","21":"pa_bedienkonzept-dguv-schalttafel","22":"pa_befestigung-mit-bodenbefestigung","23":"pa_befestigung-mit-wandbefestigung","24":"pa_behaeltervolumen-30-liter","25":"pa_deckeldurchmesser-380mm","26":"pa_dichtung-ptfe","27":"pa_drehmoment-4nm","28":"pa_drehzahl-0-300-1-min","29":"pa_durchmesser-ruehrwelle-16mm","30":"pa_geeignete-fassdurchmesser-30-liter","31":"pa_geraeuschpegel-75db","32":"pa_gesamtbreite-440mm","33":"pa_gesamthoehe-1335mm","34":"pa_labs-oel-und-silikonfrei","35":"pa_laenge-ruehrwelle-ca-360mm-ab-deckeloberkante","36":"pa_material-deckel-v4a-edelstahl-1-4404","37":"pa_mittlerer-luftverbrauch-25l-min","38":"pa_model-eco-station-30","39":"pa_ruehrorgan-becherruehrorgan-eco-cup-170mm","40":"pa_ruehrorgan-schraegblattmischer-175mm","41":"pa_schnellwechselsystem-mit-gewindeverbindung","42":"pa_schnellwechselsystem-mit-schnellwechselsystem","43":"pa_stativverfahrweg-500mm","44":"pa_typ-stativruehrwerk","45":"pa_versorgung-5-6bar","47":"first","48":"instock","49":"taxable","50":"shipping-taxable","51":"purchasable","52":"product-type-variable"},"bundled_by":[],"bundle_stock_status":"instock","bundle_stock_quantity":null,"bundle_virtual":false,"bundle_layout":"","bundle_add_to_cart_form_location":"","bundle_editable_in_cart":false,"bundle_sold_individually_context":"","bundle_item_grouping":"","bundle_min_size":"","bundle_max_size":"","bundle_price":[],"bundled_items":[],"bundle_sell_ids":[],"exclude_global_add_ons":[],"addons":[],"acf":[],"_links":{"self":[{"href":"https:\/\/ptm-mechatronics.com\/cs\/wp-json\/wp\/v2\/product\/7666","targetHints":{"allow":["GET"]}}],"collection":[{"href":"https:\/\/ptm-mechatronics.com\/cs\/wp-json\/wp\/v2\/product"}],"about":[{"href":"https:\/\/ptm-mechatronics.com\/cs\/wp-json\/wp\/v2\/types\/product"}],"replies":[{"embeddable":true,"href":"https:\/\/ptm-mechatronics.com\/cs\/wp-json\/wp\/v2\/comments?post=7666"}],"wp:featuredmedia":[{"embeddable":true,"href":"https:\/\/ptm-mechatronics.com\/cs\/wp-json\/wp\/v2\/media\/15447"}],"wp:attachment":[{"href":"https:\/\/ptm-mechatronics.com\/cs\/wp-json\/wp\/v2\/media?parent=7666"}],"wp:term":[{"taxonomy":"product_brand","embeddable":true,"href":"https:\/\/ptm-mechatronics.com\/cs\/wp-json\/wp\/v2\/product_brand?post=7666"},{"taxonomy":"product_cat","embeddable":true,"href":"https:\/\/ptm-mechatronics.com\/cs\/wp-json\/wp\/v2\/product_cat?post=7666"},{"taxonomy":"product_tag","embeddable":true,"href":"https:\/\/ptm-mechatronics.com\/cs\/wp-json\/wp\/v2\/product_tag?post=7666"}],"curies":[{"name":"wp","href":"https:\/\/api.w.org\/{rel}","templated":true}]}}