{"id":7643,"date":"2024-02-07T17:44:21","date_gmt":"2024-02-07T17:44:21","guid":{"rendered":""},"modified":"2025-11-07T15:52:15","modified_gmt":"2025-11-07T14:52:15","slug":"ruehrwerk-mit-traverse-fuer-100-liter-fass-antrieb-atex-zone-1","status":"publish","type":"product","link":"https:\/\/ptm-mechatronics.com\/cs\/product\/ruehrwerk-mit-traverse-fuer-100-liter-fass-antrieb-atex-zone-1\/","title":{"rendered":"M\u00edchadlo s pojezdem pro 100litrov\u00fd sud - pohon pro z\u00f3nu ATEX 1"},"content":{"rendered":"<p>M\u00edchadlo se skl\u00e1d\u00e1 z energeticky \u00fa\u010dinn\u00e9ho a v\u00fdkonn\u00e9ho pneumatick\u00e9ho pohonu s certifikac\u00ed ATEX pro z\u00f3nu ATEX 1, m\u00edchac\u00ed h\u0159\u00eddele s m\u00edchadlem eco-Cup a p\u0159\u00ed\u010dn\u00e9ho nosn\u00edku. H\u0159\u00eddel m\u00edchadla, m\u00edchac\u00ed prvek a traverza jsou vyrobeny z vysoce kvalitn\u00ed nerezov\u00e9 oceli V4A 1.4404. Traverza se dv\u011bma up\u00ednac\u00edmi za\u0159\u00edzen\u00edmi je vhodn\u00e1 pro standardizovan\u00e9 sudy o objemu 100 litr\u016f a pr\u016fm\u011bru 400 a\u017e 500 mm.<br \/>\nM\u00edchadlo spolehliv\u011b m\u00edch\u00e1 m\u00e9dia v\u0161ech druh\u016f s n\u00edzkou i vysokou viskozitou. Jeho komponenty jsou ji\u017e optimalizov\u00e1ny pro spolehliv\u00e9 a bezpe\u010dn\u00e9 m\u00edch\u00e1n\u00ed ve 100litrov\u00fdch sudech. M\u00edchadlo eco-Cup, kter\u00e9 je sou\u010d\u00e1st\u00ed dod\u00e1vky, se vyzna\u010duje \u0161etrn\u00fdm m\u00edch\u00e1n\u00edm a poskytuje homogenn\u00ed v\u00fdsledek m\u00edch\u00e1n\u00ed.<\/p>","protected":false},"excerpt":{"rendered":"<p>V\u00fdkonn\u00e9 m\u00edchadlo pln\u011b vybaven\u00e9 pojezdem, m\u00edchac\u00ed h\u0159\u00eddel\u00ed a m\u00edchac\u00edm prvkem pro 100litrov\u00fd sud - pohon pro z\u00f3nu 1 ATEX<\/p>","protected":false},"featured_media":15340,"comment_status":"open","ping_status":"closed","template":"","meta":{"_acf_changed":false},"product_brand":[],"product_cat":[603,595],"product_tag":[],"class_list":{"0":"post-7643","1":"product","2":"type-product","3":"status-publish","4":"has-post-thumbnail","6":"product_cat-fassruehrwerke","7":"product_cat-ruehrwerkstechnik","8":"product_shipping_class-karton-paketversand","9":"pa_antriebsart-pneumatisch","10":"pa_atex-zone-122122","11":"pa_behaeltervolumen-100-liter","12":"pa_dichtung-ptfe","13":"pa_drehmoment-8nm","14":"pa_drehzahl-0-300-1-min","15":"pa_durchmesser-ruehrwelle-20mm","16":"pa_ex-gas-ex-ii-2-g-ex-h-iic-t5-gb-x","17":"pa_ex-staub-ex-ii-2-d-ex-h-iiic-t100c-db-x","18":"pa_geeignete-fassdurchmesser-400-500mm","19":"pa_geraeuschpegel-75db","20":"pa_labs-oel-und-silikonfrei","21":"pa_laenge-ruehrwelle-ca-740mm-ab-deckeloberkante","22":"pa_material-gehaeuse-aluminium-eloxiert","23":"pa_material-traverse-v4a-edelstahl-1-4404","24":"pa_mittlerer-luftverbrauch-50l-min","25":"pa_ruehrorgan-becherruehrorgan-eco-cup-260mm","26":"pa_schutzart-ip67","27":"pa_steckverschraubung-abluft-schlauch-o10mm","28":"pa_steckverschraubung-zuluft-schlauch-o6mm","29":"pa_typ-traversenruehrwerk","30":"pa_versorgung-5-6bar","32":"first","33":"instock","34":"taxable","35":"shipping-taxable","36":"purchasable","37":"product-type-simple"},"bundled_by":[],"bundle_stock_status":"instock","bundle_stock_quantity":null,"bundle_virtual":false,"bundle_layout":"","bundle_add_to_cart_form_location":"","bundle_editable_in_cart":false,"bundle_sold_individually_context":"","bundle_item_grouping":"","bundle_min_size":"","bundle_max_size":"","bundle_price":[],"bundled_items":[],"bundle_sell_ids":[],"exclude_global_add_ons":[],"addons":[],"acf":[],"_links":{"self":[{"href":"https:\/\/ptm-mechatronics.com\/cs\/wp-json\/wp\/v2\/product\/7643","targetHints":{"allow":["GET"]}}],"collection":[{"href":"https:\/\/ptm-mechatronics.com\/cs\/wp-json\/wp\/v2\/product"}],"about":[{"href":"https:\/\/ptm-mechatronics.com\/cs\/wp-json\/wp\/v2\/types\/product"}],"replies":[{"embeddable":true,"href":"https:\/\/ptm-mechatronics.com\/cs\/wp-json\/wp\/v2\/comments?post=7643"}],"wp:featuredmedia":[{"embeddable":true,"href":"https:\/\/ptm-mechatronics.com\/cs\/wp-json\/wp\/v2\/media\/15340"}],"wp:attachment":[{"href":"https:\/\/ptm-mechatronics.com\/cs\/wp-json\/wp\/v2\/media?parent=7643"}],"wp:term":[{"taxonomy":"product_brand","embeddable":true,"href":"https:\/\/ptm-mechatronics.com\/cs\/wp-json\/wp\/v2\/product_brand?post=7643"},{"taxonomy":"product_cat","embeddable":true,"href":"https:\/\/ptm-mechatronics.com\/cs\/wp-json\/wp\/v2\/product_cat?post=7643"},{"taxonomy":"product_tag","embeddable":true,"href":"https:\/\/ptm-mechatronics.com\/cs\/wp-json\/wp\/v2\/product_tag?post=7643"}],"curies":[{"name":"wp","href":"https:\/\/api.w.org\/{rel}","templated":true}]}}