{"id":7633,"date":"2024-02-07T17:44:20","date_gmt":"2024-02-07T17:44:20","guid":{"rendered":""},"modified":"2025-11-07T15:52:15","modified_gmt":"2025-11-07T14:52:15","slug":"ruehrwerk-mit-deckel-fuer-60-liter-fass-antrieb-atex-zone-1","status":"publish","type":"product","link":"https:\/\/ptm-mechatronics.com\/cs\/product\/ruehrwerk-mit-deckel-fuer-60-liter-fass-antrieb-atex-zone-1\/","title":{"rendered":"M\u00edchadlo s v\u00edkem pro 60litrov\u00fd sud - pohon ATEX z\u00f3na 1"},"content":{"rendered":"<h1 data-start=\"304\" data-end=\"381\"><span style=\"font-size: 75%;\"><span class=\"_fadeIn_m1hgl_8\">ATEX-<\/span><span class=\"_fadeIn_m1hgl_8\">M\u00edchadlo <\/span><span class=\"_fadeIn_m1hgl_8\">pro <\/span><span class=\"_fadeIn_m1hgl_8\">60-<\/span><span class=\"_fadeIn_m1hgl_8\">Litr<\/span><span class=\"_fadeIn_m1hgl_8\">Sudy - <\/span><span class=\"_fadeIn_m1hgl_8\">siln\u00fd, <\/span><span class=\"_fadeIn_m1hgl_8\">bezpe\u010dn\u00fd <\/span><span class=\"_fadeIn_m1hgl_8\">a <\/span><span class=\"_fadeIn_m1hgl_8\">Hygienick\u00e9<\/span><\/span><\/h1>\n<p data-start=\"383\" data-end=\"874\"><span class=\"_fadeIn_m1hgl_8\">Tento <\/span><span class=\"_fadeIn_m1hgl_8\">ATEX-<\/span><span class=\"_fadeIn_m1hgl_8\">certifikovan\u00e9 <\/span><span class=\"_fadeIn_m1hgl_8\">M\u00edchadlo<\/span> <span class=\"_fadeIn_m1hgl_8\">je <\/span><span class=\"_fadeIn_m1hgl_8\">zejm\u00e9na <\/span><span class=\"_fadeIn_m1hgl_8\">pro <\/span><span class=\"_fadeIn_m1hgl_8\">na <\/span><span class=\"_fadeIn_m1hgl_8\">Pou\u017eijte <\/span><span class=\"_fadeIn_m1hgl_8\">na adrese <\/span><span class=\"_fadeIn_m1hgl_8\">prost\u0159ed\u00ed s nebezpe\u010d\u00edm v\u00fdbuchu <\/span><span class=\"_fadeIn_m1hgl_8\">Oblasti <\/span><span class=\"_fadeIn_m1hgl_8\">na <\/span><span class=\"_fadeIn_m1hgl_8\">ATEX <\/span><span class=\"_fadeIn_m1hgl_8\">Z\u00f3na <\/span><span class=\"_fadeIn_m1hgl_8\">1<\/span> <span class=\"_fadeIn_m1hgl_8\">navr\u017eeno <\/span><span class=\"_fadeIn_m1hgl_8\">a <\/span><span class=\"_fadeIn_m1hgl_8\">byl <\/span><span class=\"_fadeIn_m1hgl_8\">pro <\/span><span class=\"_fadeIn_m1hgl_8\">na <\/span><span class=\"_fadeIn_m1hgl_8\">efektivn\u00ed <\/span><span class=\"_fadeIn_m1hgl_8\">Stir <\/span><span class=\"_fadeIn_m1hgl_8\">z <\/span><span class=\"_fadeIn_m1hgl_8\">n\u00edzk\u00e1 <\/span><span class=\"_fadeIn_m1hgl_8\">do <\/span><span class=\"_fadeIn_m1hgl_8\">vysoce visk\u00f3zn\u00ed <\/span><span class=\"_fadeIn_m1hgl_8\">M\u00e9dia<\/span> <span class=\"_fadeIn_m1hgl_8\">na adrese <\/span><span class=\"_fadeIn_m1hgl_8\">60-<\/span><span class=\"_fadeIn_m1hgl_8\">Litr<\/span><span class=\"_fadeIn_m1hgl_8\">Sudy<\/span> <span class=\"_fadeIn_m1hgl_8\">vyvinut\u00fd. <\/span><span class=\"_fadeIn_m1hgl_8\">Vybaven\u00ed <\/span><span class=\"_fadeIn_m1hgl_8\">s <\/span><span class=\"_fadeIn_m1hgl_8\">jeden <\/span><span class=\"_fadeIn_m1hgl_8\">energeticky \u00fasporn\u00e9, <\/span><span class=\"_fadeIn_m1hgl_8\">pneumatick\u00e9 <\/span><span class=\"_fadeIn_m1hgl_8\">Pohon<\/span><span class=\"_fadeIn_m1hgl_8\">, <\/span><span class=\"_fadeIn_m1hgl_8\">jeden <\/span><span class=\"_fadeIn_m1hgl_8\">H\u0159\u00eddel m\u00edchadla <\/span><span class=\"_fadeIn_m1hgl_8\">s <\/span><span class=\"_fadeIn_m1hgl_8\">M\u00edchadlo na poh\u00e1ry <\/span><span class=\"_fadeIn_m1hgl_8\">eko<\/span><span class=\"_fadeIn_m1hgl_8\">Poh\u00e1r<\/span> <span class=\"_fadeIn_m1hgl_8\">a <\/span><span class=\"_fadeIn_m1hgl_8\">jeden <\/span><span class=\"_fadeIn_m1hgl_8\">funk\u010dn\u00ed <\/span><span class=\"_fadeIn_m1hgl_8\">Nerezov\u00e1 ocel<\/span><span class=\"_fadeIn_m1hgl_8\">V\u00edko<\/span> <span class=\"_fadeIn_m1hgl_8\">je <\/span><span class=\"_fadeIn_m1hgl_8\">tento <\/span><span class=\"_fadeIn_m1hgl_8\">Kompletn\u00ed syst\u00e9m <\/span><span class=\"_fadeIn_m1hgl_8\">ide\u00e1ln\u00ed <\/span><span class=\"_fadeIn_m1hgl_8\">pro <\/span><span class=\"_fadeIn_m1hgl_8\">profesion\u00e1ln\u00ed <\/span><span class=\"_fadeIn_m1hgl_8\">Procesy m\u00edch\u00e1n\u00ed <\/span><span class=\"_fadeIn_m1hgl_8\">na adrese <\/span><span class=\"_fadeIn_m1hgl_8\">na <\/span><span class=\"_fadeIn_m1hgl_8\">Pr\u016fmysl.<\/span><\/p>\n<p data-start=\"876\" data-end=\"1368\"><span class=\"_fadeIn_m1hgl_8\">V\u0161echny <\/span><span class=\"_fadeIn_m1hgl_8\">dotyk s m\u00e9dii <\/span><span class=\"_fadeIn_m1hgl_8\">Sou\u010d\u00e1sti - <\/span><span class=\"_fadeIn_m1hgl_8\">V\u00edko, <\/span><span class=\"_fadeIn_m1hgl_8\">H\u0159\u00eddel m\u00edchadla <\/span><span class=\"_fadeIn_m1hgl_8\">a <\/span><span class=\"_fadeIn_m1hgl_8\">M\u00edchadlo<\/span><span class=\"_fadeIn_m1hgl_8\"> \u2013 <\/span><span class=\"_fadeIn_m1hgl_8\">existuj\u00ed <\/span><span class=\"_fadeIn_m1hgl_8\">z <\/span><span class=\"_fadeIn_m1hgl_8\">V4A <\/span><span class=\"_fadeIn_m1hgl_8\">Nerezov\u00e1 ocel (<\/span><span class=\"_fadeIn_m1hgl_8\">1.4404)<\/span><span class=\"_fadeIn_m1hgl_8\">, <\/span><span class=\"_fadeIn_m1hgl_8\">co <\/span><span class=\"_fadeIn_m1hgl_8\">na <\/span><span class=\"_fadeIn_m1hgl_8\">M\u00edchadlo <\/span><span class=\"_fadeIn_m1hgl_8\">odolnost proti korozi, <\/span><span class=\"_fadeIn_m1hgl_8\">Hygienick\u00e9 <\/span><span class=\"_fadeIn_m1hgl_8\">a <\/span><span class=\"_fadeIn_m1hgl_8\">Odoln\u00e9<\/span> <span class=\"_fadeIn_m1hgl_8\">vyr\u00e1b\u00ed. <\/span><span class=\"_fadeIn_m1hgl_8\">Na str\u00e1nk\u00e1ch <\/span><span class=\"_fadeIn_m1hgl_8\">V\u00edko <\/span><span class=\"_fadeIn_m1hgl_8\">s <\/span><span class=\"_fadeIn_m1hgl_8\">jeden <\/span><span class=\"_fadeIn_m1hgl_8\">Rozsah up\u00edn\u00e1n\u00ed <\/span><span class=\"_fadeIn_m1hgl_8\">z <\/span><span class=\"_fadeIn_m1hgl_8\">300 <\/span><span class=\"_fadeIn_m1hgl_8\">do <\/span><span class=\"_fadeIn_m1hgl_8\">400 <\/span><span class=\"_fadeIn_m1hgl_8\">mm<\/span> <span class=\"_fadeIn_m1hgl_8\">m\u00e1 adresu <\/span><span class=\"_fadeIn_m1hgl_8\">o <\/span><span class=\"_fadeIn_m1hgl_8\">dva <\/span><span class=\"_fadeIn_m1hgl_8\">Up\u00ednac\u00ed za\u0159\u00edzen\u00ed<\/span> <span class=\"_fadeIn_m1hgl_8\">na <\/span><span class=\"_fadeIn_m1hgl_8\">bezpe\u010dn\u00fd <\/span><span class=\"_fadeIn_m1hgl_8\">Fixace <\/span><span class=\"_fadeIn_m1hgl_8\">na adrese <\/span><span class=\"_fadeIn_m1hgl_8\">na <\/span><span class=\"_fadeIn_m1hgl_8\">Hlave\u0148, <\/span><span class=\"_fadeIn_m1hgl_8\">jeden <\/span><span class=\"_fadeIn_m1hgl_8\">integrovan\u00fd <\/span><span class=\"_fadeIn_m1hgl_8\">P\u0159\u00eddavn\u00e1 klapka<\/span> <span class=\"_fadeIn_m1hgl_8\">na <\/span><span class=\"_fadeIn_m1hgl_8\">Pod\u00e1v\u00e1n\u00ed materi\u00e1lu <\/span><span class=\"_fadeIn_m1hgl_8\">zat\u00edmco <\/span><span class=\"_fadeIn_m1hgl_8\">o <\/span><span class=\"_fadeIn_m1hgl_8\">Operace <\/span><span class=\"_fadeIn_m1hgl_8\">a <\/span><span class=\"_fadeIn_m1hgl_8\">a <\/span><span class=\"_fadeIn_m1hgl_8\">Bezpe\u010dnostn\u00ed m\u0159\u00ed\u017eka<\/span><span class=\"_fadeIn_m1hgl_8\">, <\/span><span class=\"_fadeIn_m1hgl_8\">na <\/span><span class=\"_fadeIn_m1hgl_8\">na <\/span><span class=\"_fadeIn_m1hgl_8\">Intervence <\/span><span class=\"_fadeIn_m1hgl_8\">na adrese <\/span><span class=\"_fadeIn_m1hgl_8\">pohybliv\u00e9 <\/span><span class=\"_fadeIn_m1hgl_8\">D\u00edly <\/span><span class=\"_fadeIn_m1hgl_8\">spolehliv\u00e9 <\/span><span class=\"_fadeIn_m1hgl_8\">zabr\u00e1n\u011bno.<\/span><\/p>\n<p data-start=\"1370\" data-end=\"1637\"><span class=\"_fadeIn_m1hgl_8\">Na str\u00e1nk\u00e1ch <\/span><span class=\"_fadeIn_m1hgl_8\">v <\/span><span class=\"_fadeIn_m1hgl_8\">Rozsah dod\u00e1vky <\/span><span class=\"_fadeIn_m1hgl_8\">obsahuje <\/span><span class=\"_fadeIn_m1hgl_8\">M\u00edchadlo na poh\u00e1ry <\/span><span class=\"_fadeIn_m1hgl_8\">eko<\/span><span class=\"_fadeIn_m1hgl_8\">Poh\u00e1r<\/span> <span class=\"_fadeIn_m1hgl_8\">je <\/span><span class=\"_fadeIn_m1hgl_8\">pro <\/span><span class=\"_fadeIn_m1hgl_8\">a <\/span><span class=\"_fadeIn_m1hgl_8\">zejm\u00e9na <\/span><span class=\"_fadeIn_m1hgl_8\">jemn\u00e9 <\/span><span class=\"_fadeIn_m1hgl_8\">a <\/span><span class=\"_fadeIn_m1hgl_8\">sou\u010dasn\u011b <\/span><span class=\"_fadeIn_m1hgl_8\">efektivn\u00ed <\/span><span class=\"_fadeIn_m1hgl_8\">M\u00edch\u00e1n\u00ed chov\u00e1n\u00ed<\/span> <span class=\"_fadeIn_m1hgl_8\">navr\u017eeno <\/span><span class=\"_fadeIn_m1hgl_8\">a <\/span><span class=\"_fadeIn_m1hgl_8\">poskytuje <\/span><span class=\"_fadeIn_m1hgl_8\">pro <\/span><span class=\"_fadeIn_m1hgl_8\">a <\/span><span class=\"_fadeIn_m1hgl_8\">homogenn\u00ed <\/span><span class=\"_fadeIn_m1hgl_8\">M\u00edch\u00e1n\u00ed v\u00fdsledk\u016f<\/span><span class=\"_fadeIn_m1hgl_8\"> \u2013 <\/span><span class=\"_fadeIn_m1hgl_8\">s\u00e1m <\/span><span class=\"_fadeIn_m1hgl_8\">s <\/span><span class=\"_fadeIn_m1hgl_8\">visk\u00f3zn\u00ed <\/span><span class=\"_fadeIn_m1hgl_8\">M\u00e9dia <\/span><span class=\"_fadeIn_m1hgl_8\">jako <\/span><span class=\"_fadeIn_m1hgl_8\">Pasty, <\/span><span class=\"_fadeIn_m1hgl_8\">Kr\u00e9my <\/span><span class=\"_fadeIn_m1hgl_8\">nebo <\/span><span class=\"_fadeIn_m1hgl_8\">visk\u00f3zn\u00ed <\/span><span class=\"_fadeIn_m1hgl_8\">\u0158e\u0161en\u00ed.<\/span><\/p>\n<p data-start=\"1639\" data-end=\"1670\"><span class=\"_fadeIn_m1hgl_8\">V\u00fdhody <\/span><span class=\"_fadeIn_m1hgl_8\">na adrese <\/span><span class=\"_fadeIn_m1hgl_8\">jeden <\/span><span class=\"_fadeIn_m1hgl_8\">Pohled:<\/span><\/p>\n<ul>\n<li data-start=\"1673\" data-end=\"1729\"><span class=\"_fadeIn_m1hgl_8\">Pneumatick\u00e9 <\/span><span class=\"_fadeIn_m1hgl_8\">Pohon <\/span><span class=\"_fadeIn_m1hgl_8\">s <\/span><span class=\"_fadeIn_m1hgl_8\">ATEX-<\/span><span class=\"_fadeIn_m1hgl_8\">Certifikace (<\/span><span class=\"_fadeIn_m1hgl_8\">Z\u00f3na <\/span><span class=\"_fadeIn_m1hgl_8\">1)<\/span><\/li>\n<li data-start=\"1673\" data-end=\"1729\"><span class=\"_fadeIn_m1hgl_8\">Pro <\/span><span class=\"_fadeIn_m1hgl_8\">60-<\/span><span class=\"_fadeIn_m1hgl_8\">Litr<\/span><span class=\"_fadeIn_m1hgl_8\">Sudy, <\/span><span class=\"_fadeIn_m1hgl_8\">\u00d8 <\/span><span class=\"_fadeIn_m1hgl_8\">300-<\/span><span class=\"_fadeIn_m1hgl_8\">400 mm<\/span><\/li>\n<li data-start=\"1673\" data-end=\"1729\"><span class=\"_fadeIn_m1hgl_8\">V\u0161echny <\/span><span class=\"_fadeIn_m1hgl_8\">Komponenty <\/span><span class=\"_fadeIn_m1hgl_8\">z <\/span><span class=\"_fadeIn_m1hgl_8\">V4A <\/span><span class=\"_fadeIn_m1hgl_8\">Nerezov\u00e1 ocel (<\/span><span class=\"_fadeIn_m1hgl_8\">1.4404)<\/span><\/li>\n<li data-start=\"1673\" data-end=\"1729\"><span class=\"_fadeIn_m1hgl_8\">Dva <\/span><span class=\"_fadeIn_m1hgl_8\">Up\u00ednac\u00ed za\u0159\u00edzen\u00ed <\/span><span class=\"_fadeIn_m1hgl_8\">pro <\/span><span class=\"_fadeIn_m1hgl_8\">bezpe\u010dn\u00fd <\/span><span class=\"_fadeIn_m1hgl_8\">Zastavte<\/span><\/li>\n<li data-start=\"1673\" data-end=\"1729\"><span class=\"_fadeIn_m1hgl_8\">S <\/span><span class=\"_fadeIn_m1hgl_8\">integrovan\u011bj\u0161\u00ed <\/span><span class=\"_fadeIn_m1hgl_8\">P\u0159\u00eddavn\u00e1 klapka <\/span><span class=\"_fadeIn_m1hgl_8\">a <\/span><span class=\"_fadeIn_m1hgl_8\">Bezpe\u010dnostn\u00ed m\u0159\u00ed\u017eka<\/span><\/li>\n<li data-start=\"1673\" data-end=\"1729\"><span class=\"_fadeIn_m1hgl_8\">Jemn\u00e9 <\/span><span class=\"_fadeIn_m1hgl_8\">M\u00edch\u00e1n\u00ed chov\u00e1n\u00ed <\/span><span class=\"_fadeIn_m1hgl_8\">s <\/span><span class=\"_fadeIn_m1hgl_8\">eko<\/span><span class=\"_fadeIn_m1hgl_8\">Poh\u00e1r<\/span><\/li>\n<li data-start=\"1673\" data-end=\"1729\"><span class=\"_fadeIn_m1hgl_8\">Pro <\/span><span class=\"_fadeIn_m1hgl_8\">n\u00edzk\u00e1 <\/span><span class=\"_fadeIn_m1hgl_8\">do <\/span><span class=\"_fadeIn_m1hgl_8\">vysok\u00e1 viskozita <\/span><span class=\"_fadeIn_m1hgl_8\">M\u00e9dia <\/span><span class=\"_fadeIn_m1hgl_8\">vhodn\u00e9<\/span><\/li>\n<li data-start=\"1673\" data-end=\"1729\"><span class=\"_fadeIn_m1hgl_8\">Hygienick\u00e9, <\/span><span class=\"_fadeIn_m1hgl_8\">robustn\u00ed, <\/span><span class=\"_fadeIn_m1hgl_8\">N\u00edzk\u00e9 n\u00e1roky na \u00fadr\u017ebu<\/span><\/li>\n<\/ul>","protected":false},"excerpt":{"rendered":"<p><span class=\"_fadeIn_m1hgl_8\">ATEX-<\/span><span class=\"_fadeIn_m1hgl_8\">M\u00edchadlo <\/span><span class=\"_fadeIn_m1hgl_8\">pro <\/span><span class=\"_fadeIn_m1hgl_8\">60-<\/span><span class=\"_fadeIn_m1hgl_8\">Litr<\/span><span class=\"_fadeIn_m1hgl_8\">Sudy <\/span><span class=\"_fadeIn_m1hgl_8\">s <\/span><span class=\"_fadeIn_m1hgl_8\">V4A-<\/span><span class=\"_fadeIn_m1hgl_8\">Sou\u010d\u00e1sti, <\/span><span class=\"_fadeIn_m1hgl_8\">eko<\/span><span class=\"_fadeIn_m1hgl_8\">Poh\u00e1r, <\/span><span class=\"_fadeIn_m1hgl_8\">P\u0159\u00eddavn\u00e1 klapka <\/span><span class=\"_fadeIn_m1hgl_8\">a <\/span><span class=\"_fadeIn_m1hgl_8\">Bezpe\u010dnostn\u00ed m\u0159\u00ed\u017eka <\/span><span class=\"_fadeIn_m1hgl_8\">pro <\/span><span class=\"_fadeIn_m1hgl_8\">bezpe\u010dn\u00e9, <\/span><span class=\"_fadeIn_m1hgl_8\">efektivn\u00ed <\/span><span class=\"_fadeIn_m1hgl_8\">a <\/span><span class=\"_fadeIn_m1hgl_8\">hygienick\u00e9 <\/span><span class=\"_fadeIn_m1hgl_8\">Stir <\/span><span class=\"_fadeIn_m1hgl_8\">z <\/span><span class=\"_fadeIn_m1hgl_8\">M\u00e9dia <\/span><span class=\"_fadeIn_m1hgl_8\">v\u0161echny <\/span><span class=\"_fadeIn_m1hgl_8\">Viskozity.<\/span><\/p>","protected":false},"featured_media":15443,"comment_status":"open","ping_status":"closed","template":"","meta":{"_acf_changed":false},"product_brand":[],"product_cat":[603,595],"product_tag":[2950,2951,2952,2953,2954,2955,2956,2637,2940,2947],"class_list":{"0":"post-7633","1":"product","2":"type-product","3":"status-publish","4":"has-post-thumbnail","6":"product_cat-fassruehrwerke","7":"product_cat-ruehrwerkstechnik","8":"product_tag-hygienisches-fassruehrwerk","9":"product_tag-edelstahl-ruehrwerk-300-400-mm","10":"product_tag-atex-ruehrwerk-60-liter","11":"product_tag-ruehrwerk-edelstahl-v4a","12":"product_tag-zugabeklappe-ruehrwerk","13":"product_tag-fassruehrwerk-atex-zone-1","14":"product_tag-pneumatischer-ruehrantrieb","15":"product_tag-ruehrwerk-fuer-hochviskose-medien","16":"product_tag-becherruehrorgan-eco-cup","17":"product_tag-ruehrwerk-mit-sicherheitsgitter","18":"product_shipping_class-karton-paketversand","19":"pa_antriebsart-pneumatisch","20":"pa_atex-zone-122122","21":"pa_behaeltervolumen-60-liter","22":"pa_dichtung-ptfe","23":"pa_drehmoment-4nm","24":"pa_drehzahl-0-300-1-min","25":"pa_durchmesser-ruehrwelle-16mm","26":"pa_ex-gas-ex-ii-2-g-ex-h-iic-t5-gb-x","27":"pa_ex-staub-ex-ii-2-d-ex-h-iiic-t100c-db-x","28":"pa_geeignete-fassdurchmesser-300-400mm","29":"pa_geraeuschpegel-75db","30":"pa_labs-oel-und-silikonfrei","31":"pa_laenge-ruehrwelle-ca-535mm-ab-deckeloberkante","32":"pa_material-deckel-v4a-edelstahl-1-4404","33":"pa_material-gehaeuse-aluminium-eloxiert","34":"pa_mittlerer-luftverbrauch-25l-min","35":"pa_ruehrorgan-becherruehrorgan-eco-cup-210mm","36":"pa_schutzart-ip67","37":"pa_steckverschraubung-abluft-schlauch-o10mm","38":"pa_steckverschraubung-zuluft-schlauch-o6mm","39":"pa_typ-deckelruehrwerk","40":"pa_versorgung-5-6bar","42":"first","43":"instock","44":"taxable","45":"shipping-taxable","46":"purchasable","47":"product-type-simple"},"bundled_by":[],"bundle_stock_status":"instock","bundle_stock_quantity":null,"bundle_virtual":false,"bundle_layout":"","bundle_add_to_cart_form_location":"","bundle_editable_in_cart":false,"bundle_sold_individually_context":"","bundle_item_grouping":"","bundle_min_size":"","bundle_max_size":"","bundle_price":[],"bundled_items":[],"bundle_sell_ids":[],"exclude_global_add_ons":[],"addons":[],"acf":[],"_links":{"self":[{"href":"https:\/\/ptm-mechatronics.com\/cs\/wp-json\/wp\/v2\/product\/7633","targetHints":{"allow":["GET"]}}],"collection":[{"href":"https:\/\/ptm-mechatronics.com\/cs\/wp-json\/wp\/v2\/product"}],"about":[{"href":"https:\/\/ptm-mechatronics.com\/cs\/wp-json\/wp\/v2\/types\/product"}],"replies":[{"embeddable":true,"href":"https:\/\/ptm-mechatronics.com\/cs\/wp-json\/wp\/v2\/comments?post=7633"}],"wp:featuredmedia":[{"embeddable":true,"href":"https:\/\/ptm-mechatronics.com\/cs\/wp-json\/wp\/v2\/media\/15443"}],"wp:attachment":[{"href":"https:\/\/ptm-mechatronics.com\/cs\/wp-json\/wp\/v2\/media?parent=7633"}],"wp:term":[{"taxonomy":"product_brand","embeddable":true,"href":"https:\/\/ptm-mechatronics.com\/cs\/wp-json\/wp\/v2\/product_brand?post=7633"},{"taxonomy":"product_cat","embeddable":true,"href":"https:\/\/ptm-mechatronics.com\/cs\/wp-json\/wp\/v2\/product_cat?post=7633"},{"taxonomy":"product_tag","embeddable":true,"href":"https:\/\/ptm-mechatronics.com\/cs\/wp-json\/wp\/v2\/product_tag?post=7633"}],"curies":[{"name":"wp","href":"https:\/\/api.w.org\/{rel}","templated":true}]}}