{"id":7623,"date":"2024-02-07T17:44:20","date_gmt":"2024-02-07T17:44:20","guid":{"rendered":""},"modified":"2025-11-07T15:52:13","modified_gmt":"2025-11-07T14:52:13","slug":"handruehrer-atex-eco-up-900","status":"publish","type":"product","link":"https:\/\/ptm-mechatronics.com\/cs\/product\/handruehrer-atex-eco-up-900\/","title":{"rendered":"Ru\u010dn\u00ed mix\u00e9r ATEX eco-Up 900"},"content":{"rendered":"<p data-start=\"164\" data-end=\"221\"><span class=\"_fadeIn_m1hgl_8\">Ru\u010dn\u00ed mix\u00e9r <\/span><span class=\"_fadeIn_m1hgl_8\">eko<\/span><span class=\"_fadeIn_m1hgl_8\">Nahoru - <\/span><span class=\"_fadeIn_m1hgl_8\">ergonomick\u00e9, <\/span><span class=\"_fadeIn_m1hgl_8\">siln\u00fd, <\/span><span class=\"_fadeIn_m1hgl_8\">bezpe\u010dn\u00fd<\/span><\/p>\n<p data-start=\"223\" data-end=\"575\"><span class=\"_fadeIn_m1hgl_8\">S <\/span><span class=\"_fadeIn_m1hgl_8\">na <\/span><span class=\"_fadeIn_m1hgl_8\">Ru\u010dn\u00ed mix\u00e9r <\/span><span class=\"_fadeIn_m1hgl_8\">eko<\/span><span class=\"_fadeIn_m1hgl_8\">Nahoru<\/span> <span class=\"_fadeIn_m1hgl_8\">opustit <\/span><span class=\"_fadeIn_m1hgl_8\">s\u00e1m <\/span><span class=\"_fadeIn_m1hgl_8\">kapalina <\/span><span class=\"_fadeIn_m1hgl_8\">a <\/span><span class=\"_fadeIn_m1hgl_8\">vysok\u00e1 viskozita <\/span><span class=\"_fadeIn_m1hgl_8\">L\u00e1tky<\/span> <span class=\"_fadeIn_m1hgl_8\">bezpe\u010dn\u00e9, <\/span><span class=\"_fadeIn_m1hgl_8\">V\u00fdkonn\u00fd <\/span><span class=\"_fadeIn_m1hgl_8\">a <\/span><span class=\"_fadeIn_m1hgl_8\">pohodln\u00e9 <\/span><span class=\"_fadeIn_m1hgl_8\">zam\u00edchat. <\/span><span class=\"_fadeIn_m1hgl_8\">Na str\u00e1nk\u00e1ch <\/span><span class=\"_fadeIn_m1hgl_8\">Za\u0159\u00edzen\u00ed <\/span><span class=\"_fadeIn_m1hgl_8\">byl <\/span><span class=\"_fadeIn_m1hgl_8\">zejm\u00e9na <\/span><span class=\"_fadeIn_m1hgl_8\">pro <\/span><span class=\"_fadeIn_m1hgl_8\">na <\/span><span class=\"_fadeIn_m1hgl_8\">ergonomick\u00e9 <\/span><span class=\"_fadeIn_m1hgl_8\">Obouru\u010dn\u00ed ovl\u00e1d\u00e1n\u00ed<\/span> <span class=\"_fadeIn_m1hgl_8\">navr\u017eeno <\/span><span class=\"_fadeIn_m1hgl_8\">a <\/span><span class=\"_fadeIn_m1hgl_8\">p\u0159esv\u011bd\u010den <\/span><span class=\"_fadeIn_m1hgl_8\">prost\u0159ednictv\u00edm <\/span><span class=\"_fadeIn_m1hgl_8\">jeden <\/span><span class=\"_fadeIn_m1hgl_8\">stabiln\u00ed, <\/span><span class=\"_fadeIn_m1hgl_8\">u\u017eivatelsky p\u0159\u00edv\u011btiv\u00e9 <\/span><span class=\"_fadeIn_m1hgl_8\">Zpracov\u00e1n\u00ed<\/span><span class=\"_fadeIn_m1hgl_8\"> \u2013 <\/span><span class=\"_fadeIn_m1hgl_8\">ide\u00e1ln\u00ed <\/span><span class=\"_fadeIn_m1hgl_8\">pro <\/span><span class=\"_fadeIn_m1hgl_8\">na <\/span><span class=\"_fadeIn_m1hgl_8\">Pou\u017eijte <\/span><span class=\"_fadeIn_m1hgl_8\">na adrese <\/span><span class=\"_fadeIn_m1hgl_8\">V\u00fdroba a <\/span><span class=\"_fadeIn_m1hgl_8\">Pr\u016fmysl.<\/span><\/p>\n<p data-start=\"577\" data-end=\"952\"><span class=\"_fadeIn_m1hgl_8\">D\u00edky <\/span><span class=\"_fadeIn_m1hgl_8\">o <\/span><span class=\"_fadeIn_m1hgl_8\">Ergonomick\u00e9 <\/span><span class=\"_fadeIn_m1hgl_8\">lisovan\u00e9 <\/span><span class=\"_fadeIn_m1hgl_8\">Rukojeti<\/span> <span class=\"_fadeIn_m1hgl_8\">pro <\/span><span class=\"_fadeIn_m1hgl_8\">oba <\/span><span class=\"_fadeIn_m1hgl_8\">Ruce <\/span><span class=\"_fadeIn_m1hgl_8\">je <\/span><span class=\"_fadeIn_m1hgl_8\">a <\/span><span class=\"_fadeIn_m1hgl_8\">bezpe\u010dn\u011bj\u0161\u00ed <\/span><span class=\"_fadeIn_m1hgl_8\">Stojan <\/span><span class=\"_fadeIn_m1hgl_8\">na <\/span><span class=\"_fadeIn_m1hgl_8\">Stir <\/span><span class=\"_fadeIn_m1hgl_8\">zaru\u010den\u011b. <\/span><span class=\"_fadeIn_m1hgl_8\">Na str\u00e1nk\u00e1ch <\/span><span class=\"_fadeIn_m1hgl_8\">Zved\u00e1n\u00ed, <\/span><span class=\"_fadeIn_m1hgl_8\">Podr\u017ete <\/span><span class=\"_fadeIn_m1hgl_8\">a <\/span><span class=\"_fadeIn_m1hgl_8\">Olovo <\/span><span class=\"_fadeIn_m1hgl_8\">o <\/span><span class=\"_fadeIn_m1hgl_8\">Za\u0159\u00edzen\u00ed <\/span><span class=\"_fadeIn_m1hgl_8\">se kon\u00e1 <\/span><span class=\"_fadeIn_m1hgl_8\">bez n\u00e1mahy <\/span><span class=\"_fadeIn_m1hgl_8\">a <\/span><span class=\"_fadeIn_m1hgl_8\">umo\u017e\u0148uje <\/span><span class=\"_fadeIn_m1hgl_8\">na <\/span><span class=\"_fadeIn_m1hgl_8\">U\u017eivatel\u00e9 <\/span><span class=\"_fadeIn_m1hgl_8\">jeden <\/span><span class=\"_fadeIn_m1hgl_8\">\u0159\u00edzen\u00e9, <\/span><span class=\"_fadeIn_m1hgl_8\">v\u00fdkonn\u00fd <\/span><span class=\"_fadeIn_m1hgl_8\">Pohyb<\/span><span class=\"_fadeIn_m1hgl_8\">, <\/span><span class=\"_fadeIn_m1hgl_8\">s\u00e1m <\/span><span class=\"_fadeIn_m1hgl_8\">s <\/span><span class=\"_fadeIn_m1hgl_8\">tvrd\u00fd <\/span><span class=\"_fadeIn_m1hgl_8\">M\u00e9dia. <\/span><span class=\"_fadeIn_m1hgl_8\">V pr\u016fb\u011bhu <\/span><span class=\"_fadeIn_m1hgl_8\">z\u016fst\u00e1v\u00e1 <\/span><span class=\"_fadeIn_m1hgl_8\">na <\/span><span class=\"_fadeIn_m1hgl_8\">Operace <\/span><span class=\"_fadeIn_m1hgl_8\">kdykoli <\/span><span class=\"_fadeIn_m1hgl_8\">bezpe\u010dn\u00fd <\/span><span class=\"_fadeIn_m1hgl_8\">a <\/span><span class=\"_fadeIn_m1hgl_8\">jednoduch\u00fd<\/span><span class=\"_fadeIn_m1hgl_8\">, <\/span><span class=\"_fadeIn_m1hgl_8\">bez <\/span><span class=\"_fadeIn_m1hgl_8\">na adrese <\/span><span class=\"_fadeIn_m1hgl_8\">d\u016fle\u017eit\u00e9 <\/span><span class=\"_fadeIn_m1hgl_8\">Bezpe\u010dnostn\u00ed prvky <\/span><span class=\"_fadeIn_m1hgl_8\">na <\/span><span class=\"_fadeIn_m1hgl_8\">obej\u00edt se bez n\u00ed.<\/span><\/p>\n<p data-start=\"954\" data-end=\"1186\"><span class=\"_fadeIn_m1hgl_8\">Doru\u010deno na <\/span><span class=\"_fadeIn_m1hgl_8\">se st\u00e1v\u00e1 <\/span><span class=\"_fadeIn_m1hgl_8\">na <\/span><span class=\"_fadeIn_m1hgl_8\">eko<\/span><span class=\"_fadeIn_m1hgl_8\">Nahoru <\/span><span class=\"_fadeIn_m1hgl_8\">Ru\u010dn\u00ed mix\u00e9r <\/span><span class=\"_fadeIn_m1hgl_8\">s <\/span><span class=\"_fadeIn_m1hgl_8\">jeden <\/span><span class=\"_fadeIn_m1hgl_8\">sm\u011brem dol\u016f <\/span><span class=\"_fadeIn_m1hgl_8\">\u0160roubovicov\u00e9 m\u00edchadlo<\/span><span class=\"_fadeIn_m1hgl_8\">, <\/span><span class=\"_fadeIn_m1hgl_8\">na <\/span><span class=\"_fadeIn_m1hgl_8\">jeden <\/span><span class=\"_fadeIn_m1hgl_8\">zejm\u00e9na <\/span><span class=\"_fadeIn_m1hgl_8\">efektivn\u00ed <\/span><span class=\"_fadeIn_m1hgl_8\">a <\/span><span class=\"_fadeIn_m1hgl_8\">i <\/span><span class=\"_fadeIn_m1hgl_8\">M\u00edch\u00e1n\u00ed <\/span><span class=\"_fadeIn_m1hgl_8\">nejrozmanit\u011bj\u0161\u00ed <\/span><span class=\"_fadeIn_m1hgl_8\">M\u00e9dia <\/span><span class=\"_fadeIn_m1hgl_8\">zaru\u010den\u011b - <\/span><span class=\"_fadeIn_m1hgl_8\">z <\/span><span class=\"_fadeIn_m1hgl_8\">n\u00edzk\u00e1 viskozita <\/span><span class=\"_fadeIn_m1hgl_8\">do <\/span><span class=\"_fadeIn_m1hgl_8\">vysoce visk\u00f3zn\u00ed <\/span><span class=\"_fadeIn_m1hgl_8\">Materi\u00e1ly.<\/span><\/p>\n<p data-start=\"1188\" data-end=\"1219\"><span class=\"_fadeIn_m1hgl_8\">V\u00fdhody <\/span><span class=\"_fadeIn_m1hgl_8\">na adrese <\/span><span class=\"_fadeIn_m1hgl_8\">jeden <\/span><span class=\"_fadeIn_m1hgl_8\">Pohled:<\/span><\/p>\n<ul>\n<li data-start=\"1222\" data-end=\"1270\"><span class=\"_fadeIn_m1hgl_8\">Ergonomick\u00e9 <\/span><span class=\"_fadeIn_m1hgl_8\">Obouru\u010dn\u00ed za\u0159\u00edzen\u00ed <\/span><span class=\"_fadeIn_m1hgl_8\">pro <\/span><span class=\"_fadeIn_m1hgl_8\">bezpe\u010dn\u00fd <\/span><span class=\"_fadeIn_m1hgl_8\">Stojan<\/span><\/li>\n<li data-start=\"1222\" data-end=\"1270\"><span class=\"_fadeIn_m1hgl_8\">V\u00fdkonn\u00fd <\/span><span class=\"_fadeIn_m1hgl_8\">ru\u010dn\u00ed <\/span><span class=\"_fadeIn_m1hgl_8\">Stir <\/span><span class=\"_fadeIn_m1hgl_8\">nejrozmanit\u011bj\u0161\u00ed <\/span><span class=\"_fadeIn_m1hgl_8\">M\u00e9dia<\/span><\/li>\n<li data-start=\"1222\" data-end=\"1270\"><span class=\"_fadeIn_m1hgl_8\">Ide\u00e1ln\u00ed <\/span><span class=\"_fadeIn_m1hgl_8\">pro <\/span><span class=\"_fadeIn_m1hgl_8\">vysok\u00e1 viskozita <\/span><span class=\"_fadeIn_m1hgl_8\">a <\/span><span class=\"_fadeIn_m1hgl_8\">kapalina <\/span><span class=\"_fadeIn_m1hgl_8\">L\u00e1tky<\/span><\/li>\n<li data-start=\"1222\" data-end=\"1270\"><span class=\"_fadeIn_m1hgl_8\">Jednoduch\u00e9, <\/span><span class=\"_fadeIn_m1hgl_8\">bezpe\u010dn\u00fd <\/span><span class=\"_fadeIn_m1hgl_8\">Zpracov\u00e1n\u00ed <\/span><span class=\"_fadeIn_m1hgl_8\">s <\/span><span class=\"_fadeIn_m1hgl_8\">oba <\/span><span class=\"_fadeIn_m1hgl_8\">ruce<\/span><\/li>\n<li data-start=\"1222\" data-end=\"1270\"><span class=\"_fadeIn_m1hgl_8\">Zahrnuto <\/span><span class=\"_fadeIn_m1hgl_8\">sm\u011brem dol\u016f <\/span><span class=\"_fadeIn_m1hgl_8\">\u0160roubovicov\u00e9 m\u00edchadlo<\/span><\/li>\n<li data-start=\"1222\" data-end=\"1270\"><span class=\"_fadeIn_m1hgl_8\">Mobiln\u00ed telefon, <\/span><span class=\"_fadeIn_m1hgl_8\">Flexibiln\u00ed <\/span><span class=\"_fadeIn_m1hgl_8\">a <\/span><span class=\"_fadeIn_m1hgl_8\">V\u0161estrann\u00fd <\/span><span class=\"_fadeIn_m1hgl_8\">pou\u017eiteln\u00e9<\/span><\/li>\n<li data-start=\"1222\" data-end=\"1270\"><span class=\"_fadeIn_m1hgl_8\">Vhodn\u00e9 <\/span><span class=\"_fadeIn_m1hgl_8\">pro <\/span><span class=\"_fadeIn_m1hgl_8\">V\u00fdroba<\/span> <span class=\"_fadeIn_m1hgl_8\">a <\/span><span class=\"_fadeIn_m1hgl_8\">Pr\u016fmysl<\/span><\/li>\n<\/ul>","protected":false},"excerpt":{"rendered":"<p><span class=\"_fadeIn_m1hgl_8\">E<\/span><span class=\"_fadeIn_m1hgl_8\">rgonomick\u00e9 <\/span><span class=\"_fadeIn_m1hgl_8\">Ru\u010dn\u00ed mix\u00e9r <\/span><span class=\"_fadeIn_m1hgl_8\">eko<\/span><span class=\"_fadeIn_m1hgl_8\">Nahoru <\/span><span class=\"_fadeIn_m1hgl_8\">pro <\/span><span class=\"_fadeIn_m1hgl_8\">bezpe\u010dn\u00fd <\/span><span class=\"_fadeIn_m1hgl_8\">a <\/span><span class=\"_fadeIn_m1hgl_8\">v\u00fdkonn\u00fd <\/span><span class=\"_fadeIn_m1hgl_8\">Stir <\/span><span class=\"_fadeIn_m1hgl_8\">z <\/span><span class=\"_fadeIn_m1hgl_8\">kapalina <\/span><span class=\"_fadeIn_m1hgl_8\">do <\/span><span class=\"_fadeIn_m1hgl_8\">vysoce visk\u00f3zn\u00ed <\/span><span class=\"_fadeIn_m1hgl_8\">M\u00e9dia <\/span><span class=\"_fadeIn_m1hgl_8\">na <\/span><span class=\"_fadeIn_m1hgl_8\">Obouru\u010dn\u00ed ovl\u00e1d\u00e1n\u00ed - <\/span><span class=\"_fadeIn_m1hgl_8\">inkluzivn\u00ed <\/span><span class=\"_fadeIn_m1hgl_8\">\u0160roubovicov\u00e9 m\u00edchadlo <\/span><span class=\"_fadeIn_m1hgl_8\">pro <\/span><span class=\"_fadeIn_m1hgl_8\">efektivn\u00ed <\/span><span class=\"_fadeIn_m1hgl_8\">M\u00edch\u00e1n\u00ed.<\/span><\/p>","protected":false},"featured_media":15438,"comment_status":"open","ping_status":"closed","template":"","meta":{"_acf_changed":false},"product_brand":[],"product_cat":[600,595],"product_tag":[2904,2905,2906,2907,2908,2899,2900,2901,2902,2903],"class_list":{"0":"post-7623","1":"product","2":"type-product","3":"status-publish","4":"has-post-thumbnail","6":"product_cat-handruehrer","7":"product_cat-ruehrwerkstechnik","8":"product_tag-ruehrgeraet-hochviskose-medien","9":"product_tag-ruehrgeraet-fuer-labor","10":"product_tag-handruehrer-mit-wendelruehrorgan","11":"product_tag-manuelles-ruehrwerkzeug","12":"product_tag-fluessigkeiten-manuell-ruehren","13":"product_tag-handruehrgeraet-industrie","14":"product_tag-handruehrer-eco-up","15":"product_tag-zweihandruehrer-kaufen","16":"product_tag-ergonomischer-handruehrer","17":"product_tag-manuelles-ruehrgeraet","18":"product_shipping_class-karton-paketversand","19":"pa_anschluss-schnellkupplung-nw7-2","20":"pa_antriebsart-pneumatisch","21":"pa_atex-zone-122122","22":"pa_aufnahme-fuer-ruehrorgan-m14-gewinde","23":"pa_dichtung-ptfe","24":"pa_drehmoment-8nm","25":"pa_drehzahl-0-300-1-min","26":"pa_ex-gas-ex-ii-2-g-ex-h-iic-t5-gb-x","27":"pa_ex-staub-ex-ii-2-d-ex-h-iiic-t100c-db-x","28":"pa_geraeuschpegel-75db","29":"pa_labs-oel-und-silikonfrei","30":"pa_material-gehaeuse-aluminium-eloxiert","31":"pa_mittlerer-luftverbrauch-25l-min","32":"pa_model-eco-lab-900","33":"pa_schutzart-ip67","34":"pa_versorgung-5-6bar","36":"first","37":"instock","38":"taxable","39":"shipping-taxable","40":"purchasable","41":"product-type-simple"},"bundled_by":[],"bundle_stock_status":"instock","bundle_stock_quantity":null,"bundle_virtual":false,"bundle_layout":"","bundle_add_to_cart_form_location":"","bundle_editable_in_cart":false,"bundle_sold_individually_context":"","bundle_item_grouping":"","bundle_min_size":"","bundle_max_size":"","bundle_price":[],"bundled_items":[],"bundle_sell_ids":[],"exclude_global_add_ons":[],"addons":[],"acf":[],"_links":{"self":[{"href":"https:\/\/ptm-mechatronics.com\/cs\/wp-json\/wp\/v2\/product\/7623","targetHints":{"allow":["GET"]}}],"collection":[{"href":"https:\/\/ptm-mechatronics.com\/cs\/wp-json\/wp\/v2\/product"}],"about":[{"href":"https:\/\/ptm-mechatronics.com\/cs\/wp-json\/wp\/v2\/types\/product"}],"replies":[{"embeddable":true,"href":"https:\/\/ptm-mechatronics.com\/cs\/wp-json\/wp\/v2\/comments?post=7623"}],"wp:featuredmedia":[{"embeddable":true,"href":"https:\/\/ptm-mechatronics.com\/cs\/wp-json\/wp\/v2\/media\/15438"}],"wp:attachment":[{"href":"https:\/\/ptm-mechatronics.com\/cs\/wp-json\/wp\/v2\/media?parent=7623"}],"wp:term":[{"taxonomy":"product_brand","embeddable":true,"href":"https:\/\/ptm-mechatronics.com\/cs\/wp-json\/wp\/v2\/product_brand?post=7623"},{"taxonomy":"product_cat","embeddable":true,"href":"https:\/\/ptm-mechatronics.com\/cs\/wp-json\/wp\/v2\/product_cat?post=7623"},{"taxonomy":"product_tag","embeddable":true,"href":"https:\/\/ptm-mechatronics.com\/cs\/wp-json\/wp\/v2\/product_tag?post=7623"}],"curies":[{"name":"wp","href":"https:\/\/api.w.org\/{rel}","templated":true}]}}