{"id":4330,"date":"2023-10-24T10:08:36","date_gmt":"2023-10-24T08:08:36","guid":{"rendered":"http:\/\/wp14192964.server-he.de\/?post_type=product&#038;p=4330"},"modified":"2025-11-07T15:51:52","modified_gmt":"2025-11-07T14:51:52","slug":"ibc-konfigurator","status":"publish","type":"product","link":"https:\/\/ptm-mechatronics.com\/cs\/product\/ibc-konfigurator\/","title":{"rendered":"Konfigur\u00e1tor IBC"},"content":{"rendered":"","protected":false},"excerpt":{"rendered":"","protected":false},"featured_media":15426,"comment_status":"open","ping_status":"closed","template":"","meta":{"_acf_changed":false},"product_brand":[],"product_cat":[21],"product_tag":[],"class_list":{"0":"post-4330","1":"product","2":"type-product","3":"status-publish","4":"has-post-thumbnail","6":"product_cat-unkategorisiert","8":"first","9":"instock","10":"virtual","11":"taxable","12":"purchasable","13":"product-type-bundle"},"bundled_by":[],"bundle_stock_status":"instock","bundle_stock_quantity":"","bundle_virtual":false,"bundle_layout":"default","bundle_add_to_cart_form_location":"default","bundle_editable_in_cart":true,"bundle_sold_individually_context":"product","bundle_item_grouping":"parent","bundle_min_size":"","bundle_max_size":"","bundle_price":{"price":{"min":{"incl_tax":"0.00","excl_tax":"0.00"},"max":{"incl_tax":"27634.13","excl_tax":"23221.96"}},"regular_price":{"min":{"incl_tax":"0.00","excl_tax":"0.00"},"max":{"incl_tax":"27634.13","excl_tax":"23221.96"}}},"bundled_items":[{"bundled_item_id":429,"product_id":4255,"menu_order":0,"quantity_min":1,"quantity_max":1,"quantity_default":1,"priced_individually":true,"shipped_individually":false,"override_title":false,"title":"T\u0159\u00edf\u00e1zov\u00fd motor 5 Nm 0,75 kW","override_description":false,"description":"","optional":true,"hide_thumbnail":false,"discount":"","override_variations":false,"allowed_variations":[],"override_default_variation_attributes":false,"default_variation_attributes":[],"single_product_visibility":"visible","cart_visibility":"visible","order_visibility":"visible","single_product_price_visibility":"hidden","cart_price_visibility":"visible","order_price_visibility":"hidden","stock_status":"in_stock"},{"bundled_item_id":430,"product_id":4259,"menu_order":1,"quantity_min":1,"quantity_max":1,"quantity_default":1,"priced_individually":true,"shipped_individually":false,"override_title":false,"title":"Motor se \u0161roubovou p\u0159evodovkou 32 Nm 1,5 kW","override_description":false,"description":"","optional":true,"hide_thumbnail":false,"discount":"","override_variations":false,"allowed_variations":[],"override_default_variation_attributes":false,"default_variation_attributes":[],"single_product_visibility":"visible","cart_visibility":"visible","order_visibility":"visible","single_product_price_visibility":"hidden","cart_price_visibility":"visible","order_price_visibility":"hidden","stock_status":"in_stock"},{"bundled_item_id":431,"product_id":4261,"menu_order":2,"quantity_min":1,"quantity_max":1,"quantity_default":1,"priced_individually":true,"shipped_individually":false,"override_title":false,"title":"Motor se \u0161roubovou p\u0159evodovkou 58 Nm 1,5 kW","override_description":false,"description":"","optional":true,"hide_thumbnail":false,"discount":"","override_variations":false,"allowed_variations":[],"override_default_variation_attributes":false,"default_variation_attributes":[],"single_product_visibility":"visible","cart_visibility":"visible","order_visibility":"visible","single_product_price_visibility":"hidden","cart_price_visibility":"visible","order_price_visibility":"hidden","stock_status":"in_stock"},{"bundled_item_id":432,"product_id":4263,"menu_order":3,"quantity_min":1,"quantity_max":1,"quantity_default":1,"priced_individually":true,"shipped_individually":false,"override_title":false,"title":"P\u0159\u00edruba pro odd\u011blen\u00ed z\u00f3n e-Drive ATEX 0\/1 1200 s M16","override_description":false,"description":"","optional":true,"hide_thumbnail":false,"discount":"","override_variations":false,"allowed_variations":[],"override_default_variation_attributes":false,"default_variation_attributes":[],"single_product_visibility":"visible","cart_visibility":"visible","order_visibility":"visible","single_product_price_visibility":"hidden","cart_price_visibility":"visible","order_price_visibility":"hidden","stock_status":"in_stock"},{"bundled_item_id":433,"product_id":4266,"menu_order":4,"quantity_min":1,"quantity_max":1,"quantity_default":1,"priced_individually":true,"shipped_individually":false,"override_title":false,"title":"e-Drive p\u0159\u00edruba pro odd\u011blen\u00ed z\u00f3n ATEX 0\/1 1200 s rychlov\u00fdm\u011bnn\u00fdm syst\u00e9mem V3 velk\u00e1","override_description":false,"description":"","optional":true,"hide_thumbnail":false,"discount":"","override_variations":false,"allowed_variations":[],"override_default_variation_attributes":false,"default_variation_attributes":[],"single_product_visibility":"visible","cart_visibility":"visible","order_visibility":"visible","single_product_price_visibility":"hidden","cart_price_visibility":"visible","order_price_visibility":"hidden","stock_status":"in_stock"},{"bundled_item_id":434,"product_id":4268,"menu_order":5,"quantity_min":1,"quantity_max":1,"quantity_default":1,"priced_individually":true,"shipped_individually":false,"override_title":false,"title":"P\u0159\u00edruba pro odd\u011blen\u00ed z\u00f3n e-Drive ATEX 0\/1 1600 s M16","override_description":false,"description":"","optional":true,"hide_thumbnail":false,"discount":"","override_variations":false,"allowed_variations":[],"override_default_variation_attributes":false,"default_variation_attributes":[],"single_product_visibility":"visible","cart_visibility":"visible","order_visibility":"visible","single_product_price_visibility":"hidden","cart_price_visibility":"visible","order_price_visibility":"hidden","stock_status":"in_stock"},{"bundled_item_id":435,"product_id":4270,"menu_order":6,"quantity_min":1,"quantity_max":1,"quantity_default":1,"priced_individually":true,"shipped_individually":false,"override_title":false,"title":"e-Drive p\u0159\u00edruba pro odd\u011blen\u00ed z\u00f3n ATEX 0\/1 1600 s rychlov\u00fdm\u011bnn\u00fdm syst\u00e9mem V2 small","override_description":false,"description":"","optional":true,"hide_thumbnail":false,"discount":"","override_variations":false,"allowed_variations":[],"override_default_variation_attributes":false,"default_variation_attributes":[],"single_product_visibility":"visible","cart_visibility":"visible","order_visibility":"visible","single_product_price_visibility":"hidden","cart_price_visibility":"visible","order_price_visibility":"hidden","stock_status":"in_stock"},{"bundled_item_id":436,"product_id":4264,"menu_order":7,"quantity_min":1,"quantity_max":1,"quantity_default":1,"priced_individually":true,"shipped_individually":false,"override_title":false,"title":"P\u0159\u00edruba pro odd\u011blen\u00ed z\u00f3n e-Drive ATEX 0\/1 1200 s M27","override_description":false,"description":"","optional":true,"hide_thumbnail":false,"discount":"","override_variations":false,"allowed_variations":[],"override_default_variation_attributes":false,"default_variation_attributes":[],"single_product_visibility":"visible","cart_visibility":"visible","order_visibility":"visible","single_product_price_visibility":"hidden","cart_price_visibility":"visible","order_price_visibility":"hidden","stock_status":"in_stock"},{"bundled_item_id":437,"product_id":4267,"menu_order":8,"quantity_min":1,"quantity_max":1,"quantity_default":1,"priced_individually":true,"shipped_individually":false,"override_title":false,"title":"P\u0159\u00edruba pro odd\u011blen\u00ed z\u00f3n e-Drive ATEX 0\/1 1200 s rychlov\u00fdm\u011bnn\u00fdm syst\u00e9mem V4 velk\u00e1","override_description":false,"description":"","optional":true,"hide_thumbnail":false,"discount":"","override_variations":false,"allowed_variations":[],"override_default_variation_attributes":false,"default_variation_attributes":[],"single_product_visibility":"visible","cart_visibility":"visible","order_visibility":"visible","single_product_price_visibility":"hidden","cart_price_visibility":"visible","order_price_visibility":"hidden","stock_status":"in_stock"},{"bundled_item_id":52,"product_id":3977,"menu_order":9,"quantity_min":1,"quantity_max":1,"quantity_default":1,"priced_individually":true,"shipped_individually":false,"override_title":false,"title":"Traverzov\u00fd kontejner IBC","override_description":false,"description":"","optional":true,"hide_thumbnail":false,"discount":"","override_variations":false,"allowed_variations":[],"override_default_variation_attributes":false,"default_variation_attributes":[],"single_product_visibility":"visible","cart_visibility":"visible","order_visibility":"visible","single_product_price_visibility":"hidden","cart_price_visibility":"visible","order_price_visibility":"hidden","stock_status":"in_stock"},{"bundled_item_id":53,"product_id":3996,"menu_order":10,"quantity_min":1,"quantity_max":1,"quantity_default":1,"priced_individually":true,"shipped_individually":false,"override_title":false,"title":"V\u00edko IBC light","override_description":false,"description":"","optional":true,"hide_thumbnail":false,"discount":"","override_variations":false,"allowed_variations":[],"override_default_variation_attributes":false,"default_variation_attributes":[],"single_product_visibility":"visible","cart_visibility":"visible","order_visibility":"visible","single_product_price_visibility":"hidden","cart_price_visibility":"visible","order_price_visibility":"hidden","stock_status":"in_stock"},{"bundled_item_id":54,"product_id":4009,"menu_order":11,"quantity_min":1,"quantity_max":1,"quantity_default":1,"priced_individually":true,"shipped_individually":false,"override_title":false,"title":"Trojno\u017eka eco-Station IBC","override_description":false,"description":"","optional":true,"hide_thumbnail":false,"discount":"","override_variations":false,"allowed_variations":[],"override_default_variation_attributes":false,"default_variation_attributes":[],"single_product_visibility":"visible","cart_visibility":"visible","order_visibility":"visible","single_product_price_visibility":"hidden","cart_price_visibility":"visible","order_price_visibility":"hidden","stock_status":"in_stock"},{"bundled_item_id":410,"product_id":3651,"menu_order":12,"quantity_min":1,"quantity_max":1,"quantity_default":1,"priced_individually":true,"shipped_individually":false,"override_title":false,"title":"R\u00fchrwelle f\u00fcr 600 Liter IBC mit Gewindenabe","override_description":false,"description":"","optional":true,"hide_thumbnail":false,"discount":"","override_variations":false,"allowed_variations":[],"override_default_variation_attributes":false,"default_variation_attributes":[],"single_product_visibility":"visible","cart_visibility":"visible","order_visibility":"visible","single_product_price_visibility":"hidden","cart_price_visibility":"visible","order_price_visibility":"hidden","stock_status":"in_stock"},{"bundled_item_id":66,"product_id":3693,"menu_order":13,"quantity_min":1,"quantity_max":1,"quantity_default":1,"priced_individually":true,"shipped_individually":false,"override_title":false,"title":"R\u00fchrwelle f\u00fcr 600 Liter IBC mit Schnellwechselsystem eco-Quick","override_description":false,"description":"","optional":true,"hide_thumbnail":false,"discount":"","override_variations":false,"allowed_variations":[],"override_default_variation_attributes":false,"default_variation_attributes":[],"single_product_visibility":"visible","cart_visibility":"visible","order_visibility":"visible","single_product_price_visibility":"hidden","cart_price_visibility":"visible","order_price_visibility":"hidden","stock_status":"in_stock"},{"bundled_item_id":411,"product_id":3659,"menu_order":14,"quantity_min":1,"quantity_max":1,"quantity_default":1,"priced_individually":true,"shipped_individually":false,"override_title":false,"title":"R\u00fchrwelle f\u00fcr 600 Liter IBC f\u00fcr Schnellmischer mit Gewindenabe","override_description":false,"description":"","optional":true,"hide_thumbnail":false,"discount":"","override_variations":false,"allowed_variations":[],"override_default_variation_attributes":false,"default_variation_attributes":[],"single_product_visibility":"visible","cart_visibility":"visible","order_visibility":"visible","single_product_price_visibility":"hidden","cart_price_visibility":"visible","order_price_visibility":"hidden","stock_status":"in_stock"},{"bundled_item_id":412,"product_id":3700,"menu_order":15,"quantity_min":1,"quantity_max":1,"quantity_default":1,"priced_individually":true,"shipped_individually":false,"override_title":false,"title":"R\u00fchrwelle f\u00fcr 600 Liter IBC f\u00fcr Schnellmischer mit Schnellwechselsystem eco-Quick","override_description":false,"description":"","optional":true,"hide_thumbnail":false,"discount":"","override_variations":false,"allowed_variations":[],"override_default_variation_attributes":false,"default_variation_attributes":[],"single_product_visibility":"visible","cart_visibility":"visible","order_visibility":"visible","single_product_price_visibility":"hidden","cart_price_visibility":"visible","order_price_visibility":"hidden","stock_status":"in_stock"},{"bundled_item_id":413,"product_id":3665,"menu_order":16,"quantity_min":1,"quantity_max":1,"quantity_default":1,"priced_individually":true,"shipped_individually":false,"override_title":false,"title":"R\u00fchrwelle f\u00fcr Restmengenr\u00fchrorgan 600 Liter IBC mit Gewindenabe","override_description":false,"description":"","optional":true,"hide_thumbnail":false,"discount":"","override_variations":false,"allowed_variations":[],"override_default_variation_attributes":false,"default_variation_attributes":[],"single_product_visibility":"visible","cart_visibility":"visible","order_visibility":"visible","single_product_price_visibility":"hidden","cart_price_visibility":"visible","order_price_visibility":"hidden","stock_status":"in_stock"},{"bundled_item_id":414,"product_id":3706,"menu_order":17,"quantity_min":1,"quantity_max":1,"quantity_default":1,"priced_individually":true,"shipped_individually":false,"override_title":false,"title":"R\u00fchrwelle f\u00fcr Restmengenr\u00fchrorgan f\u00fcr 600 Liter IBC mit Schnellwechselsystem eco-Quick","override_description":false,"description":"","optional":true,"hide_thumbnail":false,"discount":"","override_variations":false,"allowed_variations":[],"override_default_variation_attributes":false,"default_variation_attributes":[],"single_product_visibility":"visible","cart_visibility":"visible","order_visibility":"visible","single_product_price_visibility":"hidden","cart_price_visibility":"visible","order_price_visibility":"hidden","stock_status":"in_stock"},{"bundled_item_id":415,"product_id":3655,"menu_order":18,"quantity_min":1,"quantity_max":1,"quantity_default":1,"priced_individually":true,"shipped_individually":false,"override_title":false,"title":"R\u00fchrwelle f\u00fcr 1000 Liter IBC mit Gewindenabe","override_description":false,"description":"","optional":true,"hide_thumbnail":false,"discount":"","override_variations":false,"allowed_variations":[],"override_default_variation_attributes":false,"default_variation_attributes":[],"single_product_visibility":"visible","cart_visibility":"visible","order_visibility":"visible","single_product_price_visibility":"hidden","cart_price_visibility":"visible","order_price_visibility":"hidden","stock_status":"in_stock"},{"bundled_item_id":416,"product_id":3696,"menu_order":19,"quantity_min":1,"quantity_max":1,"quantity_default":1,"priced_individually":true,"shipped_individually":false,"override_title":false,"title":"R\u00fchrwelle f\u00fcr 1000 Liter IBC mit Schnellwechselsystem eco-Quick","override_description":false,"description":"","optional":true,"hide_thumbnail":false,"discount":"","override_variations":false,"allowed_variations":[],"override_default_variation_attributes":false,"default_variation_attributes":[],"single_product_visibility":"visible","cart_visibility":"visible","order_visibility":"visible","single_product_price_visibility":"hidden","cart_price_visibility":"visible","order_price_visibility":"hidden","stock_status":"in_stock"},{"bundled_item_id":417,"product_id":3662,"menu_order":20,"quantity_min":1,"quantity_max":1,"quantity_default":1,"priced_individually":true,"shipped_individually":false,"override_title":false,"title":"R\u00fchrwelle f\u00fcr 1000 Liter IBC f\u00fcr Schnellmischer mit Gewindenabe","override_description":false,"description":"","optional":true,"hide_thumbnail":false,"discount":"","override_variations":false,"allowed_variations":[],"override_default_variation_attributes":false,"default_variation_attributes":[],"single_product_visibility":"visible","cart_visibility":"visible","order_visibility":"visible","single_product_price_visibility":"hidden","cart_price_visibility":"visible","order_price_visibility":"hidden","stock_status":"in_stock"},{"bundled_item_id":418,"product_id":3703,"menu_order":21,"quantity_min":1,"quantity_max":1,"quantity_default":1,"priced_individually":true,"shipped_individually":false,"override_title":false,"title":"R\u00fchrwelle f\u00fcr 1000 Liter IBC f\u00fcr Schnellmischer mit Schnellwechselsystem eco-Quick","override_description":false,"description":"","optional":true,"hide_thumbnail":false,"discount":"","override_variations":false,"allowed_variations":[],"override_default_variation_attributes":false,"default_variation_attributes":[],"single_product_visibility":"visible","cart_visibility":"visible","order_visibility":"visible","single_product_price_visibility":"hidden","cart_price_visibility":"visible","order_price_visibility":"hidden","stock_status":"in_stock"},{"bundled_item_id":438,"product_id":3671,"menu_order":22,"quantity_min":1,"quantity_max":1,"quantity_default":1,"priced_individually":true,"shipped_individually":false,"override_title":false,"title":"H\u0159\u00eddel m\u00edchadla pro 1000litrov\u00fd IBC HighTorque se z\u00e1vitov\u00fdm n\u00e1bojem","override_description":false,"description":"","optional":true,"hide_thumbnail":false,"discount":"","override_variations":false,"allowed_variations":[],"override_default_variation_attributes":false,"default_variation_attributes":[],"single_product_visibility":"visible","cart_visibility":"visible","order_visibility":"visible","single_product_price_visibility":"hidden","cart_price_visibility":"visible","order_price_visibility":"hidden","stock_status":"in_stock"},{"bundled_item_id":439,"product_id":3712,"menu_order":23,"quantity_min":1,"quantity_max":1,"quantity_default":1,"priced_individually":true,"shipped_individually":false,"override_title":false,"title":"M\u00edchac\u00ed h\u0159\u00eddel pro 1000 litr\u016f IBC HighTorque s rychlov\u00fdm\u011bnn\u00fdm syst\u00e9mem eco-Quick","override_description":false,"description":"","optional":true,"hide_thumbnail":false,"discount":"","override_variations":false,"allowed_variations":[],"override_default_variation_attributes":false,"default_variation_attributes":[],"single_product_visibility":"visible","cart_visibility":"visible","order_visibility":"visible","single_product_price_visibility":"hidden","cart_price_visibility":"visible","order_price_visibility":"hidden","stock_status":"in_stock"},{"bundled_item_id":419,"product_id":3668,"menu_order":24,"quantity_min":1,"quantity_max":1,"quantity_default":1,"priced_individually":true,"shipped_individually":false,"override_title":false,"title":"R\u00fchrwelle f\u00fcr Restmengenr\u00fchrorgan 1000 Liter IBC mit Gewindenabe","override_description":false,"description":"","optional":true,"hide_thumbnail":false,"discount":"","override_variations":false,"allowed_variations":[],"override_default_variation_attributes":false,"default_variation_attributes":[],"single_product_visibility":"visible","cart_visibility":"visible","order_visibility":"visible","single_product_price_visibility":"hidden","cart_price_visibility":"visible","order_price_visibility":"hidden","stock_status":"in_stock"},{"bundled_item_id":65,"product_id":3709,"menu_order":25,"quantity_min":1,"quantity_max":1,"quantity_default":1,"priced_individually":true,"shipped_individually":false,"override_title":false,"title":"R\u00fchrwelle f\u00fcr Restmengenr\u00fchrorgan f\u00fcr 1000 Liter IBC mit Schnellwechselsystem eco-Quick","override_description":false,"description":"","optional":true,"hide_thumbnail":false,"discount":"","override_variations":false,"allowed_variations":[],"override_default_variation_attributes":false,"default_variation_attributes":[],"single_product_visibility":"visible","cart_visibility":"visible","order_visibility":"visible","single_product_price_visibility":"hidden","cart_price_visibility":"visible","order_price_visibility":"hidden","stock_status":"in_stock"},{"bundled_item_id":67,"product_id":3499,"menu_order":26,"quantity_min":1,"quantity_max":1,"quantity_default":1,"priced_individually":true,"shipped_individually":false,"override_title":false,"title":"M\u00edchadlo eco-Cup 500mm V4A s kloubem, posuvn\u00fd n\u00e1boj 25mm","override_description":false,"description":"","optional":true,"hide_thumbnail":false,"discount":"","override_variations":false,"allowed_variations":[],"override_default_variation_attributes":false,"default_variation_attributes":[],"single_product_visibility":"visible","cart_visibility":"visible","order_visibility":"visible","single_product_price_visibility":"hidden","cart_price_visibility":"visible","order_price_visibility":"hidden","stock_status":"in_stock"},{"bundled_item_id":69,"product_id":3532,"menu_order":27,"quantity_min":1,"quantity_max":1,"quantity_default":1,"priced_individually":true,"shipped_individually":false,"override_title":false,"title":"M\u00edchadlo na k\u00e1dinky eco-Disc 500mm V4A s kloubem, posuvn\u00fd n\u00e1boj 25mm","override_description":false,"description":"","optional":true,"hide_thumbnail":false,"discount":"","override_variations":false,"allowed_variations":[],"override_default_variation_attributes":false,"default_variation_attributes":[],"single_product_visibility":"visible","cart_visibility":"visible","order_visibility":"visible","single_product_price_visibility":"hidden","cart_price_visibility":"visible","order_price_visibility":"hidden","stock_status":"in_stock"}],"bundle_sell_ids":[],"exclude_global_add_ons":[],"addons":[],"acf":[],"_links":{"self":[{"href":"https:\/\/ptm-mechatronics.com\/cs\/wp-json\/wp\/v2\/product\/4330","targetHints":{"allow":["GET"]}}],"collection":[{"href":"https:\/\/ptm-mechatronics.com\/cs\/wp-json\/wp\/v2\/product"}],"about":[{"href":"https:\/\/ptm-mechatronics.com\/cs\/wp-json\/wp\/v2\/types\/product"}],"replies":[{"embeddable":true,"href":"https:\/\/ptm-mechatronics.com\/cs\/wp-json\/wp\/v2\/comments?post=4330"}],"wp:featuredmedia":[{"embeddable":true,"href":"https:\/\/ptm-mechatronics.com\/cs\/wp-json\/wp\/v2\/media\/15426"}],"wp:attachment":[{"href":"https:\/\/ptm-mechatronics.com\/cs\/wp-json\/wp\/v2\/media?parent=4330"}],"wp:term":[{"taxonomy":"product_brand","embeddable":true,"href":"https:\/\/ptm-mechatronics.com\/cs\/wp-json\/wp\/v2\/product_brand?post=4330"},{"taxonomy":"product_cat","embeddable":true,"href":"https:\/\/ptm-mechatronics.com\/cs\/wp-json\/wp\/v2\/product_cat?post=4330"},{"taxonomy":"product_tag","embeddable":true,"href":"https:\/\/ptm-mechatronics.com\/cs\/wp-json\/wp\/v2\/product_tag?post=4330"}],"curies":[{"name":"wp","href":"https:\/\/api.w.org\/{rel}","templated":true}]}}