{"id":4016,"date":"2024-02-07T17:44:43","date_gmt":"2024-02-07T17:44:43","guid":{"rendered":""},"modified":"2025-11-27T16:33:44","modified_gmt":"2025-11-27T15:33:44","slug":"drehzahlanzeige-atex-zone-1","status":"publish","type":"product","link":"https:\/\/ptm-mechatronics.com\/cs\/product\/drehzahlanzeige-atex-zone-1\/","title":{"rendered":"Zobrazen\u00ed rychlosti ATEX z\u00f3na 1"},"content":{"rendered":"<h2 data-start=\"190\" data-end=\"266\"><span style=\"font-size: 75%\">Ukazatel rychlosti pro z\u00f3nu ATEX 1 - p\u0159esn\u00fd, bezpe\u010dn\u00fd, nev\u00fdbu\u0161n\u00fd<\/span><\/h2>\n<p data-start=\"268\" data-end=\"641\">Ukazatel rychlosti pro z\u00f3nu ATEX 1 byl speci\u00e1ln\u011b vyvinut pro spolehliv\u00e9 a bezpe\u010dn\u00e9 monitorov\u00e1n\u00ed rychlosti m\u00edchadel PTM v prost\u0159ed\u00ed s nebezpe\u010d\u00edm v\u00fdbuchu. Umo\u017e\u0148uje p\u0159esn\u00e9 zobrazen\u00ed ot\u00e1\u010dek m\u00edchadla a podporuje tak p\u0159esnou kontrolu procesu i v citliv\u00fdch v\u00fdrobn\u00edch prost\u0159ed\u00edch, jako je chemick\u00fd, farmaceutick\u00fd nebo potravin\u00e1\u0159sk\u00fd pr\u016fmysl.<\/p>\n<p data-start=\"643\" data-end=\"1006\">D\u00edky sv\u00e9 robustn\u00ed a nev\u00fdbu\u0161n\u00e9 konstrukci je ukazatel rychlosti dokonale p\u0159izp\u016fsoben pro z\u00f3nu ATEX 1 a spl\u0148uje nejvy\u0161\u0161\u00ed bezpe\u010dnostn\u00ed standardy pro provoz v nebezpe\u010dn\u00fdch oblastech s nebezpe\u010d\u00edm v\u00fdbuchu plynu nebo prachu. Jednoduch\u00e1 integrace do st\u00e1vaj\u00edc\u00edch syst\u00e9m\u016f m\u00edchadel PTM zaji\u0161\u0165uje rychlou instalaci a bezprobl\u00e9mov\u00fd provoz.<\/p>\n<p data-start=\"1008\" data-end=\"1243\">Displej poskytuje p\u0159esn\u00e9 hodnoty v re\u00e1ln\u00e9m \u010dase, kter\u00e9 u\u017eivateli pom\u00e1haj\u00ed \u0159\u00eddit a optimalizovat procesy m\u00edch\u00e1n\u00ed. T\u00edm se zvy\u0161uje nejen spolehlivost procesu, ale tak\u00e9 kvalita a reprodukovatelnost v\u00fdrobk\u016f.<\/p>","protected":false},"excerpt":{"rendered":"<p>Nev\u00fdbu\u0161n\u00fd ukazatel ot\u00e1\u010dek pro z\u00f3nu ATEX 1 pro p\u0159esn\u00e9 monitorov\u00e1n\u00ed ot\u00e1\u010dek m\u00edchadel PTM pro maxim\u00e1ln\u00ed spolehlivost procesu v nebezpe\u010dn\u00e9m v\u00fdrobn\u00edm prost\u0159ed\u00ed.<\/p>","protected":false},"featured_media":15410,"comment_status":"open","ping_status":"closed","template":"","meta":{"_acf_changed":false},"product_brand":[],"product_cat":[595,596,603,612,614,1421],"product_tag":[3107,3108,3109,3110,3111,3112,3113,3114,3115,3106],"class_list":{"0":"post-4016","1":"product","2":"type-product","3":"status-publish","4":"has-post-thumbnail","6":"product_cat-ruehrwerkstechnik","7":"product_cat-laborruehrer","8":"product_cat-fassruehrwerke","9":"product_cat-kleingebinderuehrwerke","10":"product_cat-containerruehrwerke","11":"product_cat-zubehoer-ruehrwerkstechnik","12":"product_tag-atex-zone-1-anzeige","13":"product_tag-drehzahlueberwachung-ruehrwerk","14":"product_tag-explosionsgeschuetzte-anzeige","15":"product_tag-ptm-drehzahlanzeige","16":"product_tag-ruehrwerksanzeige-zone-1","17":"product_tag-drehzahlmessung-atex","18":"product_tag-prozessueberwachung-ruehrwerk","19":"product_tag-atex-drehzahlkontrolle","20":"product_tag-explosionsgeschuetztes-zubehoer-ruehrwerk","21":"product_tag-drehzahlanzeige-atex","22":"product_shipping_class-karton-paketversand","24":"first","25":"instock","26":"taxable","27":"shipping-taxable","28":"purchasable","29":"product-type-simple"},"bundled_by":[],"bundle_stock_status":"instock","bundle_stock_quantity":null,"bundle_virtual":false,"bundle_layout":"","bundle_add_to_cart_form_location":"","bundle_editable_in_cart":false,"bundle_sold_individually_context":"","bundle_item_grouping":"","bundle_min_size":"","bundle_max_size":"","bundle_price":[],"bundled_items":[],"bundle_sell_ids":[],"exclude_global_add_ons":[],"addons":[],"acf":[],"_links":{"self":[{"href":"https:\/\/ptm-mechatronics.com\/cs\/wp-json\/wp\/v2\/product\/4016","targetHints":{"allow":["GET"]}}],"collection":[{"href":"https:\/\/ptm-mechatronics.com\/cs\/wp-json\/wp\/v2\/product"}],"about":[{"href":"https:\/\/ptm-mechatronics.com\/cs\/wp-json\/wp\/v2\/types\/product"}],"replies":[{"embeddable":true,"href":"https:\/\/ptm-mechatronics.com\/cs\/wp-json\/wp\/v2\/comments?post=4016"}],"wp:featuredmedia":[{"embeddable":true,"href":"https:\/\/ptm-mechatronics.com\/cs\/wp-json\/wp\/v2\/media\/15410"}],"wp:attachment":[{"href":"https:\/\/ptm-mechatronics.com\/cs\/wp-json\/wp\/v2\/media?parent=4016"}],"wp:term":[{"taxonomy":"product_brand","embeddable":true,"href":"https:\/\/ptm-mechatronics.com\/cs\/wp-json\/wp\/v2\/product_brand?post=4016"},{"taxonomy":"product_cat","embeddable":true,"href":"https:\/\/ptm-mechatronics.com\/cs\/wp-json\/wp\/v2\/product_cat?post=4016"},{"taxonomy":"product_tag","embeddable":true,"href":"https:\/\/ptm-mechatronics.com\/cs\/wp-json\/wp\/v2\/product_tag?post=4016"}],"curies":[{"name":"wp","href":"https:\/\/api.w.org\/{rel}","templated":true}]}}