{"id":4015,"date":"2024-02-07T17:44:43","date_gmt":"2024-02-07T17:44:43","guid":{"rendered":""},"modified":"2025-11-07T15:51:36","modified_gmt":"2025-11-07T14:51:36","slug":"drehzahlanzeige-nonatex","status":"publish","type":"product","link":"https:\/\/ptm-mechatronics.com\/cs\/product\/drehzahlanzeige-nonatex\/","title":{"rendered":"Zobrazen\u00ed rychlosti jin\u00e9 ne\u017e ATEX"},"content":{"rendered":"<p data-start=\"160\" data-end=\"250\"><span class=\"_fadeIn_pfttw_8\">Zobrazen\u00ed rychlosti <\/span><span class=\"_fadeIn_pfttw_8\">pro <\/span><span class=\"_fadeIn_pfttw_8\">Agit\u00e1to\u0159i (<\/span><span class=\"_fadeIn_pfttw_8\">bez<\/span><span class=\"_fadeIn_pfttw_8\">ATEX) - <\/span><span class=\"_fadeIn_pfttw_8\">p\u0159esn\u00fd <\/span><span class=\"_fadeIn_pfttw_8\">Kontrola <\/span><span class=\"_fadeIn_pfttw_8\">pro <\/span><span class=\"_fadeIn_pfttw_8\">spolehliv\u00e9 <\/span><span class=\"_fadeIn_pfttw_8\">Procesy<\/span><\/p>\n<p data-start=\"252\" data-end=\"579\"><span class=\"_fadeIn_pfttw_8\">S <\/span><span class=\"_fadeIn_pfttw_8\">na\u0161e <\/span><span class=\"_fadeIn_pfttw_8\">Zobrazen\u00ed rychlosti <\/span><span class=\"_fadeIn_pfttw_8\">pro <\/span><span class=\"_fadeIn_pfttw_8\">Agit\u00e1to\u0159i (<\/span><span class=\"_fadeIn_pfttw_8\">ne <\/span><span class=\"_fadeIn_pfttw_8\">ATEX-<\/span><span class=\"_fadeIn_pfttw_8\">certifikovan\u00e9)<\/span> <span class=\"_fadeIn_pfttw_8\">zachovat <\/span><span class=\"_fadeIn_pfttw_8\">Vy <\/span><span class=\"_fadeIn_pfttw_8\">kdykoli <\/span><span class=\"_fadeIn_pfttw_8\">na <\/span><span class=\"_fadeIn_pfttw_8\">kompletn\u00ed <\/span><span class=\"_fadeIn_pfttw_8\">Kontrola <\/span><span class=\"_fadeIn_pfttw_8\">o <\/span><span class=\"_fadeIn_pfttw_8\">Va\u0161e <\/span><span class=\"_fadeIn_pfttw_8\">M\u00edchac\u00ed procesy. <\/span><span class=\"_fadeIn_pfttw_8\">Na str\u00e1nk\u00e1ch <\/span><span class=\"_fadeIn_pfttw_8\">Zobrazit <\/span><span class=\"_fadeIn_pfttw_8\">umo\u017e\u0148uje <\/span><span class=\"_fadeIn_pfttw_8\">jeden <\/span><span class=\"_fadeIn_pfttw_8\">p\u0159esn\u00fd <\/span><span class=\"_fadeIn_pfttw_8\">Nahr\u00e1v\u00e1n\u00ed <\/span><span class=\"_fadeIn_pfttw_8\">a <\/span><span class=\"_fadeIn_pfttw_8\">Monitorov\u00e1n\u00ed <\/span><span class=\"_fadeIn_pfttw_8\">na <\/span><span class=\"_fadeIn_pfttw_8\">Rychlost<\/span><span class=\"_fadeIn_pfttw_8\">, <\/span><span class=\"_fadeIn_pfttw_8\">p\u0159i\u010dem\u017e <\/span><span class=\"_fadeIn_pfttw_8\">Spolehlivost procesu, <\/span><span class=\"_fadeIn_pfttw_8\">Reprodukovatelnost <\/span><span class=\"_fadeIn_pfttw_8\">a <\/span><span class=\"_fadeIn_pfttw_8\">kvalita <\/span><span class=\"_fadeIn_pfttw_8\">Va\u0161e <\/span><span class=\"_fadeIn_pfttw_8\">Aplikace <\/span><span class=\"_fadeIn_pfttw_8\">rozhoduj\u00edc\u00ed <\/span><span class=\"_fadeIn_pfttw_8\">vylep\u0161en\u00fd <\/span><span class=\"_fadeIn_pfttw_8\">st\u00e1t se.<\/span><\/p>\n<p data-start=\"581\" data-end=\"918\"><span class=\"_fadeIn_pfttw_8\">Na str\u00e1nk\u00e1ch <\/span><span class=\"_fadeIn_pfttw_8\">jednoduch\u00fd <\/span><span class=\"_fadeIn_pfttw_8\">Integrace<\/span> <span class=\"_fadeIn_pfttw_8\">na adrese <\/span><span class=\"_fadeIn_pfttw_8\">st\u00e1vaj\u00edc\u00ed <\/span><span class=\"_fadeIn_pfttw_8\">M\u00edchac\u00ed syst\u00e9my <\/span><span class=\"_fadeIn_pfttw_8\">vytv\u00e1\u0159\u00ed <\/span><span class=\"_fadeIn_pfttw_8\">je <\/span><span class=\"_fadeIn_pfttw_8\">ide\u00e1ln\u00ed <\/span><span class=\"_fadeIn_pfttw_8\">pro <\/span><span class=\"_fadeIn_pfttw_8\">na <\/span><span class=\"_fadeIn_pfttw_8\">Pou\u017eijte <\/span><span class=\"_fadeIn_pfttw_8\">na adrese <\/span><span class=\"_fadeIn_pfttw_8\">Laborato\u0159e, <\/span><span class=\"_fadeIn_pfttw_8\">na <\/span><span class=\"_fadeIn_pfttw_8\">Potravin\u00e1\u0159sk\u00fd pr\u016fmysl, <\/span><span class=\"_fadeIn_pfttw_8\">na <\/span><span class=\"_fadeIn_pfttw_8\">Chemie <\/span><span class=\"_fadeIn_pfttw_8\">nebo <\/span><span class=\"_fadeIn_pfttw_8\">v <\/span><span class=\"_fadeIn_pfttw_8\">Stroj\u00edrenstv\u00ed<\/span><span class=\"_fadeIn_pfttw_8\"> \u2013 <\/span><span class=\"_fadeIn_pfttw_8\">v\u0161ude <\/span><span class=\"_fadeIn_pfttw_8\">tam, <\/span><span class=\"_fadeIn_pfttw_8\">kde <\/span><span class=\"_fadeIn_pfttw_8\">\u017e\u00e1dn\u00e9 <\/span><span class=\"_fadeIn_pfttw_8\">potenci\u00e1ln\u011b v\u00fdbu\u0161n\u00e9 <\/span><span class=\"_fadeIn_pfttw_8\">Okol\u00ed <\/span><span class=\"_fadeIn_pfttw_8\">je k dispozici. <\/span><span class=\"_fadeIn_pfttw_8\">Na str\u00e1nk\u00e1ch <\/span><span class=\"_fadeIn_pfttw_8\">digit\u00e1ln\u00ed <\/span><span class=\"_fadeIn_pfttw_8\">Zobrazit <\/span><span class=\"_fadeIn_pfttw_8\">je <\/span><span class=\"_fadeIn_pfttw_8\">p\u0159ehledn\u011b <\/span><span class=\"_fadeIn_pfttw_8\">\u010diteln\u00fd<\/span><span class=\"_fadeIn_pfttw_8\">, <\/span><span class=\"_fadeIn_pfttw_8\">Odoln\u00e9 <\/span><span class=\"_fadeIn_pfttw_8\">a <\/span><span class=\"_fadeIn_pfttw_8\">nejlep\u0161\u00ed <\/span><span class=\"_fadeIn_pfttw_8\">vhodn\u00e9 <\/span><span class=\"_fadeIn_pfttw_8\">pro <\/span><span class=\"_fadeIn_pfttw_8\">na <\/span><span class=\"_fadeIn_pfttw_8\">denn\u011b <\/span><span class=\"_fadeIn_pfttw_8\">Pr\u016fmyslov\u00e9 pou\u017eit\u00ed.<\/span><\/p>\n<p data-start=\"920\" data-end=\"951\"><span class=\"_fadeIn_pfttw_8\">V\u00fdhody <\/span><span class=\"_fadeIn_pfttw_8\">na adrese <\/span><span class=\"_fadeIn_pfttw_8\">jeden <\/span><span class=\"_fadeIn_pfttw_8\">Pohled:<\/span><\/p>\n<ul>\n<li data-start=\"954\" data-end=\"988\"><span class=\"_fadeIn_pfttw_8\">P\u0159esn\u00e9 <\/span><span class=\"_fadeIn_pfttw_8\">digit\u00e1ln\u00ed <\/span><span class=\"_fadeIn_pfttw_8\">Zobrazen\u00ed rychlosti<\/span><\/li>\n<li data-start=\"954\" data-end=\"988\"><span class=\"_fadeIn_pfttw_8\">Ide\u00e1ln\u00ed <\/span><span class=\"_fadeIn_pfttw_8\">pro <\/span><span class=\"_fadeIn_pfttw_8\">Laborato\u0159 <\/span><span class=\"_fadeIn_pfttw_8\">a <\/span><span class=\"_fadeIn_pfttw_8\">Pr\u016fmyslov\u00e9 aplikace<\/span><\/li>\n<li data-start=\"954\" data-end=\"988\"><span class=\"_fadeIn_pfttw_8\">Jednoduch\u00e9 <\/span><span class=\"_fadeIn_pfttw_8\">Integrace <\/span><span class=\"_fadeIn_pfttw_8\">na adrese <\/span><span class=\"_fadeIn_pfttw_8\">M\u00edchac\u00ed syst\u00e9my<\/span><\/li>\n<li data-start=\"954\" data-end=\"988\"><span class=\"_fadeIn_pfttw_8\">Vysok\u00e1 <\/span><span class=\"_fadeIn_pfttw_8\">Spolehlivost procesu <\/span><span class=\"_fadeIn_pfttw_8\">a <\/span><span class=\"_fadeIn_pfttw_8\">Reprodukovatelnost<\/span><\/li>\n<li data-start=\"954\" data-end=\"988\"><span class=\"_fadeIn_pfttw_8\">Odoln\u00e9, <\/span><span class=\"_fadeIn_pfttw_8\">N\u00edzk\u00e9 n\u00e1roky na \u00fadr\u017ebu <\/span><span class=\"_fadeIn_pfttw_8\">a <\/span><span class=\"_fadeIn_pfttw_8\">spolehliv\u00e9<\/span><\/li>\n<\/ul>","protected":false},"excerpt":{"rendered":"<p><span class=\"_fadeIn_pfttw_8\">D<\/span><span class=\"_fadeIn_pfttw_8\">igital <\/span><span class=\"_fadeIn_pfttw_8\">Zobrazen\u00ed rychlosti <\/span><span class=\"_fadeIn_pfttw_8\">pro <\/span><span class=\"_fadeIn_pfttw_8\">Agit\u00e1to\u0159i (<\/span><span class=\"_fadeIn_pfttw_8\">bez<\/span><span class=\"_fadeIn_pfttw_8\">ATEX), <\/span><span class=\"_fadeIn_pfttw_8\">p\u0159esn\u00fd <\/span><span class=\"_fadeIn_pfttw_8\">Monitorov\u00e1n\u00ed <\/span><span class=\"_fadeIn_pfttw_8\">na <\/span><span class=\"_fadeIn_pfttw_8\">Rychlost m\u00edch\u00e1n\u00ed <\/span><span class=\"_fadeIn_pfttw_8\">na adrese <\/span><span class=\"_fadeIn_pfttw_8\">ne <\/span><span class=\"_fadeIn_pfttw_8\">prost\u0159ed\u00ed s nebezpe\u010d\u00edm v\u00fdbuchu <\/span><span class=\"_fadeIn_pfttw_8\">oblasti, <\/span><span class=\"_fadeIn_pfttw_8\">pro <\/span><span class=\"_fadeIn_pfttw_8\">maximum <\/span><span class=\"_fadeIn_pfttw_8\">Spolehlivost procesu <\/span><span class=\"_fadeIn_pfttw_8\">a <\/span><span class=\"_fadeIn_pfttw_8\">Reprodukovatelnost, i<\/span>v\u010d. senzoru 3-vodi\u010dov\u00e9ho<\/p>","protected":false},"featured_media":15409,"comment_status":"open","ping_status":"closed","template":"","meta":{"_acf_changed":false},"product_brand":[],"product_cat":[1421,595,596,603,612,614],"product_tag":[2888,2889,2880,2881,2882,2883,2884,2885,2886,2887],"class_list":{"0":"post-4015","1":"product","2":"type-product","3":"status-publish","4":"has-post-thumbnail","6":"product_cat-zubehoer-ruehrwerkstechnik","7":"product_cat-ruehrwerkstechnik","8":"product_cat-laborruehrer","9":"product_cat-fassruehrwerke","10":"product_cat-kleingebinderuehrwerke","11":"product_cat-containerruehrwerke","12":"product_tag-anzeige-ruehrwerksdrehzahl","13":"product_tag-nicht-atex-drehzahlanzeige","14":"product_tag-rehzahlanzeige-ruehrwerk","15":"product_tag-digitale-drehzahlanzeige","16":"product_tag-drehzahlanzeige-non-atex","17":"product_tag-ruehrwerk-drehzahlmessung","18":"product_tag-prozessueberwachung-ruehrtechnik","19":"product_tag-labor-ruehrwerk-zubehoer","20":"product_tag-drehzahlkontrolle-ruehrwerk","21":"product_tag-ruehrtechnik-monitoring","22":"product_shipping_class-karton-paketversand","24":"first","25":"instock","26":"taxable","27":"shipping-taxable","28":"purchasable","29":"product-type-simple"},"bundled_by":[],"bundle_stock_status":"instock","bundle_stock_quantity":null,"bundle_virtual":false,"bundle_layout":"","bundle_add_to_cart_form_location":"","bundle_editable_in_cart":false,"bundle_sold_individually_context":"","bundle_item_grouping":"","bundle_min_size":"","bundle_max_size":"","bundle_price":[],"bundled_items":[],"bundle_sell_ids":[],"exclude_global_add_ons":[],"addons":[],"acf":[],"_links":{"self":[{"href":"https:\/\/ptm-mechatronics.com\/cs\/wp-json\/wp\/v2\/product\/4015","targetHints":{"allow":["GET"]}}],"collection":[{"href":"https:\/\/ptm-mechatronics.com\/cs\/wp-json\/wp\/v2\/product"}],"about":[{"href":"https:\/\/ptm-mechatronics.com\/cs\/wp-json\/wp\/v2\/types\/product"}],"replies":[{"embeddable":true,"href":"https:\/\/ptm-mechatronics.com\/cs\/wp-json\/wp\/v2\/comments?post=4015"}],"wp:featuredmedia":[{"embeddable":true,"href":"https:\/\/ptm-mechatronics.com\/cs\/wp-json\/wp\/v2\/media\/15409"}],"wp:attachment":[{"href":"https:\/\/ptm-mechatronics.com\/cs\/wp-json\/wp\/v2\/media?parent=4015"}],"wp:term":[{"taxonomy":"product_brand","embeddable":true,"href":"https:\/\/ptm-mechatronics.com\/cs\/wp-json\/wp\/v2\/product_brand?post=4015"},{"taxonomy":"product_cat","embeddable":true,"href":"https:\/\/ptm-mechatronics.com\/cs\/wp-json\/wp\/v2\/product_cat?post=4015"},{"taxonomy":"product_tag","embeddable":true,"href":"https:\/\/ptm-mechatronics.com\/cs\/wp-json\/wp\/v2\/product_tag?post=4015"}],"curies":[{"name":"wp","href":"https:\/\/api.w.org\/{rel}","templated":true}]}}