{"id":3991,"date":"2024-02-07T17:44:42","date_gmt":"2024-02-07T17:44:42","guid":{"rendered":""},"modified":"2025-11-07T15:51:30","modified_gmt":"2025-11-07T14:51:30","slug":"deckel-eco-cap-200-fuer-200-220-liter-fass","status":"publish","type":"product","link":"https:\/\/ptm-mechatronics.com\/cs\/product\/deckel-eco-cap-200-fuer-200-220-liter-fass\/","title":{"rendered":"V\u00edko eco-Cap 200 pro 200-220litrov\u00fd sud"},"content":{"rendered":"<h1 data-start=\"317\" data-end=\"393\"><span style=\"font-size: 75%;\"><span class=\"_fadeIn_m1hgl_8\">V\u00edko z nerezov\u00e9 oceli <\/span><span class=\"_fadeIn_m1hgl_8\">s <\/span><span class=\"_fadeIn_m1hgl_8\">Prohl\u00ed\u017een\u00ed klapky - <\/span><span class=\"_fadeIn_m1hgl_8\">bezpe\u010dn\u00e9, <\/span><span class=\"_fadeIn_m1hgl_8\">Flexibiln\u00ed <\/span><span class=\"_fadeIn_m1hgl_8\">a <\/span><span class=\"_fadeIn_m1hgl_8\">procesn\u011b orientovan\u00e9<\/span><\/span><\/h1>\n<p data-start=\"395\" data-end=\"709\"><span class=\"_fadeIn_m1hgl_8\">Na str\u00e1nk\u00e1ch <\/span><span class=\"_fadeIn_m1hgl_8\">vysok\u00e1 kvalita <\/span><span class=\"_fadeIn_m1hgl_8\">V\u00edko <\/span><span class=\"_fadeIn_m1hgl_8\">z <\/span><span class=\"_fadeIn_m1hgl_8\">V4A <\/span><span class=\"_fadeIn_m1hgl_8\">Nerezov\u00e1 ocel (<\/span><span class=\"_fadeIn_m1hgl_8\">1.4404)<\/span> <span class=\"_fadeIn_m1hgl_8\">byl <\/span><span class=\"_fadeIn_m1hgl_8\">zejm\u00e9na <\/span><span class=\"_fadeIn_m1hgl_8\">pro <\/span><span class=\"_fadeIn_m1hgl_8\">na <\/span><span class=\"_fadeIn_m1hgl_8\">bezpe\u010dn\u00fd <\/span><span class=\"_fadeIn_m1hgl_8\">Ob\u00e1lka <\/span><span class=\"_fadeIn_m1hgl_8\">z <\/span><span class=\"_fadeIn_m1hgl_8\">Sudy <\/span><span class=\"_fadeIn_m1hgl_8\">a <\/span><span class=\"_fadeIn_m1hgl_8\">kontejnery <\/span><span class=\"_fadeIn_m1hgl_8\">s <\/span><span class=\"_fadeIn_m1hgl_8\">jeden <\/span><span class=\"_fadeIn_m1hgl_8\">Pr\u016fm\u011br <\/span><span class=\"_fadeIn_m1hgl_8\">z <\/span><span class=\"_fadeIn_m1hgl_8\">500 <\/span><span class=\"_fadeIn_m1hgl_8\">do <\/span><span class=\"_fadeIn_m1hgl_8\">600 mm<\/span> <span class=\"_fadeIn_m1hgl_8\">vyvinut\u00fd. <\/span><span class=\"_fadeIn_m1hgl_8\">Jeho <\/span><span class=\"_fadeIn_m1hgl_8\">robustn\u00ed <\/span><span class=\"_fadeIn_m1hgl_8\">a <\/span><span class=\"_fadeIn_m1hgl_8\">hygienick\u00e9 <\/span><span class=\"_fadeIn_m1hgl_8\">Zp\u016fsob konstrukce <\/span><span class=\"_fadeIn_m1hgl_8\">vytv\u00e1\u0159\u00ed <\/span><span class=\"_fadeIn_m1hgl_8\">ho <\/span><span class=\"_fadeIn_m1hgl_8\">ide\u00e1ln\u00ed <\/span><span class=\"_fadeIn_m1hgl_8\">pro <\/span><span class=\"_fadeIn_m1hgl_8\">Aplikace <\/span><span class=\"_fadeIn_m1hgl_8\">na adrese <\/span><span class=\"_fadeIn_m1hgl_8\">na <\/span><span class=\"_fadeIn_m1hgl_8\">Potraviny, <\/span><span class=\"_fadeIn_m1hgl_8\">Farmaceutick\u00e9 p\u0159\u00edpravky, <\/span><span class=\"_fadeIn_m1hgl_8\">Kosmetika <\/span><span class=\"_fadeIn_m1hgl_8\">a <\/span><span class=\"_fadeIn_m1hgl_8\">Chemick\u00fd pr\u016fmysl<\/span><span class=\"_fadeIn_m1hgl_8\">.<\/span><\/p>\n<p data-start=\"711\" data-end=\"1189\"><span class=\"_fadeIn_m1hgl_8\">Vybaven\u00ed <\/span><span class=\"_fadeIn_m1hgl_8\">s <\/span><span class=\"_fadeIn_m1hgl_8\">dva <\/span><span class=\"_fadeIn_m1hgl_8\">nastaviteln\u00fd <\/span><span class=\"_fadeIn_m1hgl_8\">Up\u00ednac\u00ed za\u0159\u00edzen\u00ed<\/span><span class=\"_fadeIn_m1hgl_8\">, <\/span><span class=\"_fadeIn_m1hgl_8\">listy <\/span><span class=\"_fadeIn_m1hgl_8\">s\u00e1m <\/span><span class=\"_fadeIn_m1hgl_8\">na <\/span><span class=\"_fadeIn_m1hgl_8\">V\u00edko <\/span><span class=\"_fadeIn_m1hgl_8\">rychle <\/span><span class=\"_fadeIn_m1hgl_8\">a <\/span><span class=\"_fadeIn_m1hgl_8\">bezpe\u010dn\u00fd <\/span><span class=\"_fadeIn_m1hgl_8\">na adrese <\/span><span class=\"_fadeIn_m1hgl_8\">r\u016fzn\u00e9 <\/span><span class=\"_fadeIn_m1hgl_8\">Velikosti kontejner\u016f <\/span><span class=\"_fadeIn_m1hgl_8\">opravit - <\/span><span class=\"_fadeIn_m1hgl_8\">cel\u00fd <\/span><span class=\"_fadeIn_m1hgl_8\">bez <\/span><span class=\"_fadeIn_m1hgl_8\">N\u00e1stroj. <\/span><span class=\"_fadeIn_m1hgl_8\">A <\/span><span class=\"_fadeIn_m1hgl_8\">speci\u00e1ln\u00ed <\/span><span class=\"_fadeIn_m1hgl_8\">Zv\u00fdrazn\u011bn\u00ed <\/span><span class=\"_fadeIn_m1hgl_8\">je <\/span><span class=\"_fadeIn_m1hgl_8\">na <\/span><span class=\"_fadeIn_m1hgl_8\">integrovan\u00fd <\/span><span class=\"_fadeIn_m1hgl_8\">\u00bc-<\/span><span class=\"_fadeIn_m1hgl_8\">Zobrazen\u00ed klapky <\/span><span class=\"_fadeIn_m1hgl_8\">s <\/span><span class=\"_fadeIn_m1hgl_8\">Bezpe\u010dnostn\u00ed m\u0159\u00ed\u017eka<\/span><span class=\"_fadeIn_m1hgl_8\">, <\/span><span class=\"_fadeIn_m1hgl_8\">na <\/span><span class=\"_fadeIn_m1hgl_8\">jeden <\/span><span class=\"_fadeIn_m1hgl_8\">bezpe\u010dn\u00fd <\/span><span class=\"_fadeIn_m1hgl_8\">vizu\u00e1ln\u00ed <\/span><span class=\"_fadeIn_m1hgl_8\">\u0158\u00edzen\u00ed procesu <\/span><span class=\"_fadeIn_m1hgl_8\">umo\u017en\u011bno, <\/span><span class=\"_fadeIn_m1hgl_8\">bez <\/span><span class=\"_fadeIn_m1hgl_8\">na <\/span><span class=\"_fadeIn_m1hgl_8\">V\u00edko <\/span><span class=\"_fadeIn_m1hgl_8\">Odstran\u011bn\u00ed str\u00e1nky <\/span><span class=\"_fadeIn_m1hgl_8\">na <\/span><span class=\"_fadeIn_m1hgl_8\">mus\u00ed. <\/span><span class=\"_fadeIn_m1hgl_8\">Tak\u017ee <\/span><span class=\"_fadeIn_m1hgl_8\">opustit <\/span><span class=\"_fadeIn_m1hgl_8\">s\u00e1m <\/span><span class=\"_fadeIn_m1hgl_8\">Sm\u00ed\u0161en\u00e9 <\/span><span class=\"_fadeIn_m1hgl_8\">nebo <\/span><span class=\"_fadeIn_m1hgl_8\">Procesy m\u00edch\u00e1n\u00ed <\/span><span class=\"_fadeIn_m1hgl_8\">pohodln\u00fd <\/span><span class=\"_fadeIn_m1hgl_8\">monitor, <\/span><span class=\"_fadeIn_m1hgl_8\">zat\u00edmco <\/span><span class=\"_fadeIn_m1hgl_8\">sou\u010dasn\u011b <\/span><span class=\"_fadeIn_m1hgl_8\">na <\/span><span class=\"_fadeIn_m1hgl_8\">Ochrana <\/span><span class=\"_fadeIn_m1hgl_8\">p\u0159ed <\/span><span class=\"_fadeIn_m1hgl_8\">pohybliv\u00e9 <\/span><span class=\"_fadeIn_m1hgl_8\">Sd\u00edlet <\/span><span class=\"_fadeIn_m1hgl_8\">zaru\u010den\u00e9 <\/span><span class=\"_fadeIn_m1hgl_8\">poz\u016fstatky.<\/span><\/p>\n<p data-start=\"1191\" data-end=\"1222\"><span class=\"_fadeIn_m1hgl_8\">V\u00fdhody <\/span><span class=\"_fadeIn_m1hgl_8\">na adrese <\/span><span class=\"_fadeIn_m1hgl_8\">jeden <\/span><span class=\"_fadeIn_m1hgl_8\">Pohled:<\/span><\/p>\n<ul>\n<li data-start=\"1225\" data-end=\"1266\"><span class=\"_fadeIn_m1hgl_8\">Z <\/span><span class=\"_fadeIn_m1hgl_8\">vysok\u00e1 kvalita <\/span><span class=\"_fadeIn_m1hgl_8\">V4A <\/span><span class=\"_fadeIn_m1hgl_8\">Nerezov\u00e1 ocel (<\/span><span class=\"_fadeIn_m1hgl_8\">1.4404)<\/span><\/li>\n<li data-start=\"1225\" data-end=\"1266\"><span class=\"_fadeIn_m1hgl_8\">Rozsah up\u00edn\u00e1n\u00ed <\/span><span class=\"_fadeIn_m1hgl_8\">pro <\/span><span class=\"_fadeIn_m1hgl_8\">500-<\/span><span class=\"_fadeIn_m1hgl_8\">600 mm <\/span><span class=\"_fadeIn_m1hgl_8\">Pr\u016fm\u011br<\/span><\/li>\n<li data-start=\"1225\" data-end=\"1266\"><span class=\"_fadeIn_m1hgl_8\">Dva <\/span><span class=\"_fadeIn_m1hgl_8\">Up\u00ednac\u00ed za\u0159\u00edzen\u00ed <\/span><span class=\"_fadeIn_m1hgl_8\">pro <\/span><span class=\"_fadeIn_m1hgl_8\">pevn\u00e9 <\/span><span class=\"_fadeIn_m1hgl_8\">Zastavte<\/span><\/li>\n<li data-start=\"1225\" data-end=\"1266\"><span class=\"_fadeIn_m1hgl_8\">S <\/span><span class=\"_fadeIn_m1hgl_8\">integrovan\u00e1 \u00bc-<\/span><span class=\"_fadeIn_m1hgl_8\">Zobrazen\u00ed klapky<\/span><\/li>\n<li data-start=\"1225\" data-end=\"1266\"><span class=\"_fadeIn_m1hgl_8\">Bezpe\u010dnostn\u00ed m\u0159\u00ed\u017eka <\/span><span class=\"_fadeIn_m1hgl_8\">pro <\/span><span class=\"_fadeIn_m1hgl_8\">Ochrana <\/span><span class=\"_fadeIn_m1hgl_8\">s <\/span><span class=\"_fadeIn_m1hgl_8\">b\u011bh <\/span><span class=\"_fadeIn_m1hgl_8\">Operace<\/span><\/li>\n<li data-start=\"1225\" data-end=\"1266\"><span class=\"_fadeIn_m1hgl_8\">Hygienick\u00e9 <\/span><span class=\"_fadeIn_m1hgl_8\">a <\/span><span class=\"_fadeIn_m1hgl_8\">sv\u011btlo <\/span><span class=\"_fadeIn_m1hgl_8\">na <\/span><span class=\"_fadeIn_m1hgl_8\">\u010dist\u00fd<\/span><\/li>\n<li data-start=\"1225\" data-end=\"1266\"><span class=\"_fadeIn_m1hgl_8\">Ide\u00e1ln\u00ed <\/span><span class=\"_fadeIn_m1hgl_8\">pro <\/span><span class=\"_fadeIn_m1hgl_8\">V\u00fdroba, <\/span><span class=\"_fadeIn_m1hgl_8\">Laborato\u0159 <\/span><span class=\"_fadeIn_m1hgl_8\">a <\/span><span class=\"_fadeIn_m1hgl_8\">Procesy m\u00edch\u00e1n\u00ed<\/span><\/li>\n<li data-start=\"1225\" data-end=\"1266\"><span class=\"_fadeIn_m1hgl_8\">Mont\u00e1\u017e <\/span><span class=\"_fadeIn_m1hgl_8\">pro <\/span><span class=\"_fadeIn_m1hgl_8\">r\u016fzn\u00e9 <\/span><span class=\"_fadeIn_m1hgl_8\">Sud <\/span><span class=\"_fadeIn_m1hgl_8\">a <\/span><span class=\"_fadeIn_m1hgl_8\">Velikosti kontejner\u016f<\/span><\/li>\n<\/ul>","protected":false},"excerpt":{"rendered":"<p><span class=\"_fadeIn_m1hgl_8\">V4A-<\/span><span class=\"_fadeIn_m1hgl_8\">V\u00edko z nerezov\u00e9 oceli <\/span><span class=\"_fadeIn_m1hgl_8\">s <\/span><span class=\"_fadeIn_m1hgl_8\">Up\u00ednac\u00ed za\u0159\u00edzen\u00ed <\/span><span class=\"_fadeIn_m1hgl_8\">pro <\/span><span class=\"_fadeIn_m1hgl_8\">Sudy <\/span><span class=\"_fadeIn_m1hgl_8\">s <\/span><span class=\"_fadeIn_m1hgl_8\">500-<\/span><span class=\"_fadeIn_m1hgl_8\">600 mm <\/span><span class=\"_fadeIn_m1hgl_8\">(sudy o objemu 200-220 litr\u016f),<\/span><span class=\"_fadeIn_m1hgl_8\"> s <\/span><span class=\"_fadeIn_m1hgl_8\">integrovan\u00e1 \u00bc-<\/span><span class=\"_fadeIn_m1hgl_8\">Zobrazen\u00ed klapky <\/span><span class=\"_fadeIn_m1hgl_8\">s <\/span><span class=\"_fadeIn_m1hgl_8\">Bezpe\u010dnostn\u00ed m\u0159\u00ed\u017eka <\/span><span class=\"_fadeIn_m1hgl_8\">na <\/span><span class=\"_fadeIn_m1hgl_8\">bezpe\u010dn\u00fd <\/span><span class=\"_fadeIn_m1hgl_8\">Monitorov\u00e1n\u00ed proces\u016f.<\/span><\/p>","protected":false},"featured_media":15398,"comment_status":"open","ping_status":"closed","template":"","meta":{"_acf_changed":false},"product_brand":[],"product_cat":[603,594,595],"product_tag":[2914,2915,2916,2917,2918,2909,2910,2911,2912,2913],"class_list":{"0":"post-3991","1":"product","2":"type-product","3":"status-publish","4":"has-post-thumbnail","6":"product_cat-fassruehrwerke","7":"product_cat-zubehoer","8":"product_cat-ruehrwerkstechnik","9":"product_tag-ruehrwerksdeckel-mit-klappe","10":"product_tag-hygienischer-fassdeckel","11":"product_tag-sichtkontrolle-ruehrprozess","12":"product_tag-spannvorrichtung-deckel-edelstahl","13":"product_tag-deckel-fuer-grosse-behaelter","14":"product_tag-edelstahldeckel-500-600-mm","15":"product_tag-deckel-mit-sichtklappe","16":"product_tag-deckel-mit-sicherheitsgitter","17":"product_tag-v4a-deckel-ruehrwerk","18":"product_tag-edelstahl-deckel-industrie","19":"product_shipping_class-karton-paketversand","20":"pa_behaeltervolumen-200-liter","21":"pa_mgl-fassdurchmesser-500-600mm","23":"first","24":"instock","25":"taxable","26":"shipping-taxable","27":"purchasable","28":"product-type-simple"},"bundled_by":["4312"],"bundle_stock_status":"instock","bundle_stock_quantity":null,"bundle_virtual":false,"bundle_layout":"","bundle_add_to_cart_form_location":"","bundle_editable_in_cart":false,"bundle_sold_individually_context":"","bundle_item_grouping":"","bundle_min_size":"","bundle_max_size":"","bundle_price":[],"bundled_items":[],"bundle_sell_ids":[],"exclude_global_add_ons":[],"addons":[],"acf":[],"_links":{"self":[{"href":"https:\/\/ptm-mechatronics.com\/cs\/wp-json\/wp\/v2\/product\/3991","targetHints":{"allow":["GET"]}}],"collection":[{"href":"https:\/\/ptm-mechatronics.com\/cs\/wp-json\/wp\/v2\/product"}],"about":[{"href":"https:\/\/ptm-mechatronics.com\/cs\/wp-json\/wp\/v2\/types\/product"}],"replies":[{"embeddable":true,"href":"https:\/\/ptm-mechatronics.com\/cs\/wp-json\/wp\/v2\/comments?post=3991"}],"wp:featuredmedia":[{"embeddable":true,"href":"https:\/\/ptm-mechatronics.com\/cs\/wp-json\/wp\/v2\/media\/15398"}],"wp:attachment":[{"href":"https:\/\/ptm-mechatronics.com\/cs\/wp-json\/wp\/v2\/media?parent=3991"}],"wp:term":[{"taxonomy":"product_brand","embeddable":true,"href":"https:\/\/ptm-mechatronics.com\/cs\/wp-json\/wp\/v2\/product_brand?post=3991"},{"taxonomy":"product_cat","embeddable":true,"href":"https:\/\/ptm-mechatronics.com\/cs\/wp-json\/wp\/v2\/product_cat?post=3991"},{"taxonomy":"product_tag","embeddable":true,"href":"https:\/\/ptm-mechatronics.com\/cs\/wp-json\/wp\/v2\/product_tag?post=3991"}],"curies":[{"name":"wp","href":"https:\/\/api.w.org\/{rel}","templated":true}]}}