{"id":3977,"date":"2024-02-07T17:44:42","date_gmt":"2024-02-07T17:44:42","guid":{"rendered":""},"modified":"2025-11-27T16:32:24","modified_gmt":"2025-11-27T15:32:24","slug":"traverse-ibc-container","status":"publish","type":"product","link":"https:\/\/ptm-mechatronics.com\/cs\/product\/traverse-ibc-container\/","title":{"rendered":"Traverzov\u00fd kontejner IBC"},"content":{"rendered":"<p>P\u0159\u00ed\u010dka je vyrobena z vysoce kvalitn\u00ed nerezov\u00e9 oceli V4A 1.4404. M\u00e1 dv\u011b up\u00ednac\u00ed za\u0159\u00edzen\u00ed pro bezpe\u010dn\u00e9 p\u0159ipevn\u011bn\u00ed ke kontejneru IBC. Zcela zakr\u00fdv\u00e1 otvory DN160 a 225. P\u0159\u00ed\u010dn\u00edk m\u00e1 na obou stran\u00e1ch dv\u011b op\u011brn\u00e9 dr\u00e1\u017eky. Vnit\u0159n\u00ed op\u011brn\u00e1 dr\u00e1\u017eka (vzd\u00e1len\u00e1 od sebe 750 mm) je ur\u010dena pro IBC kontejnery o objemu 300, 600 a 800 litr\u016f, vn\u011bj\u0161\u00ed dr\u00e1\u017eka (vzd\u00e1len\u00e1 od sebe 960 mm) pro IBC kontejnery o objemu 1 000 a 1 200 litr\u016f. Tento p\u0159\u00ed\u010dn\u00edk tedy pokr\u00fdv\u00e1 v\u0161echny standardn\u00ed kontejnery IBC.<\/p>","protected":false},"excerpt":{"rendered":"<p>P\u0159\u00ed\u010dn\u00edk z vysoce kvalitn\u00ed nerezov\u00e9 oceli V4A 1.4404 pro kontejnery IBC<\/p>","protected":false},"featured_media":15396,"comment_status":"open","ping_status":"closed","template":"","meta":{"_acf_changed":false},"product_brand":[],"product_cat":[594,595,614],"product_tag":[],"class_list":{"0":"post-3977","1":"product","2":"type-product","3":"status-publish","4":"has-post-thumbnail","6":"product_cat-zubehoer","7":"product_cat-ruehrwerkstechnik","8":"product_cat-containerruehrwerke","9":"product_shipping_class-karton-paketversand","10":"pa_auflageabstand-gross-960mm","11":"pa_auflageabstand-klein-750mm","12":"pa_behaeltervolumen-ibc","13":"pa_breite-290mm","14":"pa_laenge-1020mm","16":"first","17":"instock","18":"taxable","19":"shipping-taxable","20":"purchasable","21":"product-type-simple"},"bundled_by":["4330"],"bundle_stock_status":"instock","bundle_stock_quantity":null,"bundle_virtual":false,"bundle_layout":"","bundle_add_to_cart_form_location":"","bundle_editable_in_cart":false,"bundle_sold_individually_context":"","bundle_item_grouping":"","bundle_min_size":"","bundle_max_size":"","bundle_price":[],"bundled_items":[],"bundle_sell_ids":[],"exclude_global_add_ons":[],"addons":[],"acf":[],"_links":{"self":[{"href":"https:\/\/ptm-mechatronics.com\/cs\/wp-json\/wp\/v2\/product\/3977","targetHints":{"allow":["GET"]}}],"collection":[{"href":"https:\/\/ptm-mechatronics.com\/cs\/wp-json\/wp\/v2\/product"}],"about":[{"href":"https:\/\/ptm-mechatronics.com\/cs\/wp-json\/wp\/v2\/types\/product"}],"replies":[{"embeddable":true,"href":"https:\/\/ptm-mechatronics.com\/cs\/wp-json\/wp\/v2\/comments?post=3977"}],"wp:featuredmedia":[{"embeddable":true,"href":"https:\/\/ptm-mechatronics.com\/cs\/wp-json\/wp\/v2\/media\/15396"}],"wp:attachment":[{"href":"https:\/\/ptm-mechatronics.com\/cs\/wp-json\/wp\/v2\/media?parent=3977"}],"wp:term":[{"taxonomy":"product_brand","embeddable":true,"href":"https:\/\/ptm-mechatronics.com\/cs\/wp-json\/wp\/v2\/product_brand?post=3977"},{"taxonomy":"product_cat","embeddable":true,"href":"https:\/\/ptm-mechatronics.com\/cs\/wp-json\/wp\/v2\/product_cat?post=3977"},{"taxonomy":"product_tag","embeddable":true,"href":"https:\/\/ptm-mechatronics.com\/cs\/wp-json\/wp\/v2\/product_tag?post=3977"}],"curies":[{"name":"wp","href":"https:\/\/api.w.org\/{rel}","templated":true}]}}