{"id":3973,"date":"2024-02-07T17:44:42","date_gmt":"2024-02-07T17:44:42","guid":{"rendered":""},"modified":"2025-11-07T15:51:28","modified_gmt":"2025-11-07T14:51:28","slug":"traverse-fuer-200-liter-fass","status":"publish","type":"product","link":"https:\/\/ptm-mechatronics.com\/cs\/product\/traverse-fuer-200-liter-fass\/","title":{"rendered":"Traverza pro 200litrov\u00fd sud"},"content":{"rendered":"<p>P\u0159\u00ed\u010dka je vyrobena z vysoce kvalitn\u00ed nerezov\u00e9 oceli V4A 1.4404. M\u00e1 dv\u011b up\u00ednac\u00ed za\u0159\u00edzen\u00ed pro bezpe\u010dn\u00e9 upevn\u011bn\u00ed k bubnu. D\u00edky flexibiln\u00edm up\u00ednac\u00edm za\u0159\u00edzen\u00edm m\u00e1 zvedac\u00ed nosn\u00edk rozsah nastaven\u00ed pro bubny o pr\u016fm\u011bru 460 a\u017e 640 mm.<\/p>","protected":false},"excerpt":{"rendered":"<p>P\u0159\u00ed\u010dn\u00fd nosn\u00edk z vysoce kvalitn\u00ed nerezov\u00e9 oceli V4A 1.4404 pro 200litrov\u00e9 sudy<\/p>","protected":false},"featured_media":15394,"comment_status":"open","ping_status":"closed","template":"","meta":{"_acf_changed":false},"product_brand":[],"product_cat":[594,595,603],"product_tag":[],"class_list":{"0":"post-3973","1":"product","2":"type-product","3":"status-publish","4":"has-post-thumbnail","6":"product_cat-zubehoer","7":"product_cat-ruehrwerkstechnik","8":"product_cat-fassruehrwerke","9":"product_shipping_class-karton-paketversand","10":"pa_behaeltervolumen-200-liter","11":"pa_breite-180mm","12":"pa_hoehe-20mm","13":"pa_laenge-650mm","14":"pa_mgl-fassdurchmesser-460-640mm","16":"first","17":"instock","18":"taxable","19":"shipping-taxable","20":"purchasable","21":"product-type-simple"},"bundled_by":["4312"],"bundle_stock_status":"instock","bundle_stock_quantity":null,"bundle_virtual":false,"bundle_layout":"","bundle_add_to_cart_form_location":"","bundle_editable_in_cart":false,"bundle_sold_individually_context":"","bundle_item_grouping":"","bundle_min_size":"","bundle_max_size":"","bundle_price":[],"bundled_items":[],"bundle_sell_ids":[],"exclude_global_add_ons":[],"addons":[],"acf":[],"_links":{"self":[{"href":"https:\/\/ptm-mechatronics.com\/cs\/wp-json\/wp\/v2\/product\/3973","targetHints":{"allow":["GET"]}}],"collection":[{"href":"https:\/\/ptm-mechatronics.com\/cs\/wp-json\/wp\/v2\/product"}],"about":[{"href":"https:\/\/ptm-mechatronics.com\/cs\/wp-json\/wp\/v2\/types\/product"}],"replies":[{"embeddable":true,"href":"https:\/\/ptm-mechatronics.com\/cs\/wp-json\/wp\/v2\/comments?post=3973"}],"wp:featuredmedia":[{"embeddable":true,"href":"https:\/\/ptm-mechatronics.com\/cs\/wp-json\/wp\/v2\/media\/15394"}],"wp:attachment":[{"href":"https:\/\/ptm-mechatronics.com\/cs\/wp-json\/wp\/v2\/media?parent=3973"}],"wp:term":[{"taxonomy":"product_brand","embeddable":true,"href":"https:\/\/ptm-mechatronics.com\/cs\/wp-json\/wp\/v2\/product_brand?post=3973"},{"taxonomy":"product_cat","embeddable":true,"href":"https:\/\/ptm-mechatronics.com\/cs\/wp-json\/wp\/v2\/product_cat?post=3973"},{"taxonomy":"product_tag","embeddable":true,"href":"https:\/\/ptm-mechatronics.com\/cs\/wp-json\/wp\/v2\/product_tag?post=3973"}],"curies":[{"name":"wp","href":"https:\/\/api.w.org\/{rel}","templated":true}]}}