{"id":3963,"date":"2024-02-07T17:44:42","date_gmt":"2024-02-07T17:44:42","guid":{"rendered":""},"modified":"2026-02-03T10:31:50","modified_gmt":"2026-02-03T09:31:50","slug":"anschlusset-mit-filterregler-und-manometer-fuer-ptm-antriebe-lebensmittelkonform","status":"publish","type":"product","link":"https:\/\/ptm-mechatronics.com\/cs\/product\/anschlusset-mit-filterregler-und-manometer-fuer-ptm-antriebe-lebensmittelkonform\/","title":{"rendered":"P\u0159ipojovac\u00ed sada s regul\u00e1torem filtru a manometrem pro pohony PTM, vhodn\u00e1 pro potraviny"},"content":{"rendered":"<p data-start=\"248\" data-end=\"343\">P\u0159ipojovac\u00ed sada pro potraviny s regul\u00e1torem filtru a manometrem - kompletn\u00ed, bezpe\u010dn\u00e1, hygienick\u00e1<\/p>\n<p data-start=\"345\" data-end=\"744\">P\u0159ipojovac\u00ed sada bezpe\u010dn\u00e1 pro potraviny s regul\u00e1torem filtru a manometrem je kompletn\u011b sestaven\u00fd modul p\u0159\u00edvodu vzduchu, kter\u00fd obsahuje v\u0161echny pot\u0159ebn\u00e9 komponenty pro bezpe\u010dn\u00e9 a hygienick\u00e9 p\u0159ipojen\u00ed pohon\u016f PTM k syst\u00e9mu stla\u010den\u00e9ho vzduchu. Obsahuje sadu hadic vyhovuj\u00edc\u00ed po\u017eadavk\u016fm FDA, uzav\u00edrac\u00ed ventil a \u00fadr\u017ebovou jednotku s filtrem, regul\u00e1torem tlaku a manometrem.<\/p>\n<p data-start=\"746\" data-end=\"1161\">Integrovan\u00fd regul\u00e1tor filtru spolehliv\u011b \u010dist\u00ed stla\u010den\u00fd vzduch od ne\u010distot a vlhkosti a manometr umo\u017e\u0148uje p\u0159esnou kontrolu tlaku vzduchu. D\u00edky sad\u011b hadic vyhovuj\u00edc\u00ed po\u017eadavk\u016fm FDA je tento modul pro p\u0159\u00edvod vzduchu ur\u010den pro pou\u017eit\u00ed v hygienicky citliv\u00fdch oblastech, jako je potravin\u00e1\u0159sk\u00fd, farmaceutick\u00fd a kosmetick\u00fd pr\u016fmysl.<\/p>\n<p data-start=\"1163\" data-end=\"1343\">P\u0159ipojovac\u00ed modul je optimalizov\u00e1n pro pohony PTM a umo\u017e\u0148uje efektivn\u00ed, odoln\u00fd a bez\u00fadr\u017ebov\u00fd provoz - i v n\u00e1ro\u010dn\u00fdch podm\u00ednk\u00e1ch.<\/p>","protected":false},"excerpt":{"rendered":"<p>P\u0159ipojovac\u00ed sada bezpe\u010dn\u00e1 pro potraviny s regul\u00e1torem filtru, manometrem a sadou hadic vyhovuj\u00edc\u00ed po\u017eadavk\u016fm FDA zaji\u0161\u0165uje hygienick\u00e9, bezpe\u010dn\u00e9 a trvanliv\u00e9 z\u00e1sobov\u00e1n\u00ed pohon\u016f PTM stla\u010den\u00fdm vzduchem.<\/p>","protected":false},"featured_media":15393,"comment_status":"open","ping_status":"closed","template":"","meta":{"_acf_changed":false},"product_brand":[],"product_cat":[428,594,1421,1906],"product_tag":[3058,3059,3060,3061,3062,3063,3064,3065,3050,3057],"class_list":{"0":"post-3963","1":"product","2":"type-product","3":"status-publish","4":"has-post-thumbnail","6":"product_cat-antriebstechnik","7":"product_cat-zubehoer","8":"product_cat-zubehoer-ruehrwerkstechnik","9":"product_cat-zubehoer-druckluftmotor","10":"product_tag-druckluftanschluss-lebensmittelkonform","11":"product_tag-druckluftmodul-hygienisch","12":"product_tag-ptm-anschlussset-fda","13":"product_tag-druckluft-zubehoer-antriebe","14":"product_tag-hygienisches-druckluftset","15":"product_tag-anschlusskit-lebensmittelecht","16":"product_tag-filtereinheit-fuer-antriebe","17":"product_tag-schlauchset-fda-konform","18":"product_tag-filterregler-manometer-set","19":"product_tag-lebensmittelechtes-anschlussset","20":"product_shipping_class-karton-paketversand","21":"pa_filter-5m","22":"pa_schlauchlaenge-3m","23":"pa_schnellkupplung-nw7","25":"first","26":"instock","27":"taxable","28":"shipping-taxable","29":"purchasable","30":"product-type-variable"},"bundled_by":[],"bundle_stock_status":"instock","bundle_stock_quantity":null,"bundle_virtual":false,"bundle_layout":"","bundle_add_to_cart_form_location":"","bundle_editable_in_cart":false,"bundle_sold_individually_context":"","bundle_item_grouping":"","bundle_min_size":"","bundle_max_size":"","bundle_price":[],"bundled_items":[],"bundle_sell_ids":[],"exclude_global_add_ons":[],"addons":[],"acf":[],"_links":{"self":[{"href":"https:\/\/ptm-mechatronics.com\/cs\/wp-json\/wp\/v2\/product\/3963","targetHints":{"allow":["GET"]}}],"collection":[{"href":"https:\/\/ptm-mechatronics.com\/cs\/wp-json\/wp\/v2\/product"}],"about":[{"href":"https:\/\/ptm-mechatronics.com\/cs\/wp-json\/wp\/v2\/types\/product"}],"replies":[{"embeddable":true,"href":"https:\/\/ptm-mechatronics.com\/cs\/wp-json\/wp\/v2\/comments?post=3963"}],"wp:featuredmedia":[{"embeddable":true,"href":"https:\/\/ptm-mechatronics.com\/cs\/wp-json\/wp\/v2\/media\/15393"}],"wp:attachment":[{"href":"https:\/\/ptm-mechatronics.com\/cs\/wp-json\/wp\/v2\/media?parent=3963"}],"wp:term":[{"taxonomy":"product_brand","embeddable":true,"href":"https:\/\/ptm-mechatronics.com\/cs\/wp-json\/wp\/v2\/product_brand?post=3963"},{"taxonomy":"product_cat","embeddable":true,"href":"https:\/\/ptm-mechatronics.com\/cs\/wp-json\/wp\/v2\/product_cat?post=3963"},{"taxonomy":"product_tag","embeddable":true,"href":"https:\/\/ptm-mechatronics.com\/cs\/wp-json\/wp\/v2\/product_tag?post=3963"}],"curies":[{"name":"wp","href":"https:\/\/api.w.org\/{rel}","templated":true}]}}