{"id":3961,"date":"2024-02-07T17:44:42","date_gmt":"2024-02-07T17:44:42","guid":{"rendered":""},"modified":"2026-02-03T10:32:55","modified_gmt":"2026-02-03T09:32:55","slug":"luftversorgungsmodul-mit-absperrventil-filterregler-und-manometer-fuer-ptm-ruehrwerksantriebe","status":"publish","type":"product","link":"https:\/\/ptm-mechatronics.com\/cs\/product\/luftversorgungsmodul-mit-absperrventil-filterregler-und-manometer-fuer-ptm-ruehrwerksantriebe\/","title":{"rendered":"Modul p\u0159\u00edvodu vzduchu s uzav\u00edrac\u00edm ventilem, regul\u00e1torem filtru a manometrem pro pohony m\u00edchadel PTM"},"content":{"rendered":"<p>Modul p\u0159\u00edvodu vzduchu obsahuje v\u0161echny pot\u0159ebn\u00e9 komponenty pro p\u0159ipojen\u00ed pohonu m\u00edchadla k syst\u00e9mu stla\u010den\u00e9ho vzduchu: sadu hadic, uzav\u00edrac\u00ed ventil a jednotku \u00fadr\u017eby s filtrem. T\u00edm je zaji\u0161t\u011bn spolehliv\u00fd p\u0159\u00edvod stla\u010den\u00e9ho vzduchu z va\u0161eho syst\u00e9mu stla\u010den\u00e9ho vzduchu do pohonu m\u00edchadla a dlouh\u00e1 \u017eivotnost.<\/p>","protected":false},"excerpt":{"rendered":"<p>Modul p\u0159\u00edvodu vzduchu s regul\u00e1torem filtru, manometrem, uzav\u00edrac\u00edm ventilem, z\u00e1str\u010dkou pro p\u0159ipojen\u00ed stla\u010den\u00e9ho vzduchu pro m\u00edchadla PTM<\/p>","protected":false},"featured_media":15392,"comment_status":"open","ping_status":"closed","template":"","meta":{"_acf_changed":false},"product_brand":[],"product_cat":[595,603,614,1421],"product_tag":[],"class_list":{"0":"post-3961","1":"product","2":"type-product","3":"status-publish","4":"has-post-thumbnail","6":"product_cat-ruehrwerkstechnik","7":"product_cat-fassruehrwerke","8":"product_cat-containerruehrwerke","9":"product_cat-zubehoer-ruehrwerkstechnik","10":"product_shipping_class-karton-paketversand","11":"pa_filter-5m","12":"pa_schnellkupplung-nw7","14":"first","15":"instock","16":"taxable","17":"shipping-taxable","18":"purchasable","19":"product-type-simple"},"bundled_by":[],"bundle_stock_status":"instock","bundle_stock_quantity":null,"bundle_virtual":false,"bundle_layout":"","bundle_add_to_cart_form_location":"","bundle_editable_in_cart":false,"bundle_sold_individually_context":"","bundle_item_grouping":"","bundle_min_size":"","bundle_max_size":"","bundle_price":[],"bundled_items":[],"bundle_sell_ids":[],"exclude_global_add_ons":[],"addons":[],"acf":[],"_links":{"self":[{"href":"https:\/\/ptm-mechatronics.com\/cs\/wp-json\/wp\/v2\/product\/3961","targetHints":{"allow":["GET"]}}],"collection":[{"href":"https:\/\/ptm-mechatronics.com\/cs\/wp-json\/wp\/v2\/product"}],"about":[{"href":"https:\/\/ptm-mechatronics.com\/cs\/wp-json\/wp\/v2\/types\/product"}],"replies":[{"embeddable":true,"href":"https:\/\/ptm-mechatronics.com\/cs\/wp-json\/wp\/v2\/comments?post=3961"}],"wp:featuredmedia":[{"embeddable":true,"href":"https:\/\/ptm-mechatronics.com\/cs\/wp-json\/wp\/v2\/media\/15392"}],"wp:attachment":[{"href":"https:\/\/ptm-mechatronics.com\/cs\/wp-json\/wp\/v2\/media?parent=3961"}],"wp:term":[{"taxonomy":"product_brand","embeddable":true,"href":"https:\/\/ptm-mechatronics.com\/cs\/wp-json\/wp\/v2\/product_brand?post=3961"},{"taxonomy":"product_cat","embeddable":true,"href":"https:\/\/ptm-mechatronics.com\/cs\/wp-json\/wp\/v2\/product_cat?post=3961"},{"taxonomy":"product_tag","embeddable":true,"href":"https:\/\/ptm-mechatronics.com\/cs\/wp-json\/wp\/v2\/product_tag?post=3961"}],"curies":[{"name":"wp","href":"https:\/\/api.w.org\/{rel}","templated":true}]}}