{"id":3955,"date":"2024-02-07T17:44:42","date_gmt":"2024-02-07T17:44:42","guid":{"rendered":""},"modified":"2026-02-03T10:31:29","modified_gmt":"2026-02-03T09:31:29","slug":"anschlussset-mit-filterregler-und-manometer-fuer-ptm-antriebe","status":"publish","type":"product","link":"https:\/\/ptm-mechatronics.com\/cs\/product\/anschlussset-mit-filterregler-und-manometer-fuer-ptm-antriebe\/","title":{"rendered":"P\u0159ipojovac\u00ed sada s regul\u00e1torem filtru a manometrem pro pohony PTM"},"content":{"rendered":"<p data-start=\"223\" data-end=\"298\">P\u0159ipojovac\u00ed sada s regul\u00e1torem filtru a manometrem - kompletn\u00ed, bezpe\u010dn\u00e1, odoln\u00e1<\/p>\n<p data-start=\"300\" data-end=\"740\">P\u0159ipojovac\u00ed sada s regul\u00e1torem filtru a manometrem je kompletn\u011b smontovan\u00fd modul p\u0159\u00edvodu vzduchu, kter\u00fd obsahuje v\u0161echny pot\u0159ebn\u00e9 komponenty pro bezpe\u010dn\u00e9 p\u0159ipojen\u00ed va\u0161eho pohonu PTM na st\u00e1vaj\u00edc\u00ed syst\u00e9m stla\u010den\u00e9ho vzduchu. Skl\u00e1d\u00e1 se z kvalitn\u00ed sady hadic, uzav\u00edrac\u00edho ventilu a \u00fadr\u017ebov\u00e9 jednotky s filtrem a manometrem, kter\u00e1 spolehliv\u011b reguluje tlak a kvalitu vzduchu.<\/p>\n<p data-start=\"742\" data-end=\"1122\">Integrovan\u00fd filtra\u010dn\u00ed regul\u00e1tor odstra\u0148uje ze stla\u010den\u00e9ho vzduchu ne\u010distoty a vlhkost a manometr umo\u017e\u0148uje p\u0159esn\u00e9 sledov\u00e1n\u00ed tlaku. P\u0159ipojovac\u00ed sada tak zaji\u0161\u0165uje nejen st\u00e1lou a \u010distou dod\u00e1vku vzduchu, ale tak\u00e9 dlouhodob\u00fd a bezprobl\u00e9mov\u00fd provoz va\u0161eho pohonu stla\u010den\u00e9ho vzduchu - a to i v n\u00e1ro\u010dn\u00fdch podm\u00ednk\u00e1ch.<\/p>\n<p data-start=\"1124\" data-end=\"1385\">P\u0159ipojovac\u00ed modul je ide\u00e1ln\u011b p\u0159izp\u016fsoben v\u0161em vzduchov\u00fdm motor\u016fm a pohon\u016fm m\u00edchadel PTM a lze jej rychle a snadno integrovat do st\u00e1vaj\u00edc\u00edch syst\u00e9m\u016f. Kompaktn\u00ed a efektivn\u00ed \u0159e\u0161en\u00ed pro maxim\u00e1ln\u00ed provozn\u00ed spolehlivost a sn\u00ed\u017een\u00ed n\u00e1klad\u016f na \u00fadr\u017ebu.<\/p>","protected":false},"excerpt":{"rendered":"<p>P\u0159ipojovac\u00ed sada s regul\u00e1torem filtru, manometrem a sadou hadic pro bezpe\u010dn\u00e9 a \u010dist\u00e9 z\u00e1sobov\u00e1n\u00ed stla\u010den\u00fdm vzduchem - pro spolehliv\u00fd a dlouhodob\u00fd provoz.<\/p>","protected":false},"featured_media":15391,"comment_status":"open","ping_status":"closed","template":"","meta":{"_acf_changed":false},"product_brand":[],"product_cat":[1421,1906,428,594],"product_tag":[3052,3053,3054,3055,3056,3047,3048,3049,3050,3051],"class_list":{"0":"post-3955","1":"product","2":"type-product","3":"status-publish","4":"has-post-thumbnail","6":"product_cat-zubehoer-ruehrwerkstechnik","7":"product_cat-zubehoer-druckluftmotor","8":"product_cat-antriebstechnik","9":"product_cat-zubehoer","10":"product_tag-anschlussset-mit-wartungseinheit","11":"product_tag-druckluftfilter-mit-manometer","12":"product_tag-druckluftschlauchset-komplett","13":"product_tag-druckluftmotor-anschlusskit","14":"product_tag-druckluftregler-set","15":"product_tag-anschlussset-druckluftmotor","16":"product_tag-druckluftanschluss-ptm","17":"product_tag-luftversorgungsmodul-mit-filter","18":"product_tag-filterregler-manometer-set","19":"product_tag-druckluft-zubehoer-ptm","20":"product_shipping_class-karton-paketversand","21":"pa_filter-5m","22":"pa_schnellkupplung-nw7","24":"first","25":"instock","26":"taxable","27":"shipping-taxable","28":"purchasable","29":"product-type-variable"},"bundled_by":["4335","4344","4345","4346"],"bundle_stock_status":"instock","bundle_stock_quantity":null,"bundle_virtual":false,"bundle_layout":"","bundle_add_to_cart_form_location":"","bundle_editable_in_cart":false,"bundle_sold_individually_context":"","bundle_item_grouping":"","bundle_min_size":"","bundle_max_size":"","bundle_price":[],"bundled_items":[],"bundle_sell_ids":[],"exclude_global_add_ons":[],"addons":[],"acf":[],"_links":{"self":[{"href":"https:\/\/ptm-mechatronics.com\/cs\/wp-json\/wp\/v2\/product\/3955","targetHints":{"allow":["GET"]}}],"collection":[{"href":"https:\/\/ptm-mechatronics.com\/cs\/wp-json\/wp\/v2\/product"}],"about":[{"href":"https:\/\/ptm-mechatronics.com\/cs\/wp-json\/wp\/v2\/types\/product"}],"replies":[{"embeddable":true,"href":"https:\/\/ptm-mechatronics.com\/cs\/wp-json\/wp\/v2\/comments?post=3955"}],"wp:featuredmedia":[{"embeddable":true,"href":"https:\/\/ptm-mechatronics.com\/cs\/wp-json\/wp\/v2\/media\/15391"}],"wp:attachment":[{"href":"https:\/\/ptm-mechatronics.com\/cs\/wp-json\/wp\/v2\/media?parent=3955"}],"wp:term":[{"taxonomy":"product_brand","embeddable":true,"href":"https:\/\/ptm-mechatronics.com\/cs\/wp-json\/wp\/v2\/product_brand?post=3955"},{"taxonomy":"product_cat","embeddable":true,"href":"https:\/\/ptm-mechatronics.com\/cs\/wp-json\/wp\/v2\/product_cat?post=3955"},{"taxonomy":"product_tag","embeddable":true,"href":"https:\/\/ptm-mechatronics.com\/cs\/wp-json\/wp\/v2\/product_tag?post=3955"}],"curies":[{"name":"wp","href":"https:\/\/api.w.org\/{rel}","templated":true}]}}