{"id":3952,"date":"2024-02-07T17:44:42","date_gmt":"2024-02-07T17:44:42","guid":{"rendered":""},"modified":"2025-11-07T15:51:25","modified_gmt":"2025-11-07T14:51:25","slug":"drehzahlsensor-namur-3-leiter","status":"publish","type":"product","link":"https:\/\/ptm-mechatronics.com\/cs\/product\/drehzahlsensor-namur-3-leiter\/","title":{"rendered":"Sn\u00edma\u010d rychlosti NAMUR 3vodi\u010dov\u00fd, s 5m kabelem, IP68, ATEX II 3GD z\u00f3na 2;22"},"content":{"rendered":"<p data-start=\"182\" data-end=\"257\">Sn\u00edma\u010d ot\u00e1\u010dek NAMUR - p\u0159esn\u00fd, robustn\u00ed, certifikovan\u00fd pro z\u00f3nu 2\/22 podle ATEX<\/p>\n<p data-start=\"259\" data-end=\"632\">T\u0159\u00edvodi\u010dov\u00fd sn\u00edma\u010d ot\u00e1\u010dek NAMUR s 5m p\u0159ipojovac\u00edm kabelem, kryt\u00edm IP68 a schv\u00e1len\u00edm ATEX II 3GD je speci\u00e1ln\u011b navr\u017een pro pou\u017eit\u00ed v prost\u0159ed\u00ed s nebezpe\u010d\u00edm v\u00fdbuchu v z\u00f3n\u00e1ch 2 a 22. Umo\u017e\u0148uje spolehliv\u00e9 a nep\u0159etr\u017eit\u00e9 monitorov\u00e1n\u00ed ot\u00e1\u010dek v pr\u016fmyslov\u00fdch aplikac\u00edch, jako jsou pohonn\u00e1 technika, m\u00edchac\u00ed syst\u00e9my a dopravn\u00edkov\u00e9 syst\u00e9my.<\/p>\n<p data-start=\"634\" data-end=\"999\">D\u00edky t\u0159\u00edvodi\u010dov\u00e9 technologii NAMUR lze senzor bez probl\u00e9m\u016f integrovat do st\u00e1vaj\u00edc\u00edch \u0159\u00eddic\u00edch koncepc\u00ed a poskytuje p\u0159esn\u00e9 sign\u00e1ly pro \u0159\u00edzen\u00ed proces\u016f. Robustn\u00ed pouzdro s certifikac\u00ed IP68 poskytuje spolehlivou ochranu proti prachu a vod\u011b - ide\u00e1ln\u00ed pro n\u00e1ro\u010dn\u00e9 prost\u0159ed\u00ed v procesn\u00edm in\u017een\u00fdrstv\u00ed, potravin\u00e1\u0159sk\u00e9m, chemick\u00e9m a farmaceutick\u00e9m pr\u016fmyslu.<\/p>\n<p data-start=\"1001\" data-end=\"1272\">D\u00edky 5 m dlouh\u00e9mu kabelu lze sn\u00edma\u010d flexibiln\u011b namontovat a je ide\u00e1ln\u00ed pro kombinaci se vzduchov\u00fdmi motory a pohonn\u00fdmi syst\u00e9my PTM. Sn\u00edma\u010d spl\u0148uje v\u0161echny po\u017eadavky na dlouhodob\u00e9, bezpe\u010dn\u00e9 a bez\u00fadr\u017ebov\u00e9 monitorov\u00e1n\u00ed rota\u010dn\u00edho pohybu.<\/p>","protected":false},"excerpt":{"rendered":"<p>Robustn\u00ed sn\u00edma\u010d rychlosti NAMUR s t\u0159\u00edvodi\u010dovou technologi\u00ed, 5 m kabelem, kryt\u00edm IP68 a schv\u00e1len\u00edm ATEX pro z\u00f3nu 2\/22 umo\u017e\u0148uje p\u0159esn\u00e9 a bezpe\u010dn\u00e9 monitorov\u00e1n\u00ed rychlosti v pr\u016fmyslov\u00e9m prost\u0159ed\u00ed s nebezpe\u010d\u00edm v\u00fdbuchu.<\/p>","protected":false},"featured_media":15390,"comment_status":"open","ping_status":"closed","template":"","meta":{"_acf_changed":false},"product_brand":[],"product_cat":[428,1421,594,595,1906],"product_tag":[2996,2997,2998,2999,3000,3001,3002,3003,3004,3005,2995,3006],"class_list":{"0":"post-3952","1":"product","2":"type-product","3":"status-publish","4":"has-post-thumbnail","6":"product_cat-antriebstechnik","7":"product_cat-zubehoer-ruehrwerkstechnik","8":"product_cat-zubehoer","9":"product_cat-ruehrwerkstechnik","10":"product_cat-zubehoer-druckluftmotor","11":"product_tag-namur-sensor-3-leiter","12":"product_tag-atex-drehzahlsensor","13":"product_tag-zone-0-20-sensor","14":"product_tag-ip68-sensor","15":"product_tag-explosionsgeschuetzter-drehzahlsensor","16":"product_tag-namur-signalgeber","17":"product_tag-drehzahlueberwachung-atex","18":"product_tag-sensor-mit-5m-kabel","19":"product_tag-namur-sensor-zone-0","20":"product_tag-ptm-drehzahlsensor","21":"product_tag-drehzahlsensor-namur","22":"product_tag-namur-messwertgeber","23":"product_shipping_class-karton-paketversand","24":"pa_anzahl-leiter-732","25":"pa_art-namur","26":"pa_atex-gas-ex-ll-3g-eex-na-iic-t6-x","27":"pa_atex-staub-ex-ii-3d-ip67-t80c-x","28":"pa_gewinde-m8x1","29":"pa_kabellaenge-5m","30":"pa_schutzart-ip68","31":"pa_spannung-7--30-vdc","33":"first","34":"instock","35":"taxable","36":"shipping-taxable","37":"purchasable","38":"product-type-simple"},"bundled_by":["4335","4344","4345"],"bundle_stock_status":"instock","bundle_stock_quantity":null,"bundle_virtual":false,"bundle_layout":"","bundle_add_to_cart_form_location":"","bundle_editable_in_cart":false,"bundle_sold_individually_context":"","bundle_item_grouping":"","bundle_min_size":"","bundle_max_size":"","bundle_price":[],"bundled_items":[],"bundle_sell_ids":[],"exclude_global_add_ons":[],"addons":[],"acf":[],"_links":{"self":[{"href":"https:\/\/ptm-mechatronics.com\/cs\/wp-json\/wp\/v2\/product\/3952","targetHints":{"allow":["GET"]}}],"collection":[{"href":"https:\/\/ptm-mechatronics.com\/cs\/wp-json\/wp\/v2\/product"}],"about":[{"href":"https:\/\/ptm-mechatronics.com\/cs\/wp-json\/wp\/v2\/types\/product"}],"replies":[{"embeddable":true,"href":"https:\/\/ptm-mechatronics.com\/cs\/wp-json\/wp\/v2\/comments?post=3952"}],"wp:featuredmedia":[{"embeddable":true,"href":"https:\/\/ptm-mechatronics.com\/cs\/wp-json\/wp\/v2\/media\/15390"}],"wp:attachment":[{"href":"https:\/\/ptm-mechatronics.com\/cs\/wp-json\/wp\/v2\/media?parent=3952"}],"wp:term":[{"taxonomy":"product_brand","embeddable":true,"href":"https:\/\/ptm-mechatronics.com\/cs\/wp-json\/wp\/v2\/product_brand?post=3952"},{"taxonomy":"product_cat","embeddable":true,"href":"https:\/\/ptm-mechatronics.com\/cs\/wp-json\/wp\/v2\/product_cat?post=3952"},{"taxonomy":"product_tag","embeddable":true,"href":"https:\/\/ptm-mechatronics.com\/cs\/wp-json\/wp\/v2\/product_tag?post=3952"}],"curies":[{"name":"wp","href":"https:\/\/api.w.org\/{rel}","templated":true}]}}