{"id":3948,"date":"2024-02-07T17:44:42","date_gmt":"2024-02-07T17:44:42","guid":{"rendered":""},"modified":"2025-11-07T15:51:25","modified_gmt":"2025-11-07T14:51:25","slug":"drehzahlsensor-namur-2-leiter","status":"publish","type":"product","link":"https:\/\/ptm-mechatronics.com\/cs\/product\/drehzahlsensor-namur-2-leiter\/","title":{"rendered":"Sn\u00edma\u010d rychlosti NAMUR 2vodi\u010dov\u00fd, s 5m kabelem, IP68, ATEX II 1GD z\u00f3na 0;20"},"content":{"rendered":"<p data-start=\"221\" data-end=\"310\">Dvoudr\u00e1tov\u00fd sn\u00edma\u010d ot\u00e1\u010dek NAMUR - nev\u00fdbu\u0161n\u00fd pro z\u00f3nu 0\/20, p\u0159esn\u00fd a robustn\u00ed<\/p>\n<p data-start=\"312\" data-end=\"734\">Sn\u00edma\u010d ot\u00e1\u010dek NAMUR s dvouvodi\u010dovou technologi\u00ed byl speci\u00e1ln\u011b vyvinut pro bezpe\u010dn\u00e9 monitorov\u00e1n\u00ed ot\u00e1\u010dek v prost\u0159ed\u00ed s nebezpe\u010d\u00edm v\u00fdbuchu v z\u00f3n\u00e1ch ATEX 0 a 20. D\u00edky schv\u00e1len\u00ed ATEX II 1GD, t\u0159\u00edd\u011b kryt\u00ed IP68 a 5 m dlouh\u00e9mu p\u0159ipojovac\u00edmu kabelu spl\u0148uje nejvy\u0161\u0161\u00ed bezpe\u010dnostn\u00ed a kvalitativn\u00ed standardy v pr\u016fmyslov\u00fdch prost\u0159ed\u00edch, jako jsou chemick\u00e1, farmaceutick\u00e1, potravin\u00e1\u0159sk\u00e1 a procesn\u00ed technika.<\/p>\n<p data-start=\"736\" data-end=\"1100\">D\u00edky dvouvodi\u010dov\u00e9 technologii NAMUR nab\u00edz\u00ed senzor jednoduch\u00fd a spolehliv\u00fd p\u0159enos sign\u00e1lu a lze jej snadno integrovat do st\u00e1vaj\u00edc\u00edch m\u011b\u0159ic\u00edch a \u0159\u00eddic\u00edch syst\u00e9m\u016f. Certifikace IP68 zaru\u010duje trvalou odolnost proti prachu, ne\u010distot\u00e1m a vlhkosti - a to i v n\u00e1ro\u010dn\u00fdch podm\u00ednk\u00e1ch prost\u0159ed\u00ed nebo p\u0159i \u010di\u0161t\u011bn\u00ed.<\/p>\n<p data-start=\"1102\" data-end=\"1433\">D\u00edky kompaktn\u00edmu, robustn\u00edmu pouzdru a nev\u00fdbu\u0161n\u00e9mu proveden\u00ed je tento sn\u00edma\u010d ide\u00e1ln\u00ed pro pou\u017eit\u00ed v kombinaci se vzduchov\u00fdmi motory, m\u00edchadly a pohony PTM. Poskytuje p\u0159esnou zp\u011btnou vazbu o rychlosti a rozhoduj\u00edc\u00edm zp\u016fsobem p\u0159isp\u00edv\u00e1 ke spolehlivosti a reprodukovatelnosti procesu.<\/p>","protected":false},"excerpt":{"rendered":"<p>Sn\u00edma\u010d rychlosti NAMUR s dvouvodi\u010dovou technologi\u00ed, 5 m kabelem, kryt\u00edm IP68 a schv\u00e1len\u00edm ATEX pro z\u00f3nu 0\/20, p\u0159esn\u00e9 monitorov\u00e1n\u00ed rychlosti ve vysoce citliv\u00fdch pr\u016fmyslov\u00fdch prost\u0159ed\u00edch s nebezpe\u010d\u00edm v\u00fdbuchu.<\/p>","protected":false},"featured_media":15386,"comment_status":"open","ping_status":"closed","template":"","meta":{"_acf_changed":false},"product_brand":[],"product_cat":[428,1421,594,595,1906],"product_tag":[3008,3009,3010,3011,3012,3013,3000,3014,3002,3003,3005,3007],"class_list":{"0":"post-3948","1":"product","2":"type-product","3":"status-publish","4":"has-post-thumbnail","6":"product_cat-antriebstechnik","7":"product_cat-zubehoer-ruehrwerkstechnik","8":"product_cat-zubehoer","9":"product_cat-ruehrwerkstechnik","10":"product_cat-zubehoer-druckluftmotor","11":"product_tag-atex-sensor-zone-0","12":"product_tag-atex-sensor-zone-20","13":"product_tag-ip68-drehzahlsensor","14":"product_tag-namur-sensor-industrie","15":"product_tag-atex-1gd-sensor","16":"product_tag-sensor-fuer-explosionsgefaehrdete-bereiche","17":"product_tag-explosionsgeschuetzter-drehzahlsensor","18":"product_tag-2-leiter-signalgeber","19":"product_tag-drehzahlueberwachung-atex","20":"product_tag-sensor-mit-5m-kabel","21":"product_tag-ptm-drehzahlsensor","22":"product_tag-drehzahlsensor-namur-2-leiter","23":"product_shipping_class-karton-paketversand","24":"pa_anzahl-leiter-728","25":"pa_art-namur","26":"pa_atex-gas-ex-ll-1g-ex-ia-iic-t6","27":"pa_atex-staub-ex-ii-1d-ex-iad-20-t80c","28":"pa_gewinde-m8x1","29":"pa_kabellaenge-5m","30":"pa_schutzart-ip68","31":"pa_spannung-731","33":"first","34":"instock","35":"taxable","36":"shipping-taxable","37":"purchasable","38":"product-type-simple"},"bundled_by":["4335","4344","4345","4346"],"bundle_stock_status":"instock","bundle_stock_quantity":null,"bundle_virtual":false,"bundle_layout":"","bundle_add_to_cart_form_location":"","bundle_editable_in_cart":false,"bundle_sold_individually_context":"","bundle_item_grouping":"","bundle_min_size":"","bundle_max_size":"","bundle_price":[],"bundled_items":[],"bundle_sell_ids":[],"exclude_global_add_ons":[],"addons":[],"acf":[],"_links":{"self":[{"href":"https:\/\/ptm-mechatronics.com\/cs\/wp-json\/wp\/v2\/product\/3948","targetHints":{"allow":["GET"]}}],"collection":[{"href":"https:\/\/ptm-mechatronics.com\/cs\/wp-json\/wp\/v2\/product"}],"about":[{"href":"https:\/\/ptm-mechatronics.com\/cs\/wp-json\/wp\/v2\/types\/product"}],"replies":[{"embeddable":true,"href":"https:\/\/ptm-mechatronics.com\/cs\/wp-json\/wp\/v2\/comments?post=3948"}],"wp:featuredmedia":[{"embeddable":true,"href":"https:\/\/ptm-mechatronics.com\/cs\/wp-json\/wp\/v2\/media\/15386"}],"wp:attachment":[{"href":"https:\/\/ptm-mechatronics.com\/cs\/wp-json\/wp\/v2\/media?parent=3948"}],"wp:term":[{"taxonomy":"product_brand","embeddable":true,"href":"https:\/\/ptm-mechatronics.com\/cs\/wp-json\/wp\/v2\/product_brand?post=3948"},{"taxonomy":"product_cat","embeddable":true,"href":"https:\/\/ptm-mechatronics.com\/cs\/wp-json\/wp\/v2\/product_cat?post=3948"},{"taxonomy":"product_tag","embeddable":true,"href":"https:\/\/ptm-mechatronics.com\/cs\/wp-json\/wp\/v2\/product_tag?post=3948"}],"curies":[{"name":"wp","href":"https:\/\/api.w.org\/{rel}","templated":true}]}}