{"id":3935,"date":"2024-02-07T17:44:42","date_gmt":"2024-02-07T17:44:42","guid":{"rendered":""},"modified":"2025-11-07T15:51:21","modified_gmt":"2025-11-07T14:51:21","slug":"druckluftmotor-inox-4nm-0-300rpm","status":"publish","type":"product","link":"https:\/\/ptm-mechatronics.com\/cs\/product\/druckluftmotor-inox-4nm-0-300rpm\/","title":{"rendered":"Pneumatick\u00fd motor INOX, 4 Nm, 0-300 ot\/min"},"content":{"rendered":"<p>Pneumatick\u00e9 motory PTM jsou d\u00edky sv\u00e9 velmi robustn\u00ed, \u010dist\u011b mechanick\u00e9 konstrukci a v\u00fdkonu vhodn\u00e9 pro \u0161irokou \u0161k\u00e1lu aplikac\u00ed. Obecn\u011b je lze pou\u017e\u00edt jako pohony v syst\u00e9mech a stroj\u00edch nebo k vytv\u00e1\u0159en\u00ed rota\u010dn\u00edch a oto\u010dn\u00fdch pohyb\u016f. Pneumatick\u00e9 motory PTM jsou zalo\u017eeny na mimo\u0159\u00e1dn\u011b \u00fa\u010dinn\u00e9m principu radi\u00e1ln\u00edho p\u00edstu: navzdory n\u00edzk\u00e9 spot\u0159eb\u011b vzduchu dosahuj\u00ed motory velmi vysok\u00e9ho stupn\u011b \u00fa\u010dinnosti a velmi vysok\u00e9ho to\u010div\u00e9ho momentu. To z nich \u010din\u00ed modern\u00ed a \u00faspornou alternativu k lamelov\u00fdm motor\u016fm. Mohou b\u00fdt provozov\u00e1ny ve sm\u011bru i proti sm\u011bru hodinov\u00fdch ru\u010di\u010dek a mohou b\u00fdt zat\u011b\u017eov\u00e1ny a\u017e do klidu. D\u00edky sv\u00fdm kompaktn\u00edm rozm\u011br\u016fm je lze integrovat do t\u00e9m\u011b\u0159 ka\u017ed\u00e9 aplikace. Model INOX m\u00e1 tak\u00e9 kompletn\u00ed ochranu proti v\u00fdbuchu pro z\u00f3ny ATEX 1, 2, 21 a 22, vyhovuje potravin\u00e1\u0159sk\u00fdm a farmaceutick\u00fdm p\u0159edpis\u016fm, m\u00e1 t\u0159\u00eddu \u010distoty ISO1 podle normy DIN 14644 a je vodot\u011bsn\u00fd podle t\u0159\u00eddy kryt\u00ed IP68 a odoln\u00fd v\u016f\u010di kyselin\u00e1m a chemik\u00e1li\u00edm.<\/p>","protected":false},"excerpt":{"rendered":"<p>Vzduchov\u00fd motor INOX, Mimo\u0159\u00e1dn\u011b \u00fa\u010dinn\u00fd a v\u00fdkonn\u00fd vzduchov\u00fd motor dosahuje velmi vysok\u00e9 \u00fa\u010dinnosti a velmi vysok\u00e9ho to\u010div\u00e9ho momentu navzdory minim\u00e1ln\u00ed spot\u0159eb\u011b vzduchu. Certifik\u00e1t ATEX, potravin\u00e1\u0159sk\u00e1 a farmaceutick\u00e1 shoda, t\u0159\u00edda \u010distoty ISO1 podle DIN 14644, vodot\u011bsnost podle t\u0159\u00eddy kryt\u00ed IP68, odolnost v\u016f\u010di kyselin\u00e1m a chemik\u00e1li\u00edm.<\/p>","protected":false},"featured_media":15382,"comment_status":"open","ping_status":"closed","template":"","meta":{"_acf_changed":false},"product_brand":[],"product_cat":[21],"product_tag":[],"class_list":{"0":"post-3935","1":"product","2":"type-product","3":"status-publish","4":"has-post-thumbnail","6":"product_cat-unkategorisiert","7":"product_shipping_class-karton-paketversand","8":"pa_antriebsart-pneumatisch","9":"pa_atex-zone-122122","10":"pa_dichtung-ptfe-fda-konform","11":"pa_drehmoment-4nm","12":"pa_drehzahl-0-300-1-min","13":"pa_durchmesser-99mm","14":"pa_ex-gas-ex-ii-2-g-ex-h-iic-t5-gb-x","15":"pa_ex-staub-ex-ii-2-d-ex-h-iiic-t100c-db-x","16":"pa_geraeuschpegel-75db","17":"pa_hoehe-52mm","18":"pa_labs-oel-und-silikonfrei","19":"pa_luftanschluesse-2xm6x075","20":"pa_material-gehaeuse-v4a-edelstahl-1-4404-elektropoliert","21":"pa_model-pmo-450-inox","22":"pa_reinraumklassifizierung-iso1-nach-din14644","23":"pa_schutzart-ip68","24":"pa_steckverschraubung-2xschlauch-o6mm","25":"pa_versorgung-5-6bar","27":"first","28":"instock","29":"taxable","30":"shipping-taxable","31":"purchasable","32":"product-type-simple"},"bundled_by":["4346"],"bundle_stock_status":"instock","bundle_stock_quantity":null,"bundle_virtual":false,"bundle_layout":"","bundle_add_to_cart_form_location":"","bundle_editable_in_cart":false,"bundle_sold_individually_context":"","bundle_item_grouping":"","bundle_min_size":"","bundle_max_size":"","bundle_price":[],"bundled_items":[],"bundle_sell_ids":[],"exclude_global_add_ons":[],"addons":[],"acf":[],"_links":{"self":[{"href":"https:\/\/ptm-mechatronics.com\/cs\/wp-json\/wp\/v2\/product\/3935","targetHints":{"allow":["GET"]}}],"collection":[{"href":"https:\/\/ptm-mechatronics.com\/cs\/wp-json\/wp\/v2\/product"}],"about":[{"href":"https:\/\/ptm-mechatronics.com\/cs\/wp-json\/wp\/v2\/types\/product"}],"replies":[{"embeddable":true,"href":"https:\/\/ptm-mechatronics.com\/cs\/wp-json\/wp\/v2\/comments?post=3935"}],"wp:featuredmedia":[{"embeddable":true,"href":"https:\/\/ptm-mechatronics.com\/cs\/wp-json\/wp\/v2\/media\/15382"}],"wp:attachment":[{"href":"https:\/\/ptm-mechatronics.com\/cs\/wp-json\/wp\/v2\/media?parent=3935"}],"wp:term":[{"taxonomy":"product_brand","embeddable":true,"href":"https:\/\/ptm-mechatronics.com\/cs\/wp-json\/wp\/v2\/product_brand?post=3935"},{"taxonomy":"product_cat","embeddable":true,"href":"https:\/\/ptm-mechatronics.com\/cs\/wp-json\/wp\/v2\/product_cat?post=3935"},{"taxonomy":"product_tag","embeddable":true,"href":"https:\/\/ptm-mechatronics.com\/cs\/wp-json\/wp\/v2\/product_tag?post=3935"}],"curies":[{"name":"wp","href":"https:\/\/api.w.org\/{rel}","templated":true}]}}