{"id":3894,"date":"2024-02-07T17:44:41","date_gmt":"2024-02-07T17:44:41","guid":{"rendered":""},"modified":"2025-11-07T15:51:15","modified_gmt":"2025-11-07T14:51:15","slug":"druckluftmotor-basic-8nm-0-300rpm","status":"publish","type":"product","link":"https:\/\/ptm-mechatronics.com\/cs\/product\/druckluftmotor-basic-8nm-0-300rpm\/","title":{"rendered":"Z\u00e1kladn\u00ed pneumatick\u00fd motor, 8 Nm, 0-300 ot\u00e1\u010dek za minutu"},"content":{"rendered":"<p>Pneumatick\u00e9 motory PTM jsou d\u00edky sv\u00e9 velmi robustn\u00ed, \u010dist\u011b mechanick\u00e9 konstrukci a v\u00fdkonu vhodn\u00e9 pro \u0161irokou \u0161k\u00e1lu aplikac\u00ed. Obecn\u011b je lze pou\u017e\u00edt jako pohony v syst\u00e9mech a stroj\u00edch nebo k vytv\u00e1\u0159en\u00ed rota\u010dn\u00edch a oto\u010dn\u00fdch pohyb\u016f. Pneumatick\u00e9 motory PTM jsou zalo\u017eeny na mimo\u0159\u00e1dn\u011b \u00fa\u010dinn\u00e9m principu radi\u00e1ln\u00edho p\u00edstu: navzdory n\u00edzk\u00e9 spot\u0159eb\u011b vzduchu dosahuj\u00ed motory velmi vysok\u00e9ho stupn\u011b \u00fa\u010dinnosti a velmi vysok\u00e9ho to\u010div\u00e9ho momentu.  To z nich \u010din\u00ed modern\u00ed a \u00faspornou alternativu k lamelov\u00fdm motor\u016fm. Mohou b\u00fdt provozov\u00e1ny ve sm\u011bru i proti sm\u011bru hodinov\u00fdch ru\u010di\u010dek a mohou b\u00fdt zat\u011b\u017eov\u00e1ny a\u017e do klidu. D\u00edky sv\u00fdm kompaktn\u00edm rozm\u011br\u016fm je lze integrovat do t\u00e9m\u011b\u0159 ka\u017ed\u00e9 aplikace.<\/p>","protected":false},"excerpt":{"rendered":"<p>Z\u00e1kladn\u00ed vzduchov\u00fd motor, \u00faspora energie d\u00edky efektivn\u00ed technologii. Mimo\u0159\u00e1dn\u011b \u00fa\u010dinn\u00fd a v\u00fdkonn\u00fd vzduchov\u00fd motor dosahuje velmi vysok\u00e9 \u00fa\u010dinnosti a velmi vysok\u00e9ho to\u010div\u00e9ho momentu navzdory minim\u00e1ln\u00ed spot\u0159eb\u011b vzduchu.<\/p>","protected":false},"featured_media":15308,"comment_status":"open","ping_status":"closed","template":"","meta":{"_acf_changed":false},"product_brand":[],"product_cat":[21],"product_tag":[],"class_list":{"0":"post-3894","1":"product","2":"type-product","3":"status-publish","4":"has-post-thumbnail","6":"product_cat-unkategorisiert","7":"product_shipping_class-karton-paketversand","8":"pa_antriebsart-pneumatisch","9":"pa_dichtung-nbr","10":"pa_drehmoment-8nm","11":"pa_drehzahl-0-300-1-min","12":"pa_durchmesser-99mm","13":"pa_geraeuschpegel-75db","14":"pa_hoehe-52mm","15":"pa_labs-oel-und-silikonfrei","16":"pa_luftanschluesse-2xm6x075","17":"pa_material-gehaeuse-aluminium-eloxiert","18":"pa_model-pmo-900-ba","19":"pa_schutzart-ip67","20":"pa_steckverschraubung-2xschlauch-o6mm","21":"pa_versorgung-5-6bar","23":"first","24":"instock","25":"taxable","26":"shipping-taxable","27":"purchasable","28":"product-type-simple"},"bundled_by":["4335"],"bundle_stock_status":"instock","bundle_stock_quantity":null,"bundle_virtual":false,"bundle_layout":"","bundle_add_to_cart_form_location":"","bundle_editable_in_cart":false,"bundle_sold_individually_context":"","bundle_item_grouping":"","bundle_min_size":"","bundle_max_size":"","bundle_price":[],"bundled_items":[],"bundle_sell_ids":[],"exclude_global_add_ons":[],"addons":[],"acf":[],"_links":{"self":[{"href":"https:\/\/ptm-mechatronics.com\/cs\/wp-json\/wp\/v2\/product\/3894","targetHints":{"allow":["GET"]}}],"collection":[{"href":"https:\/\/ptm-mechatronics.com\/cs\/wp-json\/wp\/v2\/product"}],"about":[{"href":"https:\/\/ptm-mechatronics.com\/cs\/wp-json\/wp\/v2\/types\/product"}],"replies":[{"embeddable":true,"href":"https:\/\/ptm-mechatronics.com\/cs\/wp-json\/wp\/v2\/comments?post=3894"}],"wp:featuredmedia":[{"embeddable":true,"href":"https:\/\/ptm-mechatronics.com\/cs\/wp-json\/wp\/v2\/media\/15308"}],"wp:attachment":[{"href":"https:\/\/ptm-mechatronics.com\/cs\/wp-json\/wp\/v2\/media?parent=3894"}],"wp:term":[{"taxonomy":"product_brand","embeddable":true,"href":"https:\/\/ptm-mechatronics.com\/cs\/wp-json\/wp\/v2\/product_brand?post=3894"},{"taxonomy":"product_cat","embeddable":true,"href":"https:\/\/ptm-mechatronics.com\/cs\/wp-json\/wp\/v2\/product_cat?post=3894"},{"taxonomy":"product_tag","embeddable":true,"href":"https:\/\/ptm-mechatronics.com\/cs\/wp-json\/wp\/v2\/product_tag?post=3894"}],"curies":[{"name":"wp","href":"https:\/\/api.w.org\/{rel}","templated":true}]}}