{"id":3712,"date":"2024-02-07T17:44:31","date_gmt":"2024-02-07T17:44:31","guid":{"rendered":""},"modified":"2025-11-07T15:50:55","modified_gmt":"2025-11-07T14:50:55","slug":"ruehrwelle-fuer-1000-liter-ibc-hightorque-mit-schnellwechselsystem-eco-quick","status":"publish","type":"product","link":"https:\/\/ptm-mechatronics.com\/cs\/product\/ruehrwelle-fuer-1000-liter-ibc-hightorque-mit-schnellwechselsystem-eco-quick\/","title":{"rendered":"M\u00edchac\u00ed h\u0159\u00eddel pro 1000 litr\u016f IBC HighTorque s rychlov\u00fdm\u011bnn\u00fdm syst\u00e9mem eco-Quick"},"content":{"rendered":"<p>Na\u0161e m\u00edchac\u00ed h\u0159\u00eddele jsou vyrobeny z vysoce kvalitn\u00ed nerezov\u00e9 oceli V4A 1.4404. D\u00edky patentovan\u00e9mu rychlov\u00fdm\u011bnn\u00e9mu syst\u00e9mu eco-Quick lze h\u0159\u00eddele m\u00edchadel namontovat na pohony PTM s integrovan\u00fdm rychlov\u00fdm\u011bnn\u00fdm syst\u00e9mem eco-Quick v jedin\u00e9m snadn\u00e9m kroku bez pou\u017eit\u00ed n\u00e1\u0159ad\u00ed.<br \/>\nPro ka\u017ed\u00fd pohon m\u00e1me spr\u00e1vn\u00fd pr\u016fm\u011br h\u0159\u00eddele. Ujist\u011bte se, \u017ee jste vybrali pr\u016fm\u011br, kter\u00fd odpov\u00edd\u00e1 va\u0161emu pohonu. Upozor\u0148ujeme tak\u00e9, \u017ee h\u0159\u00eddele m\u00edchadel eco-Quick lze kombinovat pouze s pohony eco-Quick. V p\u0159\u00edpad\u011b jak\u00fdchkoli dotaz\u016f se obra\u0165te na n\u00e1\u0161 z\u00e1kaznick\u00fd servis PTM.<\/p>","protected":false},"excerpt":{"rendered":"<p>H\u0159\u00eddel m\u00edchadla z vysoce kvalitn\u00ed nerezov\u00e9 oceli V4A 1.4404 s patentovan\u00fdm rychlov\u00fdm\u011bnn\u00fdm syst\u00e9mem eco-Quick pro pohony PTM; pr\u016fm\u011br \u230030 mm a d\u00e9lka 793 mm od horn\u00edho okraje v\u00edka.<\/p>","protected":false},"featured_media":15365,"comment_status":"open","ping_status":"closed","template":"","meta":{"_acf_changed":false},"product_brand":[],"product_cat":[595,651],"product_tag":[],"class_list":{"0":"post-3712","1":"product","2":"type-product","3":"status-publish","4":"has-post-thumbnail","6":"product_cat-ruehrwerkstechnik","7":"product_cat-ruehrwellen","8":"product_shipping_class-karton-paketversand","9":"pa_durchmesser-30mm","10":"pa_laenge-ab-deckeloberkante-793mm","11":"pa_material-v4a-edelstahl-1-4404","12":"pa_patentnummer-20-2020-107-557","14":"first","15":"instock","16":"taxable","17":"shipping-taxable","18":"purchasable","19":"product-type-simple"},"bundled_by":["4330"],"bundle_stock_status":"instock","bundle_stock_quantity":null,"bundle_virtual":false,"bundle_layout":"","bundle_add_to_cart_form_location":"","bundle_editable_in_cart":false,"bundle_sold_individually_context":"","bundle_item_grouping":"","bundle_min_size":"","bundle_max_size":"","bundle_price":[],"bundled_items":[],"bundle_sell_ids":[],"exclude_global_add_ons":[],"addons":[],"acf":[],"_links":{"self":[{"href":"https:\/\/ptm-mechatronics.com\/cs\/wp-json\/wp\/v2\/product\/3712","targetHints":{"allow":["GET"]}}],"collection":[{"href":"https:\/\/ptm-mechatronics.com\/cs\/wp-json\/wp\/v2\/product"}],"about":[{"href":"https:\/\/ptm-mechatronics.com\/cs\/wp-json\/wp\/v2\/types\/product"}],"replies":[{"embeddable":true,"href":"https:\/\/ptm-mechatronics.com\/cs\/wp-json\/wp\/v2\/comments?post=3712"}],"wp:featuredmedia":[{"embeddable":true,"href":"https:\/\/ptm-mechatronics.com\/cs\/wp-json\/wp\/v2\/media\/15365"}],"wp:attachment":[{"href":"https:\/\/ptm-mechatronics.com\/cs\/wp-json\/wp\/v2\/media?parent=3712"}],"wp:term":[{"taxonomy":"product_brand","embeddable":true,"href":"https:\/\/ptm-mechatronics.com\/cs\/wp-json\/wp\/v2\/product_brand?post=3712"},{"taxonomy":"product_cat","embeddable":true,"href":"https:\/\/ptm-mechatronics.com\/cs\/wp-json\/wp\/v2\/product_cat?post=3712"},{"taxonomy":"product_tag","embeddable":true,"href":"https:\/\/ptm-mechatronics.com\/cs\/wp-json\/wp\/v2\/product_tag?post=3712"}],"curies":[{"name":"wp","href":"https:\/\/api.w.org\/{rel}","templated":true}]}}