{"id":3671,"date":"2024-02-07T17:44:30","date_gmt":"2024-02-07T17:44:30","guid":{"rendered":""},"modified":"2025-11-07T15:50:55","modified_gmt":"2025-11-07T14:50:55","slug":"ruehrwelle-fuer-1000-liter-ibc-hightorque-mit-gewindenabe","status":"publish","type":"product","link":"https:\/\/ptm-mechatronics.com\/cs\/product\/ruehrwelle-fuer-1000-liter-ibc-hightorque-mit-gewindenabe\/","title":{"rendered":"H\u0159\u00eddel m\u00edchadla pro 1000litrov\u00fd IBC HighTorque se z\u00e1vitov\u00fdm n\u00e1bojem"},"content":{"rendered":"<p>Na\u0161e m\u00edchac\u00ed h\u0159\u00eddele jsou vyrobeny z vysoce kvalitn\u00ed nerezov\u00e9 oceli V4A 1.4404. Lze je namontovat na pohony PTM pomoc\u00ed patentovan\u00e9ho z\u00e1vitov\u00e9ho n\u00e1boje.<br \/>\nPro ka\u017ed\u00fd pohon m\u00e1me spr\u00e1vn\u00fd pr\u016fm\u011br h\u0159\u00eddele. Ujist\u011bte se, \u017ee jste vybrali pr\u016fm\u011br, kter\u00fd odpov\u00edd\u00e1 va\u0161emu pohonu. V p\u0159\u00edpad\u011b dotaz\u016f se obra\u0165te na n\u00e1\u0161 z\u00e1kaznick\u00fd servis PTM.<\/p>","protected":false},"excerpt":{"rendered":"<p>H\u0159\u00eddel m\u00edchadla z vysoce kvalitn\u00ed nerezov\u00e9 oceli V4A 1.4404 s patentovan\u00fdm z\u00e1vitov\u00fdm n\u00e1bojem pro pohony PTM; pr\u016fm\u011br \u230030 mm a d\u00e9lka 793 mm od horn\u00edho okraje krytu.<\/p>","protected":false},"featured_media":15364,"comment_status":"open","ping_status":"closed","template":"","meta":{"_acf_changed":false},"product_brand":[],"product_cat":[595,651],"product_tag":[],"class_list":{"0":"post-3671","1":"product","2":"type-product","3":"status-publish","4":"has-post-thumbnail","6":"product_cat-ruehrwerkstechnik","7":"product_cat-ruehrwellen","8":"product_shipping_class-karton-paketversand","9":"pa_durchmesser-30mm","10":"pa_gewinde-m27","11":"pa_laenge-ab-deckeloberkante-793mm","12":"pa_material-v4a-edelstahl-1-4404","13":"pa_patentnummer-20-2020-107-557","15":"first","16":"instock","17":"taxable","18":"shipping-taxable","19":"purchasable","20":"product-type-simple"},"bundled_by":["4330"],"bundle_stock_status":"instock","bundle_stock_quantity":null,"bundle_virtual":false,"bundle_layout":"","bundle_add_to_cart_form_location":"","bundle_editable_in_cart":false,"bundle_sold_individually_context":"","bundle_item_grouping":"","bundle_min_size":"","bundle_max_size":"","bundle_price":[],"bundled_items":[],"bundle_sell_ids":[],"exclude_global_add_ons":[],"addons":[],"acf":[],"_links":{"self":[{"href":"https:\/\/ptm-mechatronics.com\/cs\/wp-json\/wp\/v2\/product\/3671","targetHints":{"allow":["GET"]}}],"collection":[{"href":"https:\/\/ptm-mechatronics.com\/cs\/wp-json\/wp\/v2\/product"}],"about":[{"href":"https:\/\/ptm-mechatronics.com\/cs\/wp-json\/wp\/v2\/types\/product"}],"replies":[{"embeddable":true,"href":"https:\/\/ptm-mechatronics.com\/cs\/wp-json\/wp\/v2\/comments?post=3671"}],"wp:featuredmedia":[{"embeddable":true,"href":"https:\/\/ptm-mechatronics.com\/cs\/wp-json\/wp\/v2\/media\/15364"}],"wp:attachment":[{"href":"https:\/\/ptm-mechatronics.com\/cs\/wp-json\/wp\/v2\/media?parent=3671"}],"wp:term":[{"taxonomy":"product_brand","embeddable":true,"href":"https:\/\/ptm-mechatronics.com\/cs\/wp-json\/wp\/v2\/product_brand?post=3671"},{"taxonomy":"product_cat","embeddable":true,"href":"https:\/\/ptm-mechatronics.com\/cs\/wp-json\/wp\/v2\/product_cat?post=3671"},{"taxonomy":"product_tag","embeddable":true,"href":"https:\/\/ptm-mechatronics.com\/cs\/wp-json\/wp\/v2\/product_tag?post=3671"}],"curies":[{"name":"wp","href":"https:\/\/api.w.org\/{rel}","templated":true}]}}