{"id":3403,"date":"2024-02-07T17:44:21","date_gmt":"2024-02-07T17:44:21","guid":{"rendered":""},"modified":"2025-11-07T15:50:43","modified_gmt":"2025-11-07T14:50:43","slug":"ruehrwerk-fuer-200-liter-spundfass-antrieb-atex-zone-1","status":"publish","type":"product","link":"https:\/\/ptm-mechatronics.com\/cs\/product\/ruehrwerk-fuer-200-liter-spundfass-antrieb-atex-zone-1\/","title":{"rendered":"M\u00edchadlo pro 200litrov\u00fd sud - pohon ATEX z\u00f3na 1"},"content":{"rendered":"<h1 data-start=\"224\" data-end=\"307\"><span style=\"font-size: 75%;\">Pneumatick\u00e9 m\u00edchadlo pro sudy - certifikovan\u00e9 podle ATEX, robustn\u00ed, flexibiln\u00ed, p\u0159ipraven\u00e9 k okam\u017eit\u00e9mu pou\u017eit\u00ed<\/span><\/h1>\n<p data-start=\"309\" data-end=\"686\">V\u00fdkonn\u00e9 pneumatick\u00e9 m\u00edchadlo pro bubny s n\u00e1stavcem je ide\u00e1ln\u00ed pro spolehliv\u00e9 m\u00edch\u00e1n\u00ed \u0161irok\u00e9 \u0161k\u00e1ly m\u00e9di\u00ed - od n\u00edzk\u00e9 a\u017e po vysokou viskozitu. Nastaviteln\u00e1 p\u0159\u00ed\u010dka z vysoce kvalitn\u00ed nerezov\u00e9 oceli V4A 1.4404 je obzvl\u00e1\u0161t\u011b robustn\u00ed a lze ji flexibiln\u011b p\u0159izp\u016fsobit pr\u016fm\u011br\u016fm n\u00e1dob od 378 do 613 mm. Syst\u00e9m je bezpe\u010dn\u011b upevn\u011bn na m\u00edst\u011b pomoc\u00ed dvou rychloup\u00ednac\u00edch svorek.<\/p>\n<p data-start=\"688\" data-end=\"996\">Odvzdu\u0161\u0148ovac\u00ed otvor podle DIN 6643 - G3\/4 z\u016fst\u00e1v\u00e1 voln\u011b p\u0159\u00edstupn\u00fd. D\u00edky dod\u00e1van\u00e9mu sklopn\u00e9mu m\u00edchadlu se \u0161ikm\u00fdmi lopatkami je m\u00edchadlo ide\u00e1ln\u00ed pro 2\u2033 otvory v sudech. Sou\u010d\u00e1st\u00ed dod\u00e1vky je odpov\u00eddaj\u00edc\u00ed h\u0159\u00eddel m\u00edchadla z nerezov\u00e9 oceli - syst\u00e9m je tedy p\u0159ipraven k okam\u017eit\u00e9mu pou\u017eit\u00ed.<\/p>\n<p data-start=\"688\" data-end=\"996\">Pozn\u00e1mka: Bungalovy nejsou standardizov\u00e1ny. Pe\u010dliv\u011b zkontrolujte rozm\u011bry a hloubku sv\u00e9ho sudu. V n\u011bkter\u00fdch p\u0159\u00edpadech m\u016f\u017ee b\u00fdt nutn\u00e9 h\u0159\u00eddel m\u00edchadla upravit. R\u00e1di v\u00e1m porad\u00edme osobn\u011b.<\/p>\n<p data-start=\"1202\" data-end=\"1247\">Rozsah dod\u00e1vky bez bubnu a bez hadice.<\/p>","protected":false},"excerpt":{"rendered":"<p>Pneumatick\u00e9 m\u00edchadlo s p\u0159\u00ed\u010dn\u00fdm nosn\u00edkem V4A pro sudy s v\u00fdvrtem, p\u0159ipraven\u00e9 k okam\u017eit\u00e9mu pou\u017eit\u00ed, flexibiln\u011b nastaviteln\u00e9 a ide\u00e1ln\u00ed pro 2\u2033 otvory sud\u016f.<\/p>","protected":false},"featured_media":15347,"comment_status":"open","ping_status":"closed","template":"","meta":{"_acf_changed":false},"product_brand":[],"product_cat":[595,603],"product_tag":[],"class_list":{"0":"post-3403","1":"product","2":"type-product","3":"status-publish","4":"has-post-thumbnail","6":"product_cat-ruehrwerkstechnik","7":"product_cat-fassruehrwerke","8":"product_shipping_class-karton-paketversand","9":"pa_antriebsart-pneumatisch","10":"pa_atex-zone-122122","11":"pa_behaeltervolumen-200-liter","12":"pa_dichtung-ptfe","13":"pa_drehmoment-16nm","14":"pa_drehzahl-0-300-1-min","15":"pa_durchmesser-ruehrwelle-20mm","16":"pa_ex-gas-ex-ii-2-g-ex-h-iic-t5-gb-x","17":"pa_ex-staub-ex-ii-2-d-ex-h-iiic-t100c-db-x","18":"pa_geeignete-fassdurchmesser-fuer-60-bis-200-liter-spundfaesser","19":"pa_geraeuschpegel-75db","20":"pa_labs-oel-und-silikonfrei","21":"pa_laenge-ruehrwelle-ca-730mm-ab-deckeloberkante","22":"pa_material-gehaeuse-aluminium-eloxiert","23":"pa_material-traverse-v4a-edelstahl-1-4404","24":"pa_mittlerer-luftverbrauch-100l-min","25":"pa_ruehrorgan-klapp-schraegblattmischer-d200mm","26":"pa_schutzart-ip67","27":"pa_steckverschraubung-abluft-schlauch-o12mm","28":"pa_steckverschraubung-zuluft-schlauch-o8mm","29":"pa_traversenspannweite-zwischen-378-und-613mm-einstellbar","30":"pa_typ-traversenruehrwerk","31":"pa_typ-spundfassruehrwerk","32":"pa_versorgung-5-6bar","34":"first","35":"instock","36":"taxable","37":"shipping-taxable","38":"purchasable","39":"product-type-simple"},"bundled_by":[],"bundle_stock_status":"instock","bundle_stock_quantity":null,"bundle_virtual":false,"bundle_layout":"","bundle_add_to_cart_form_location":"","bundle_editable_in_cart":false,"bundle_sold_individually_context":"","bundle_item_grouping":"","bundle_min_size":"","bundle_max_size":"","bundle_price":[],"bundled_items":[],"bundle_sell_ids":[],"exclude_global_add_ons":[],"addons":[],"acf":[],"_links":{"self":[{"href":"https:\/\/ptm-mechatronics.com\/cs\/wp-json\/wp\/v2\/product\/3403","targetHints":{"allow":["GET"]}}],"collection":[{"href":"https:\/\/ptm-mechatronics.com\/cs\/wp-json\/wp\/v2\/product"}],"about":[{"href":"https:\/\/ptm-mechatronics.com\/cs\/wp-json\/wp\/v2\/types\/product"}],"replies":[{"embeddable":true,"href":"https:\/\/ptm-mechatronics.com\/cs\/wp-json\/wp\/v2\/comments?post=3403"}],"wp:featuredmedia":[{"embeddable":true,"href":"https:\/\/ptm-mechatronics.com\/cs\/wp-json\/wp\/v2\/media\/15347"}],"wp:attachment":[{"href":"https:\/\/ptm-mechatronics.com\/cs\/wp-json\/wp\/v2\/media?parent=3403"}],"wp:term":[{"taxonomy":"product_brand","embeddable":true,"href":"https:\/\/ptm-mechatronics.com\/cs\/wp-json\/wp\/v2\/product_brand?post=3403"},{"taxonomy":"product_cat","embeddable":true,"href":"https:\/\/ptm-mechatronics.com\/cs\/wp-json\/wp\/v2\/product_cat?post=3403"},{"taxonomy":"product_tag","embeddable":true,"href":"https:\/\/ptm-mechatronics.com\/cs\/wp-json\/wp\/v2\/product_tag?post=3403"}],"curies":[{"name":"wp","href":"https:\/\/api.w.org\/{rel}","templated":true}]}}