{"id":3318,"date":"2024-02-07T17:44:20","date_gmt":"2024-02-07T17:44:20","guid":{"rendered":""},"modified":"2025-11-07T15:50:35","modified_gmt":"2025-11-07T14:50:35","slug":"wandhalterung-fuer-zweihandruehrer-eco-up","status":"publish","type":"product","link":"https:\/\/ptm-mechatronics.com\/cs\/product\/wandhalterung-fuer-zweihandruehrer-eco-up\/","title":{"rendered":"N\u00e1st\u011bnn\u00fd dr\u017e\u00e1k pro dvouru\u010dn\u00ed sm\u011b\u0161ova\u010d eco-Up"},"content":{"rendered":"<p>D\u00edky tomuto praktick\u00e9mu n\u00e1st\u011bnn\u00e9mu dr\u017e\u00e1ku m\u016f\u017eete dvouru\u010dn\u00ed mix\u00e9r eco-Up mezi jednotliv\u00fdmi pou\u017eit\u00edmi bezpe\u010dn\u011b a snadno ulo\u017eit.<\/p>","protected":false},"excerpt":{"rendered":"<p>Praktick\u00fd n\u00e1st\u011bnn\u00fd dr\u017e\u00e1k pro ulo\u017een\u00ed dvouru\u010dn\u00edho mix\u00e9ru eco-Up.<\/p>","protected":false},"featured_media":15336,"comment_status":"open","ping_status":"closed","template":"","meta":{"_acf_changed":false},"product_brand":[],"product_cat":[595,600],"product_tag":[],"class_list":{"0":"post-3318","1":"product","2":"type-product","3":"status-publish","4":"has-post-thumbnail","6":"product_cat-ruehrwerkstechnik","7":"product_cat-handruehrer","8":"product_shipping_class-karton-paketversand","10":"first","11":"instock","12":"taxable","13":"shipping-taxable","14":"purchasable","15":"product-type-simple"},"bundled_by":[],"bundle_stock_status":"instock","bundle_stock_quantity":null,"bundle_virtual":false,"bundle_layout":"","bundle_add_to_cart_form_location":"","bundle_editable_in_cart":false,"bundle_sold_individually_context":"","bundle_item_grouping":"","bundle_min_size":"","bundle_max_size":"","bundle_price":[],"bundled_items":[],"bundle_sell_ids":[],"exclude_global_add_ons":[],"addons":[],"acf":[],"_links":{"self":[{"href":"https:\/\/ptm-mechatronics.com\/cs\/wp-json\/wp\/v2\/product\/3318","targetHints":{"allow":["GET"]}}],"collection":[{"href":"https:\/\/ptm-mechatronics.com\/cs\/wp-json\/wp\/v2\/product"}],"about":[{"href":"https:\/\/ptm-mechatronics.com\/cs\/wp-json\/wp\/v2\/types\/product"}],"replies":[{"embeddable":true,"href":"https:\/\/ptm-mechatronics.com\/cs\/wp-json\/wp\/v2\/comments?post=3318"}],"wp:featuredmedia":[{"embeddable":true,"href":"https:\/\/ptm-mechatronics.com\/cs\/wp-json\/wp\/v2\/media\/15336"}],"wp:attachment":[{"href":"https:\/\/ptm-mechatronics.com\/cs\/wp-json\/wp\/v2\/media?parent=3318"}],"wp:term":[{"taxonomy":"product_brand","embeddable":true,"href":"https:\/\/ptm-mechatronics.com\/cs\/wp-json\/wp\/v2\/product_brand?post=3318"},{"taxonomy":"product_cat","embeddable":true,"href":"https:\/\/ptm-mechatronics.com\/cs\/wp-json\/wp\/v2\/product_cat?post=3318"},{"taxonomy":"product_tag","embeddable":true,"href":"https:\/\/ptm-mechatronics.com\/cs\/wp-json\/wp\/v2\/product_tag?post=3318"}],"curies":[{"name":"wp","href":"https:\/\/api.w.org\/{rel}","templated":true}]}}