{"id":3314,"date":"2024-02-07T17:44:20","date_gmt":"2024-02-07T17:44:20","guid":{"rendered":""},"modified":"2025-11-07T15:50:33","modified_gmt":"2025-11-07T14:50:33","slug":"wendelruehrer-abwaertsfoerdernd-fuer-handruehrer-eco-up","status":"publish","type":"product","link":"https:\/\/ptm-mechatronics.com\/cs\/product\/wendelruehrer-abwaertsfoerdernd-fuer-handruehrer-eco-up\/","title":{"rendered":"Spir\u00e1lov\u00e9 m\u00edchadlo s posuvem sm\u011brem dol\u016f pro ru\u010dn\u00ed m\u00edcha\u010dku Eco-Up"},"content":{"rendered":"<p>Spir\u00e1lov\u00e9 m\u00edchadlo je vyrobeno z vysoce kvalitn\u00ed nerezov\u00e9 oceli V4A 1.4301 a m\u00e1 elektrolyticky le\u0161t\u011bn\u00fd povrch. Pohybuje se axi\u00e1ln\u011b s lamin\u00e1rn\u00edmi m\u00edchac\u00edmi vlastnostmi a je ide\u00e1ln\u00ed pro homogenizaci vysoce visk\u00f3zn\u00edch l\u00e1tek. Jako n\u00e1st\u011bnn\u00e9 m\u00edchadlo se spir\u00e1lov\u00e9 m\u00edchadlo pou\u017e\u00edv\u00e1 tak\u00e9 pro proces p\u0159enosu tepla.<\/p>","protected":false},"excerpt":{"rendered":"<p>Spir\u00e1lov\u00e9 m\u00edchadlo o pr\u016fm\u011bru 130 mm z vysoce kvalitn\u00ed nerezov\u00e9 oceli V4A 1.4301.<\/p>","protected":false},"featured_media":15334,"comment_status":"open","ping_status":"closed","template":"","meta":{"_acf_changed":false},"product_brand":[],"product_cat":[595,600,631],"product_tag":[],"class_list":{"0":"post-3314","1":"product","2":"type-product","3":"status-publish","4":"has-post-thumbnail","6":"product_cat-ruehrwerkstechnik","7":"product_cat-handruehrer","8":"product_cat-ruehrorgane","9":"product_shipping_class-karton-paketversand","10":"pa_aufnahme-fuer-ruehrorgan-m14-gewinde","11":"pa_durchmesser-130mm","12":"pa_foerderrichtung-materialabwaertsfoerdernd-fuer-niedrigviskose-medien","13":"pa_laenge-600mm","14":"pa_material-v4a-edelstahl-1-4301","15":"pa_oberflaeche-elektropoliert","17":"first","18":"instock","19":"taxable","20":"shipping-taxable","21":"purchasable","22":"product-type-simple"},"bundled_by":[],"bundle_stock_status":"instock","bundle_stock_quantity":null,"bundle_virtual":false,"bundle_layout":"","bundle_add_to_cart_form_location":"","bundle_editable_in_cart":false,"bundle_sold_individually_context":"","bundle_item_grouping":"","bundle_min_size":"","bundle_max_size":"","bundle_price":[],"bundled_items":[],"bundle_sell_ids":[],"exclude_global_add_ons":[],"addons":[],"acf":[],"_links":{"self":[{"href":"https:\/\/ptm-mechatronics.com\/cs\/wp-json\/wp\/v2\/product\/3314","targetHints":{"allow":["GET"]}}],"collection":[{"href":"https:\/\/ptm-mechatronics.com\/cs\/wp-json\/wp\/v2\/product"}],"about":[{"href":"https:\/\/ptm-mechatronics.com\/cs\/wp-json\/wp\/v2\/types\/product"}],"replies":[{"embeddable":true,"href":"https:\/\/ptm-mechatronics.com\/cs\/wp-json\/wp\/v2\/comments?post=3314"}],"wp:featuredmedia":[{"embeddable":true,"href":"https:\/\/ptm-mechatronics.com\/cs\/wp-json\/wp\/v2\/media\/15334"}],"wp:attachment":[{"href":"https:\/\/ptm-mechatronics.com\/cs\/wp-json\/wp\/v2\/media?parent=3314"}],"wp:term":[{"taxonomy":"product_brand","embeddable":true,"href":"https:\/\/ptm-mechatronics.com\/cs\/wp-json\/wp\/v2\/product_brand?post=3314"},{"taxonomy":"product_cat","embeddable":true,"href":"https:\/\/ptm-mechatronics.com\/cs\/wp-json\/wp\/v2\/product_cat?post=3314"},{"taxonomy":"product_tag","embeddable":true,"href":"https:\/\/ptm-mechatronics.com\/cs\/wp-json\/wp\/v2\/product_tag?post=3314"}],"curies":[{"name":"wp","href":"https:\/\/api.w.org\/{rel}","templated":true}]}}