{"id":3264,"date":"2024-02-07T17:44:19","date_gmt":"2024-02-07T17:44:19","guid":{"rendered":""},"modified":"2026-03-09T10:32:03","modified_gmt":"2026-03-09T09:32:03","slug":"stativ-fuer-laborruehrer-125x200mm","status":"publish","type":"product","link":"https:\/\/ptm-mechatronics.com\/cs\/product\/stativ-fuer-laborruehrer-125x200mm\/","title":{"rendered":"Stojan pro laboratorn\u00ed m\u00edchadlo 125x200mm"},"content":{"rendered":"<p>Praktick\u00fd stojan poskytuje stabiln\u00ed a rychlou mo\u017enost mont\u00e1\u017ee laboratorn\u00edch m\u00edchadel a dal\u0161\u00edho laboratorn\u00edho vybaven\u00ed. Za\u0159\u00edzen\u00ed lze ke stojanu flexibiln\u011b p\u0159ipevnit pomoc\u00ed dvou \u0161roubov\u00fdch svorek, tak\u017ee va\u0161e aplikace bude rychle a spolehliv\u011b p\u0159ipravena k pou\u017eit\u00ed.<\/p>\n<p>Na\u0161e laboratorn\u00ed m\u00edchadla eco-Lab a eco-Lab INOX lze d\u00edky integrovan\u00e9 mont\u00e1\u017en\u00ed ty\u010di snadno namontovat p\u0159\u00edmo na stojan. To umo\u017e\u0148uje bezpe\u010dn\u00e9 um\u00edst\u011bn\u00ed a pohodlnou manipulaci pro \u0161irokou \u0161k\u00e1lu laboratorn\u00edch aplikac\u00ed.<\/p>","protected":false},"excerpt":{"rendered":"<p>Praktick\u00fd mal\u00fd stojan pro n\u00e1doby o maxim\u00e1ln\u00edm pr\u016fm\u011bru 150 mm v\u010detn\u011b dvou \u0161roubov\u00fdch svorek.<\/p>","protected":false},"featured_media":15327,"comment_status":"open","ping_status":"closed","template":"","meta":{"_acf_changed":false},"product_brand":[],"product_cat":[595,596],"product_tag":[],"class_list":{"0":"post-3264","1":"product","2":"type-product","3":"status-publish","4":"has-post-thumbnail","6":"product_cat-ruehrwerkstechnik","7":"product_cat-laborruehrer","8":"product_shipping_class-karton-paketversand","9":"pa_grundflaeche-125x200mm","10":"pa_hoehe-500mm","11":"pa_stabdurchmesser-10mm","13":"first","14":"instock","15":"taxable","16":"shipping-taxable","17":"purchasable","18":"product-type-simple"},"bundled_by":[],"bundle_stock_status":"instock","bundle_stock_quantity":null,"bundle_virtual":false,"bundle_layout":"","bundle_add_to_cart_form_location":"","bundle_editable_in_cart":false,"bundle_sold_individually_context":"","bundle_item_grouping":"","bundle_min_size":"","bundle_max_size":"","bundle_price":[],"bundled_items":[],"bundle_sell_ids":[],"exclude_global_add_ons":[],"addons":[],"acf":[],"_links":{"self":[{"href":"https:\/\/ptm-mechatronics.com\/cs\/wp-json\/wp\/v2\/product\/3264","targetHints":{"allow":["GET"]}}],"collection":[{"href":"https:\/\/ptm-mechatronics.com\/cs\/wp-json\/wp\/v2\/product"}],"about":[{"href":"https:\/\/ptm-mechatronics.com\/cs\/wp-json\/wp\/v2\/types\/product"}],"replies":[{"embeddable":true,"href":"https:\/\/ptm-mechatronics.com\/cs\/wp-json\/wp\/v2\/comments?post=3264"}],"wp:featuredmedia":[{"embeddable":true,"href":"https:\/\/ptm-mechatronics.com\/cs\/wp-json\/wp\/v2\/media\/15327"}],"wp:attachment":[{"href":"https:\/\/ptm-mechatronics.com\/cs\/wp-json\/wp\/v2\/media?parent=3264"}],"wp:term":[{"taxonomy":"product_brand","embeddable":true,"href":"https:\/\/ptm-mechatronics.com\/cs\/wp-json\/wp\/v2\/product_brand?post=3264"},{"taxonomy":"product_cat","embeddable":true,"href":"https:\/\/ptm-mechatronics.com\/cs\/wp-json\/wp\/v2\/product_cat?post=3264"},{"taxonomy":"product_tag","embeddable":true,"href":"https:\/\/ptm-mechatronics.com\/cs\/wp-json\/wp\/v2\/product_tag?post=3264"}],"curies":[{"name":"wp","href":"https:\/\/api.w.org\/{rel}","templated":true}]}}