{"id":3232,"date":"2024-02-07T17:44:19","date_gmt":"2024-02-07T17:44:19","guid":{"rendered":""},"modified":"2026-03-09T10:29:22","modified_gmt":"2026-03-09T09:29:22","slug":"laborruehrer-eco-lab-450","status":"publish","type":"product","link":"https:\/\/ptm-mechatronics.com\/cs\/product\/laborruehrer-eco-lab-450\/","title":{"rendered":"laboratorn\u00ed m\u00edchadlo eco-Lab 450"},"content":{"rendered":"<p data-start=\"211\" data-end=\"592\"><span class=\"_fadeIn_pfttw_8\">Na str\u00e1nk\u00e1ch <\/span><span class=\"_fadeIn_pfttw_8\">Laboratorn\u00ed m\u00edchadlo <\/span><span class=\"_fadeIn_pfttw_8\">eko<\/span><span class=\"_fadeIn_pfttw_8\">Laborato\u0159<\/span> <span class=\"_fadeIn_pfttw_8\">je <\/span><span class=\"_fadeIn_pfttw_8\">s <\/span><span class=\"_fadeIn_pfttw_8\">na <\/span><span class=\"_fadeIn_pfttw_8\">v\u00fdkonn\u00fd <\/span><span class=\"_fadeIn_pfttw_8\">Motor m\u00edchadla <\/span><span class=\"_fadeIn_pfttw_8\">eco<\/span><span class=\"_fadeIn_pfttw_8\">, <\/span><span class=\"_fadeIn_pfttw_8\">jeden <\/span><span class=\"_fadeIn_pfttw_8\">Rychloup\u00ednac\u00ed skl\u00ed\u010didlo<\/span> <span class=\"_fadeIn_pfttw_8\">a <\/span><span class=\"_fadeIn_pfttw_8\">Mont\u00e1\u017en\u00ed ty\u010d<\/span> <span class=\"_fadeIn_pfttw_8\">vybaven\u00fd <\/span><span class=\"_fadeIn_pfttw_8\">a <\/span><span class=\"_fadeIn_pfttw_8\">listy <\/span><span class=\"_fadeIn_pfttw_8\">s\u00e1m <\/span><span class=\"_fadeIn_pfttw_8\">bez n\u00e1mahy <\/span><span class=\"_fadeIn_pfttw_8\">na adrese <\/span><span class=\"_fadeIn_pfttw_8\">nejrozmanit\u011bj\u0161\u00ed <\/span><span class=\"_fadeIn_pfttw_8\">Procesy <\/span><span class=\"_fadeIn_pfttw_8\">integrovat. <\/span><span class=\"_fadeIn_pfttw_8\">D\u00edky <\/span><span class=\"_fadeIn_pfttw_8\">ATEX-<\/span><span class=\"_fadeIn_pfttw_8\">Certifikace <\/span><span class=\"_fadeIn_pfttw_8\">pro <\/span><span class=\"_fadeIn_pfttw_8\">Z\u00f3na <\/span><span class=\"_fadeIn_pfttw_8\">1<\/span> <span class=\"_fadeIn_pfttw_8\">vhodn\u00e9 <\/span><span class=\"_fadeIn_pfttw_8\">s\u00e1m <\/span><span class=\"_fadeIn_pfttw_8\">na <\/span><span class=\"_fadeIn_pfttw_8\">M\u00edchadlo <\/span><span class=\"_fadeIn_pfttw_8\">ide\u00e1ln\u00ed <\/span><span class=\"_fadeIn_pfttw_8\">pro <\/span><span class=\"_fadeIn_pfttw_8\">na <\/span><span class=\"_fadeIn_pfttw_8\">Pou\u017eijte <\/span><span class=\"_fadeIn_pfttw_8\">na adrese <\/span><span class=\"_fadeIn_pfttw_8\">prost\u0159ed\u00ed s nebezpe\u010d\u00edm v\u00fdbuchu <\/span><span class=\"_fadeIn_pfttw_8\">Oblasti<\/span> <span class=\"_fadeIn_pfttw_8\">na <\/span><span class=\"_fadeIn_pfttw_8\">Chemie, <\/span><span class=\"_fadeIn_pfttw_8\">Farmaceutick\u00e9 <\/span><span class=\"_fadeIn_pfttw_8\">nebo <\/span><span class=\"_fadeIn_pfttw_8\">Zpracovatelsk\u00fd pr\u016fmysl<\/span><span class=\"_fadeIn_pfttw_8\">.<\/span><\/p>\n<p data-start=\"594\" data-end=\"1051\"><span class=\"_fadeIn_pfttw_8\">Jeho <\/span><span class=\"_fadeIn_pfttw_8\">n\u00edzk\u00e1 <\/span><span class=\"_fadeIn_pfttw_8\">\u00darove\u0148 rychlosti<\/span> <span class=\"_fadeIn_pfttw_8\">s <\/span><span class=\"_fadeIn_pfttw_8\">sou\u010dasn\u011b <\/span><span class=\"_fadeIn_pfttw_8\">velmi <\/span><span class=\"_fadeIn_pfttw_8\">vysok\u00e1 <\/span><span class=\"_fadeIn_pfttw_8\">To\u010div\u00fd moment<\/span> <span class=\"_fadeIn_pfttw_8\">poskytuje <\/span><span class=\"_fadeIn_pfttw_8\">pro <\/span><span class=\"_fadeIn_pfttw_8\">jeden <\/span><span class=\"_fadeIn_pfttw_8\">i, <\/span><span class=\"_fadeIn_pfttw_8\">spolehliv\u00e9 <\/span><span class=\"_fadeIn_pfttw_8\">M\u00edch\u00e1n\u00ed <\/span><span class=\"_fadeIn_pfttw_8\">v\u0161echny <\/span><span class=\"_fadeIn_pfttw_8\">L\u00e1tky - <\/span><span class=\"_fadeIn_pfttw_8\">z <\/span><span class=\"_fadeIn_pfttw_8\">n\u00edzk\u00e1 viskozita <\/span><span class=\"_fadeIn_pfttw_8\">Kapaliny <\/span><span class=\"_fadeIn_pfttw_8\">do <\/span><span class=\"_fadeIn_pfttw_8\">na <\/span><span class=\"_fadeIn_pfttw_8\">vysoce visk\u00f3zn\u00ed <\/span><span class=\"_fadeIn_pfttw_8\">M\u00e9dia<\/span><span class=\"_fadeIn_pfttw_8\">. <\/span><span class=\"_fadeIn_pfttw_8\">A <\/span><span class=\"_fadeIn_pfttw_8\">integrovan\u011bj\u0161\u00ed <\/span><span class=\"_fadeIn_pfttw_8\">Blok p\u0159ipojen\u00ed<\/span> <span class=\"_fadeIn_pfttw_8\">umo\u017e\u0148uje <\/span><span class=\"_fadeIn_pfttw_8\">na <\/span><span class=\"_fadeIn_pfttw_8\">jednoduch\u00fd <\/span><span class=\"_fadeIn_pfttw_8\">P\u0159ipojen\u00ed <\/span><span class=\"_fadeIn_pfttw_8\">z <\/span><span class=\"_fadeIn_pfttw_8\">Zu- <\/span><span class=\"_fadeIn_pfttw_8\">a <\/span><span class=\"_fadeIn_pfttw_8\">Odv\u00e1d\u011bn\u00fd vzduch<\/span><span class=\"_fadeIn_pfttw_8\">, <\/span><span class=\"_fadeIn_pfttw_8\">zat\u00edmco <\/span><span class=\"_fadeIn_pfttw_8\">a <\/span><span class=\"_fadeIn_pfttw_8\">p\u0159esn\u00fd <\/span><span class=\"_fadeIn_pfttw_8\">Jehlov\u00fd ventil <\/span><span class=\"_fadeIn_pfttw_8\">s <\/span><span class=\"_fadeIn_pfttw_8\">M\u011b\u0159\u00edtko<\/span> <span class=\"_fadeIn_pfttw_8\">na <\/span><span class=\"_fadeIn_pfttw_8\">plynul\u00fd <\/span><span class=\"_fadeIn_pfttw_8\">Regulace rychlosti <\/span><span class=\"_fadeIn_pfttw_8\">povoleno <\/span><span class=\"_fadeIn_pfttw_8\">a <\/span><span class=\"_fadeIn_pfttw_8\">s\u00e1m <\/span><span class=\"_fadeIn_pfttw_8\">na <\/span><span class=\"_fadeIn_pfttw_8\">Stiskn\u011bte tla\u010d\u00edtko <\/span><span class=\"_fadeIn_pfttw_8\">bezpe\u010dn\u00fd <\/span><span class=\"_fadeIn_pfttw_8\">z\u00e1mek<\/span> <span class=\"_fadeIn_pfttw_8\">listy.<\/span><\/p>\n<p data-start=\"1053\" data-end=\"1084\"><span class=\"_fadeIn_pfttw_8\">V\u00fdhody <\/span><span class=\"_fadeIn_pfttw_8\">na adrese <\/span><span class=\"_fadeIn_pfttw_8\">jeden <\/span><span class=\"_fadeIn_pfttw_8\">Pohled:<\/span><\/p>\n<ul>\n<li data-start=\"1087\" data-end=\"1117\"><span class=\"_fadeIn_pfttw_8\">ATEX-<\/span><span class=\"_fadeIn_pfttw_8\">certifikovan\u00e9 <\/span><span class=\"_fadeIn_pfttw_8\">pro <\/span><span class=\"_fadeIn_pfttw_8\">Z\u00f3na <\/span><span class=\"_fadeIn_pfttw_8\">1<\/span><\/li>\n<li data-start=\"1087\" data-end=\"1117\"><span class=\"_fadeIn_pfttw_8\">Efektivn\u011bj\u0161\u00ed <\/span><span class=\"_fadeIn_pfttw_8\">Motor m\u00edchadla <\/span><span class=\"_fadeIn_pfttw_8\">eco<\/span><\/li>\n<li data-start=\"1087\" data-end=\"1117\"><span class=\"_fadeIn_pfttw_8\">Rychloup\u00ednac\u00ed skl\u00ed\u010didlo &amp; <\/span><span class=\"_fadeIn_pfttw_8\">Mont\u00e1\u017en\u00ed ty\u010d <\/span><span class=\"_fadeIn_pfttw_8\">inkluzivn\u00ed<\/span><\/li>\n<li data-start=\"1087\" data-end=\"1117\"><span class=\"_fadeIn_pfttw_8\">Pro <\/span><span class=\"_fadeIn_pfttw_8\">n\u00edzk\u00e1 <\/span><span class=\"_fadeIn_pfttw_8\">a <\/span><span class=\"_fadeIn_pfttw_8\">vysok\u00e1 viskozita <\/span><span class=\"_fadeIn_pfttw_8\">M\u00e9dia<\/span><\/li>\n<li data-start=\"1087\" data-end=\"1117\"><span class=\"_fadeIn_pfttw_8\">Vysok\u00fd to\u010div\u00fd moment <\/span><span class=\"_fadeIn_pfttw_8\">s <\/span><span class=\"_fadeIn_pfttw_8\">ni\u017e\u0161\u00ed <\/span><span class=\"_fadeIn_pfttw_8\">Rychlost<\/span><\/li>\n<li data-start=\"1087\" data-end=\"1117\"><span class=\"_fadeIn_pfttw_8\">Bezstup\u0148ov\u00fd <\/span><span class=\"_fadeIn_pfttw_8\">Regulace rychlosti <\/span><span class=\"_fadeIn_pfttw_8\">s <\/span><span class=\"_fadeIn_pfttw_8\">Jehlov\u00fd ventil<\/span><\/li>\n<li data-start=\"1087\" data-end=\"1117\"><span class=\"_fadeIn_pfttw_8\">Jednoduch\u00e9 <\/span><span class=\"_fadeIn_pfttw_8\">Vzduchov\u00e1 spojen\u00ed <\/span><span class=\"_fadeIn_pfttw_8\">o <\/span><span class=\"_fadeIn_pfttw_8\">Blok p\u0159ipojen\u00ed<\/span><\/li>\n<li data-start=\"1087\" data-end=\"1117\"><span class=\"_fadeIn_pfttw_8\">Bezpe\u010dn\u00e9 <\/span><span class=\"_fadeIn_pfttw_8\">Uzamykateln\u00e9 str\u00e1nky <\/span><span class=\"_fadeIn_pfttw_8\">prost\u0159ednictv\u00edm <\/span><span class=\"_fadeIn_pfttw_8\">Tla\u010d\u00edtko<\/span><\/li>\n<\/ul>\n<p><span style=\"font-size: 75%;\">Rozsah dod\u00e1vky bez stojanu a kontejneru<\/span><\/p>","protected":false},"excerpt":{"rendered":"<p class=\"translation-block\"><span class=\"_fadeIn_pfttw_8\">ATEX-<\/span><span class=\"_fadeIn_pfttw_8\">certifikovan\u00e9 <\/span><span class=\"_fadeIn_pfttw_8\">laboratorn\u00ed m\u00edchadlo<\/span> <span class=\"_fadeIn_pfttw_8\">s <\/span><span class=\"_fadeIn_pfttw_8\">v\u00fdkonn\u00fdm <\/span><span class=\"_fadeIn_pfttw_8\">m\u00edchac\u00edm motorem<\/span><span class=\"_fadeIn_pfttw_8\">, <\/span><span class=\"_fadeIn_pfttw_8\">rychloup\u00ednac\u00ed skl\u00ed\u010didlo<\/span><span class=\"_fadeIn_pfttw_8\">a <\/span><span class=\"_fadeIn_pfttw_8\">kone\u010dn\u011b <\/span><span class=\"_fadeIn_pfttw_8\">nastaviteln\u00e1 <\/span><span class=\"_fadeIn_pfttw_8\">rychlost<\/span><span class=\"_fadeIn_pfttw_8\">, <\/span><span class=\"_fadeIn_pfttw_8\">pro <\/span><span class=\"_fadeIn_pfttw_8\">z\u00f3ny n\u00e1chyln\u00e9 k v\u00fdbuchu <\/span><span class=\"_fadeIn_pfttw_8\"><\/span><span class=\"_fadeIn_pfttw_8\">z\u00f3ny <\/span><span class=\"_fadeIn_pfttw_8\">ATEX <\/span><span class=\"_fadeIn_pfttw_8\">z\u00f3ny <\/span><span class=\"_fadeIn_pfttw_8\">1, pro<\/span> <span class=\"_fadeIn_pfttw_8\">n\u00edzkou <\/span><span class=\"_fadeIn_pfttw_8\">a\u017e <\/span><span class=\"_fadeIn_pfttw_8\">vysokou <\/span><span class=\"_fadeIn_pfttw_8\">visk\u00f3zitu<\/span><span class=\"_fadeIn_pfttw_8\">l\u00e1tek.<\/span>.<\/p>","protected":false},"featured_media":15319,"comment_status":"open","ping_status":"closed","template":"","meta":{"_acf_changed":false},"product_brand":[],"product_cat":[595,596],"product_tag":[2847,2848,2849,2850,2851,2554,2637,2844,2845,2846],"class_list":{"0":"post-3232","1":"product","2":"type-product","3":"status-publish","4":"has-post-thumbnail","6":"product_cat-ruehrwerkstechnik","7":"product_cat-laborruehrer","8":"product_tag-ruehrwerk-mit-nadelventil","9":"product_tag-druckluft-laborruehrwerk","10":"product_tag-atex-ruehrtechnik","11":"product_tag-ruehrwerk-mit-schnellspannfutter","12":"product_tag-ptm-eco-lab-ruehrer","13":"product_tag-ruehrwerk-atex-zertifiziert","14":"product_tag-ruehrwerk-fuer-hochviskose-medien","15":"product_tag-laborruehrer-atex-zone-1","16":"product_tag-explosionsgeschuetzter-laborruehrer","17":"product_tag-laborruehrwerk-fuer-ex-bereiche","18":"product_shipping_class-karton-paketversand","19":"pa_antriebsart-pneumatisch","20":"pa_atex-zone-122122","21":"pa_dichtung-ptfe","22":"pa_drehmoment-4nm","23":"pa_drehzahl-0-300-1-min","24":"pa_durchmesser-106mm","25":"pa_ex-gas-ex-ii-2-g-ex-h-iic-t5-gb-x","26":"pa_ex-staub-ex-ii-2-d-ex-h-iiic-t100c-db-x","27":"pa_geraeuschpegel-75db","28":"pa_labs-oel-und-silikonfrei","29":"pa_material-gehaeuse-aluminium-eloxiert","30":"pa_mittlerer-luftverbrauch-50l-min","31":"pa_model-eco-lab-450","32":"pa_montagestab-d12mm","33":"pa_schutzart-ip67","34":"pa_steckverschraubung-abluft-schlauch-o10mm","35":"pa_steckverschraubung-zuluft-schlauch-o6mm","36":"pa_versorgung-5-6bar","38":"first","39":"instock","40":"taxable","41":"shipping-taxable","42":"purchasable","43":"product-type-simple"},"bundled_by":[],"bundle_stock_status":"instock","bundle_stock_quantity":null,"bundle_virtual":false,"bundle_layout":"","bundle_add_to_cart_form_location":"","bundle_editable_in_cart":false,"bundle_sold_individually_context":"","bundle_item_grouping":"","bundle_min_size":"","bundle_max_size":"","bundle_price":[],"bundled_items":[],"bundle_sell_ids":[],"exclude_global_add_ons":[],"addons":[],"acf":[],"_links":{"self":[{"href":"https:\/\/ptm-mechatronics.com\/cs\/wp-json\/wp\/v2\/product\/3232","targetHints":{"allow":["GET"]}}],"collection":[{"href":"https:\/\/ptm-mechatronics.com\/cs\/wp-json\/wp\/v2\/product"}],"about":[{"href":"https:\/\/ptm-mechatronics.com\/cs\/wp-json\/wp\/v2\/types\/product"}],"replies":[{"embeddable":true,"href":"https:\/\/ptm-mechatronics.com\/cs\/wp-json\/wp\/v2\/comments?post=3232"}],"wp:featuredmedia":[{"embeddable":true,"href":"https:\/\/ptm-mechatronics.com\/cs\/wp-json\/wp\/v2\/media\/15319"}],"wp:attachment":[{"href":"https:\/\/ptm-mechatronics.com\/cs\/wp-json\/wp\/v2\/media?parent=3232"}],"wp:term":[{"taxonomy":"product_brand","embeddable":true,"href":"https:\/\/ptm-mechatronics.com\/cs\/wp-json\/wp\/v2\/product_brand?post=3232"},{"taxonomy":"product_cat","embeddable":true,"href":"https:\/\/ptm-mechatronics.com\/cs\/wp-json\/wp\/v2\/product_cat?post=3232"},{"taxonomy":"product_tag","embeddable":true,"href":"https:\/\/ptm-mechatronics.com\/cs\/wp-json\/wp\/v2\/product_tag?post=3232"}],"curies":[{"name":"wp","href":"https:\/\/api.w.org\/{rel}","templated":true}]}}