{"id":3204,"date":"2024-02-07T17:44:19","date_gmt":"2024-02-07T17:44:19","guid":{"rendered":""},"modified":"2025-11-07T15:50:24","modified_gmt":"2025-11-07T14:50:24","slug":"druckluftmotor-ferrit-free-4nm-0-300rpm","status":"publish","type":"product","link":"https:\/\/ptm-mechatronics.com\/cs\/product\/druckluftmotor-ferrit-free-4nm-0-300rpm\/","title":{"rendered":"Pneumatick\u00fd motor bez ferit\u016f, 4Nm, 0-300 ot\/min"},"content":{"rendered":"<p data-start=\"173\" data-end=\"260\"><span class=\"_fadeIn_pfttw_8\">PTM <\/span><span class=\"_fadeIn_pfttw_8\">Vzduchov\u00e9 motory - <\/span><span class=\"_fadeIn_pfttw_8\">siln\u00fd, <\/span><span class=\"_fadeIn_pfttw_8\">efektivn\u00ed <\/span><span class=\"_fadeIn_pfttw_8\">a <\/span><span class=\"_fadeIn_pfttw_8\">bez ferit\u016f <\/span><span class=\"_fadeIn_pfttw_8\">pro <\/span><span class=\"_fadeIn_pfttw_8\">citliv\u00e9 <\/span><span class=\"_fadeIn_pfttw_8\">Aplikace<\/span><\/p>\n<p data-start=\"262\" data-end=\"777\"><span class=\"_fadeIn_pfttw_8\">PTM <\/span><span class=\"_fadeIn_pfttw_8\">Vzduchov\u00e9 motory<\/span> <span class=\"_fadeIn_pfttw_8\">jsou <\/span><span class=\"_fadeIn_pfttw_8\">d\u00edky <\/span><span class=\"_fadeIn_pfttw_8\">jejich <\/span><span class=\"_fadeIn_pfttw_8\">zejm\u00e9na <\/span><span class=\"_fadeIn_pfttw_8\">robustn\u00ed, <\/span><span class=\"_fadeIn_pfttw_8\">\u010dist\u011b <\/span><span class=\"_fadeIn_pfttw_8\">mechanick\u00e9 <\/span><span class=\"_fadeIn_pfttw_8\">Struktura <\/span><span class=\"_fadeIn_pfttw_8\">a <\/span><span class=\"_fadeIn_pfttw_8\">jejich <\/span><span class=\"_fadeIn_pfttw_8\">vysok\u00e1 <\/span><span class=\"_fadeIn_pfttw_8\">P\u0159enos energie <\/span><span class=\"_fadeIn_pfttw_8\">V\u0161estrann\u00fd <\/span><span class=\"_fadeIn_pfttw_8\">pou\u017eiteln\u00e9 - <\/span><span class=\"_fadeIn_pfttw_8\">o <\/span><span class=\"_fadeIn_pfttw_8\">jako <\/span><span class=\"_fadeIn_pfttw_8\">Pohon <\/span><span class=\"_fadeIn_pfttw_8\">na adrese <\/span><span class=\"_fadeIn_pfttw_8\">Stroje <\/span><span class=\"_fadeIn_pfttw_8\">a <\/span><span class=\"_fadeIn_pfttw_8\">P\u0159\u00edlohy<\/span> <span class=\"_fadeIn_pfttw_8\">nebo <\/span><span class=\"_fadeIn_pfttw_8\">na <\/span><span class=\"_fadeIn_pfttw_8\">Generace <\/span><span class=\"_fadeIn_pfttw_8\">z <\/span><span class=\"_fadeIn_pfttw_8\">Rotary <\/span><span class=\"_fadeIn_pfttw_8\">a <\/span><span class=\"_fadeIn_pfttw_8\">Oto\u010dn\u00e9 pohyby<\/span><span class=\"_fadeIn_pfttw_8\">. <\/span><span class=\"_fadeIn_pfttw_8\">Na z\u00e1klad\u011b <\/span><span class=\"_fadeIn_pfttw_8\">na adrese <\/span><span class=\"_fadeIn_pfttw_8\">na <\/span><span class=\"_fadeIn_pfttw_8\">efektivn\u00ed <\/span><span class=\"_fadeIn_pfttw_8\">Princip radi\u00e1ln\u00edho p\u00edstu<\/span><span class=\"_fadeIn_pfttw_8\">, <\/span><span class=\"_fadeIn_pfttw_8\">nab\u00eddka <\/span><span class=\"_fadeIn_pfttw_8\">je <\/span><span class=\"_fadeIn_pfttw_8\">s <\/span><span class=\"_fadeIn_pfttw_8\">ni\u017e\u0161\u00ed <\/span><span class=\"_fadeIn_pfttw_8\">Spot\u0159eba vzduchu<\/span> <span class=\"_fadeIn_pfttw_8\">jeden <\/span><span class=\"_fadeIn_pfttw_8\">extr\u00e9mn\u00ed <\/span><span class=\"_fadeIn_pfttw_8\">vysok\u00e1 <\/span><span class=\"_fadeIn_pfttw_8\">Efektivita<\/span> <span class=\"_fadeIn_pfttw_8\">a <\/span><span class=\"_fadeIn_pfttw_8\">a <\/span><span class=\"_fadeIn_pfttw_8\">p\u016fsobiv\u00e9 <\/span><span class=\"_fadeIn_pfttw_8\">To\u010div\u00fd moment<\/span><span class=\"_fadeIn_pfttw_8\"> \u2013 <\/span><span class=\"_fadeIn_pfttw_8\">a <\/span><span class=\"_fadeIn_pfttw_8\">m\u00edsto <\/span><span class=\"_fadeIn_pfttw_8\">aby <\/span><span class=\"_fadeIn_pfttw_8\">jeden <\/span><span class=\"_fadeIn_pfttw_8\">modern\u00ed, <\/span><span class=\"_fadeIn_pfttw_8\">\u00faspora n\u00e1klad\u016f <\/span><span class=\"_fadeIn_pfttw_8\">Alternativn\u00ed <\/span><span class=\"_fadeIn_pfttw_8\">na <\/span><span class=\"_fadeIn_pfttw_8\">klasick\u00fd <\/span><span class=\"_fadeIn_pfttw_8\">Lopatkov\u00fd motor <\/span><span class=\"_fadeIn_pfttw_8\">reprezentovat.<\/span><\/p>\n<p data-start=\"779\" data-end=\"965\"><span class=\"_fadeIn_pfttw_8\">Na str\u00e1nk\u00e1ch <\/span><span class=\"_fadeIn_pfttw_8\">Motory <\/span><span class=\"_fadeIn_pfttw_8\">jsou <\/span><span class=\"_fadeIn_pfttw_8\">kompaktn\u00ed <\/span><span class=\"_fadeIn_pfttw_8\">postaveno<\/span><span class=\"_fadeIn_pfttw_8\">, <\/span><span class=\"_fadeIn_pfttw_8\">jednoduch\u00fd <\/span><span class=\"_fadeIn_pfttw_8\">na <\/span><span class=\"_fadeIn_pfttw_8\">integrovat, <\/span><span class=\"_fadeIn_pfttw_8\">na adrese <\/span><span class=\"_fadeIn_pfttw_8\">oba <\/span><span class=\"_fadeIn_pfttw_8\">Sm\u011bry ot\u00e1\u010den\u00ed <\/span><span class=\"_fadeIn_pfttw_8\">pou\u017eiteln\u00e9<\/span> <span class=\"_fadeIn_pfttw_8\">a <\/span><span class=\"_fadeIn_pfttw_8\">pod <\/span><span class=\"_fadeIn_pfttw_8\">Zat\u00ed\u017een\u00ed <\/span><span class=\"_fadeIn_pfttw_8\">do <\/span><span class=\"_fadeIn_pfttw_8\">na <\/span><span class=\"_fadeIn_pfttw_8\">Zastaven\u00ed <\/span><span class=\"_fadeIn_pfttw_8\">odoln\u00fd - <\/span><span class=\"_fadeIn_pfttw_8\">ide\u00e1ln\u00ed <\/span><span class=\"_fadeIn_pfttw_8\">pro <\/span><span class=\"_fadeIn_pfttw_8\">dynamick\u00fd <\/span><span class=\"_fadeIn_pfttw_8\">Pr\u016fmyslov\u00e9 procesy.<\/span><\/p>\n<p data-start=\"967\" data-end=\"1341\"><span class=\"_fadeIn_pfttw_8\">Pro <\/span><span class=\"_fadeIn_pfttw_8\">zejm\u00e9na <\/span><span class=\"_fadeIn_pfttw_8\">citliv\u00e9 <\/span><span class=\"_fadeIn_pfttw_8\">Oblasti pou\u017eit\u00ed <\/span><span class=\"_fadeIn_pfttw_8\">jako <\/span><span class=\"_fadeIn_pfttw_8\">MRT-<\/span><span class=\"_fadeIn_pfttw_8\">Prost\u0159ed\u00ed<\/span><span class=\"_fadeIn_pfttw_8\">, <\/span><span class=\"_fadeIn_pfttw_8\">TESLA-<\/span><span class=\"_fadeIn_pfttw_8\">Experimenty<\/span> <span class=\"_fadeIn_pfttw_8\">nebo <\/span><span class=\"_fadeIn_pfttw_8\">Vysokofrekven\u010dn\u00ed technologie<\/span> <span class=\"_fadeIn_pfttw_8\">je <\/span><span class=\"_fadeIn_pfttw_8\">na <\/span><span class=\"_fadeIn_pfttw_8\">Model <\/span><span class=\"_fadeIn_pfttw_8\">ferit <\/span><span class=\"_fadeIn_pfttw_8\">zdarma<\/span> <span class=\"_fadeIn_pfttw_8\">k dispozici, <\/span><span class=\"_fadeIn_pfttw_8\">na <\/span><span class=\"_fadeIn_pfttw_8\">v\u00fdhradn\u011b <\/span><span class=\"_fadeIn_pfttw_8\">z <\/span><span class=\"_fadeIn_pfttw_8\">ne<\/span><span class=\"_fadeIn_pfttw_8\">magnetick\u00e9 <\/span><span class=\"_fadeIn_pfttw_8\">Materi\u00e1ly<\/span> <span class=\"_fadeIn_pfttw_8\">existuje. <\/span><span class=\"_fadeIn_pfttw_8\">Na adrese . <\/span><span class=\"_fadeIn_pfttw_8\">zabra\u0148uje <\/span><span class=\"_fadeIn_pfttw_8\">Poruchy <\/span><span class=\"_fadeIn_pfttw_8\">prost\u0159ednictv\u00edm <\/span><span class=\"_fadeIn_pfttw_8\">Magnetick\u00e1 pole <\/span><span class=\"_fadeIn_pfttw_8\">a <\/span><span class=\"_fadeIn_pfttw_8\">je <\/span><span class=\"_fadeIn_pfttw_8\">proto <\/span><span class=\"_fadeIn_pfttw_8\">p\u0159edur\u010deno <\/span><span class=\"_fadeIn_pfttw_8\">pro <\/span><span class=\"_fadeIn_pfttw_8\">Aplikace, <\/span><span class=\"_fadeIn_pfttw_8\">s <\/span><span class=\"_fadeIn_pfttw_8\">ty <\/span><span class=\"_fadeIn_pfttw_8\">elektromagnetick\u00e9 <\/span><span class=\"_fadeIn_pfttw_8\">Kompatibilita <\/span><span class=\"_fadeIn_pfttw_8\">rozhoduj\u00edc\u00ed <\/span><span class=\"_fadeIn_pfttw_8\">je.<\/span><\/p>\n<p data-start=\"1343\" data-end=\"1374\"><span class=\"_fadeIn_pfttw_8\">V\u00fdhody <\/span><span class=\"_fadeIn_pfttw_8\">na adrese <\/span><span class=\"_fadeIn_pfttw_8\">jeden <\/span><span class=\"_fadeIn_pfttw_8\">Pohled:<\/span><\/p>\n<ul>\n<li data-start=\"1343\" data-end=\"1374\"><span class=\"_fadeIn_pfttw_8\">Extr\u00e9mn\u00ed <\/span><span class=\"_fadeIn_pfttw_8\">V\u00fdkonn\u00fd <\/span><span class=\"_fadeIn_pfttw_8\">d\u00edky <\/span><span class=\"_fadeIn_pfttw_8\">Princip radi\u00e1ln\u00edho p\u00edstu<\/span><\/li>\n<li data-start=\"1343\" data-end=\"1374\"><span class=\"_fadeIn_pfttw_8\">Efektivn\u011bj\u0161\u00ed <\/span><span class=\"_fadeIn_pfttw_8\">Spot\u0159eba vzduchu <\/span><span class=\"_fadeIn_pfttw_8\">s <\/span><span class=\"_fadeIn_pfttw_8\">vysok\u00e1 <\/span><span class=\"_fadeIn_pfttw_8\">To\u010div\u00fd moment<\/span><\/li>\n<li data-start=\"1343\" data-end=\"1374\"><span class=\"_fadeIn_pfttw_8\">Robustn\u00ed, <\/span><span class=\"_fadeIn_pfttw_8\">nen\u00e1ro\u010dn\u00e1 \u00fadr\u017eba <\/span><span class=\"_fadeIn_pfttw_8\">Mechanika<\/span><\/li>\n<li data-start=\"1343\" data-end=\"1374\"><span class=\"_fadeIn_pfttw_8\">Bez obsahu ferit\u016f <\/span><span class=\"_fadeIn_pfttw_8\">pro <\/span><span class=\"_fadeIn_pfttw_8\">MRI &amp; <\/span><span class=\"_fadeIn_pfttw_8\">Vysokofrekven\u010dn\u00ed technologie<\/span><\/li>\n<li data-start=\"1343\" data-end=\"1374\"><span class=\"_fadeIn_pfttw_8\">Vlevo - <\/span><span class=\"_fadeIn_pfttw_8\">a <\/span><span class=\"_fadeIn_pfttw_8\">Ot\u00e1\u010den\u00ed ve sm\u011bru hodinov\u00fdch ru\u010di\u010dek <\/span><span class=\"_fadeIn_pfttw_8\">mo\u017en\u00e9<\/span><\/li>\n<li data-start=\"1343\" data-end=\"1374\"><span class=\"_fadeIn_pfttw_8\">Odoln\u00e9 <\/span><span class=\"_fadeIn_pfttw_8\">do <\/span><span class=\"_fadeIn_pfttw_8\">na <\/span><span class=\"_fadeIn_pfttw_8\">Zastaven\u00ed<\/span><\/li>\n<li data-start=\"1343\" data-end=\"1374\"><span class=\"_fadeIn_pfttw_8\">Kompaktn\u00ed <\/span><span class=\"_fadeIn_pfttw_8\">Zp\u016fsob konstrukce <\/span><span class=\"_fadeIn_pfttw_8\">pro <\/span><span class=\"_fadeIn_pfttw_8\">flexibiln\u00ed <\/span><span class=\"_fadeIn_pfttw_8\">Integrace<\/span><\/li>\n<li data-start=\"1343\" data-end=\"1374\"><span class=\"_fadeIn_pfttw_8\">Alternativn\u00ed <\/span><span class=\"_fadeIn_pfttw_8\">na <\/span><span class=\"_fadeIn_pfttw_8\">Lopatkov\u00fd motor<\/span><\/li>\n<\/ul>","protected":false},"excerpt":{"rendered":"<p><span class=\"_fadeIn_pfttw_8\">Motor na stla\u010den\u00fd vzduch <\/span><span class=\"_fadeIn_pfttw_8\">na adrese <\/span><span class=\"_fadeIn_pfttw_8\">na adrese <\/span><span class=\"_fadeIn_pfttw_8\">na <\/span><span class=\"_fadeIn_pfttw_8\">efektivn\u00ed <\/span><span class=\"_fadeIn_pfttw_8\">Princip radi\u00e1ln\u00edho p\u00edstu, <\/span><span class=\"_fadeIn_pfttw_8\">vysok\u00e1 <\/span><span class=\"_fadeIn_pfttw_8\">To\u010div\u00fd moment <\/span><span class=\"_fadeIn_pfttw_8\">s <\/span><span class=\"_fadeIn_pfttw_8\">ni\u017e\u0161\u00ed <\/span><span class=\"_fadeIn_pfttw_8\">Spot\u0159eba vzduchu, <\/span><span class=\"_fadeIn_pfttw_8\">kompaktn\u00ed, <\/span><span class=\"_fadeIn_pfttw_8\">robustn\u00ed <\/span><span class=\"_fadeIn_pfttw_8\">a <\/span><span class=\"_fadeIn_pfttw_8\">voliteln\u00e9 <\/span><span class=\"_fadeIn_pfttw_8\">Bez ferit\u016f - <\/span><span class=\"_fadeIn_pfttw_8\">ide\u00e1ln\u00ed <\/span><span class=\"_fadeIn_pfttw_8\">pro <\/span><span class=\"_fadeIn_pfttw_8\">pr\u016fmyslov\u00e9 <\/span><span class=\"_fadeIn_pfttw_8\">Aplikace <\/span><span class=\"_fadeIn_pfttw_8\">a <\/span><span class=\"_fadeIn_pfttw_8\">citliv\u00e9 <\/span><span class=\"_fadeIn_pfttw_8\">Oblasti pou\u017eit\u00ed <\/span><span class=\"_fadeIn_pfttw_8\">jako <\/span><span class=\"_fadeIn_pfttw_8\">MRI <\/span><span class=\"_fadeIn_pfttw_8\">nebo <\/span><span class=\"_fadeIn_pfttw_8\">Vysokofrekven\u010dn\u00ed technologie.<\/span><\/p>","protected":false},"featured_media":15316,"comment_status":"open","ping_status":"closed","template":"","meta":{"_acf_changed":false},"product_brand":[],"product_cat":[428,2035],"product_tag":[2874,2875,2876,2877,2878,2879,2870,2871,2872,2873],"class_list":{"0":"post-3204","1":"product","2":"type-product","3":"status-publish","4":"has-post-thumbnail","6":"product_cat-antriebstechnik","7":"product_cat-druckluftmotor-ferrit-free","8":"product_tag-nicht-magnetischer-antrieb","9":"product_tag-hochfrequenz-kompatibler-motor","10":"product_tag-druckluftmotor-drehmoment-stark","11":"product_tag-pneumatischer-antrieb-maschine","12":"product_tag-kompakter-druckluftmotor","13":"product_tag-alternative-lamellenmotor","14":"product_tag-ptm-druckluftmotor","15":"product_tag-radialkolbenmotor-druckluft","16":"product_tag-ferritfreier-druckluftmotor","17":"product_tag-mrt-geeigneter-motor","18":"product_shipping_class-karton-paketversand","19":"pa_antriebsart-pneumatisch","20":"pa_antriebswelle-messing-o14mm-mit-passfeder-5n9","21":"pa_dichtung-pom","22":"pa_drehmoment-4nm","23":"pa_drehzahl-0-300-1-min","24":"pa_durchmesser-99mm","25":"pa_geraeuschpegel-75db","26":"pa_hoehe-799","27":"pa_labs-oel-und-silikonfrei","28":"pa_luftanschluesse-2xm6x075","29":"pa_material-gehaeuse-aluminium-eloxiert","30":"pa_model-pmo-450-ff","31":"pa_schutzart-ip67","32":"pa_steckverschraubung-2xschlauch-o6mm","33":"pa_versorgung-5-6bar","35":"first","36":"instock","37":"taxable","38":"shipping-taxable","39":"purchasable","40":"product-type-simple"},"bundled_by":[],"bundle_stock_status":"instock","bundle_stock_quantity":null,"bundle_virtual":false,"bundle_layout":"","bundle_add_to_cart_form_location":"","bundle_editable_in_cart":false,"bundle_sold_individually_context":"","bundle_item_grouping":"","bundle_min_size":"","bundle_max_size":"","bundle_price":[],"bundled_items":[],"bundle_sell_ids":[],"exclude_global_add_ons":[],"addons":[],"acf":[],"_links":{"self":[{"href":"https:\/\/ptm-mechatronics.com\/cs\/wp-json\/wp\/v2\/product\/3204","targetHints":{"allow":["GET"]}}],"collection":[{"href":"https:\/\/ptm-mechatronics.com\/cs\/wp-json\/wp\/v2\/product"}],"about":[{"href":"https:\/\/ptm-mechatronics.com\/cs\/wp-json\/wp\/v2\/types\/product"}],"replies":[{"embeddable":true,"href":"https:\/\/ptm-mechatronics.com\/cs\/wp-json\/wp\/v2\/comments?post=3204"}],"wp:featuredmedia":[{"embeddable":true,"href":"https:\/\/ptm-mechatronics.com\/cs\/wp-json\/wp\/v2\/media\/15316"}],"wp:attachment":[{"href":"https:\/\/ptm-mechatronics.com\/cs\/wp-json\/wp\/v2\/media?parent=3204"}],"wp:term":[{"taxonomy":"product_brand","embeddable":true,"href":"https:\/\/ptm-mechatronics.com\/cs\/wp-json\/wp\/v2\/product_brand?post=3204"},{"taxonomy":"product_cat","embeddable":true,"href":"https:\/\/ptm-mechatronics.com\/cs\/wp-json\/wp\/v2\/product_cat?post=3204"},{"taxonomy":"product_tag","embeddable":true,"href":"https:\/\/ptm-mechatronics.com\/cs\/wp-json\/wp\/v2\/product_tag?post=3204"}],"curies":[{"name":"wp","href":"https:\/\/api.w.org\/{rel}","templated":true}]}}