{"id":15717,"date":"2025-12-01T13:26:30","date_gmt":"2025-12-01T12:26:30","guid":{"rendered":"https:\/\/ptm-mechatronics.com\/?post_type=product&#038;p=15717"},"modified":"2026-01-21T09:13:17","modified_gmt":"2026-01-21T08:13:17","slug":"fasspumpe-hygienic-design-max-foerderhoehe","status":"publish","type":"product","link":"https:\/\/ptm-mechatronics.com\/cs\/product\/fasspumpe-hygienic-design-max-foerderhoehe\/","title":{"rendered":"Bubnov\u00e9 \u010derpadlo Hygienick\u00e9 proveden\u00ed 2,2 baru"},"content":{"rendered":"<h1 data-start=\"227\" data-end=\"303\"><span style=\"font-size: 75%;\">Sada bubnov\u00fdch \u010derpadel s hygienick\u00fdm designem pro maxim\u00e1ln\u00ed v\u00fdtlak<\/span><\/h1>\n<p>Toto bubnov\u00e9 \u010derpadlo v hygienick\u00e9m proveden\u00ed bylo speci\u00e1ln\u011b navr\u017eeno pro aplikace, kde je vy\u017eadov\u00e1n obzvl\u00e1\u0161t\u011b vysok\u00fd v\u00fdtlak a hygienick\u00e9 proveden\u00ed - nap\u0159\u00edklad v potravin\u00e1\u0159sk\u00e9m, kosmetick\u00e9m nebo chemick\u00e9m pr\u016fmyslu. Robustn\u00ed st\u0159\u00eddav\u00fd motor o v\u00fdkonu 850 W (230 V, 8500 ot.\/min.) je vybaven tepelnou ochranou proti p\u0159et\u00ed\u017een\u00ed, podp\u011b\u0165ovou ochranou podle sm\u011brnice o strojn\u00edch za\u0159\u00edzen\u00edch 2006\/42\/ES a stupn\u011bm kryt\u00ed IP24.<\/p>\n<p>\u010cerpadlov\u00e1 jednotka z nerezov\u00e9 oceli (1.4571) m\u00e1 t\u0159i radi\u00e1ln\u00ed ob\u011b\u017en\u00e1 kola, odolnou mechanickou ucp\u00e1vku a hloubku ponoru 1000 mm. P\u0159ipojen\u00ed na tlakov\u00e9 stran\u011b m\u00e1 vn\u011bj\u0161\u00ed z\u00e1vit G 1 \u00bc\u201c, ide\u00e1ln\u00ed pro p\u0159ipojen\u00ed k profesion\u00e1ln\u00edm plnic\u00edm \u0159e\u0161en\u00edm. Certifikace ATEX II 1\/2 G IIB T3 umo\u017e\u0148uje bezpe\u010dn\u00e9 pou\u017eit\u00ed v prost\u0159ed\u00ed s nebezpe\u010d\u00edm v\u00fdbuchu.<\/p>\n<p>Dod\u00e1van\u00e1 sada p\u0159\u00edslu\u0161enstv\u00ed obsahuje<\/p>\n<ul>\n<li>2 m hadice z PVC DN25<\/li>\n<li>2x hadicov\u00e9 spojky z nerezov\u00e9 oceli DN25<\/li>\n<li>2x hadicov\u00e9 svorky z nerezov\u00e9 oceli<\/li>\n<li>1x benz\u00ednov\u00e1 tryska z nerezov\u00e9 oceli\/PTFE<\/li>\n<li>1x adapt\u00e9r na hlave\u0148 PP<\/li>\n<\/ul>","protected":false},"excerpt":{"rendered":"<p>Bubnov\u00e9 \u010derpadlo v hygienick\u00e9m proveden\u00ed s \u010derpac\u00ed jednotkou z nerezov\u00e9 oceli, t\u0159emi radi\u00e1ln\u00edmi ob\u011b\u017en\u00fdmi koly a p\u0159\u00edslu\u0161enstv\u00edm pro hygienick\u00e9 aplikace s vysok\u00fdmi po\u017eadavky na v\u00fdtlak a pro z\u00f3ny ATEX.<\/p>","protected":false},"featured_media":15716,"comment_status":"closed","ping_status":"closed","template":"","meta":{"_acf_changed":false},"product_brand":[],"product_cat":[3206,3224,3266],"product_tag":[3248,3249,3250,3251,3252,3253,3254,3255,3227],"class_list":{"0":"post-15717","1":"product","2":"type-product","3":"status-publish","4":"has-post-thumbnail","6":"product_cat-pumpentechnik","7":"product_cat-fasspumpen","8":"product_cat-hygienic-design-pumpen","9":"product_tag-chemie-fasspumpe","10":"product_tag-fasspumpen-set-chemikalien","11":"product_tag-pvdf-pumpe","12":"product_tag-hastelloy-c-pumpwerk","13":"product_tag-zapfpistole-pvdf-fep","14":"product_tag-schlauch-dn25-chemie","15":"product_tag-fasspumpe-aggressiv","16":"product_tag-pumpwerk-dl-pvdf-hc","17":"product_tag-fasspumpen-komplettset","18":"product_shipping_class-karton-paketversand","19":"pa_foerderleistung-max-100-l-min","20":"pa_leistung-850-watt","21":"pa_material-edelstahl","22":"pa_schutzart-ip24","23":"pa_spannung-230v","25":"first","26":"instock","27":"taxable","28":"shipping-taxable","29":"purchasable","30":"product-type-simple"},"bundled_by":[],"bundle_stock_status":"instock","bundle_stock_quantity":null,"bundle_virtual":false,"bundle_layout":"","bundle_add_to_cart_form_location":"","bundle_editable_in_cart":false,"bundle_sold_individually_context":"","bundle_item_grouping":"","bundle_min_size":"","bundle_max_size":"","bundle_price":[],"bundled_items":[],"bundle_sell_ids":[],"exclude_global_add_ons":[],"addons":[],"acf":[],"_links":{"self":[{"href":"https:\/\/ptm-mechatronics.com\/cs\/wp-json\/wp\/v2\/product\/15717","targetHints":{"allow":["GET"]}}],"collection":[{"href":"https:\/\/ptm-mechatronics.com\/cs\/wp-json\/wp\/v2\/product"}],"about":[{"href":"https:\/\/ptm-mechatronics.com\/cs\/wp-json\/wp\/v2\/types\/product"}],"replies":[{"embeddable":true,"href":"https:\/\/ptm-mechatronics.com\/cs\/wp-json\/wp\/v2\/comments?post=15717"}],"wp:featuredmedia":[{"embeddable":true,"href":"https:\/\/ptm-mechatronics.com\/cs\/wp-json\/wp\/v2\/media\/15716"}],"wp:attachment":[{"href":"https:\/\/ptm-mechatronics.com\/cs\/wp-json\/wp\/v2\/media?parent=15717"}],"wp:term":[{"taxonomy":"product_brand","embeddable":true,"href":"https:\/\/ptm-mechatronics.com\/cs\/wp-json\/wp\/v2\/product_brand?post=15717"},{"taxonomy":"product_cat","embeddable":true,"href":"https:\/\/ptm-mechatronics.com\/cs\/wp-json\/wp\/v2\/product_cat?post=15717"},{"taxonomy":"product_tag","embeddable":true,"href":"https:\/\/ptm-mechatronics.com\/cs\/wp-json\/wp\/v2\/product_tag?post=15717"}],"curies":[{"name":"wp","href":"https:\/\/api.w.org\/{rel}","templated":true}]}}