{"id":15639,"date":"2025-11-21T09:23:17","date_gmt":"2025-11-21T08:23:17","guid":{"rendered":"https:\/\/ptm-mechatronics.com\/?post_type=product&#038;p=15639"},"modified":"2025-12-01T09:32:34","modified_gmt":"2025-12-01T08:32:34","slug":"pumpwerk-fuer-faesser-atex","status":"publish","type":"product","link":"https:\/\/ptm-mechatronics.com\/cs\/product\/pumpwerk-fuer-faesser-atex\/","title":{"rendered":"\u010cerpac\u00ed stanice pro sudy, ATEX"},"content":{"rendered":"<h1 data-start=\"242\" data-end=\"330\"><span style=\"font-size: 75%;\"><strong data-start=\"242\" data-end=\"330\">\u010cerpac\u00ed stanice 1 000 mm pro sudy<br \/>\n<\/strong><\/span><span style=\"font-size: 75%;\">- ATEX II 1\/2 G IIB T4, bez t\u011bsn\u011bn\u00ed, axi\u00e1ln\u00ed, h\u0159\u00eddel z nerezov\u00e9 oceli<\/span><\/h1>\n<p>\u010cerpac\u00ed stanice byla speci\u00e1ln\u011b vyvinuta pro pou\u017eit\u00ed v prost\u0159ed\u00ed s nebezpe\u010d\u00edm v\u00fdbuchu.<\/p>\n<p>D\u00edky certifikaci ATEX II 1\/2 G IIB T4 spl\u0148uje nejvy\u0161\u0161\u00ed bezpe\u010dnostn\u00ed po\u017eadavky a je ide\u00e1ln\u00ed pro ho\u0159lav\u00e9 kapaliny. Kryt a h\u0159\u00eddel jsou vyrobeny z vysoce kvalitn\u00ed nerezov\u00e9 oceli V2A (Niro), kter\u00e1 nab\u00edz\u00ed maxim\u00e1ln\u00ed odolnost a hygienu. Axi\u00e1ln\u011b veden\u00e1 a bezucp\u00e1vkov\u00e1 konstrukce zaji\u0161\u0165uje konzistentn\u00ed dod\u00e1vku m\u00e9dia s minim\u00e1ln\u00ed \u00fadr\u017ebou - ide\u00e1ln\u00ed pro pr\u016fmyslov\u00e9 aplikace s rozpou\u0161t\u011bdly a dal\u0161\u00edmi nebezpe\u010dn\u00fdmi l\u00e1tkami.<\/p>\n<p>Rozsah dod\u00e1vky bez motoru<\/p>","protected":false},"excerpt":{"rendered":"<p>\u010cerpac\u00ed jednotka z nerezov\u00e9 oceli s certifik\u00e1tem ATEX, bez t\u011bsn\u011bn\u00ed a s axi\u00e1ln\u00edm v\u00fdtlakem - pro ho\u0159lav\u00e1 m\u00e9dia a potenci\u00e1ln\u011b v\u00fdbu\u0161n\u00e9 z\u00f3ny.<\/p>","protected":false},"featured_media":15708,"comment_status":"closed","ping_status":"closed","template":"","meta":{"_acf_changed":false},"product_brand":[],"product_cat":[3206,3224],"product_tag":[],"class_list":{"0":"post-15639","1":"product","2":"type-product","3":"status-publish","4":"has-post-thumbnail","6":"product_cat-pumpentechnik","7":"product_cat-fasspumpen","8":"product_shipping_class-karton-paketversand","9":"pa_laenge-1000mm","10":"pa_material-edelstahl","12":"first","13":"instock","14":"taxable","15":"shipping-taxable","16":"purchasable","17":"product-type-simple"},"bundled_by":[],"bundle_stock_status":"instock","bundle_stock_quantity":null,"bundle_virtual":false,"bundle_layout":"","bundle_add_to_cart_form_location":"","bundle_editable_in_cart":false,"bundle_sold_individually_context":"","bundle_item_grouping":"","bundle_min_size":"","bundle_max_size":"","bundle_price":[],"bundled_items":[],"bundle_sell_ids":[],"exclude_global_add_ons":[],"addons":[],"acf":[],"_links":{"self":[{"href":"https:\/\/ptm-mechatronics.com\/cs\/wp-json\/wp\/v2\/product\/15639","targetHints":{"allow":["GET"]}}],"collection":[{"href":"https:\/\/ptm-mechatronics.com\/cs\/wp-json\/wp\/v2\/product"}],"about":[{"href":"https:\/\/ptm-mechatronics.com\/cs\/wp-json\/wp\/v2\/types\/product"}],"replies":[{"embeddable":true,"href":"https:\/\/ptm-mechatronics.com\/cs\/wp-json\/wp\/v2\/comments?post=15639"}],"wp:featuredmedia":[{"embeddable":true,"href":"https:\/\/ptm-mechatronics.com\/cs\/wp-json\/wp\/v2\/media\/15708"}],"wp:attachment":[{"href":"https:\/\/ptm-mechatronics.com\/cs\/wp-json\/wp\/v2\/media?parent=15639"}],"wp:term":[{"taxonomy":"product_brand","embeddable":true,"href":"https:\/\/ptm-mechatronics.com\/cs\/wp-json\/wp\/v2\/product_brand?post=15639"},{"taxonomy":"product_cat","embeddable":true,"href":"https:\/\/ptm-mechatronics.com\/cs\/wp-json\/wp\/v2\/product_cat?post=15639"},{"taxonomy":"product_tag","embeddable":true,"href":"https:\/\/ptm-mechatronics.com\/cs\/wp-json\/wp\/v2\/product_tag?post=15639"}],"curies":[{"name":"wp","href":"https:\/\/api.w.org\/{rel}","templated":true}]}}