{"id":15638,"date":"2025-11-21T09:19:29","date_gmt":"2025-11-21T08:19:29","guid":{"rendered":"https:\/\/ptm-mechatronics.com\/?post_type=product&#038;p=15638"},"modified":"2025-12-01T09:27:19","modified_gmt":"2025-12-01T08:27:19","slug":"pumpwerk-fuer-faesser-oele-neutrale-fluessigkeiten","status":"publish","type":"product","link":"https:\/\/ptm-mechatronics.com\/cs\/product\/pumpwerk-fuer-faesser-oele-neutrale-fluessigkeiten\/","title":{"rendered":"\u010cerpac\u00ed stanice pro sudy, oleje\/neutr\u00e1ln\u00ed kapaliny"},"content":{"rendered":"<h1 data-start=\"242\" data-end=\"330\"><span style=\"font-size: 75%;\"><strong data-start=\"242\" data-end=\"330\">\u010cerpac\u00ed stanice 1 000 mm pro sudy<br \/>\n<\/strong><\/span><span style=\"font-size: 75%;\">- Bezucp\u00e1vkov\u00e1 axi\u00e1ln\u00ed h\u0159\u00eddel z nerezov\u00e9 oceli<\/span><\/h1>\n<p>P\u0159e\u010derp\u00e1vac\u00ed stanice je robustn\u00ed \u0159e\u0161en\u00ed s n\u00edzk\u00fdmi n\u00e1roky na \u00fadr\u017ebu pro \u010derp\u00e1n\u00ed olej\u016f a neutr\u00e1ln\u00edch kapalin.<\/p>\n<p>Jeho vysoce kvalitn\u00ed hlin\u00edkov\u00e9 pouzdro zaji\u0161\u0165uje vysokou mechanickou nosnost, zat\u00edmco hnac\u00ed h\u0159\u00eddel z nerezov\u00e9 oceli poskytuje spolehlivou ochranu proti korozi. Axi\u00e1ln\u00ed konstrukce \u010derpadla umo\u017e\u0148uje rovnom\u011brn\u00e9 a \u00fa\u010dinn\u00e9 \u010derp\u00e1n\u00ed m\u00e9dia. D\u00edky bezucp\u00e1vkov\u00e9 konstrukci je \u010derpac\u00ed jednotka prakticky bez\u00fadr\u017ebov\u00e1 - ide\u00e1ln\u00ed pro dlouhodob\u00e9 pou\u017eit\u00ed v d\u00edln\u00e1ch, pr\u016fmyslu nebo v\u00fdrob\u011b.<\/p>\n<p>\u010cerpac\u00ed jednotka je kompatibiln\u00ed se syst\u00e9mem bubnov\u00fdch \u010derpadel pro oleje a neutr\u00e1ln\u00ed kapaliny od spole\u010dnosti PTM mechatronics a umo\u017e\u0148uje rychlou v\u00fdm\u011bnu pro r\u016fzn\u00e9 aplikace nebo m\u00e9dia.<\/p>\n<p>Rozsah dod\u00e1vky bez motoru<\/p>","protected":false},"excerpt":{"rendered":"<p>Bezucp\u00e1vkov\u00e1 hlin\u00edkov\u00e1 \u010derpac\u00ed jednotka s h\u0159\u00eddel\u00ed z nerezov\u00e9 oceli pro spolehliv\u00e9 \u010derp\u00e1n\u00ed oleje a neutr\u00e1ln\u00edch m\u00e9di\u00ed.<\/p>","protected":false},"featured_media":15706,"comment_status":"closed","ping_status":"closed","template":"","meta":{"_acf_changed":false},"product_brand":[],"product_cat":[3206,3224],"product_tag":[],"class_list":{"0":"post-15638","1":"product","2":"type-product","3":"status-publish","4":"has-post-thumbnail","6":"product_cat-pumpentechnik","7":"product_cat-fasspumpen","8":"product_shipping_class-karton-paketversand","9":"pa_laenge-1000mm","10":"pa_material-alu","11":"pa_material-edelstahl","13":"first","14":"instock","15":"taxable","16":"shipping-taxable","17":"purchasable","18":"product-type-simple"},"bundled_by":[],"bundle_stock_status":"instock","bundle_stock_quantity":null,"bundle_virtual":false,"bundle_layout":"","bundle_add_to_cart_form_location":"","bundle_editable_in_cart":false,"bundle_sold_individually_context":"","bundle_item_grouping":"","bundle_min_size":"","bundle_max_size":"","bundle_price":[],"bundled_items":[],"bundle_sell_ids":[],"exclude_global_add_ons":[],"addons":[],"acf":[],"_links":{"self":[{"href":"https:\/\/ptm-mechatronics.com\/cs\/wp-json\/wp\/v2\/product\/15638","targetHints":{"allow":["GET"]}}],"collection":[{"href":"https:\/\/ptm-mechatronics.com\/cs\/wp-json\/wp\/v2\/product"}],"about":[{"href":"https:\/\/ptm-mechatronics.com\/cs\/wp-json\/wp\/v2\/types\/product"}],"replies":[{"embeddable":true,"href":"https:\/\/ptm-mechatronics.com\/cs\/wp-json\/wp\/v2\/comments?post=15638"}],"wp:featuredmedia":[{"embeddable":true,"href":"https:\/\/ptm-mechatronics.com\/cs\/wp-json\/wp\/v2\/media\/15706"}],"wp:attachment":[{"href":"https:\/\/ptm-mechatronics.com\/cs\/wp-json\/wp\/v2\/media?parent=15638"}],"wp:term":[{"taxonomy":"product_brand","embeddable":true,"href":"https:\/\/ptm-mechatronics.com\/cs\/wp-json\/wp\/v2\/product_brand?post=15638"},{"taxonomy":"product_cat","embeddable":true,"href":"https:\/\/ptm-mechatronics.com\/cs\/wp-json\/wp\/v2\/product_cat?post=15638"},{"taxonomy":"product_tag","embeddable":true,"href":"https:\/\/ptm-mechatronics.com\/cs\/wp-json\/wp\/v2\/product_tag?post=15638"}],"curies":[{"name":"wp","href":"https:\/\/api.w.org\/{rel}","templated":true}]}}