{"id":15637,"date":"2025-11-21T09:16:10","date_gmt":"2025-11-21T08:16:10","guid":{"rendered":"https:\/\/ptm-mechatronics.com\/?post_type=product&#038;p=15637"},"modified":"2025-11-28T11:27:31","modified_gmt":"2025-11-28T10:27:31","slug":"pumpwerk-fuer-faesser-chemikalien","status":"publish","type":"product","link":"https:\/\/ptm-mechatronics.com\/cs\/product\/pumpwerk-fuer-faesser-chemikalien\/","title":{"rendered":"\u010cerpac\u00ed stanice pro sudy, chemik\u00e1lie"},"content":{"rendered":"<h1 data-start=\"242\" data-end=\"330\"><span style=\"font-size: 75%;\"><strong data-start=\"242\" data-end=\"330\">\u010cerpac\u00ed stanice 1 000 mm pro sudy<br \/>\n<\/strong><\/span><span style=\"font-size: 75%;\">- bez t\u011bsn\u011bn\u00ed, axi\u00e1ln\u00ed, h\u0159\u00eddel Hastelloy<\/span><\/h1>\n<p>\u010cerpac\u00ed stanice byla speci\u00e1ln\u011b vyvinuta pro bezpe\u010dn\u00e9 a nen\u00e1ro\u010dn\u00e9 pou\u017eit\u00ed v chemick\u00fdch aplikac\u00edch.<\/p>\n<p>Kryt je vyroben z extr\u00e9mn\u011b odoln\u00e9ho PVDF (polyvinylidenfluorid) a odol\u00e1v\u00e1 i velmi agresivn\u00edm chemik\u00e1li\u00edm. Axi\u00e1ln\u00ed \u010derpac\u00ed konstrukce umo\u017e\u0148uje rovnom\u011brn\u00e9 a \u00fa\u010dinn\u00e9 \u010derp\u00e1n\u00ed m\u00e9dia, zat\u00edmco hnac\u00ed h\u0159\u00eddel z materi\u00e1lu Hastelloy (HC) zaji\u0161\u0165uje maxim\u00e1ln\u00ed odolnost proti korozi. D\u00edky bezucp\u00e1vkov\u00e9 konstrukci je \u010derpac\u00ed jednotka prakticky bez\u00fadr\u017ebov\u00e1 a je ide\u00e1ln\u00ed pro n\u00e1ro\u010dn\u00e9 laboratorn\u00ed a pr\u016fmyslov\u00e9 prost\u0159ed\u00ed.<\/p>\n<p>Rozsah dod\u00e1vky bez motoru<\/p>","protected":false},"excerpt":{"rendered":"<p>Bezucp\u00e1vkov\u00e1 \u010derpac\u00ed jednotka z PVDF s h\u0159\u00eddel\u00ed z Hastelloy a axi\u00e1ln\u00edm v\u00fdtlakem - ide\u00e1ln\u00ed pro vysoce agresivn\u00ed chemik\u00e1lie.<\/p>","protected":false},"featured_media":15689,"comment_status":"closed","ping_status":"closed","template":"","meta":{"_acf_changed":false},"product_brand":[],"product_cat":[3206,3224],"product_tag":[],"class_list":{"0":"post-15637","1":"product","2":"type-product","3":"status-publish","4":"has-post-thumbnail","6":"product_cat-pumpentechnik","7":"product_cat-fasspumpen","8":"product_shipping_class-karton-paketversand","9":"pa_laenge-1000mm","10":"pa_material-hastelloy-c","11":"pa_material-polyvinylidenfluorid-pvdf","13":"first","14":"instock","15":"taxable","16":"shipping-taxable","17":"purchasable","18":"product-type-simple"},"bundled_by":[],"bundle_stock_status":"instock","bundle_stock_quantity":null,"bundle_virtual":false,"bundle_layout":"","bundle_add_to_cart_form_location":"","bundle_editable_in_cart":false,"bundle_sold_individually_context":"","bundle_item_grouping":"","bundle_min_size":"","bundle_max_size":"","bundle_price":[],"bundled_items":[],"bundle_sell_ids":[],"exclude_global_add_ons":[],"addons":[],"acf":[],"_links":{"self":[{"href":"https:\/\/ptm-mechatronics.com\/cs\/wp-json\/wp\/v2\/product\/15637","targetHints":{"allow":["GET"]}}],"collection":[{"href":"https:\/\/ptm-mechatronics.com\/cs\/wp-json\/wp\/v2\/product"}],"about":[{"href":"https:\/\/ptm-mechatronics.com\/cs\/wp-json\/wp\/v2\/types\/product"}],"replies":[{"embeddable":true,"href":"https:\/\/ptm-mechatronics.com\/cs\/wp-json\/wp\/v2\/comments?post=15637"}],"wp:featuredmedia":[{"embeddable":true,"href":"https:\/\/ptm-mechatronics.com\/cs\/wp-json\/wp\/v2\/media\/15689"}],"wp:attachment":[{"href":"https:\/\/ptm-mechatronics.com\/cs\/wp-json\/wp\/v2\/media?parent=15637"}],"wp:term":[{"taxonomy":"product_brand","embeddable":true,"href":"https:\/\/ptm-mechatronics.com\/cs\/wp-json\/wp\/v2\/product_brand?post=15637"},{"taxonomy":"product_cat","embeddable":true,"href":"https:\/\/ptm-mechatronics.com\/cs\/wp-json\/wp\/v2\/product_cat?post=15637"},{"taxonomy":"product_tag","embeddable":true,"href":"https:\/\/ptm-mechatronics.com\/cs\/wp-json\/wp\/v2\/product_tag?post=15637"}],"curies":[{"name":"wp","href":"https:\/\/api.w.org\/{rel}","templated":true}]}}