{"id":15636,"date":"2025-11-21T09:08:42","date_gmt":"2025-11-21T08:08:42","guid":{"rendered":"https:\/\/ptm-mechatronics.com\/?post_type=product&#038;p=15636"},"modified":"2025-11-28T11:26:31","modified_gmt":"2025-11-28T10:26:31","slug":"pumpwerk-fuer-faesser-konzentrierte-saeuren-laugen","status":"publish","type":"product","link":"https:\/\/ptm-mechatronics.com\/cs\/product\/pumpwerk-fuer-faesser-konzentrierte-saeuren-laugen\/","title":{"rendered":"\u010cerpac\u00ed stanice pro sudy, koncentrovan\u00e9 kyseliny\/alk\u00e1lie"},"content":{"rendered":"<h1 data-start=\"242\" data-end=\"330\"><span style=\"font-size: 75%;\"><strong data-start=\"242\" data-end=\"330\">\u010cerpac\u00ed stanice 1 000 mm pro sudy<br \/>\n<\/strong><\/span><span style=\"font-size: 75%;\">- Bezucp\u00e1vkov\u00e1, radi\u00e1ln\u00ed, h\u0159\u00eddel Hastelloy<\/span><\/h1>\n<p>\u010cerpac\u00ed stanice s radi\u00e1ln\u00ed v\u00fdtla\u010dnou charakteristikou je ide\u00e1ln\u00edm \u0159e\u0161en\u00edm pro bezpe\u010dnou a bez\u00fadr\u017ebovou manipulaci s chemicky agresivn\u00edmi m\u00e9dii s n\u00edzkou viskozitou.<\/p>\n<p>Kryt je vyroben z polypropylenu (PP) odoln\u00e9ho proti chemik\u00e1li\u00edm, zat\u00edmco robustn\u00ed hnac\u00ed h\u0159\u00eddel z vysoce v\u00fdkonn\u00e9ho materi\u00e1lu Hastelloy (HC) nab\u00edz\u00ed vynikaj\u00edc\u00ed ochranu proti korozi i v extr\u00e9mn\u00edch podm\u00ednk\u00e1ch. Konstrukce bez t\u011bsn\u011bn\u00ed minimalizuje n\u00e1roky na \u00fadr\u017ebu a prostoje - ide\u00e1ln\u00ed pro n\u00e1ro\u010dn\u00e9 pr\u016fmyslov\u00e9 aplikace.<\/p>\n<p>Rozsah dod\u00e1vky bez motoru<\/p>","protected":false},"excerpt":{"rendered":"<p>Bezucp\u00e1vkov\u00e1 \u010derpac\u00ed stanice PP s h\u0159\u00eddel\u00ed Hastelloy a radi\u00e1ln\u00edm v\u00fdtlakem pro agresivn\u00ed chemick\u00e1 m\u00e9dia.<\/p>","protected":false},"featured_media":15696,"comment_status":"closed","ping_status":"closed","template":"","meta":{"_acf_changed":false},"product_brand":[],"product_cat":[3206,3224],"product_tag":[],"class_list":{"0":"post-15636","1":"product","2":"type-product","3":"status-publish","4":"has-post-thumbnail","6":"product_cat-pumpentechnik","7":"product_cat-fasspumpen","8":"product_shipping_class-karton-paketversand","9":"pa_laenge-1000mm","10":"pa_material-polypropylen-pp","11":"pa_material-hastelloy-c","13":"first","14":"instock","15":"taxable","16":"shipping-taxable","17":"purchasable","18":"product-type-simple"},"bundled_by":[],"bundle_stock_status":"instock","bundle_stock_quantity":null,"bundle_virtual":false,"bundle_layout":"","bundle_add_to_cart_form_location":"","bundle_editable_in_cart":false,"bundle_sold_individually_context":"","bundle_item_grouping":"","bundle_min_size":"","bundle_max_size":"","bundle_price":[],"bundled_items":[],"bundle_sell_ids":[],"exclude_global_add_ons":[],"addons":[],"acf":[],"_links":{"self":[{"href":"https:\/\/ptm-mechatronics.com\/cs\/wp-json\/wp\/v2\/product\/15636","targetHints":{"allow":["GET"]}}],"collection":[{"href":"https:\/\/ptm-mechatronics.com\/cs\/wp-json\/wp\/v2\/product"}],"about":[{"href":"https:\/\/ptm-mechatronics.com\/cs\/wp-json\/wp\/v2\/types\/product"}],"replies":[{"embeddable":true,"href":"https:\/\/ptm-mechatronics.com\/cs\/wp-json\/wp\/v2\/comments?post=15636"}],"wp:featuredmedia":[{"embeddable":true,"href":"https:\/\/ptm-mechatronics.com\/cs\/wp-json\/wp\/v2\/media\/15696"}],"wp:attachment":[{"href":"https:\/\/ptm-mechatronics.com\/cs\/wp-json\/wp\/v2\/media?parent=15636"}],"wp:term":[{"taxonomy":"product_brand","embeddable":true,"href":"https:\/\/ptm-mechatronics.com\/cs\/wp-json\/wp\/v2\/product_brand?post=15636"},{"taxonomy":"product_cat","embeddable":true,"href":"https:\/\/ptm-mechatronics.com\/cs\/wp-json\/wp\/v2\/product_cat?post=15636"},{"taxonomy":"product_tag","embeddable":true,"href":"https:\/\/ptm-mechatronics.com\/cs\/wp-json\/wp\/v2\/product_tag?post=15636"}],"curies":[{"name":"wp","href":"https:\/\/api.w.org\/{rel}","templated":true}]}}