{"id":15634,"date":"2025-11-20T15:34:25","date_gmt":"2025-11-20T14:34:25","guid":{"rendered":"https:\/\/ptm-mechatronics.com\/?post_type=product&#038;p=15634"},"modified":"2025-11-28T11:25:48","modified_gmt":"2025-11-28T10:25:48","slug":"pumpwerk-fuer-faesser-verduennte-saeuren-laugen","status":"publish","type":"product","link":"https:\/\/ptm-mechatronics.com\/cs\/product\/pumpwerk-fuer-faesser-verduennte-saeuren-laugen\/","title":{"rendered":"\u010cerpac\u00ed stanice pro sudy, z\u0159ed\u011bn\u00e9 kyseliny\/alk\u00e1lie"},"content":{"rendered":"<h1 data-start=\"242\" data-end=\"330\"><span style=\"font-size: 75%;\"><strong data-start=\"242\" data-end=\"330\">\u010cerpac\u00ed stanice 1 000 mm pro sudy<br \/>\n<\/strong><\/span><span style=\"font-size: 75%;\">- Bezucp\u00e1vkov\u00e1 axi\u00e1ln\u00ed h\u0159\u00eddel z nerezov\u00e9 oceli<\/span><\/h1>\n<p>Robustn\u00ed bubnov\u00e1 \u010derpac\u00ed jednotka bez t\u011bsn\u011bn\u00ed je vhodn\u00e1 pro spolehliv\u00e9 pou\u017eit\u00ed v chemick\u00fdch a pr\u016fmyslov\u00fdch aplikac\u00edch.<\/p>\n<p>Kryt je vyroben z polypropylenu (PP) odoln\u00e9ho proti chemik\u00e1li\u00edm, zat\u00edmco hnac\u00ed h\u0159\u00eddel je vyrobena z vysoce kvalitn\u00ed nerezov\u00e9 oceli (V2A\/Niro). Axi\u00e1ln\u00ed \u010derpac\u00ed konstrukce zaji\u0161\u0165uje \u00fa\u010dinnou dod\u00e1vku m\u00e9dia s n\u00edzkou n\u00e1chylnost\u00ed k opot\u0159eben\u00ed. D\u00edky bezucp\u00e1vkov\u00e9 konstrukci je \u010derpac\u00ed jednotka prakticky bez\u00fadr\u017ebov\u00e1 a je vhodn\u00e1 zejm\u00e9na pro m\u00edrn\u011b agresivn\u00ed m\u00e9dia s n\u00edzkou viskozitou.<\/p>\n<p>Rozsah dod\u00e1vky bez motoru<\/p>","protected":false},"excerpt":{"rendered":"<p>Bezucp\u00e1vkov\u00e1 \u010derpac\u00ed jednotka d\u00e9lky 1 000 mm z chemicky odoln\u00e9ho PP s h\u0159\u00eddel\u00ed z nerezov\u00e9 oceli pro bezpe\u010dnou p\u0159epravu m\u00e9di\u00ed s n\u00edzkou viskozitou.<\/p>","protected":false},"featured_media":15696,"comment_status":"closed","ping_status":"closed","template":"","meta":{"_acf_changed":false},"product_brand":[],"product_cat":[3206,3224],"product_tag":[],"class_list":{"0":"post-15634","1":"product","2":"type-product","3":"status-publish","4":"has-post-thumbnail","6":"product_cat-pumpentechnik","7":"product_cat-fasspumpen","8":"product_shipping_class-karton-paketversand","9":"pa_laenge-1000mm","10":"pa_material-edelstahl","11":"pa_material-polypropylen-pp","13":"first","14":"instock","15":"taxable","16":"shipping-taxable","17":"purchasable","18":"product-type-simple"},"bundled_by":[],"bundle_stock_status":"instock","bundle_stock_quantity":null,"bundle_virtual":false,"bundle_layout":"","bundle_add_to_cart_form_location":"","bundle_editable_in_cart":false,"bundle_sold_individually_context":"","bundle_item_grouping":"","bundle_min_size":"","bundle_max_size":"","bundle_price":[],"bundled_items":[],"bundle_sell_ids":[],"exclude_global_add_ons":[],"addons":[],"acf":[],"_links":{"self":[{"href":"https:\/\/ptm-mechatronics.com\/cs\/wp-json\/wp\/v2\/product\/15634","targetHints":{"allow":["GET"]}}],"collection":[{"href":"https:\/\/ptm-mechatronics.com\/cs\/wp-json\/wp\/v2\/product"}],"about":[{"href":"https:\/\/ptm-mechatronics.com\/cs\/wp-json\/wp\/v2\/types\/product"}],"replies":[{"embeddable":true,"href":"https:\/\/ptm-mechatronics.com\/cs\/wp-json\/wp\/v2\/comments?post=15634"}],"wp:featuredmedia":[{"embeddable":true,"href":"https:\/\/ptm-mechatronics.com\/cs\/wp-json\/wp\/v2\/media\/15696"}],"wp:attachment":[{"href":"https:\/\/ptm-mechatronics.com\/cs\/wp-json\/wp\/v2\/media?parent=15634"}],"wp:term":[{"taxonomy":"product_brand","embeddable":true,"href":"https:\/\/ptm-mechatronics.com\/cs\/wp-json\/wp\/v2\/product_brand?post=15634"},{"taxonomy":"product_cat","embeddable":true,"href":"https:\/\/ptm-mechatronics.com\/cs\/wp-json\/wp\/v2\/product_cat?post=15634"},{"taxonomy":"product_tag","embeddable":true,"href":"https:\/\/ptm-mechatronics.com\/cs\/wp-json\/wp\/v2\/product_tag?post=15634"}],"curies":[{"name":"wp","href":"https:\/\/api.w.org\/{rel}","templated":true}]}}